{"id":9795,"date":"2023-04-29T12:12:12","date_gmt":"2023-04-29T10:12:12","guid":{"rendered":"https:\/\/smartwag.com\/?post_type=product&#038;p=9795"},"modified":"2025-11-28T08:25:17","modified_gmt":"2025-11-28T07:25:17","slug":"customisable-leather-bridle-zurich","status":"publish","type":"product","link":"https:\/\/smartwag.com\/en-gb\/produit\/bridon-personnalisable-en-cuir-zurich\/","title":{"rendered":"Zurich patent leather bridle"},"content":{"rendered":"<h3 class=\"p1\"><strong>An elegant, customisable 2-in-1 bridle<\/strong><\/h3>\n<p class=\"p1\">A customisable bridle in cowhide leather, lined and padded on the headpiece (anatomical) and noseband to improve the horse's comfort.<\/p>\n<p>&nbsp;<\/p>\n<h4 class=\"p1\"><strong>A customizable and adapted bridle<\/strong><\/h4>\n<p class=\"p1\">For greater adaptability and practicality, the customisable Zurich leather bridle is available:<\/p>\n<ul class=\"ul1\">\n<li class=\"li1\">An adjustable throat on both sides.<\/li>\n<li class=\"li1\">Adjustable noseband on both sides (uprights).<\/li>\n<li>Lacquered pull-back noseband.<\/li>\n<\/ul>\n<p class=\"p1\">The Zurich bridle is available in a choice of leather colours: black or brown with silver buckles.<\/p>\n<p><img decoding=\"async\" class=\"size-full wp-image-26398 aligncenter\" src=\"https:\/\/smartwag.com\/wp-content\/uploads\/2025\/07\/3.png\" alt=\"\" width=\"300\" height=\"200\" srcset=\"https:\/\/smartwag.com\/wp-content\/uploads\/2025\/07\/3.png 300w, https:\/\/smartwag.com\/wp-content\/uploads\/2025\/07\/3-18x12.png 18w\" sizes=\"(max-width: 300px) 100vw, 300px\" \/><\/p>\n<h4 class=\"p4\"><strong>The total look<\/strong><\/h4>\n<p class=\"p4\">The customisable Zurich bridle can be complemented with a pair of\u00a0<a href=\"https:\/\/smartwag.com\/en-gb\/product-2\/sliding-reins\/\">Slip reins<\/a>\u00a0.<\/p>\n<p>&nbsp;<\/p>\n<h4><strong>What size should I choose for my horse's custom bridle?<\/strong><\/h4>\n<p>Below you will find a table showing the measurements of Smart Wag bridles. They fit slightly smaller than standard bridles, so we advise you to take your horse's measurements. If the chosen size does not fit, an exchange is possible depending on available stock (at the buyer's expense).<\/p>\n<p><img decoding=\"async\" class=\"alignnone wp-image-1483 size-full\" src=\"https:\/\/smartwag.com\/wp-content\/uploads\/2020\/06\/Guide-des-tailles-bridons-scaled.jpg\" sizes=\"(max-width: 2560px) 100vw, 2560px\" srcset=\"https:\/\/smartwag.com\/wp-content\/uploads\/2020\/06\/Guide-des-tailles-bridons-scaled.jpg 2560w, https:\/\/smartwag.com\/wp-content\/uploads\/2020\/06\/Guide-des-tailles-bridons-scaled-800x241.jpg 800w, https:\/\/smartwag.com\/wp-content\/uploads\/2020\/06\/Guide-des-tailles-bridons-300x90.jpg 300w, https:\/\/smartwag.com\/wp-content\/uploads\/2020\/06\/Guide-des-tailles-bridons-1024x308.jpg 1024w, https:\/\/smartwag.com\/wp-content\/uploads\/2020\/06\/Guide-des-tailles-bridons-768x231.jpg 768w, https:\/\/smartwag.com\/wp-content\/uploads\/2020\/06\/Guide-des-tailles-bridons-1536x463.jpg 1536w, https:\/\/smartwag.com\/wp-content\/uploads\/2020\/06\/Guide-des-tailles-bridons-2048x617.jpg 2048w, https:\/\/smartwag.com\/wp-content\/uploads\/2020\/06\/Guide-des-tailles-bridons-16x5.jpg 16w, https:\/\/smartwag.com\/wp-content\/uploads\/2020\/06\/Guide-des-tailles-bridons-260x78.jpg 260w, https:\/\/smartwag.com\/wp-content\/uploads\/2020\/06\/Guide-des-tailles-bridons-50x15.jpg 50w, https:\/\/smartwag.com\/wp-content\/uploads\/2020\/06\/Guide-des-tailles-bridons-150x45.jpg 150w\" alt=\"Custom bridle size guide\" width=\"2560\" height=\"771\" \/><\/p>\n<p>&nbsp;<\/p>\n<h3 class=\"p6\">Smart Wag maintenance tips :<\/h3>\n<p class=\"p4\"><b><i>For a new leather :<\/i><\/b><span class=\"s2\"><img decoding=\"async\" class=\"alignright wp-image-1556\" src=\"https:\/\/smartwag.com\/wp-content\/uploads\/2020\/06\/ECDBBCD6-C981-4E8F-865F-BD4049C8977D.jpg\" sizes=\"(max-width: 347px) 100vw, 347px\" srcset=\"https:\/\/smartwag.com\/wp-content\/uploads\/2020\/06\/ECDBBCD6-C981-4E8F-865F-BD4049C8977D.jpg 750w, https:\/\/smartwag.com\/wp-content\/uploads\/2020\/06\/ECDBBCD6-C981-4E8F-865F-BD4049C8977D-200x300.jpg 200w, https:\/\/smartwag.com\/wp-content\/uploads\/2020\/06\/ECDBBCD6-C981-4E8F-865F-BD4049C8977D-683x1024.jpg 683w, https:\/\/smartwag.com\/wp-content\/uploads\/2020\/06\/ECDBBCD6-C981-4E8F-865F-BD4049C8977D-8x12.jpg 8w, https:\/\/smartwag.com\/wp-content\/uploads\/2020\/06\/ECDBBCD6-C981-4E8F-865F-BD4049C8977D-97x146.jpg 97w, https:\/\/smartwag.com\/wp-content\/uploads\/2020\/06\/ECDBBCD6-C981-4E8F-865F-BD4049C8977D-33x50.jpg 33w, https:\/\/smartwag.com\/wp-content\/uploads\/2020\/06\/ECDBBCD6-C981-4E8F-865F-BD4049C8977D-50x75.jpg 50w, https:\/\/smartwag.com\/wp-content\/uploads\/2020\/06\/ECDBBCD6-C981-4E8F-865F-BD4049C8977D-600x899.jpg 600w\" alt=\"\" width=\"347\" height=\"521\" \/><\/span><\/p>\n<p>Votre bridon Smart Wag en cuir neuf dispose encore de toute son humidit\u00e9 naturelle et n\u2019a pas besoin d\u2019\u00eatre r\u00e9hydrat\u00e9 avec du savon glyc\u00e9rin\u00e9.<span class=\"s2\"><br \/>\n<\/span>On the contrary, this maintenance product could alter the colour of leathers having a natural finish (aniline), especially the brown or havana leathers.<span class=\"s2\"><br \/>\n<\/span><\/p>\n<p>Vous pouvez cependant assouplir les parties \u00a0\u00bb non critiques\u00a0\u00bb comme les montant de filet et de muserolle avec un peu d\u2019huile et la laisser s\u00e9cher ( dans un endroit sec et ombrag\u00e9).<\/p>\n<p class=\"p4\"><span class=\"s2\"><br \/>\n<\/span><b><i>Pour un bridon d\u00e9j\u00e0 utilis\u00e9:<\/i><\/b><\/p>\n<p class=\"p4\">A chaque utilisation, enlevez la poussi\u00e8re avec un petit chiffon. Il n\u2019est pas n\u00e9cessaire d\u2019utiliser un produit d\u2019entretien apr\u00e8s chaque utilisation. Au contraire certains produits de nettoyage \u00e0 base d\u2019<strong>agents de surface anionique peuvent abimer le vernis de votre bridon.<\/strong>\u00a0Veillez \u00e0 utiliser des produits aux composants doux et \u00e0 \u00e9viter au maximum de frictionner votre cuir durant le nettoyage.<\/p>\n<p>Il est recommand\u00e9 de nettoyer votre bridon une fois par mois avec un savon glycerin\u00e9 (\u00e0 composition non d\u00e9tergente) .<\/p>","protected":false},"excerpt":{"rendered":"<p>Customizable leather bridle with\u00a0<b>Lacquered noseband,<\/b>\u00a0adapted to the size of your horse, available in brown or black. This leather bridle has an\u00a0<b>Anatomically designed headpiece that releases the base of the ears and distributes pressure over the horse's neck, as well as a wide padded noseband with removable noseband.<\/b>allowing more\u00a0<b>comfort<\/b>\u00a0for your horse.<\/p>","protected":false},"featured_media":20436,"comment_status":"closed","ping_status":"closed","template":"","meta":{"_acf_changed":false,"_sitemap_exclude":false,"_sitemap_priority":"","_sitemap_frequency":"","site-sidebar-layout":"default","site-content-layout":"","ast-site-content-layout":"default","site-content-style":"default","site-sidebar-style":"default","ast-global-header-display":"","ast-banner-title-visibility":"","ast-main-header-display":"","ast-hfb-above-header-display":"","ast-hfb-below-header-display":"","ast-hfb-mobile-header-display":"","site-post-title":"","ast-breadcrumbs-content":"","ast-featured-img":"","footer-sml-layout":"","ast-disable-related-posts":"","theme-transparent-header-meta":"default","adv-header-id-meta":"","stick-header-meta":"default","header-above-stick-meta":"","header-main-stick-meta":"","header-below-stick-meta":"","astra-migrate-meta-layouts":"set","ast-page-background-enabled":"default","ast-page-background-meta":{"desktop":{"background-color":"var(--ast-global-color-4)","background-image":"","background-repeat":"repeat","background-position":"center center","background-size":"auto","background-attachment":"scroll","background-type":"","background-media":"","overlay-type":"","overlay-color":"","overlay-opacity":"","overlay-gradient":""},"tablet":{"background-color":"","background-image":"","background-repeat":"repeat","background-position":"center center","background-size":"auto","background-attachment":"scroll","background-type":"","background-media":"","overlay-type":"","overlay-color":"","overlay-opacity":"","overlay-gradient":""},"mobile":{"background-color":"","background-image":"","background-repeat":"repeat","background-position":"center center","background-size":"auto","background-attachment":"scroll","background-type":"","background-media":"","overlay-type":"","overlay-color":"","overlay-opacity":"","overlay-gradient":""}},"ast-content-background-meta":{"desktop":{"background-color":"var(--ast-global-color-5)","background-image":"","background-repeat":"repeat","background-position":"center center","background-size":"auto","background-attachment":"scroll","background-type":"","background-media":"","overlay-type":"","overlay-color":"","overlay-opacity":"","overlay-gradient":""},"tablet":{"background-color":"var(--ast-global-color-5)","background-image":"","background-repeat":"repeat","background-position":"center center","background-size":"auto","background-attachment":"scroll","background-type":"","background-media":"","overlay-type":"","overlay-color":"","overlay-opacity":"","overlay-gradient":""},"mobile":{"background-color":"var(--ast-global-color-5)","background-image":"","background-repeat":"repeat","background-position":"center center","background-size":"auto","background-attachment":"scroll","background-type":"","background-media":"","overlay-type":"","overlay-color":"","overlay-opacity":"","overlay-gradient":""}}},"product_brand":[],"product_cat":[27],"product_tag":[],"class_list":{"0":"post-9795","1":"product","2":"type-product","3":"status-publish","4":"has-post-thumbnail","6":"product_cat-bridon-cheval","7":"desktop-align-left","8":"tablet-align-left","9":"mobile-align-left","10":"ast-product-gallery-layout-first-image-large","11":"ast-magnify-disabled","12":"ast-product-single-variable","13":"ast-product-tabs-layout-accordion","14":"wcpa_has_options","16":"first","17":"instock","18":"shipping-taxable","19":"purchasable","20":"product-type-variable"},"acf":[],"yoast_head":"<!-- This site is optimized with the Yoast SEO plugin v27.2 - https:\/\/yoast.com\/product\/yoast-seo-wordpress\/ -->\n<title>Bridon personnalisable en cuir vernis Zurich - Smart Wag<\/title>\n<meta name=\"description\" content=\"D\u00e9couvrez le bridon personnalisable en cuir Zurich. Con\u00e7u pour allier style et fonctionnalit\u00e9, il s\u2019adapte parfaitement \u00e0 votre cheval.\" \/>\n<meta name=\"robots\" content=\"index, follow, max-snippet:-1, max-image-preview:large, max-video-preview:-1\" \/>\n<link rel=\"canonical\" href=\"https:\/\/smartwag.com\/en-gb\/product-2\/customisable-leather-bridle-zurich\/\" \/>\n<meta property=\"og:locale\" content=\"en_GB\" \/>\n<meta property=\"og:type\" content=\"article\" \/>\n<meta property=\"og:title\" content=\"Bridon personnalisable en cuir vernis Zurich - Smart Wag\" \/>\n<meta property=\"og:description\" content=\"D\u00e9couvrez le bridon personnalisable en cuir Zurich. Con\u00e7u pour allier style et fonctionnalit\u00e9, il s\u2019adapte parfaitement \u00e0 votre cheval.\" \/>\n<meta property=\"og:url\" content=\"https:\/\/smartwag.com\/en-gb\/product-2\/customisable-leather-bridle-zurich\/\" \/>\n<meta property=\"og:site_name\" content=\"Smart Wag\" \/>\n<meta property=\"article:modified_time\" content=\"2025-11-28T07:25:17+00:00\" \/>\n<meta property=\"og:image\" content=\"https:\/\/smartwag.com\/wp-content\/uploads\/2023\/04\/Bridon-cheval-tetiere-anatomique-cuir-vernis-2.png\" \/>\n\t<meta property=\"og:image:width\" content=\"1500\" \/>\n\t<meta property=\"og:image:height\" content=\"1500\" \/>\n\t<meta property=\"og:image:type\" content=\"image\/png\" \/>\n<meta name=\"twitter:card\" content=\"summary_large_image\" \/>\n<meta name=\"twitter:label1\" content=\"Estimated reading time\" \/>\n\t<meta name=\"twitter:data1\" content=\"3 minutes\" \/>\n<script type=\"application\/ld+json\" class=\"yoast-schema-graph\">{\"@context\":\"https:\/\/schema.org\",\"@graph\":[{\"@type\":\"WebPage\",\"@id\":\"https:\/\/smartwag.com\/produit\/bridon-personnalisable-en-cuir-zurich\/\",\"url\":\"https:\/\/smartwag.com\/produit\/bridon-personnalisable-en-cuir-zurich\/\",\"name\":\"Bridon personnalisable en cuir vernis Zurich - Smart Wag\",\"isPartOf\":{\"@id\":\"https:\/\/smartwag.com\/#website\"},\"primaryImageOfPage\":{\"@id\":\"https:\/\/smartwag.com\/produit\/bridon-personnalisable-en-cuir-zurich\/#primaryimage\"},\"image\":{\"@id\":\"https:\/\/smartwag.com\/produit\/bridon-personnalisable-en-cuir-zurich\/#primaryimage\"},\"thumbnailUrl\":\"https:\/\/smartwag.com\/wp-content\/uploads\/2023\/04\/Bridon-cheval-tetiere-anatomique-cuir-vernis-2.png\",\"datePublished\":\"2023-04-29T10:12:12+00:00\",\"dateModified\":\"2025-11-28T07:25:17+00:00\",\"description\":\"D\u00e9couvrez le bridon personnalisable en cuir Zurich. Con\u00e7u pour allier style et fonctionnalit\u00e9, il s\u2019adapte parfaitement \u00e0 votre cheval.\",\"breadcrumb\":{\"@id\":\"https:\/\/smartwag.com\/produit\/bridon-personnalisable-en-cuir-zurich\/#breadcrumb\"},\"inLanguage\":\"en-GB\",\"potentialAction\":[{\"@type\":\"ReadAction\",\"target\":[\"https:\/\/smartwag.com\/produit\/bridon-personnalisable-en-cuir-zurich\/\"]}]},{\"@type\":\"ImageObject\",\"inLanguage\":\"en-GB\",\"@id\":\"https:\/\/smartwag.com\/produit\/bridon-personnalisable-en-cuir-zurich\/#primaryimage\",\"url\":\"https:\/\/smartwag.com\/wp-content\/uploads\/2023\/04\/Bridon-cheval-tetiere-anatomique-cuir-vernis-2.png\",\"contentUrl\":\"https:\/\/smartwag.com\/wp-content\/uploads\/2023\/04\/Bridon-cheval-tetiere-anatomique-cuir-vernis-2.png\",\"width\":1500,\"height\":1500,\"caption\":\"bridon personnalis\u00e9 cuir vernis t\u00eati\u00e8re anatomique noseband amovible\"},{\"@type\":\"BreadcrumbList\",\"@id\":\"https:\/\/smartwag.com\/produit\/bridon-personnalisable-en-cuir-zurich\/#breadcrumb\",\"itemListElement\":[{\"@type\":\"ListItem\",\"position\":1,\"name\":\"Home\",\"item\":\"https:\/\/smartwag.com\/\"},{\"@type\":\"ListItem\",\"position\":2,\"name\":\"Boutique\",\"item\":\"https:\/\/smartwag.com\/boutique\/\"},{\"@type\":\"ListItem\",\"position\":3,\"name\":\"Bridon personnalisable en cuir vernis Zurich\"}]},{\"@type\":\"WebSite\",\"@id\":\"https:\/\/smartwag.com\/#website\",\"url\":\"https:\/\/smartwag.com\/\",\"name\":\"Smart Wag\",\"description\":\"Sp\u00e9cialiste de la gravure personnalis\u00e9e pour cheval et chien\",\"publisher\":{\"@id\":\"https:\/\/smartwag.com\/#organization\"},\"potentialAction\":[{\"@type\":\"SearchAction\",\"target\":{\"@type\":\"EntryPoint\",\"urlTemplate\":\"https:\/\/smartwag.com\/?s={search_term_string}\"},\"query-input\":{\"@type\":\"PropertyValueSpecification\",\"valueRequired\":true,\"valueName\":\"search_term_string\"}}],\"inLanguage\":\"en-GB\"},{\"@type\":\"Organization\",\"@id\":\"https:\/\/smartwag.com\/#organization\",\"name\":\"Smart Wag\",\"url\":\"https:\/\/smartwag.com\/\",\"logo\":{\"@type\":\"ImageObject\",\"inLanguage\":\"en-GB\",\"@id\":\"https:\/\/smartwag.com\/#\/schema\/logo\/image\/\",\"url\":\"https:\/\/smartwag.com\/wp-content\/uploads\/2021\/10\/logo-noir.png\",\"contentUrl\":\"https:\/\/smartwag.com\/wp-content\/uploads\/2021\/10\/logo-noir.png\",\"width\":490,\"height\":204,\"caption\":\"Smart Wag\"},\"image\":{\"@id\":\"https:\/\/smartwag.com\/#\/schema\/logo\/image\/\"}}]}<\/script>\n<!-- \/ Yoast SEO plugin. -->","yoast_head_json":{"title":"Zurich patent leather bridle - Smart Wag","description":"Discover the customisable Zurich leather bridle. Designed to combine style and functionality, it adapts perfectly to your horse.","robots":{"index":"index","follow":"follow","max-snippet":"max-snippet:-1","max-image-preview":"max-image-preview:large","max-video-preview":"max-video-preview:-1"},"canonical":"https:\/\/smartwag.com\/en-gb\/product-2\/customisable-leather-bridle-zurich\/","og_locale":"en_GB","og_type":"article","og_title":"Bridon personnalisable en cuir vernis Zurich - Smart Wag","og_description":"D\u00e9couvrez le bridon personnalisable en cuir Zurich. Con\u00e7u pour allier style et fonctionnalit\u00e9, il s\u2019adapte parfaitement \u00e0 votre cheval.","og_url":"https:\/\/smartwag.com\/en-gb\/product-2\/customisable-leather-bridle-zurich\/","og_site_name":"Smart Wag","article_modified_time":"2025-11-28T07:25:17+00:00","og_image":[{"width":1500,"height":1500,"url":"https:\/\/smartwag.com\/wp-content\/uploads\/2023\/04\/Bridon-cheval-tetiere-anatomique-cuir-vernis-2.png","type":"image\/png"}],"twitter_card":"summary_large_image","twitter_misc":{"Estimated reading time":"3 minutes"},"schema":{"@context":"https:\/\/schema.org","@graph":[{"@type":"WebPage","@id":"https:\/\/smartwag.com\/produit\/bridon-personnalisable-en-cuir-zurich\/","url":"https:\/\/smartwag.com\/produit\/bridon-personnalisable-en-cuir-zurich\/","name":"Zurich patent leather bridle - Smart Wag","isPartOf":{"@id":"https:\/\/smartwag.com\/#website"},"primaryImageOfPage":{"@id":"https:\/\/smartwag.com\/produit\/bridon-personnalisable-en-cuir-zurich\/#primaryimage"},"image":{"@id":"https:\/\/smartwag.com\/produit\/bridon-personnalisable-en-cuir-zurich\/#primaryimage"},"thumbnailUrl":"https:\/\/smartwag.com\/wp-content\/uploads\/2023\/04\/Bridon-cheval-tetiere-anatomique-cuir-vernis-2.png","datePublished":"2023-04-29T10:12:12+00:00","dateModified":"2025-11-28T07:25:17+00:00","description":"Discover the customisable Zurich leather bridle. Designed to combine style and functionality, it adapts perfectly to your horse.","breadcrumb":{"@id":"https:\/\/smartwag.com\/produit\/bridon-personnalisable-en-cuir-zurich\/#breadcrumb"},"inLanguage":"en-GB","potentialAction":[{"@type":"ReadAction","target":["https:\/\/smartwag.com\/produit\/bridon-personnalisable-en-cuir-zurich\/"]}]},{"@type":"ImageObject","inLanguage":"en-GB","@id":"https:\/\/smartwag.com\/produit\/bridon-personnalisable-en-cuir-zurich\/#primaryimage","url":"https:\/\/smartwag.com\/wp-content\/uploads\/2023\/04\/Bridon-cheval-tetiere-anatomique-cuir-vernis-2.png","contentUrl":"https:\/\/smartwag.com\/wp-content\/uploads\/2023\/04\/Bridon-cheval-tetiere-anatomique-cuir-vernis-2.png","width":1500,"height":1500,"caption":"bridon personnalis\u00e9 cuir vernis t\u00eati\u00e8re anatomique noseband amovible"},{"@type":"BreadcrumbList","@id":"https:\/\/smartwag.com\/produit\/bridon-personnalisable-en-cuir-zurich\/#breadcrumb","itemListElement":[{"@type":"ListItem","position":1,"name":"Home","item":"https:\/\/smartwag.com\/"},{"@type":"ListItem","position":2,"name":"Boutique","item":"https:\/\/smartwag.com\/boutique\/"},{"@type":"ListItem","position":3,"name":"Bridon personnalisable en cuir vernis Zurich"}]},{"@type":"WebSite","@id":"https:\/\/smartwag.com\/#website","url":"https:\/\/smartwag.com\/","name":"Smart Wag","description":"Specialist in personalised engraving for horses and dogs","publisher":{"@id":"https:\/\/smartwag.com\/#organization"},"potentialAction":[{"@type":"SearchAction","target":{"@type":"EntryPoint","urlTemplate":"https:\/\/smartwag.com\/?s={search_term_string}"},"query-input":{"@type":"PropertyValueSpecification","valueRequired":true,"valueName":"search_term_string"}}],"inLanguage":"en-GB"},{"@type":"Organization","@id":"https:\/\/smartwag.com\/#organization","name":"Smart Wag","url":"https:\/\/smartwag.com\/","logo":{"@type":"ImageObject","inLanguage":"en-GB","@id":"https:\/\/smartwag.com\/#\/schema\/logo\/image\/","url":"https:\/\/smartwag.com\/wp-content\/uploads\/2021\/10\/logo-noir.png","contentUrl":"https:\/\/smartwag.com\/wp-content\/uploads\/2021\/10\/logo-noir.png","width":490,"height":204,"caption":"Smart Wag"},"image":{"@id":"https:\/\/smartwag.com\/#\/schema\/logo\/image\/"}}]}},"_links":{"self":[{"href":"https:\/\/smartwag.com\/en-gb\/wp-json\/wp\/v2\/product\/9795","targetHints":{"allow":["GET"]}}],"collection":[{"href":"https:\/\/smartwag.com\/en-gb\/wp-json\/wp\/v2\/product"}],"about":[{"href":"https:\/\/smartwag.com\/en-gb\/wp-json\/wp\/v2\/types\/product"}],"replies":[{"embeddable":true,"href":"https:\/\/smartwag.com\/en-gb\/wp-json\/wp\/v2\/comments?post=9795"}],"wp:featuredmedia":[{"embeddable":true,"href":"https:\/\/smartwag.com\/en-gb\/wp-json\/wp\/v2\/media\/20436"}],"wp:attachment":[{"href":"https:\/\/smartwag.com\/en-gb\/wp-json\/wp\/v2\/media?parent=9795"}],"wp:term":[{"taxonomy":"product_brand","embeddable":true,"href":"https:\/\/smartwag.com\/en-gb\/wp-json\/wp\/v2\/product_brand?post=9795"},{"taxonomy":"product_cat","embeddable":true,"href":"https:\/\/smartwag.com\/en-gb\/wp-json\/wp\/v2\/product_cat?post=9795"},{"taxonomy":"product_tag","embeddable":true,"href":"https:\/\/smartwag.com\/en-gb\/wp-json\/wp\/v2\/product_tag?post=9795"}],"curies":[{"name":"wp","href":"https:\/\/api.w.org\/{rel}","templated":true}]}}