{"id":8732,"date":"2023-05-24T12:30:19","date_gmt":"2023-05-24T10:30:19","guid":{"rendered":"https:\/\/smartwag.com\/?post_type=product&#038;p=8732"},"modified":"2025-06-09T09:48:41","modified_gmt":"2025-06-09T07:48:41","slug":"snap-hook-for-halter-spare-part","status":"publish","type":"product","link":"https:\/\/smartwag.com\/en-gb\/produit\/mousqueton-pour-licol-piece-detachee\/","title":{"rendered":"Snap hook for halter - Spare part"},"content":{"rendered":"<p>Additional or replacement snap hook for Smart Wag halter.<\/p>\n<p><strong>TIPS<\/strong>Adding a second snap hook to the underlay of your halter turns your halter into a grooming halter.<\/p>","protected":false},"excerpt":{"rendered":"<p>Additional or replacement snap hook for Smart Wag halter.<\/p>","protected":false},"featured_media":8733,"comment_status":"closed","ping_status":"closed","template":"","meta":{"_acf_changed":false,"_sitemap_exclude":false,"_sitemap_priority":"","_sitemap_frequency":"","site-sidebar-layout":"default","site-content-layout":"","ast-site-content-layout":"default","site-content-style":"default","site-sidebar-style":"default","ast-global-header-display":"","ast-banner-title-visibility":"","ast-main-header-display":"","ast-hfb-above-header-display":"","ast-hfb-below-header-display":"","ast-hfb-mobile-header-display":"","site-post-title":"","ast-breadcrumbs-content":"","ast-featured-img":"","footer-sml-layout":"","ast-disable-related-posts":"","theme-transparent-header-meta":"default","adv-header-id-meta":"","stick-header-meta":"default","header-above-stick-meta":"","header-main-stick-meta":"","header-below-stick-meta":"","astra-migrate-meta-layouts":"set","ast-page-background-enabled":"default","ast-page-background-meta":{"desktop":{"background-color":"var(--ast-global-color-4)","background-image":"","background-repeat":"repeat","background-position":"center center","background-size":"auto","background-attachment":"scroll","background-type":"","background-media":"","overlay-type":"","overlay-color":"","overlay-opacity":"","overlay-gradient":""},"tablet":{"background-color":"","background-image":"","background-repeat":"repeat","background-position":"center center","background-size":"auto","background-attachment":"scroll","background-type":"","background-media":"","overlay-type":"","overlay-color":"","overlay-opacity":"","overlay-gradient":""},"mobile":{"background-color":"","background-image":"","background-repeat":"repeat","background-position":"center center","background-size":"auto","background-attachment":"scroll","background-type":"","background-media":"","overlay-type":"","overlay-color":"","overlay-opacity":"","overlay-gradient":""}},"ast-content-background-meta":{"desktop":{"background-color":"var(--ast-global-color-5)","background-image":"","background-repeat":"repeat","background-position":"center center","background-size":"auto","background-attachment":"scroll","background-type":"","background-media":"","overlay-type":"","overlay-color":"","overlay-opacity":"","overlay-gradient":""},"tablet":{"background-color":"var(--ast-global-color-5)","background-image":"","background-repeat":"repeat","background-position":"center center","background-size":"auto","background-attachment":"scroll","background-type":"","background-media":"","overlay-type":"","overlay-color":"","overlay-opacity":"","overlay-gradient":""},"mobile":{"background-color":"var(--ast-global-color-5)","background-image":"","background-repeat":"repeat","background-position":"center center","background-size":"auto","background-attachment":"scroll","background-type":"","background-media":"","overlay-type":"","overlay-color":"","overlay-opacity":"","overlay-gradient":""}}},"product_brand":[],"product_cat":[25,289],"product_tag":[],"class_list":{"0":"post-8732","1":"product","2":"type-product","3":"status-publish","4":"has-post-thumbnail","6":"product_cat-licols-longes","7":"product_cat-seconde-vie","8":"product_shipping_class-detachees","9":"desktop-align-left","10":"tablet-align-left","11":"mobile-align-left","12":"ast-product-gallery-layout-first-image-large","13":"ast-product-gallery-with-no-image","14":"ast-magnify-disabled","15":"ast-product-single-variable","16":"ast-product-tabs-layout-accordion","18":"first","19":"instock","20":"shipping-taxable","21":"purchasable","22":"product-type-variable"},"acf":[],"yoast_head":"<!-- This site is optimized with the Yoast SEO plugin v27.2 - https:\/\/yoast.com\/product\/yoast-seo-wordpress\/ -->\n<title>Mousqueton pour licol - Pi\u00e8ce d\u00e9tach\u00e9e - Smart Wag<\/title>\n<meta name=\"description\" content=\"Mousqueton pour licol, pi\u00e8ce d\u00e9tach\u00e9e indispensable. Con\u00e7u pour offrir fiabilit\u00e9 et praticit\u00e9 dans l\u2019entretien de vos \u00e9quipements \u00e9questres.\" \/>\n<meta name=\"robots\" content=\"index, follow, max-snippet:-1, max-image-preview:large, max-video-preview:-1\" \/>\n<link rel=\"canonical\" href=\"https:\/\/smartwag.com\/en-gb\/product-2\/snap-hook-for-halter-spare-part\/\" \/>\n<meta property=\"og:locale\" content=\"en_GB\" \/>\n<meta property=\"og:type\" content=\"article\" \/>\n<meta property=\"og:title\" content=\"Mousqueton pour licol - Pi\u00e8ce d\u00e9tach\u00e9e - Smart Wag\" \/>\n<meta property=\"og:description\" content=\"Mousqueton pour licol, pi\u00e8ce d\u00e9tach\u00e9e indispensable. Con\u00e7u pour offrir fiabilit\u00e9 et praticit\u00e9 dans l\u2019entretien de vos \u00e9quipements \u00e9questres.\" \/>\n<meta property=\"og:url\" content=\"https:\/\/smartwag.com\/en-gb\/product-2\/snap-hook-for-halter-spare-part\/\" \/>\n<meta property=\"og:site_name\" content=\"Smart Wag\" \/>\n<meta property=\"article:modified_time\" content=\"2025-06-09T07:48:41+00:00\" \/>\n<meta property=\"og:image\" content=\"https:\/\/smartwag.com\/wp-content\/uploads\/2023\/02\/3.png\" \/>\n\t<meta property=\"og:image:width\" content=\"1000\" \/>\n\t<meta property=\"og:image:height\" content=\"1000\" \/>\n\t<meta property=\"og:image:type\" content=\"image\/png\" \/>\n<meta name=\"twitter:card\" content=\"summary_large_image\" \/>\n<script type=\"application\/ld+json\" class=\"yoast-schema-graph\">{\"@context\":\"https:\/\/schema.org\",\"@graph\":[{\"@type\":\"WebPage\",\"@id\":\"https:\/\/smartwag.com\/produit\/mousqueton-pour-licol-piece-detachee\/\",\"url\":\"https:\/\/smartwag.com\/produit\/mousqueton-pour-licol-piece-detachee\/\",\"name\":\"Mousqueton pour licol - Pi\u00e8ce d\u00e9tach\u00e9e - Smart Wag\",\"isPartOf\":{\"@id\":\"https:\/\/smartwag.com\/#website\"},\"primaryImageOfPage\":{\"@id\":\"https:\/\/smartwag.com\/produit\/mousqueton-pour-licol-piece-detachee\/#primaryimage\"},\"image\":{\"@id\":\"https:\/\/smartwag.com\/produit\/mousqueton-pour-licol-piece-detachee\/#primaryimage\"},\"thumbnailUrl\":\"https:\/\/smartwag.com\/wp-content\/uploads\/2023\/02\/3.png\",\"datePublished\":\"2023-05-24T10:30:19+00:00\",\"dateModified\":\"2025-06-09T07:48:41+00:00\",\"description\":\"Mousqueton pour licol, pi\u00e8ce d\u00e9tach\u00e9e indispensable. Con\u00e7u pour offrir fiabilit\u00e9 et praticit\u00e9 dans l\u2019entretien de vos \u00e9quipements \u00e9questres.\",\"breadcrumb\":{\"@id\":\"https:\/\/smartwag.com\/produit\/mousqueton-pour-licol-piece-detachee\/#breadcrumb\"},\"inLanguage\":\"en-GB\",\"potentialAction\":[{\"@type\":\"ReadAction\",\"target\":[\"https:\/\/smartwag.com\/produit\/mousqueton-pour-licol-piece-detachee\/\"]}]},{\"@type\":\"ImageObject\",\"inLanguage\":\"en-GB\",\"@id\":\"https:\/\/smartwag.com\/produit\/mousqueton-pour-licol-piece-detachee\/#primaryimage\",\"url\":\"https:\/\/smartwag.com\/wp-content\/uploads\/2023\/02\/3.png\",\"contentUrl\":\"https:\/\/smartwag.com\/wp-content\/uploads\/2023\/02\/3.png\",\"width\":1000,\"height\":1000},{\"@type\":\"BreadcrumbList\",\"@id\":\"https:\/\/smartwag.com\/produit\/mousqueton-pour-licol-piece-detachee\/#breadcrumb\",\"itemListElement\":[{\"@type\":\"ListItem\",\"position\":1,\"name\":\"Home\",\"item\":\"https:\/\/smartwag.com\/\"},{\"@type\":\"ListItem\",\"position\":2,\"name\":\"Boutique\",\"item\":\"https:\/\/smartwag.com\/boutique\/\"},{\"@type\":\"ListItem\",\"position\":3,\"name\":\"Mousqueton pour licol &#8211; Pi\u00e8ce d\u00e9tach\u00e9e\"}]},{\"@type\":\"WebSite\",\"@id\":\"https:\/\/smartwag.com\/#website\",\"url\":\"https:\/\/smartwag.com\/\",\"name\":\"Smart Wag\",\"description\":\"Sp\u00e9cialiste de la gravure personnalis\u00e9e pour cheval et chien\",\"publisher\":{\"@id\":\"https:\/\/smartwag.com\/#organization\"},\"potentialAction\":[{\"@type\":\"SearchAction\",\"target\":{\"@type\":\"EntryPoint\",\"urlTemplate\":\"https:\/\/smartwag.com\/?s={search_term_string}\"},\"query-input\":{\"@type\":\"PropertyValueSpecification\",\"valueRequired\":true,\"valueName\":\"search_term_string\"}}],\"inLanguage\":\"en-GB\"},{\"@type\":\"Organization\",\"@id\":\"https:\/\/smartwag.com\/#organization\",\"name\":\"Smart Wag\",\"url\":\"https:\/\/smartwag.com\/\",\"logo\":{\"@type\":\"ImageObject\",\"inLanguage\":\"en-GB\",\"@id\":\"https:\/\/smartwag.com\/#\/schema\/logo\/image\/\",\"url\":\"https:\/\/smartwag.com\/wp-content\/uploads\/2021\/10\/logo-noir.png\",\"contentUrl\":\"https:\/\/smartwag.com\/wp-content\/uploads\/2021\/10\/logo-noir.png\",\"width\":490,\"height\":204,\"caption\":\"Smart Wag\"},\"image\":{\"@id\":\"https:\/\/smartwag.com\/#\/schema\/logo\/image\/\"}}]}<\/script>\n<!-- \/ Yoast SEO plugin. -->","yoast_head_json":{"title":"Snap hook for halter - Spare part - Smart Wag","description":"Snap hook for halter, essential spare part. Designed for reliable and practical maintenance of your equestrian equipment.","robots":{"index":"index","follow":"follow","max-snippet":"max-snippet:-1","max-image-preview":"max-image-preview:large","max-video-preview":"max-video-preview:-1"},"canonical":"https:\/\/smartwag.com\/en-gb\/product-2\/snap-hook-for-halter-spare-part\/","og_locale":"en_GB","og_type":"article","og_title":"Mousqueton pour licol - Pi\u00e8ce d\u00e9tach\u00e9e - Smart Wag","og_description":"Mousqueton pour licol, pi\u00e8ce d\u00e9tach\u00e9e indispensable. Con\u00e7u pour offrir fiabilit\u00e9 et praticit\u00e9 dans l\u2019entretien de vos \u00e9quipements \u00e9questres.","og_url":"https:\/\/smartwag.com\/en-gb\/product-2\/snap-hook-for-halter-spare-part\/","og_site_name":"Smart Wag","article_modified_time":"2025-06-09T07:48:41+00:00","og_image":[{"width":1000,"height":1000,"url":"https:\/\/smartwag.com\/wp-content\/uploads\/2023\/02\/3.png","type":"image\/png"}],"twitter_card":"summary_large_image","schema":{"@context":"https:\/\/schema.org","@graph":[{"@type":"WebPage","@id":"https:\/\/smartwag.com\/produit\/mousqueton-pour-licol-piece-detachee\/","url":"https:\/\/smartwag.com\/produit\/mousqueton-pour-licol-piece-detachee\/","name":"Snap hook for halter - Spare part - Smart Wag","isPartOf":{"@id":"https:\/\/smartwag.com\/#website"},"primaryImageOfPage":{"@id":"https:\/\/smartwag.com\/produit\/mousqueton-pour-licol-piece-detachee\/#primaryimage"},"image":{"@id":"https:\/\/smartwag.com\/produit\/mousqueton-pour-licol-piece-detachee\/#primaryimage"},"thumbnailUrl":"https:\/\/smartwag.com\/wp-content\/uploads\/2023\/02\/3.png","datePublished":"2023-05-24T10:30:19+00:00","dateModified":"2025-06-09T07:48:41+00:00","description":"Snap hook for halter, essential spare part. Designed for reliable and practical maintenance of your equestrian equipment.","breadcrumb":{"@id":"https:\/\/smartwag.com\/produit\/mousqueton-pour-licol-piece-detachee\/#breadcrumb"},"inLanguage":"en-GB","potentialAction":[{"@type":"ReadAction","target":["https:\/\/smartwag.com\/produit\/mousqueton-pour-licol-piece-detachee\/"]}]},{"@type":"ImageObject","inLanguage":"en-GB","@id":"https:\/\/smartwag.com\/produit\/mousqueton-pour-licol-piece-detachee\/#primaryimage","url":"https:\/\/smartwag.com\/wp-content\/uploads\/2023\/02\/3.png","contentUrl":"https:\/\/smartwag.com\/wp-content\/uploads\/2023\/02\/3.png","width":1000,"height":1000},{"@type":"BreadcrumbList","@id":"https:\/\/smartwag.com\/produit\/mousqueton-pour-licol-piece-detachee\/#breadcrumb","itemListElement":[{"@type":"ListItem","position":1,"name":"Home","item":"https:\/\/smartwag.com\/"},{"@type":"ListItem","position":2,"name":"Boutique","item":"https:\/\/smartwag.com\/boutique\/"},{"@type":"ListItem","position":3,"name":"Mousqueton pour licol &#8211; Pi\u00e8ce d\u00e9tach\u00e9e"}]},{"@type":"WebSite","@id":"https:\/\/smartwag.com\/#website","url":"https:\/\/smartwag.com\/","name":"Smart Wag","description":"Specialist in personalised engraving for horses and dogs","publisher":{"@id":"https:\/\/smartwag.com\/#organization"},"potentialAction":[{"@type":"SearchAction","target":{"@type":"EntryPoint","urlTemplate":"https:\/\/smartwag.com\/?s={search_term_string}"},"query-input":{"@type":"PropertyValueSpecification","valueRequired":true,"valueName":"search_term_string"}}],"inLanguage":"en-GB"},{"@type":"Organization","@id":"https:\/\/smartwag.com\/#organization","name":"Smart Wag","url":"https:\/\/smartwag.com\/","logo":{"@type":"ImageObject","inLanguage":"en-GB","@id":"https:\/\/smartwag.com\/#\/schema\/logo\/image\/","url":"https:\/\/smartwag.com\/wp-content\/uploads\/2021\/10\/logo-noir.png","contentUrl":"https:\/\/smartwag.com\/wp-content\/uploads\/2021\/10\/logo-noir.png","width":490,"height":204,"caption":"Smart Wag"},"image":{"@id":"https:\/\/smartwag.com\/#\/schema\/logo\/image\/"}}]}},"_links":{"self":[{"href":"https:\/\/smartwag.com\/en-gb\/wp-json\/wp\/v2\/product\/8732","targetHints":{"allow":["GET"]}}],"collection":[{"href":"https:\/\/smartwag.com\/en-gb\/wp-json\/wp\/v2\/product"}],"about":[{"href":"https:\/\/smartwag.com\/en-gb\/wp-json\/wp\/v2\/types\/product"}],"replies":[{"embeddable":true,"href":"https:\/\/smartwag.com\/en-gb\/wp-json\/wp\/v2\/comments?post=8732"}],"wp:featuredmedia":[{"embeddable":true,"href":"https:\/\/smartwag.com\/en-gb\/wp-json\/wp\/v2\/media\/8733"}],"wp:attachment":[{"href":"https:\/\/smartwag.com\/en-gb\/wp-json\/wp\/v2\/media?parent=8732"}],"wp:term":[{"taxonomy":"product_brand","embeddable":true,"href":"https:\/\/smartwag.com\/en-gb\/wp-json\/wp\/v2\/product_brand?post=8732"},{"taxonomy":"product_cat","embeddable":true,"href":"https:\/\/smartwag.com\/en-gb\/wp-json\/wp\/v2\/product_cat?post=8732"},{"taxonomy":"product_tag","embeddable":true,"href":"https:\/\/smartwag.com\/en-gb\/wp-json\/wp\/v2\/product_tag?post=8732"}],"curies":[{"name":"wp","href":"https:\/\/api.w.org\/{rel}","templated":true}]}}