{"id":5864,"date":"2022-10-19T12:31:26","date_gmt":"2022-10-19T10:31:26","guid":{"rendered":"https:\/\/smartwag.com\/?post_type=product&#038;p=5864"},"modified":"2026-04-23T15:06:40","modified_gmt":"2026-04-23T13:06:40","slug":"neckfit-leather-and-rope-halter","status":"publish","type":"product","link":"https:\/\/smartwag.com\/en-gb\/produit\/licol-personnalisable-grave-cuir-et-corde-neckfit\/","title":{"rendered":"Neckfit leather and rope halter"},"content":{"rendered":"<h3 style=\"text-align: justify;\"><strong>Un licol personnalisable alliant style et pr\u00e9cision\u00a0<\/strong><\/h3>\n<p>&nbsp;<\/p>\n<p class=\"p1\"><b>Smart Wag<\/b> vous propose un licol personnalisable avec comme muserolle une corde l\u00e9g\u00e8re mais r\u00e9sistante.<\/p>\n<p class=\"p1\">The<b> Leather &amp; Rope halter<\/b>\u00a0 \u00e0 \u00e9t\u00e9 pens\u00e9 pour assurer le confort de votre cheval lors des d\u00e9placements en mains. Il peut \u00eatre particuli\u00e8rement int\u00e9ressant de l\u2019utiliser pour le travail \u00e0 pied, en combinant les effets d\u2019un licol en corde et ceux d\u2019un licol plat. Il est cependant <strong>d\u00e9conseill\u00e9 \u00e0 l\u2019attache et durant le transport<\/strong>.<\/p>\n<p>&nbsp;<\/p>\n<h4 class=\"p3\"><b>An adaptable halter<\/b><\/h4>\n<p class=\"p2\">Pour plus d\u2019adaptabilit\u00e9 et de facilit\u00e9 d\u2019usage, le <b>licol personnalisable en cuir Cuir et Corde NF<\/b> has:<\/p>\n<ul class=\"ul1\">\n<li class=\"li4\">D\u2019une t\u00eati\u00e8re \u00e9chancr\u00e9e et matelass\u00e9e, r\u00e9glable des deux c\u00f4t\u00e9s<\/li>\n<li class=\"li4\">An adjustable noseband<\/li>\n<li class=\"li4\">A detachable throat latch to remove the halter more easily.<\/li>\n<li>Une muserolle corde \u00e9paisse et pr\u00e9cise.<\/li>\n<\/ul>\n<p>&nbsp;<\/p>\n<p class=\"p1\">Il est disponible de la taille PONEY \u00e0 FULL pour s\u2019adapter \u00e0 tous les types de gabarits.<\/p>\n<p>&nbsp;<\/p>\n<h4 class=\"p3\"><strong>A customisable halter<\/strong><\/h4>\n<p>&nbsp;<\/p>\n<p class=\"p3\">Le licol en cuir Cuir et Corde by Smart Wag est personnalisable sans frais ajout\u00e9 avec une plaque personnalis\u00e9e assortie \u00e0 la couleur de la bouclerie.<\/p>\n<p><b>You can add a special character or a breed logo to your engraving (contact us to send us the logo you require).<\/b><\/p>\n<p>&nbsp;<\/p>\n<h4><strong>Engravings available<\/strong><\/h4>\n<p><img decoding=\"async\" class=\"aligncenter wp-image-12080 size-full\" src=\"https:\/\/smartwag.com\/wp-content\/uploads\/2020\/06\/gravure.png\" alt=\"Engraving halter\" width=\"1587\" height=\"1059\" srcset=\"https:\/\/smartwag.com\/wp-content\/uploads\/2020\/06\/gravure.png 1587w, https:\/\/smartwag.com\/wp-content\/uploads\/2020\/06\/gravure-600x400.png 600w, https:\/\/smartwag.com\/wp-content\/uploads\/2020\/06\/gravure-300x200.png 300w, https:\/\/smartwag.com\/wp-content\/uploads\/2020\/06\/gravure-1024x683.png 1024w, https:\/\/smartwag.com\/wp-content\/uploads\/2020\/06\/gravure-768x512.png 768w, https:\/\/smartwag.com\/wp-content\/uploads\/2020\/06\/gravure-1536x1025.png 1536w, https:\/\/smartwag.com\/wp-content\/uploads\/2020\/06\/gravure-18x12.png 18w, https:\/\/smartwag.com\/wp-content\/uploads\/2020\/06\/gravure-219x146.png 219w, https:\/\/smartwag.com\/wp-content\/uploads\/2020\/06\/gravure-50x33.png 50w, https:\/\/smartwag.com\/wp-content\/uploads\/2020\/06\/gravure-112x75.png 112w\" sizes=\"(max-width: 1587px) 100vw, 1587px\" \/><\/p>\n<h4 class=\"p3\"><b>To complete the look<\/b><\/h4>\n<p class=\"p1\">The customizable Leather and Rope halter goes well with the\u00a0<a href=\"https:\/\/smartwag.com\/en-gb\/product-2\/longe-coton-cuir\/\"><span class=\"s1\">Cotton leather lead rope<\/span><\/a> et cuir by Smart Wag, particuli\u00e8rement adapt\u00e9e \u00e0 la pratique de l\u2019Equifeel.<\/p>\n<p>&nbsp;<\/p>\n<h4 class=\"p3\"><strong>Use and safety<\/strong><\/h4>\n<p>To ensure the safety of your horse when using your Smart Wag products, please find our recommendations at\u00a0<a href=\"https:\/\/smartwag.com\/en-gb\/size-charts\/\">this page<\/a>.<\/p>\n<p><strong>Note importante : comme tout licol pens\u00e9 pour la s\u00e9curit\u00e9 de votre cheval, le licol Cuir et Corde NF n\u2019est pas incassable. Il est au contraire con\u00e7u pour c\u00e9der lors qu\u2019une tension trop importante survient.\u00a0<\/strong><\/p>\n<p>&nbsp;<\/p>\n<h4><strong>What size should you choose for your horse's personalised halter?<\/strong><\/h4>\n<p>Below is a table of SmartWag halter measurements. To be sure of your choice, we advise you to take your horse's measurements. In the event of a size error, your halter can be exchanged while stocks last.<\/p>\n<p><img decoding=\"async\" class=\"aligncenter wp-image-2594 size-full\" src=\"https:\/\/smartwag.com\/wp-content\/uploads\/2020\/06\/Sans-titre-7.png\" alt=\"\" width=\"2552\" height=\"671\" srcset=\"https:\/\/smartwag.com\/wp-content\/uploads\/2020\/06\/Sans-titre-7.png 2552w, https:\/\/smartwag.com\/wp-content\/uploads\/2020\/06\/Sans-titre-7-600x158.png 600w, https:\/\/smartwag.com\/wp-content\/uploads\/2020\/06\/Sans-titre-7-300x79.png 300w, https:\/\/smartwag.com\/wp-content\/uploads\/2020\/06\/Sans-titre-7-1024x269.png 1024w, https:\/\/smartwag.com\/wp-content\/uploads\/2020\/06\/Sans-titre-7-768x202.png 768w, https:\/\/smartwag.com\/wp-content\/uploads\/2020\/06\/Sans-titre-7-1536x404.png 1536w, https:\/\/smartwag.com\/wp-content\/uploads\/2020\/06\/Sans-titre-7-2048x538.png 2048w, https:\/\/smartwag.com\/wp-content\/uploads\/2020\/06\/Sans-titre-7-18x5.png 18w, https:\/\/smartwag.com\/wp-content\/uploads\/2020\/06\/Sans-titre-7-260x68.png 260w, https:\/\/smartwag.com\/wp-content\/uploads\/2020\/06\/Sans-titre-7-50x13.png 50w, https:\/\/smartwag.com\/wp-content\/uploads\/2020\/06\/Sans-titre-7-150x39.png 150w, https:\/\/smartwag.com\/wp-content\/uploads\/2020\/06\/Sans-titre-7-800x210.png 800w\" sizes=\"(max-width: 2552px) 100vw, 2552px\" \/><\/p>\n<p>&nbsp;<\/p>\n<p>&nbsp;<\/p>\n<h4><strong>Le licol Cuir et Corde port\u00e9 par nos clients<\/strong><\/h4>\n<p>&nbsp;<\/p>\n<p><img decoding=\"async\" class=\"alignnone wp-image-2553 size-full\" src=\"https:\/\/smartwag.com\/wp-content\/uploads\/2020\/06\/cuir-et-corde-clients.png\" alt=\"licol cheval personnalis\u00e9\" width=\"1366\" height=\"261\" srcset=\"https:\/\/smartwag.com\/wp-content\/uploads\/2020\/06\/cuir-et-corde-clients.png 1366w, https:\/\/smartwag.com\/wp-content\/uploads\/2020\/06\/cuir-et-corde-clients-600x115.png 600w, https:\/\/smartwag.com\/wp-content\/uploads\/2020\/06\/cuir-et-corde-clients-300x57.png 300w, https:\/\/smartwag.com\/wp-content\/uploads\/2020\/06\/cuir-et-corde-clients-1024x196.png 1024w, https:\/\/smartwag.com\/wp-content\/uploads\/2020\/06\/cuir-et-corde-clients-768x147.png 768w, https:\/\/smartwag.com\/wp-content\/uploads\/2020\/06\/cuir-et-corde-clients-18x3.png 18w, https:\/\/smartwag.com\/wp-content\/uploads\/2020\/06\/cuir-et-corde-clients-260x50.png 260w, https:\/\/smartwag.com\/wp-content\/uploads\/2020\/06\/cuir-et-corde-clients-50x10.png 50w, https:\/\/smartwag.com\/wp-content\/uploads\/2020\/06\/cuir-et-corde-clients-150x29.png 150w, https:\/\/smartwag.com\/wp-content\/uploads\/2020\/06\/cuir-et-corde-clients-800x153.png 800w\" sizes=\"(max-width: 1366px) 100vw, 1366px\" \/><\/p>\n<p>&nbsp;<\/p>\n<h3 class=\"p6\"><strong>Smart Wag maintenance tips :<\/strong><\/h3>\n<p class=\"p4\"><b><i>For a new leather :<\/i><\/b><span class=\"s2\"><img decoding=\"async\" class=\"alignright wp-image-1556\" src=\"https:\/\/smartwag.com\/wp-content\/uploads\/2020\/06\/ECDBBCD6-C981-4E8F-865F-BD4049C8977D.jpg\" sizes=\"(max-width: 347px) 100vw, 347px\" srcset=\"https:\/\/smartwag.com\/wp-content\/uploads\/2020\/06\/ECDBBCD6-C981-4E8F-865F-BD4049C8977D.jpg 750w, https:\/\/smartwag.com\/wp-content\/uploads\/2020\/06\/ECDBBCD6-C981-4E8F-865F-BD4049C8977D-600x899.jpg 600w, https:\/\/smartwag.com\/wp-content\/uploads\/2020\/06\/ECDBBCD6-C981-4E8F-865F-BD4049C8977D-200x300.jpg 200w, https:\/\/smartwag.com\/wp-content\/uploads\/2020\/06\/ECDBBCD6-C981-4E8F-865F-BD4049C8977D-683x1024.jpg 683w, https:\/\/smartwag.com\/wp-content\/uploads\/2020\/06\/ECDBBCD6-C981-4E8F-865F-BD4049C8977D-8x12.jpg 8w, https:\/\/smartwag.com\/wp-content\/uploads\/2020\/06\/ECDBBCD6-C981-4E8F-865F-BD4049C8977D-97x146.jpg 97w, https:\/\/smartwag.com\/wp-content\/uploads\/2020\/06\/ECDBBCD6-C981-4E8F-865F-BD4049C8977D-33x50.jpg 33w, https:\/\/smartwag.com\/wp-content\/uploads\/2020\/06\/ECDBBCD6-C981-4E8F-865F-BD4049C8977D-50x75.jpg 50w\" alt=\"\" width=\"347\" height=\"521\" \/><\/span><\/p>\n<p>New leather riding gear still has all its natural moisture and does not need to be rehydrated with glycerine soap. You can, however, soften leather that is a little stiff before use with a leather balm or cream.<span class=\"s2\"><br \/>\n<\/span>You can then leave to dry for a day in a temperate place in the shade.<\/p>\n<p class=\"p4\"><span class=\"s2\"><br \/>\n<\/span><b><i>For leather that has already been used:<\/i><\/b><span class=\"s2\"><br \/>\n<\/span>Remove dust daily with a damp cloth.<span class=\"s2\"><br \/>\n<\/span>You can clean your halter every 3 to 4 weeks with a mild glycerine soap (non-detergent composition) or lightly soaked in colourless leather cream. To ensure the longevity of your leather, we recommend that you store your leather halter in its Smart Wag cotton pouch, in a dry place away from direct sunlight.<\/p>\n<h6><\/h6>\n<p><strong>Condition of product on receipt :<\/strong> the brass of the buckles can react to humidity. In some cases, this can lead to the buckles arriving slightly greyed. Maintenance with a Miror\u00a9 type product will restore their shine in just a few seconds. The leather used for the padding has a shape memory. It may arrive slightly deformed but will take on its correct shape on a suitable support (rounded).<\/p>\n<h6><strong>What you need to know:<\/strong> Smart Wag is a Swiss company. Purchasing an item from a European country or in a foreign currency may expose you to bank charges.<\/h6>","protected":false},"excerpt":{"rendered":"<p style=\"text-align: justify;\"><b>Customisable halter in leather and rope.<\/b> This leather halter has a lined notched headpiece and double adjustment on all the adjustable parts of the halter. Recommended for use when working on foot or accompanying a horse in hand.<\/p>\n<p><strong>Please note: Some combinations are not possible and cannot be added to the basket.<\/strong><\/p>","protected":false},"featured_media":22875,"comment_status":"closed","ping_status":"closed","template":"","meta":{"_acf_changed":false,"_sitemap_exclude":false,"_sitemap_priority":"","_sitemap_frequency":"","site-sidebar-layout":"default","site-content-layout":"","ast-site-content-layout":"default","site-content-style":"default","site-sidebar-style":"default","ast-global-header-display":"","ast-banner-title-visibility":"","ast-main-header-display":"","ast-hfb-above-header-display":"","ast-hfb-below-header-display":"","ast-hfb-mobile-header-display":"","site-post-title":"","ast-breadcrumbs-content":"","ast-featured-img":"","footer-sml-layout":"","ast-disable-related-posts":"","theme-transparent-header-meta":"default","adv-header-id-meta":"","stick-header-meta":"default","header-above-stick-meta":"","header-main-stick-meta":"","header-below-stick-meta":"","astra-migrate-meta-layouts":"set","ast-page-background-enabled":"default","ast-page-background-meta":{"desktop":{"background-color":"var(--ast-global-color-4)","background-image":"","background-repeat":"repeat","background-position":"center center","background-size":"auto","background-attachment":"scroll","background-type":"","background-media":"","overlay-type":"","overlay-color":"","overlay-opacity":"","overlay-gradient":""},"tablet":{"background-color":"","background-image":"","background-repeat":"repeat","background-position":"center center","background-size":"auto","background-attachment":"scroll","background-type":"","background-media":"","overlay-type":"","overlay-color":"","overlay-opacity":"","overlay-gradient":""},"mobile":{"background-color":"","background-image":"","background-repeat":"repeat","background-position":"center center","background-size":"auto","background-attachment":"scroll","background-type":"","background-media":"","overlay-type":"","overlay-color":"","overlay-opacity":"","overlay-gradient":""}},"ast-content-background-meta":{"desktop":{"background-color":"var(--ast-global-color-5)","background-image":"","background-repeat":"repeat","background-position":"center center","background-size":"auto","background-attachment":"scroll","background-type":"","background-media":"","overlay-type":"","overlay-color":"","overlay-opacity":"","overlay-gradient":""},"tablet":{"background-color":"var(--ast-global-color-5)","background-image":"","background-repeat":"repeat","background-position":"center center","background-size":"auto","background-attachment":"scroll","background-type":"","background-media":"","overlay-type":"","overlay-color":"","overlay-opacity":"","overlay-gradient":""},"mobile":{"background-color":"var(--ast-global-color-5)","background-image":"","background-repeat":"repeat","background-position":"center center","background-size":"auto","background-attachment":"scroll","background-type":"","background-media":"","overlay-type":"","overlay-color":"","overlay-opacity":"","overlay-gradient":""}}},"product_brand":[],"product_cat":[25,384],"product_tag":[],"class_list":{"0":"post-5864","1":"product","2":"type-product","3":"status-publish","4":"has-post-thumbnail","6":"product_cat-licols-longes","7":"product_cat-licol-poney-shetland","8":"desktop-align-left","9":"tablet-align-left","10":"mobile-align-left","11":"ast-product-gallery-layout-first-image-large","12":"ast-magnify-disabled","13":"ast-product-single-variable","14":"ast-product-tabs-layout-accordion","15":"wcpa_has_options","17":"first","18":"instock","19":"shipping-taxable","20":"purchasable","21":"product-type-variable"},"acf":[],"yoast_head":"<!-- This site is optimized with the Yoast SEO plugin v27.2 - https:\/\/yoast.com\/product\/yoast-seo-wordpress\/ -->\n<title>Licol personnalisable Cuir et Corde Neckfit - Smart Wag<\/title>\n<meta name=\"description\" content=\"Licol Neckfit en cuir et corde, grav\u00e9 et personnalisable. Offrez un style unique \u00e0 votre cheval avec un confort et une robustesse incomparables\" \/>\n<meta name=\"robots\" content=\"index, follow, max-snippet:-1, max-image-preview:large, max-video-preview:-1\" \/>\n<link rel=\"canonical\" href=\"https:\/\/smartwag.com\/en-gb\/product-2\/neckfit-leather-and-rope-halter\/\" \/>\n<meta property=\"og:locale\" content=\"en_GB\" \/>\n<meta property=\"og:type\" content=\"article\" \/>\n<meta property=\"og:title\" content=\"Licol personnalisable Cuir et Corde Neckfit - Smart Wag\" \/>\n<meta property=\"og:description\" content=\"Licol Neckfit en cuir et corde, grav\u00e9 et personnalisable. Offrez un style unique \u00e0 votre cheval avec un confort et une robustesse incomparables\" \/>\n<meta property=\"og:url\" content=\"https:\/\/smartwag.com\/en-gb\/product-2\/neckfit-leather-and-rope-halter\/\" \/>\n<meta property=\"og:site_name\" content=\"Smart Wag\" \/>\n<meta property=\"article:modified_time\" content=\"2026-04-23T13:06:40+00:00\" \/>\n<meta property=\"og:image\" content=\"https:\/\/smartwag.com\/wp-content\/uploads\/2022\/10\/2.png\" \/>\n\t<meta property=\"og:image:width\" content=\"800\" \/>\n\t<meta property=\"og:image:height\" content=\"800\" \/>\n\t<meta property=\"og:image:type\" content=\"image\/png\" \/>\n<meta name=\"twitter:card\" content=\"summary_large_image\" \/>\n<meta name=\"twitter:label1\" content=\"Estimated reading time\" \/>\n\t<meta name=\"twitter:data1\" content=\"4 minutes\" \/>\n<script type=\"application\/ld+json\" class=\"yoast-schema-graph\">{\"@context\":\"https:\/\/schema.org\",\"@graph\":[{\"@type\":\"WebPage\",\"@id\":\"https:\/\/smartwag.com\/produit\/licol-personnalisable-grave-cuir-et-corde-neckfit\/\",\"url\":\"https:\/\/smartwag.com\/produit\/licol-personnalisable-grave-cuir-et-corde-neckfit\/\",\"name\":\"Licol personnalisable Cuir et Corde Neckfit - Smart Wag\",\"isPartOf\":{\"@id\":\"https:\/\/smartwag.com\/#website\"},\"primaryImageOfPage\":{\"@id\":\"https:\/\/smartwag.com\/produit\/licol-personnalisable-grave-cuir-et-corde-neckfit\/#primaryimage\"},\"image\":{\"@id\":\"https:\/\/smartwag.com\/produit\/licol-personnalisable-grave-cuir-et-corde-neckfit\/#primaryimage\"},\"thumbnailUrl\":\"https:\/\/smartwag.com\/wp-content\/uploads\/2022\/10\/2.png\",\"datePublished\":\"2022-10-19T10:31:26+00:00\",\"dateModified\":\"2026-04-23T13:06:40+00:00\",\"description\":\"Licol Neckfit en cuir et corde, grav\u00e9 et personnalisable. Offrez un style unique \u00e0 votre cheval avec un confort et une robustesse incomparables\",\"breadcrumb\":{\"@id\":\"https:\/\/smartwag.com\/produit\/licol-personnalisable-grave-cuir-et-corde-neckfit\/#breadcrumb\"},\"inLanguage\":\"en-GB\",\"potentialAction\":[{\"@type\":\"ReadAction\",\"target\":[\"https:\/\/smartwag.com\/produit\/licol-personnalisable-grave-cuir-et-corde-neckfit\/\"]}]},{\"@type\":\"ImageObject\",\"inLanguage\":\"en-GB\",\"@id\":\"https:\/\/smartwag.com\/produit\/licol-personnalisable-grave-cuir-et-corde-neckfit\/#primaryimage\",\"url\":\"https:\/\/smartwag.com\/wp-content\/uploads\/2022\/10\/2.png\",\"contentUrl\":\"https:\/\/smartwag.com\/wp-content\/uploads\/2022\/10\/2.png\",\"width\":800,\"height\":800},{\"@type\":\"BreadcrumbList\",\"@id\":\"https:\/\/smartwag.com\/produit\/licol-personnalisable-grave-cuir-et-corde-neckfit\/#breadcrumb\",\"itemListElement\":[{\"@type\":\"ListItem\",\"position\":1,\"name\":\"Home\",\"item\":\"https:\/\/smartwag.com\/\"},{\"@type\":\"ListItem\",\"position\":2,\"name\":\"Boutique\",\"item\":\"https:\/\/smartwag.com\/boutique\/\"},{\"@type\":\"ListItem\",\"position\":3,\"name\":\"Licol personnalisable Cuir et Corde Neckfit\"}]},{\"@type\":\"WebSite\",\"@id\":\"https:\/\/smartwag.com\/#website\",\"url\":\"https:\/\/smartwag.com\/\",\"name\":\"Smart Wag\",\"description\":\"Sp\u00e9cialiste de la gravure personnalis\u00e9e pour cheval et chien\",\"publisher\":{\"@id\":\"https:\/\/smartwag.com\/#organization\"},\"potentialAction\":[{\"@type\":\"SearchAction\",\"target\":{\"@type\":\"EntryPoint\",\"urlTemplate\":\"https:\/\/smartwag.com\/?s={search_term_string}\"},\"query-input\":{\"@type\":\"PropertyValueSpecification\",\"valueRequired\":true,\"valueName\":\"search_term_string\"}}],\"inLanguage\":\"en-GB\"},{\"@type\":\"Organization\",\"@id\":\"https:\/\/smartwag.com\/#organization\",\"name\":\"Smart Wag\",\"url\":\"https:\/\/smartwag.com\/\",\"logo\":{\"@type\":\"ImageObject\",\"inLanguage\":\"en-GB\",\"@id\":\"https:\/\/smartwag.com\/#\/schema\/logo\/image\/\",\"url\":\"https:\/\/smartwag.com\/wp-content\/uploads\/2021\/10\/logo-noir.png\",\"contentUrl\":\"https:\/\/smartwag.com\/wp-content\/uploads\/2021\/10\/logo-noir.png\",\"width\":490,\"height\":204,\"caption\":\"Smart Wag\"},\"image\":{\"@id\":\"https:\/\/smartwag.com\/#\/schema\/logo\/image\/\"}}]}<\/script>\n<!-- \/ Yoast SEO plugin. -->","yoast_head_json":{"title":"Neckfit leather and rope halter - Smart Wag","description":"Neckfit halter in leather and rope, engraved and customisable. Give your horse a unique style with incomparable comfort and sturdiness.","robots":{"index":"index","follow":"follow","max-snippet":"max-snippet:-1","max-image-preview":"max-image-preview:large","max-video-preview":"max-video-preview:-1"},"canonical":"https:\/\/smartwag.com\/en-gb\/product-2\/neckfit-leather-and-rope-halter\/","og_locale":"en_GB","og_type":"article","og_title":"Licol personnalisable Cuir et Corde Neckfit - Smart Wag","og_description":"Licol Neckfit en cuir et corde, grav\u00e9 et personnalisable. Offrez un style unique \u00e0 votre cheval avec un confort et une robustesse incomparables","og_url":"https:\/\/smartwag.com\/en-gb\/product-2\/neckfit-leather-and-rope-halter\/","og_site_name":"Smart Wag","article_modified_time":"2026-04-23T13:06:40+00:00","og_image":[{"width":800,"height":800,"url":"https:\/\/smartwag.com\/wp-content\/uploads\/2022\/10\/2.png","type":"image\/png"}],"twitter_card":"summary_large_image","twitter_misc":{"Estimated reading time":"4 minutes"},"schema":{"@context":"https:\/\/schema.org","@graph":[{"@type":"WebPage","@id":"https:\/\/smartwag.com\/produit\/licol-personnalisable-grave-cuir-et-corde-neckfit\/","url":"https:\/\/smartwag.com\/produit\/licol-personnalisable-grave-cuir-et-corde-neckfit\/","name":"Neckfit leather and rope halter - Smart Wag","isPartOf":{"@id":"https:\/\/smartwag.com\/#website"},"primaryImageOfPage":{"@id":"https:\/\/smartwag.com\/produit\/licol-personnalisable-grave-cuir-et-corde-neckfit\/#primaryimage"},"image":{"@id":"https:\/\/smartwag.com\/produit\/licol-personnalisable-grave-cuir-et-corde-neckfit\/#primaryimage"},"thumbnailUrl":"https:\/\/smartwag.com\/wp-content\/uploads\/2022\/10\/2.png","datePublished":"2022-10-19T10:31:26+00:00","dateModified":"2026-04-23T13:06:40+00:00","description":"Neckfit halter in leather and rope, engraved and customisable. Give your horse a unique style with incomparable comfort and sturdiness.","breadcrumb":{"@id":"https:\/\/smartwag.com\/produit\/licol-personnalisable-grave-cuir-et-corde-neckfit\/#breadcrumb"},"inLanguage":"en-GB","potentialAction":[{"@type":"ReadAction","target":["https:\/\/smartwag.com\/produit\/licol-personnalisable-grave-cuir-et-corde-neckfit\/"]}]},{"@type":"ImageObject","inLanguage":"en-GB","@id":"https:\/\/smartwag.com\/produit\/licol-personnalisable-grave-cuir-et-corde-neckfit\/#primaryimage","url":"https:\/\/smartwag.com\/wp-content\/uploads\/2022\/10\/2.png","contentUrl":"https:\/\/smartwag.com\/wp-content\/uploads\/2022\/10\/2.png","width":800,"height":800},{"@type":"BreadcrumbList","@id":"https:\/\/smartwag.com\/produit\/licol-personnalisable-grave-cuir-et-corde-neckfit\/#breadcrumb","itemListElement":[{"@type":"ListItem","position":1,"name":"Home","item":"https:\/\/smartwag.com\/"},{"@type":"ListItem","position":2,"name":"Boutique","item":"https:\/\/smartwag.com\/boutique\/"},{"@type":"ListItem","position":3,"name":"Licol personnalisable Cuir et Corde Neckfit"}]},{"@type":"WebSite","@id":"https:\/\/smartwag.com\/#website","url":"https:\/\/smartwag.com\/","name":"Smart Wag","description":"Specialist in personalised engraving for horses and dogs","publisher":{"@id":"https:\/\/smartwag.com\/#organization"},"potentialAction":[{"@type":"SearchAction","target":{"@type":"EntryPoint","urlTemplate":"https:\/\/smartwag.com\/?s={search_term_string}"},"query-input":{"@type":"PropertyValueSpecification","valueRequired":true,"valueName":"search_term_string"}}],"inLanguage":"en-GB"},{"@type":"Organization","@id":"https:\/\/smartwag.com\/#organization","name":"Smart Wag","url":"https:\/\/smartwag.com\/","logo":{"@type":"ImageObject","inLanguage":"en-GB","@id":"https:\/\/smartwag.com\/#\/schema\/logo\/image\/","url":"https:\/\/smartwag.com\/wp-content\/uploads\/2021\/10\/logo-noir.png","contentUrl":"https:\/\/smartwag.com\/wp-content\/uploads\/2021\/10\/logo-noir.png","width":490,"height":204,"caption":"Smart Wag"},"image":{"@id":"https:\/\/smartwag.com\/#\/schema\/logo\/image\/"}}]}},"_links":{"self":[{"href":"https:\/\/smartwag.com\/en-gb\/wp-json\/wp\/v2\/product\/5864","targetHints":{"allow":["GET"]}}],"collection":[{"href":"https:\/\/smartwag.com\/en-gb\/wp-json\/wp\/v2\/product"}],"about":[{"href":"https:\/\/smartwag.com\/en-gb\/wp-json\/wp\/v2\/types\/product"}],"replies":[{"embeddable":true,"href":"https:\/\/smartwag.com\/en-gb\/wp-json\/wp\/v2\/comments?post=5864"}],"wp:featuredmedia":[{"embeddable":true,"href":"https:\/\/smartwag.com\/en-gb\/wp-json\/wp\/v2\/media\/22875"}],"wp:attachment":[{"href":"https:\/\/smartwag.com\/en-gb\/wp-json\/wp\/v2\/media?parent=5864"}],"wp:term":[{"taxonomy":"product_brand","embeddable":true,"href":"https:\/\/smartwag.com\/en-gb\/wp-json\/wp\/v2\/product_brand?post=5864"},{"taxonomy":"product_cat","embeddable":true,"href":"https:\/\/smartwag.com\/en-gb\/wp-json\/wp\/v2\/product_cat?post=5864"},{"taxonomy":"product_tag","embeddable":true,"href":"https:\/\/smartwag.com\/en-gb\/wp-json\/wp\/v2\/product_tag?post=5864"}],"curies":[{"name":"wp","href":"https:\/\/api.w.org\/{rel}","templated":true}]}}