{"id":441,"date":"2020-06-26T11:27:43","date_gmt":"2020-06-26T09:27:43","guid":{"rendered":"https:\/\/smartwag.com\/produit\/import-placeholder-for-3022\/"},"modified":"2025-06-09T12:03:25","modified_gmt":"2025-06-09T10:03:25","slug":"sliding-reins","status":"publish","type":"product","link":"https:\/\/smartwag.com\/en-gb\/produit\/renes-slip\/","title":{"rendered":"Fine Grippy Reins - Slip"},"content":{"rendered":"<p class=\"\" style=\"text-align: justify;\"><strong><span class=\"\">SmartWag<\/span><\/strong><span class=\"\"><strong><span class=\"x_Apple-converted-space\">\u00a0<\/span>offers reins in leather and fine grip<\/strong><span class=\"x_Apple-converted-space\">\u00a0<\/span>one size ( horse).<\/span><\/p>\n<p class=\"\" style=\"text-align: justify;\"><span class=\"\">Our SLIP by reins<span class=\"x_Apple-converted-space\">\u00a0<\/span><strong class=\"\">Smart Wag<\/strong><span class=\"x_Apple-converted-space\">\u00a0<\/span>are fastened with inner buckles, creating ease of use as well as added aesthetic appeal.<span class=\"x_Apple-converted-space\">\u00a0<\/span><\/span><\/p>\n<p class=\"\" style=\"text-align: justify;\"><span class=\"\">All our reins are perfectly matched to our bridle range.<\/span><\/p>\n<p class=\"\" style=\"text-align: justify;\"><span class=\"\">Slip reins are available in a range of leather colours:<\/span><\/p>\n<ul>\n<li style=\"text-align: justify;\"><span class=\"\">Black with silver buckle.<\/span><\/li>\n<li style=\"text-align: justify;\"><span class=\"\">Brown with silver buckles.<\/span><\/li>\n<\/ul>","protected":false},"excerpt":{"rendered":"<p style=\"text-align: justify;\"><strong>Fine Grippy Reins - Slip.<\/strong> Our genuine cowhide reins are available in black or brown leather, with silver brass buckles.<\/p>","protected":false},"featured_media":1293,"comment_status":"closed","ping_status":"closed","template":"","meta":{"_acf_changed":false,"_sitemap_exclude":false,"_sitemap_priority":"","_sitemap_frequency":"","site-sidebar-layout":"default","site-content-layout":"","ast-site-content-layout":"default","site-content-style":"default","site-sidebar-style":"default","ast-global-header-display":"","ast-banner-title-visibility":"","ast-main-header-display":"","ast-hfb-above-header-display":"","ast-hfb-below-header-display":"","ast-hfb-mobile-header-display":"","site-post-title":"","ast-breadcrumbs-content":"","ast-featured-img":"","footer-sml-layout":"","ast-disable-related-posts":"","theme-transparent-header-meta":"default","adv-header-id-meta":"","stick-header-meta":"default","header-above-stick-meta":"","header-main-stick-meta":"","header-below-stick-meta":"","astra-migrate-meta-layouts":"set","ast-page-background-enabled":"default","ast-page-background-meta":{"desktop":{"background-color":"var(--ast-global-color-4)","background-image":"","background-repeat":"repeat","background-position":"center center","background-size":"auto","background-attachment":"scroll","background-type":"","background-media":"","overlay-type":"","overlay-color":"","overlay-opacity":"","overlay-gradient":""},"tablet":{"background-color":"","background-image":"","background-repeat":"repeat","background-position":"center center","background-size":"auto","background-attachment":"scroll","background-type":"","background-media":"","overlay-type":"","overlay-color":"","overlay-opacity":"","overlay-gradient":""},"mobile":{"background-color":"","background-image":"","background-repeat":"repeat","background-position":"center center","background-size":"auto","background-attachment":"scroll","background-type":"","background-media":"","overlay-type":"","overlay-color":"","overlay-opacity":"","overlay-gradient":""}},"ast-content-background-meta":{"desktop":{"background-color":"var(--ast-global-color-5)","background-image":"","background-repeat":"repeat","background-position":"center center","background-size":"auto","background-attachment":"scroll","background-type":"","background-media":"","overlay-type":"","overlay-color":"","overlay-opacity":"","overlay-gradient":""},"tablet":{"background-color":"var(--ast-global-color-5)","background-image":"","background-repeat":"repeat","background-position":"center center","background-size":"auto","background-attachment":"scroll","background-type":"","background-media":"","overlay-type":"","overlay-color":"","overlay-opacity":"","overlay-gradient":""},"mobile":{"background-color":"var(--ast-global-color-5)","background-image":"","background-repeat":"repeat","background-position":"center center","background-size":"auto","background-attachment":"scroll","background-type":"","background-media":"","overlay-type":"","overlay-color":"","overlay-opacity":"","overlay-gradient":""}}},"product_brand":[],"product_cat":[28],"product_tag":[],"class_list":{"0":"post-441","1":"product","2":"type-product","3":"status-publish","4":"has-post-thumbnail","6":"product_cat-renes-cheval","7":"desktop-align-left","8":"tablet-align-left","9":"mobile-align-left","10":"ast-product-gallery-layout-first-image-large","11":"ast-magnify-disabled","12":"ast-product-single-variable","13":"ast-product-tabs-layout-accordion","15":"first","16":"instock","17":"shipping-taxable","18":"purchasable","19":"product-type-variable"},"acf":[],"yoast_head":"<!-- This site is optimized with the Yoast SEO plugin v27.2 - https:\/\/yoast.com\/product\/yoast-seo-wordpress\/ -->\n<title>R\u00eanes fines gripp\u00e9es Slip - Smart Wag<\/title>\n<meta name=\"description\" content=\"D\u00e9couvrez les r\u00eanes Slip, l\u00e9g\u00e8res et robustes. Con\u00e7ues pour offrir un contr\u00f4le pr\u00e9cis et une exp\u00e9rience \u00e9questre optimale.\" \/>\n<meta name=\"robots\" content=\"index, follow, max-snippet:-1, max-image-preview:large, max-video-preview:-1\" \/>\n<link rel=\"canonical\" href=\"https:\/\/smartwag.com\/en-gb\/product-2\/sliding-reins\/\" \/>\n<meta property=\"og:locale\" content=\"en_GB\" \/>\n<meta property=\"og:type\" content=\"article\" \/>\n<meta property=\"og:title\" content=\"R\u00eanes fines gripp\u00e9es Slip - Smart Wag\" \/>\n<meta property=\"og:description\" content=\"D\u00e9couvrez les r\u00eanes Slip, l\u00e9g\u00e8res et robustes. Con\u00e7ues pour offrir un contr\u00f4le pr\u00e9cis et une exp\u00e9rience \u00e9questre optimale.\" \/>\n<meta property=\"og:url\" content=\"https:\/\/smartwag.com\/en-gb\/product-2\/sliding-reins\/\" \/>\n<meta property=\"og:site_name\" content=\"Smart Wag\" \/>\n<meta property=\"article:modified_time\" content=\"2025-06-09T10:03:25+00:00\" \/>\n<meta property=\"og:image\" content=\"https:\/\/smartwag.com\/wp-content\/uploads\/2020\/06\/grip-marron.png\" \/>\n\t<meta property=\"og:image:width\" content=\"1500\" \/>\n\t<meta property=\"og:image:height\" content=\"1125\" \/>\n\t<meta property=\"og:image:type\" content=\"image\/png\" \/>\n<meta name=\"twitter:card\" content=\"summary_large_image\" \/>\n<script type=\"application\/ld+json\" class=\"yoast-schema-graph\">{\"@context\":\"https:\/\/schema.org\",\"@graph\":[{\"@type\":\"WebPage\",\"@id\":\"https:\/\/smartwag.com\/produit\/renes-slip\/\",\"url\":\"https:\/\/smartwag.com\/produit\/renes-slip\/\",\"name\":\"R\u00eanes fines gripp\u00e9es Slip - Smart Wag\",\"isPartOf\":{\"@id\":\"https:\/\/smartwag.com\/#website\"},\"primaryImageOfPage\":{\"@id\":\"https:\/\/smartwag.com\/produit\/renes-slip\/#primaryimage\"},\"image\":{\"@id\":\"https:\/\/smartwag.com\/produit\/renes-slip\/#primaryimage\"},\"thumbnailUrl\":\"https:\/\/smartwag.com\/wp-content\/uploads\/2020\/06\/grip-marron.png\",\"datePublished\":\"2020-06-26T09:27:43+00:00\",\"dateModified\":\"2025-06-09T10:03:25+00:00\",\"description\":\"D\u00e9couvrez les r\u00eanes Slip, l\u00e9g\u00e8res et robustes. Con\u00e7ues pour offrir un contr\u00f4le pr\u00e9cis et une exp\u00e9rience \u00e9questre optimale.\",\"breadcrumb\":{\"@id\":\"https:\/\/smartwag.com\/produit\/renes-slip\/#breadcrumb\"},\"inLanguage\":\"en-GB\",\"potentialAction\":[{\"@type\":\"ReadAction\",\"target\":[\"https:\/\/smartwag.com\/produit\/renes-slip\/\"]}]},{\"@type\":\"ImageObject\",\"inLanguage\":\"en-GB\",\"@id\":\"https:\/\/smartwag.com\/produit\/renes-slip\/#primaryimage\",\"url\":\"https:\/\/smartwag.com\/wp-content\/uploads\/2020\/06\/grip-marron.png\",\"contentUrl\":\"https:\/\/smartwag.com\/wp-content\/uploads\/2020\/06\/grip-marron.png\",\"width\":1500,\"height\":1125},{\"@type\":\"BreadcrumbList\",\"@id\":\"https:\/\/smartwag.com\/produit\/renes-slip\/#breadcrumb\",\"itemListElement\":[{\"@type\":\"ListItem\",\"position\":1,\"name\":\"Home\",\"item\":\"https:\/\/smartwag.com\/\"},{\"@type\":\"ListItem\",\"position\":2,\"name\":\"Boutique\",\"item\":\"https:\/\/smartwag.com\/boutique\/\"},{\"@type\":\"ListItem\",\"position\":3,\"name\":\"R\u00eanes fines gripp\u00e9es Slip\"}]},{\"@type\":\"WebSite\",\"@id\":\"https:\/\/smartwag.com\/#website\",\"url\":\"https:\/\/smartwag.com\/\",\"name\":\"Smart Wag\",\"description\":\"Sp\u00e9cialiste de la gravure personnalis\u00e9e pour cheval et chien\",\"publisher\":{\"@id\":\"https:\/\/smartwag.com\/#organization\"},\"potentialAction\":[{\"@type\":\"SearchAction\",\"target\":{\"@type\":\"EntryPoint\",\"urlTemplate\":\"https:\/\/smartwag.com\/?s={search_term_string}\"},\"query-input\":{\"@type\":\"PropertyValueSpecification\",\"valueRequired\":true,\"valueName\":\"search_term_string\"}}],\"inLanguage\":\"en-GB\"},{\"@type\":\"Organization\",\"@id\":\"https:\/\/smartwag.com\/#organization\",\"name\":\"Smart Wag\",\"url\":\"https:\/\/smartwag.com\/\",\"logo\":{\"@type\":\"ImageObject\",\"inLanguage\":\"en-GB\",\"@id\":\"https:\/\/smartwag.com\/#\/schema\/logo\/image\/\",\"url\":\"https:\/\/smartwag.com\/wp-content\/uploads\/2021\/10\/logo-noir.png\",\"contentUrl\":\"https:\/\/smartwag.com\/wp-content\/uploads\/2021\/10\/logo-noir.png\",\"width\":490,\"height\":204,\"caption\":\"Smart Wag\"},\"image\":{\"@id\":\"https:\/\/smartwag.com\/#\/schema\/logo\/image\/\"}}]}<\/script>\n<!-- \/ Yoast SEO plugin. -->","yoast_head_json":{"title":"Fine Reindeer Slip - Smart Wag","description":"Discover Slip reins, light and robust. Designed for precise control and an optimum riding experience.","robots":{"index":"index","follow":"follow","max-snippet":"max-snippet:-1","max-image-preview":"max-image-preview:large","max-video-preview":"max-video-preview:-1"},"canonical":"https:\/\/smartwag.com\/en-gb\/product-2\/sliding-reins\/","og_locale":"en_GB","og_type":"article","og_title":"R\u00eanes fines gripp\u00e9es Slip - Smart Wag","og_description":"D\u00e9couvrez les r\u00eanes Slip, l\u00e9g\u00e8res et robustes. Con\u00e7ues pour offrir un contr\u00f4le pr\u00e9cis et une exp\u00e9rience \u00e9questre optimale.","og_url":"https:\/\/smartwag.com\/en-gb\/product-2\/sliding-reins\/","og_site_name":"Smart Wag","article_modified_time":"2025-06-09T10:03:25+00:00","og_image":[{"width":1500,"height":1125,"url":"https:\/\/smartwag.com\/wp-content\/uploads\/2020\/06\/grip-marron.png","type":"image\/png"}],"twitter_card":"summary_large_image","schema":{"@context":"https:\/\/schema.org","@graph":[{"@type":"WebPage","@id":"https:\/\/smartwag.com\/produit\/renes-slip\/","url":"https:\/\/smartwag.com\/produit\/renes-slip\/","name":"Fine Reindeer Slip - Smart Wag","isPartOf":{"@id":"https:\/\/smartwag.com\/#website"},"primaryImageOfPage":{"@id":"https:\/\/smartwag.com\/produit\/renes-slip\/#primaryimage"},"image":{"@id":"https:\/\/smartwag.com\/produit\/renes-slip\/#primaryimage"},"thumbnailUrl":"https:\/\/smartwag.com\/wp-content\/uploads\/2020\/06\/grip-marron.png","datePublished":"2020-06-26T09:27:43+00:00","dateModified":"2025-06-09T10:03:25+00:00","description":"Discover Slip reins, light and robust. Designed for precise control and an optimum riding experience.","breadcrumb":{"@id":"https:\/\/smartwag.com\/produit\/renes-slip\/#breadcrumb"},"inLanguage":"en-GB","potentialAction":[{"@type":"ReadAction","target":["https:\/\/smartwag.com\/produit\/renes-slip\/"]}]},{"@type":"ImageObject","inLanguage":"en-GB","@id":"https:\/\/smartwag.com\/produit\/renes-slip\/#primaryimage","url":"https:\/\/smartwag.com\/wp-content\/uploads\/2020\/06\/grip-marron.png","contentUrl":"https:\/\/smartwag.com\/wp-content\/uploads\/2020\/06\/grip-marron.png","width":1500,"height":1125},{"@type":"BreadcrumbList","@id":"https:\/\/smartwag.com\/produit\/renes-slip\/#breadcrumb","itemListElement":[{"@type":"ListItem","position":1,"name":"Home","item":"https:\/\/smartwag.com\/"},{"@type":"ListItem","position":2,"name":"Boutique","item":"https:\/\/smartwag.com\/boutique\/"},{"@type":"ListItem","position":3,"name":"R\u00eanes fines gripp\u00e9es Slip"}]},{"@type":"WebSite","@id":"https:\/\/smartwag.com\/#website","url":"https:\/\/smartwag.com\/","name":"Smart Wag","description":"Specialist in personalised engraving for horses and dogs","publisher":{"@id":"https:\/\/smartwag.com\/#organization"},"potentialAction":[{"@type":"SearchAction","target":{"@type":"EntryPoint","urlTemplate":"https:\/\/smartwag.com\/?s={search_term_string}"},"query-input":{"@type":"PropertyValueSpecification","valueRequired":true,"valueName":"search_term_string"}}],"inLanguage":"en-GB"},{"@type":"Organization","@id":"https:\/\/smartwag.com\/#organization","name":"Smart Wag","url":"https:\/\/smartwag.com\/","logo":{"@type":"ImageObject","inLanguage":"en-GB","@id":"https:\/\/smartwag.com\/#\/schema\/logo\/image\/","url":"https:\/\/smartwag.com\/wp-content\/uploads\/2021\/10\/logo-noir.png","contentUrl":"https:\/\/smartwag.com\/wp-content\/uploads\/2021\/10\/logo-noir.png","width":490,"height":204,"caption":"Smart Wag"},"image":{"@id":"https:\/\/smartwag.com\/#\/schema\/logo\/image\/"}}]}},"_links":{"self":[{"href":"https:\/\/smartwag.com\/en-gb\/wp-json\/wp\/v2\/product\/441","targetHints":{"allow":["GET"]}}],"collection":[{"href":"https:\/\/smartwag.com\/en-gb\/wp-json\/wp\/v2\/product"}],"about":[{"href":"https:\/\/smartwag.com\/en-gb\/wp-json\/wp\/v2\/types\/product"}],"replies":[{"embeddable":true,"href":"https:\/\/smartwag.com\/en-gb\/wp-json\/wp\/v2\/comments?post=441"}],"wp:featuredmedia":[{"embeddable":true,"href":"https:\/\/smartwag.com\/en-gb\/wp-json\/wp\/v2\/media\/1293"}],"wp:attachment":[{"href":"https:\/\/smartwag.com\/en-gb\/wp-json\/wp\/v2\/media?parent=441"}],"wp:term":[{"taxonomy":"product_brand","embeddable":true,"href":"https:\/\/smartwag.com\/en-gb\/wp-json\/wp\/v2\/product_brand?post=441"},{"taxonomy":"product_cat","embeddable":true,"href":"https:\/\/smartwag.com\/en-gb\/wp-json\/wp\/v2\/product_cat?post=441"},{"taxonomy":"product_tag","embeddable":true,"href":"https:\/\/smartwag.com\/en-gb\/wp-json\/wp\/v2\/product_tag?post=441"}],"curies":[{"name":"wp","href":"https:\/\/api.w.org\/{rel}","templated":true}]}}