{"id":360,"date":"2020-06-26T11:25:49","date_gmt":"2020-06-26T09:25:49","guid":{"rendered":"https:\/\/smartwag.com\/produit\/import-placeholder-for-2628\/"},"modified":"2025-06-07T16:18:13","modified_gmt":"2025-06-07T14:18:13","slug":"doggy-leather-lead","status":"publish","type":"product","link":"https:\/\/smartwag.com\/en-gb\/produit\/laisse-en-cuir-doggy\/","title":{"rendered":"\"DOGGY\" Leather leash"},"content":{"rendered":"<p style=\"text-align: justify;\">We do create products as a \"set\" so that you and your dog are trendy when you go out. Indeed, this product is matched to the following collar: <strong>Premium Doggy leather<\/strong>.<\/p>\n<p style=\"text-align: justify;\">. This half-fed flat leather leash with a handle has been designed to meet your expectations in terms of safety and aestheticism. Leather leashes are very comfortable for you and your pet and are very durable and hard-wearing...and are elegant!<\/p>\n<p style=\"text-align: justify;\">We offer you this leather leash in black colour.<br \/>\nThis leash is available in 110cm.<\/p>\n<h3 style=\"text-align: justify;\"><strong>SmartWag care tips:<\/strong><\/h3>\n<p style=\"text-align: justify;\"><em><strong>For new leather:<\/strong><\/em><\/p>\n<p style=\"text-align: justify;\">A new leather dog collar still has all its natural moisture and does not need to be rehydrated with glycerine soap. On the contrary, this maintenance product could alter the colour of leather with a natural finish (aniline), especially brown or havana leather. But new leather is naturally dry stiff and must be softened before its first use. You can then apply a colourless leather oil to the back and top of the leather with a clean cloth. The oil will penetrate into the heart of the leather to soften it. If your leather still feels too stiff, do not hesitate to reapply until it becomes soft enough. You can then leave it to dry for a day in a temperate and shady place. This will preserve your leather for a longer period of time and give it a beautiful patina.<\/p>","protected":false},"excerpt":{"rendered":"<p style=\"text-align: justify;\"><strong>SmartWag<\/strong> has in its range of dog leashes a half-fed leather leash with handle, decorated with brass dog-shaped pattern. This leash has a handle. This product will offer you more comfort when walking thanks to its leather lining.<\/p>","protected":false},"featured_media":1539,"comment_status":"closed","ping_status":"closed","template":"","meta":{"_acf_changed":false,"_sitemap_exclude":false,"_sitemap_priority":"","_sitemap_frequency":"","site-sidebar-layout":"default","site-content-layout":"","ast-site-content-layout":"default","site-content-style":"default","site-sidebar-style":"default","ast-global-header-display":"","ast-banner-title-visibility":"","ast-main-header-display":"","ast-hfb-above-header-display":"","ast-hfb-below-header-display":"","ast-hfb-mobile-header-display":"","site-post-title":"","ast-breadcrumbs-content":"","ast-featured-img":"","footer-sml-layout":"","ast-disable-related-posts":"","theme-transparent-header-meta":"default","adv-header-id-meta":"","stick-header-meta":"default","header-above-stick-meta":"","header-main-stick-meta":"","header-below-stick-meta":"","astra-migrate-meta-layouts":"set","ast-page-background-enabled":"default","ast-page-background-meta":{"desktop":{"background-color":"var(--ast-global-color-4)","background-image":"","background-repeat":"repeat","background-position":"center center","background-size":"auto","background-attachment":"scroll","background-type":"","background-media":"","overlay-type":"","overlay-color":"","overlay-opacity":"","overlay-gradient":""},"tablet":{"background-color":"","background-image":"","background-repeat":"repeat","background-position":"center center","background-size":"auto","background-attachment":"scroll","background-type":"","background-media":"","overlay-type":"","overlay-color":"","overlay-opacity":"","overlay-gradient":""},"mobile":{"background-color":"","background-image":"","background-repeat":"repeat","background-position":"center center","background-size":"auto","background-attachment":"scroll","background-type":"","background-media":"","overlay-type":"","overlay-color":"","overlay-opacity":"","overlay-gradient":""}},"ast-content-background-meta":{"desktop":{"background-color":"var(--ast-global-color-5)","background-image":"","background-repeat":"repeat","background-position":"center center","background-size":"auto","background-attachment":"scroll","background-type":"","background-media":"","overlay-type":"","overlay-color":"","overlay-opacity":"","overlay-gradient":""},"tablet":{"background-color":"var(--ast-global-color-5)","background-image":"","background-repeat":"repeat","background-position":"center center","background-size":"auto","background-attachment":"scroll","background-type":"","background-media":"","overlay-type":"","overlay-color":"","overlay-opacity":"","overlay-gradient":""},"mobile":{"background-color":"var(--ast-global-color-5)","background-image":"","background-repeat":"repeat","background-position":"center center","background-size":"auto","background-attachment":"scroll","background-type":"","background-media":"","overlay-type":"","overlay-color":"","overlay-opacity":"","overlay-gradient":""}}},"product_brand":[],"product_cat":[19,181],"product_tag":[],"class_list":{"0":"post-360","1":"product","2":"type-product","3":"status-publish","4":"has-post-thumbnail","6":"product_cat-equipement-chien","7":"product_cat-laisse-en-cuir","8":"desktop-align-left","9":"tablet-align-left","10":"mobile-align-left","11":"ast-product-gallery-layout-first-image-large","12":"ast-product-gallery-with-no-image","13":"ast-magnify-disabled","14":"ast-product-single-variable","15":"ast-product-tabs-layout-accordion","17":"first","18":"instock","19":"shipping-taxable","20":"purchasable","21":"product-type-variable","22":"has-default-attributes"},"acf":[],"yoast_head":"<!-- This site is optimized with the Yoast SEO plugin v27.2 - https:\/\/yoast.com\/product\/yoast-seo-wordpress\/ -->\n<title>Laisse en cuir \u201cDOGGY\u201d - Smart Wag<\/title>\n<meta name=\"description\" content=\"Laisse en cuir Doggy, robuste et \u00e9l\u00e9gante, id\u00e9ale pour vos promenades. Offrez \u00e0 votre chien un accessoire confortable et durable.\" \/>\n<meta name=\"robots\" content=\"index, follow, max-snippet:-1, max-image-preview:large, max-video-preview:-1\" \/>\n<link rel=\"canonical\" href=\"https:\/\/smartwag.com\/en-gb\/product-2\/doggy-leather-lead\/\" \/>\n<meta property=\"og:locale\" content=\"en_GB\" \/>\n<meta property=\"og:type\" content=\"article\" \/>\n<meta property=\"og:title\" content=\"Laisse en cuir \u201cDOGGY\u201d - Smart Wag\" \/>\n<meta property=\"og:description\" content=\"Laisse en cuir Doggy, robuste et \u00e9l\u00e9gante, id\u00e9ale pour vos promenades. Offrez \u00e0 votre chien un accessoire confortable et durable.\" \/>\n<meta property=\"og:url\" content=\"https:\/\/smartwag.com\/en-gb\/product-2\/doggy-leather-lead\/\" \/>\n<meta property=\"og:site_name\" content=\"Smart Wag\" \/>\n<meta property=\"article:modified_time\" content=\"2025-06-07T14:18:13+00:00\" \/>\n<meta property=\"og:image\" content=\"https:\/\/smartwag.com\/wp-content\/uploads\/2020\/06\/laisse-cuir-doggybl.jpg\" \/>\n\t<meta property=\"og:image:width\" content=\"1200\" \/>\n\t<meta property=\"og:image:height\" content=\"1200\" \/>\n\t<meta property=\"og:image:type\" content=\"image\/jpeg\" \/>\n<meta name=\"twitter:card\" content=\"summary_large_image\" \/>\n<meta name=\"twitter:label1\" content=\"Estimated reading time\" \/>\n\t<meta name=\"twitter:data1\" content=\"1 minute\" \/>\n<script type=\"application\/ld+json\" class=\"yoast-schema-graph\">{\"@context\":\"https:\/\/schema.org\",\"@graph\":[{\"@type\":\"WebPage\",\"@id\":\"https:\/\/smartwag.com\/produit\/laisse-en-cuir-doggy\/\",\"url\":\"https:\/\/smartwag.com\/produit\/laisse-en-cuir-doggy\/\",\"name\":\"Laisse en cuir \u201cDOGGY\u201d - Smart Wag\",\"isPartOf\":{\"@id\":\"https:\/\/smartwag.com\/#website\"},\"primaryImageOfPage\":{\"@id\":\"https:\/\/smartwag.com\/produit\/laisse-en-cuir-doggy\/#primaryimage\"},\"image\":{\"@id\":\"https:\/\/smartwag.com\/produit\/laisse-en-cuir-doggy\/#primaryimage\"},\"thumbnailUrl\":\"https:\/\/smartwag.com\/wp-content\/uploads\/2020\/06\/laisse-cuir-doggybl.jpg\",\"datePublished\":\"2020-06-26T09:25:49+00:00\",\"dateModified\":\"2025-06-07T14:18:13+00:00\",\"description\":\"Laisse en cuir Doggy, robuste et \u00e9l\u00e9gante, id\u00e9ale pour vos promenades. Offrez \u00e0 votre chien un accessoire confortable et durable.\",\"breadcrumb\":{\"@id\":\"https:\/\/smartwag.com\/produit\/laisse-en-cuir-doggy\/#breadcrumb\"},\"inLanguage\":\"en-GB\",\"potentialAction\":[{\"@type\":\"ReadAction\",\"target\":[\"https:\/\/smartwag.com\/produit\/laisse-en-cuir-doggy\/\"]}]},{\"@type\":\"ImageObject\",\"inLanguage\":\"en-GB\",\"@id\":\"https:\/\/smartwag.com\/produit\/laisse-en-cuir-doggy\/#primaryimage\",\"url\":\"https:\/\/smartwag.com\/wp-content\/uploads\/2020\/06\/laisse-cuir-doggybl.jpg\",\"contentUrl\":\"https:\/\/smartwag.com\/wp-content\/uploads\/2020\/06\/laisse-cuir-doggybl.jpg\",\"width\":1200,\"height\":1200},{\"@type\":\"BreadcrumbList\",\"@id\":\"https:\/\/smartwag.com\/produit\/laisse-en-cuir-doggy\/#breadcrumb\",\"itemListElement\":[{\"@type\":\"ListItem\",\"position\":1,\"name\":\"Home\",\"item\":\"https:\/\/smartwag.com\/\"},{\"@type\":\"ListItem\",\"position\":2,\"name\":\"Boutique\",\"item\":\"https:\/\/smartwag.com\/boutique\/\"},{\"@type\":\"ListItem\",\"position\":3,\"name\":\"Laisse en cuir \u201cDOGGY\u201d\"}]},{\"@type\":\"WebSite\",\"@id\":\"https:\/\/smartwag.com\/#website\",\"url\":\"https:\/\/smartwag.com\/\",\"name\":\"Smart Wag\",\"description\":\"Sp\u00e9cialiste de la gravure personnalis\u00e9e pour cheval et chien\",\"publisher\":{\"@id\":\"https:\/\/smartwag.com\/#organization\"},\"potentialAction\":[{\"@type\":\"SearchAction\",\"target\":{\"@type\":\"EntryPoint\",\"urlTemplate\":\"https:\/\/smartwag.com\/?s={search_term_string}\"},\"query-input\":{\"@type\":\"PropertyValueSpecification\",\"valueRequired\":true,\"valueName\":\"search_term_string\"}}],\"inLanguage\":\"en-GB\"},{\"@type\":\"Organization\",\"@id\":\"https:\/\/smartwag.com\/#organization\",\"name\":\"Smart Wag\",\"url\":\"https:\/\/smartwag.com\/\",\"logo\":{\"@type\":\"ImageObject\",\"inLanguage\":\"en-GB\",\"@id\":\"https:\/\/smartwag.com\/#\/schema\/logo\/image\/\",\"url\":\"https:\/\/smartwag.com\/wp-content\/uploads\/2021\/10\/logo-noir.png\",\"contentUrl\":\"https:\/\/smartwag.com\/wp-content\/uploads\/2021\/10\/logo-noir.png\",\"width\":490,\"height\":204,\"caption\":\"Smart Wag\"},\"image\":{\"@id\":\"https:\/\/smartwag.com\/#\/schema\/logo\/image\/\"}}]}<\/script>\n<!-- \/ Yoast SEO plugin. -->","yoast_head_json":{"title":"DOGGY\" leather lead - Smart Wag","description":"Doggy leather lead, robust and elegant, ideal for your walks. Give your dog a comfortable and durable accessory.","robots":{"index":"index","follow":"follow","max-snippet":"max-snippet:-1","max-image-preview":"max-image-preview:large","max-video-preview":"max-video-preview:-1"},"canonical":"https:\/\/smartwag.com\/en-gb\/product-2\/doggy-leather-lead\/","og_locale":"en_GB","og_type":"article","og_title":"Laisse en cuir \u201cDOGGY\u201d - Smart Wag","og_description":"Laisse en cuir Doggy, robuste et \u00e9l\u00e9gante, id\u00e9ale pour vos promenades. Offrez \u00e0 votre chien un accessoire confortable et durable.","og_url":"https:\/\/smartwag.com\/en-gb\/product-2\/doggy-leather-lead\/","og_site_name":"Smart Wag","article_modified_time":"2025-06-07T14:18:13+00:00","og_image":[{"width":1200,"height":1200,"url":"https:\/\/smartwag.com\/wp-content\/uploads\/2020\/06\/laisse-cuir-doggybl.jpg","type":"image\/jpeg"}],"twitter_card":"summary_large_image","twitter_misc":{"Estimated reading time":"1 minute"},"schema":{"@context":"https:\/\/schema.org","@graph":[{"@type":"WebPage","@id":"https:\/\/smartwag.com\/produit\/laisse-en-cuir-doggy\/","url":"https:\/\/smartwag.com\/produit\/laisse-en-cuir-doggy\/","name":"DOGGY\" leather lead - Smart Wag","isPartOf":{"@id":"https:\/\/smartwag.com\/#website"},"primaryImageOfPage":{"@id":"https:\/\/smartwag.com\/produit\/laisse-en-cuir-doggy\/#primaryimage"},"image":{"@id":"https:\/\/smartwag.com\/produit\/laisse-en-cuir-doggy\/#primaryimage"},"thumbnailUrl":"https:\/\/smartwag.com\/wp-content\/uploads\/2020\/06\/laisse-cuir-doggybl.jpg","datePublished":"2020-06-26T09:25:49+00:00","dateModified":"2025-06-07T14:18:13+00:00","description":"Doggy leather lead, robust and elegant, ideal for your walks. Give your dog a comfortable and durable accessory.","breadcrumb":{"@id":"https:\/\/smartwag.com\/produit\/laisse-en-cuir-doggy\/#breadcrumb"},"inLanguage":"en-GB","potentialAction":[{"@type":"ReadAction","target":["https:\/\/smartwag.com\/produit\/laisse-en-cuir-doggy\/"]}]},{"@type":"ImageObject","inLanguage":"en-GB","@id":"https:\/\/smartwag.com\/produit\/laisse-en-cuir-doggy\/#primaryimage","url":"https:\/\/smartwag.com\/wp-content\/uploads\/2020\/06\/laisse-cuir-doggybl.jpg","contentUrl":"https:\/\/smartwag.com\/wp-content\/uploads\/2020\/06\/laisse-cuir-doggybl.jpg","width":1200,"height":1200},{"@type":"BreadcrumbList","@id":"https:\/\/smartwag.com\/produit\/laisse-en-cuir-doggy\/#breadcrumb","itemListElement":[{"@type":"ListItem","position":1,"name":"Home","item":"https:\/\/smartwag.com\/"},{"@type":"ListItem","position":2,"name":"Boutique","item":"https:\/\/smartwag.com\/boutique\/"},{"@type":"ListItem","position":3,"name":"Laisse en cuir \u201cDOGGY\u201d"}]},{"@type":"WebSite","@id":"https:\/\/smartwag.com\/#website","url":"https:\/\/smartwag.com\/","name":"Smart Wag","description":"Specialist in personalised engraving for horses and dogs","publisher":{"@id":"https:\/\/smartwag.com\/#organization"},"potentialAction":[{"@type":"SearchAction","target":{"@type":"EntryPoint","urlTemplate":"https:\/\/smartwag.com\/?s={search_term_string}"},"query-input":{"@type":"PropertyValueSpecification","valueRequired":true,"valueName":"search_term_string"}}],"inLanguage":"en-GB"},{"@type":"Organization","@id":"https:\/\/smartwag.com\/#organization","name":"Smart Wag","url":"https:\/\/smartwag.com\/","logo":{"@type":"ImageObject","inLanguage":"en-GB","@id":"https:\/\/smartwag.com\/#\/schema\/logo\/image\/","url":"https:\/\/smartwag.com\/wp-content\/uploads\/2021\/10\/logo-noir.png","contentUrl":"https:\/\/smartwag.com\/wp-content\/uploads\/2021\/10\/logo-noir.png","width":490,"height":204,"caption":"Smart Wag"},"image":{"@id":"https:\/\/smartwag.com\/#\/schema\/logo\/image\/"}}]}},"_links":{"self":[{"href":"https:\/\/smartwag.com\/en-gb\/wp-json\/wp\/v2\/product\/360","targetHints":{"allow":["GET"]}}],"collection":[{"href":"https:\/\/smartwag.com\/en-gb\/wp-json\/wp\/v2\/product"}],"about":[{"href":"https:\/\/smartwag.com\/en-gb\/wp-json\/wp\/v2\/types\/product"}],"replies":[{"embeddable":true,"href":"https:\/\/smartwag.com\/en-gb\/wp-json\/wp\/v2\/comments?post=360"}],"wp:featuredmedia":[{"embeddable":true,"href":"https:\/\/smartwag.com\/en-gb\/wp-json\/wp\/v2\/media\/1539"}],"wp:attachment":[{"href":"https:\/\/smartwag.com\/en-gb\/wp-json\/wp\/v2\/media?parent=360"}],"wp:term":[{"taxonomy":"product_brand","embeddable":true,"href":"https:\/\/smartwag.com\/en-gb\/wp-json\/wp\/v2\/product_brand?post=360"},{"taxonomy":"product_cat","embeddable":true,"href":"https:\/\/smartwag.com\/en-gb\/wp-json\/wp\/v2\/product_cat?post=360"},{"taxonomy":"product_tag","embeddable":true,"href":"https:\/\/smartwag.com\/en-gb\/wp-json\/wp\/v2\/product_tag?post=360"}],"curies":[{"name":"wp","href":"https:\/\/api.w.org\/{rel}","templated":true}]}}