{"id":3155,"date":"2022-04-05T12:18:17","date_gmt":"2022-04-05T10:18:17","guid":{"rendered":"https:\/\/smartwag.com\/?post_type=product&#038;p=3155"},"modified":"2025-10-21T11:44:11","modified_gmt":"2025-10-21T09:44:11","slug":"customisable-leather-side-jumper-verbier","status":"publish","type":"product","link":"https:\/\/smartwag.com\/en-gb\/produit\/side-pull-en-cuir-personnalisable-verbier\/","title":{"rendered":"Verbier customisable leather side jumper"},"content":{"rendered":"<h3 class=\"p1\"><strong>A comfortable and elegant customisable leather side jumper<\/strong><\/h3>\n<p class=\"p1\">A customisable side pull in high-quality leather. The cowhide leather, lined and padded on the anatomical headpiece and noseband, guarantees optimum comfort for the horse.<\/p>\n<p>&nbsp;<\/p>\n<h4 class=\"p1\"><strong>A customisable side pull<\/strong><\/h4>\n<p class=\"p1\">For greater adaptability and practicality, the Verbier custom bitless leather bridle has an adjustable noseband on both sides.<\/p>\n<p class=\"p1\">The Verbier personalised side pullover is available in black or brown leather with silver buckles.<\/p>\n<p class=\"p1\">It's available in PONEY to FULL sizes to suit a wide range of body sizes.<\/p>\n<p>The Verbier sidepull can be personalised with engraving on a silver plate in the same colour as the buckle.<\/p>\n<p>&nbsp;<\/p>\n<h4><strong>Precautions for use<\/strong><\/h4>\n<p>This product is not suitable for hand-held use or use with high voltage.<\/p>\n<p>It will give way in the normal way if the horse pulls at the tether, in hand, gets a rein stuck in a limb or under heavy tension. It should only be used with horses that have been finely trained in the codes of ennasures.<\/p>\n<p class=\"p4\"><span class=\"s2\"><br \/>\n<\/span><b>A little Smartwag advice:<\/b> Our bridles run slightly small, so if in doubt, take the next size up. You can find the measurements below. If the chosen size does not fit, an exchange is possible depending on available stocks (at the buyer's expense).<\/p>\n<p>&nbsp;<\/p>\n<p><img decoding=\"async\" class=\"wp-image-4182 aligncenter\" src=\"https:\/\/smartwag.com\/wp-content\/uploads\/2022\/04\/Capture-de\u0301cran-2022-07-05-a\u0300-14.08.11.png\" alt=\"side pull mesures\" width=\"604\" height=\"186\" srcset=\"https:\/\/smartwag.com\/wp-content\/uploads\/2022\/04\/Capture-de\u0301cran-2022-07-05-a\u0300-14.08.11.png 1266w, https:\/\/smartwag.com\/wp-content\/uploads\/2022\/04\/Capture-de\u0301cran-2022-07-05-a\u0300-14.08.11-600x185.png 600w, https:\/\/smartwag.com\/wp-content\/uploads\/2022\/04\/Capture-de\u0301cran-2022-07-05-a\u0300-14.08.11-300x92.png 300w, https:\/\/smartwag.com\/wp-content\/uploads\/2022\/04\/Capture-de\u0301cran-2022-07-05-a\u0300-14.08.11-1024x315.png 1024w, https:\/\/smartwag.com\/wp-content\/uploads\/2022\/04\/Capture-de\u0301cran-2022-07-05-a\u0300-14.08.11-768x237.png 768w, https:\/\/smartwag.com\/wp-content\/uploads\/2022\/04\/Capture-de\u0301cran-2022-07-05-a\u0300-14.08.11-18x6.png 18w, https:\/\/smartwag.com\/wp-content\/uploads\/2022\/04\/Capture-de\u0301cran-2022-07-05-a\u0300-14.08.11-260x80.png 260w, https:\/\/smartwag.com\/wp-content\/uploads\/2022\/04\/Capture-de\u0301cran-2022-07-05-a\u0300-14.08.11-50x15.png 50w, https:\/\/smartwag.com\/wp-content\/uploads\/2022\/04\/Capture-de\u0301cran-2022-07-05-a\u0300-14.08.11-150x46.png 150w, https:\/\/smartwag.com\/wp-content\/uploads\/2022\/04\/Capture-de\u0301cran-2022-07-05-a\u0300-14.08.11-800x246.png 800w\" sizes=\"(max-width: 604px) 100vw, 604px\" \/><\/p>\n<p>&nbsp;<\/p>\n<h4 class=\"p4\"><strong>The total look<\/strong><\/h4>\n<p class=\"p4\">The Verbier sidepull can be complemented with a pair of <a href=\"https:\/\/smartwag.com\/en-gb\/product-2\/sliding-reins\/\">Slip reins<\/a> .<\/p>\n<p>&nbsp;<\/p>\n<h3 class=\"p6\"><strong>Smart Wag maintenance tips :<\/strong><\/h3>\n<p class=\"p4\"><b><i>For a new leather :<\/i><\/b><span class=\"s2\"><img decoding=\"async\" class=\"alignright wp-image-1556\" src=\"https:\/\/smartwag.com\/wp-content\/uploads\/2020\/06\/ECDBBCD6-C981-4E8F-865F-BD4049C8977D.jpg\" sizes=\"(max-width: 347px) 100vw, 347px\" srcset=\"https:\/\/smartwag.com\/wp-content\/uploads\/2020\/06\/ECDBBCD6-C981-4E8F-865F-BD4049C8977D.jpg 750w, https:\/\/smartwag.com\/wp-content\/uploads\/2020\/06\/ECDBBCD6-C981-4E8F-865F-BD4049C8977D-200x300.jpg 200w, https:\/\/smartwag.com\/wp-content\/uploads\/2020\/06\/ECDBBCD6-C981-4E8F-865F-BD4049C8977D-683x1024.jpg 683w, https:\/\/smartwag.com\/wp-content\/uploads\/2020\/06\/ECDBBCD6-C981-4E8F-865F-BD4049C8977D-8x12.jpg 8w, https:\/\/smartwag.com\/wp-content\/uploads\/2020\/06\/ECDBBCD6-C981-4E8F-865F-BD4049C8977D-97x146.jpg 97w, https:\/\/smartwag.com\/wp-content\/uploads\/2020\/06\/ECDBBCD6-C981-4E8F-865F-BD4049C8977D-33x50.jpg 33w, https:\/\/smartwag.com\/wp-content\/uploads\/2020\/06\/ECDBBCD6-C981-4E8F-865F-BD4049C8977D-50x75.jpg 50w, https:\/\/smartwag.com\/wp-content\/uploads\/2020\/06\/ECDBBCD6-C981-4E8F-865F-BD4049C8977D-600x899.jpg 600w\" alt=\"\" width=\"347\" height=\"521\" \/><\/span><\/p>\n<p>Your new leather Smart Wag sidepull still has all its natural moisture and doesn't need to be rehydrated with glycerine soap.<span class=\"s2\"><br \/>\n<\/span>On the contrary, this maintenance product could alter the colour of leathers having a natural finish (aniline), especially the brown or havana leathers.<span class=\"s2\"><br \/>\n<\/span><\/p>\n<p>Vous pouvez cependant assouplir les parties \u00a0\u00bb non critiques\u00a0\u00bb comme les montant de filet et de muserolle avec un peu d\u2019huile et la laisser s\u00e9cher ( dans un endroit sec et ombrag\u00e9).<\/p>\n<p class=\"p4\"><span class=\"s2\"><br \/>\n<\/span><b><i>Pour un bridon d\u00e9j\u00e0 utilis\u00e9:<\/i><\/b><\/p>\n<p class=\"p4\">A chaque utilisation, enlevez la poussi\u00e8re avec un petit chiffon. Il n\u2019est pas n\u00e9cessaire d\u2019utiliser un produit d\u2019entretien apr\u00e8s chaque utilisation. Au contraire certains produits de nettoyage \u00e0 base d\u2019<strong>agents de surface anionique peuvent abimer le vernis de votre bridon.<\/strong>\u00a0Veillez \u00e0 utiliser des produits aux composants doux et \u00e0 \u00e9viter au maximum de frictionner votre cuir durant le nettoyage.<\/p>\n<p>Il est recommand\u00e9 de nettoyer votre bridon une fois par mois avec un savon glycerin\u00e9 (\u00e0 composition non d\u00e9tergente) .<\/p>","protected":false},"excerpt":{"rendered":"<p class=\"p1\">Customisable leather side pull to fit your horse, available in brown or black. This leather bridle has a\u00a0<b>t\u00eati\u00e8re anatomique qui d\u00e9gage la base des oreilles et repartit les pressions sur la nuque du cheval, ainsi qu\u2019 une muserolle large rembourr\u00e9e<\/b>enabling\u00a0<b>optimum comfort<\/b> for your horse.<\/p>\n<p><strong>Warning: The Verbier sidepull can cut small.\u00a0<\/strong><\/p>","protected":false},"featured_media":26113,"comment_status":"closed","ping_status":"closed","template":"","meta":{"_acf_changed":false,"_sitemap_exclude":false,"_sitemap_priority":"","_sitemap_frequency":"","site-sidebar-layout":"default","site-content-layout":"","ast-site-content-layout":"default","site-content-style":"default","site-sidebar-style":"default","ast-global-header-display":"","ast-banner-title-visibility":"","ast-main-header-display":"","ast-hfb-above-header-display":"","ast-hfb-below-header-display":"","ast-hfb-mobile-header-display":"","site-post-title":"","ast-breadcrumbs-content":"","ast-featured-img":"","footer-sml-layout":"","ast-disable-related-posts":"","theme-transparent-header-meta":"default","adv-header-id-meta":"","stick-header-meta":"default","header-above-stick-meta":"","header-main-stick-meta":"","header-below-stick-meta":"","astra-migrate-meta-layouts":"set","ast-page-background-enabled":"default","ast-page-background-meta":{"desktop":{"background-color":"var(--ast-global-color-4)","background-image":"","background-repeat":"repeat","background-position":"center center","background-size":"auto","background-attachment":"scroll","background-type":"","background-media":"","overlay-type":"","overlay-color":"","overlay-opacity":"","overlay-gradient":""},"tablet":{"background-color":"","background-image":"","background-repeat":"repeat","background-position":"center center","background-size":"auto","background-attachment":"scroll","background-type":"","background-media":"","overlay-type":"","overlay-color":"","overlay-opacity":"","overlay-gradient":""},"mobile":{"background-color":"","background-image":"","background-repeat":"repeat","background-position":"center center","background-size":"auto","background-attachment":"scroll","background-type":"","background-media":"","overlay-type":"","overlay-color":"","overlay-opacity":"","overlay-gradient":""}},"ast-content-background-meta":{"desktop":{"background-color":"var(--ast-global-color-5)","background-image":"","background-repeat":"repeat","background-position":"center center","background-size":"auto","background-attachment":"scroll","background-type":"","background-media":"","overlay-type":"","overlay-color":"","overlay-opacity":"","overlay-gradient":""},"tablet":{"background-color":"var(--ast-global-color-5)","background-image":"","background-repeat":"repeat","background-position":"center center","background-size":"auto","background-attachment":"scroll","background-type":"","background-media":"","overlay-type":"","overlay-color":"","overlay-opacity":"","overlay-gradient":""},"mobile":{"background-color":"var(--ast-global-color-5)","background-image":"","background-repeat":"repeat","background-position":"center center","background-size":"auto","background-attachment":"scroll","background-type":"","background-media":"","overlay-type":"","overlay-color":"","overlay-opacity":"","overlay-gradient":""}}},"product_brand":[],"product_cat":[351],"product_tag":[],"class_list":{"0":"post-3155","1":"product","2":"type-product","3":"status-publish","4":"has-post-thumbnail","6":"product_cat-sidepull","7":"desktop-align-left","8":"tablet-align-left","9":"mobile-align-left","10":"ast-product-gallery-layout-first-image-large","11":"ast-magnify-disabled","12":"ast-product-single-variable","13":"ast-product-tabs-layout-accordion","14":"wcpa_has_options","16":"first","17":"instock","18":"shipping-taxable","19":"purchasable","20":"product-type-variable"},"acf":[],"yoast_head":"<!-- This site is optimized with the Yoast SEO plugin v27.2 - https:\/\/yoast.com\/product\/yoast-seo-wordpress\/ -->\n<title>Side Pull Verbier en Cuir Personnalisable - Gravure Offerte<\/title>\n<meta name=\"description\" content=\"Side pull en cuir Verbier ajustable et personnalisable. Pr\u00e9cision et \u00e9l\u00e9gance pour le travail \u00e0 pied. Gravure offerte, toutes les tailles et couleurs assorties.\" \/>\n<meta name=\"robots\" content=\"index, follow, max-snippet:-1, max-image-preview:large, max-video-preview:-1\" \/>\n<link rel=\"canonical\" href=\"https:\/\/smartwag.com\/en-gb\/product-2\/customisable-leather-side-jumper-verbier\/\" \/>\n<meta property=\"og:locale\" content=\"en_GB\" \/>\n<meta property=\"og:type\" content=\"article\" \/>\n<meta property=\"og:title\" content=\"Side Pull Verbier en Cuir Personnalisable - Gravure Offerte\" \/>\n<meta property=\"og:description\" content=\"Side pull en cuir Verbier ajustable et personnalisable. Pr\u00e9cision et \u00e9l\u00e9gance pour le travail \u00e0 pied. Gravure offerte, toutes les tailles et couleurs assorties.\" \/>\n<meta property=\"og:url\" content=\"https:\/\/smartwag.com\/en-gb\/product-2\/customisable-leather-side-jumper-verbier\/\" \/>\n<meta property=\"og:site_name\" content=\"Smart Wag\" \/>\n<meta property=\"article:modified_time\" content=\"2025-10-21T09:44:11+00:00\" \/>\n<meta property=\"og:image\" content=\"https:\/\/smartwag.com\/wp-content\/uploads\/2022\/04\/sidepull-verbier-1.png\" \/>\n\t<meta property=\"og:image:width\" content=\"1500\" \/>\n\t<meta property=\"og:image:height\" content=\"1500\" \/>\n\t<meta property=\"og:image:type\" content=\"image\/png\" \/>\n<meta name=\"twitter:card\" content=\"summary_large_image\" \/>\n<meta name=\"twitter:label1\" content=\"Estimated reading time\" \/>\n\t<meta name=\"twitter:data1\" content=\"3 minutes\" \/>\n<script type=\"application\/ld+json\" class=\"yoast-schema-graph\">{\"@context\":\"https:\/\/schema.org\",\"@graph\":[{\"@type\":\"WebPage\",\"@id\":\"https:\/\/smartwag.com\/produit\/side-pull-en-cuir-personnalisable-verbier\/\",\"url\":\"https:\/\/smartwag.com\/produit\/side-pull-en-cuir-personnalisable-verbier\/\",\"name\":\"Side Pull Verbier en Cuir Personnalisable - Gravure Offerte\",\"isPartOf\":{\"@id\":\"https:\/\/smartwag.com\/#website\"},\"primaryImageOfPage\":{\"@id\":\"https:\/\/smartwag.com\/produit\/side-pull-en-cuir-personnalisable-verbier\/#primaryimage\"},\"image\":{\"@id\":\"https:\/\/smartwag.com\/produit\/side-pull-en-cuir-personnalisable-verbier\/#primaryimage\"},\"thumbnailUrl\":\"https:\/\/smartwag.com\/wp-content\/uploads\/2022\/04\/sidepull-verbier-1.png\",\"datePublished\":\"2022-04-05T10:18:17+00:00\",\"dateModified\":\"2025-10-21T09:44:11+00:00\",\"description\":\"Side pull en cuir Verbier ajustable et personnalisable. Pr\u00e9cision et \u00e9l\u00e9gance pour le travail \u00e0 pied. Gravure offerte, toutes les tailles et couleurs assorties.\",\"breadcrumb\":{\"@id\":\"https:\/\/smartwag.com\/produit\/side-pull-en-cuir-personnalisable-verbier\/#breadcrumb\"},\"inLanguage\":\"en-GB\",\"potentialAction\":[{\"@type\":\"ReadAction\",\"target\":[\"https:\/\/smartwag.com\/produit\/side-pull-en-cuir-personnalisable-verbier\/\"]}]},{\"@type\":\"ImageObject\",\"inLanguage\":\"en-GB\",\"@id\":\"https:\/\/smartwag.com\/produit\/side-pull-en-cuir-personnalisable-verbier\/#primaryimage\",\"url\":\"https:\/\/smartwag.com\/wp-content\/uploads\/2022\/04\/sidepull-verbier-1.png\",\"contentUrl\":\"https:\/\/smartwag.com\/wp-content\/uploads\/2022\/04\/sidepull-verbier-1.png\",\"width\":1500,\"height\":1500},{\"@type\":\"BreadcrumbList\",\"@id\":\"https:\/\/smartwag.com\/produit\/side-pull-en-cuir-personnalisable-verbier\/#breadcrumb\",\"itemListElement\":[{\"@type\":\"ListItem\",\"position\":1,\"name\":\"Home\",\"item\":\"https:\/\/smartwag.com\/\"},{\"@type\":\"ListItem\",\"position\":2,\"name\":\"Boutique\",\"item\":\"https:\/\/smartwag.com\/boutique\/\"},{\"@type\":\"ListItem\",\"position\":3,\"name\":\"Side pull en cuir personnalisable Verbier\"}]},{\"@type\":\"WebSite\",\"@id\":\"https:\/\/smartwag.com\/#website\",\"url\":\"https:\/\/smartwag.com\/\",\"name\":\"Smart Wag\",\"description\":\"Sp\u00e9cialiste de la gravure personnalis\u00e9e pour cheval et chien\",\"publisher\":{\"@id\":\"https:\/\/smartwag.com\/#organization\"},\"potentialAction\":[{\"@type\":\"SearchAction\",\"target\":{\"@type\":\"EntryPoint\",\"urlTemplate\":\"https:\/\/smartwag.com\/?s={search_term_string}\"},\"query-input\":{\"@type\":\"PropertyValueSpecification\",\"valueRequired\":true,\"valueName\":\"search_term_string\"}}],\"inLanguage\":\"en-GB\"},{\"@type\":\"Organization\",\"@id\":\"https:\/\/smartwag.com\/#organization\",\"name\":\"Smart Wag\",\"url\":\"https:\/\/smartwag.com\/\",\"logo\":{\"@type\":\"ImageObject\",\"inLanguage\":\"en-GB\",\"@id\":\"https:\/\/smartwag.com\/#\/schema\/logo\/image\/\",\"url\":\"https:\/\/smartwag.com\/wp-content\/uploads\/2021\/10\/logo-noir.png\",\"contentUrl\":\"https:\/\/smartwag.com\/wp-content\/uploads\/2021\/10\/logo-noir.png\",\"width\":490,\"height\":204,\"caption\":\"Smart Wag\"},\"image\":{\"@id\":\"https:\/\/smartwag.com\/#\/schema\/logo\/image\/\"}}]}<\/script>\n<!-- \/ Yoast SEO plugin. -->","yoast_head_json":{"title":"Verbier Side Pull in Customised Leather - Free Engraving","description":"Verbier leather side pull, adjustable and customisable. Precision and elegance for working on foot. Engraving available, all sizes and colours to match.","robots":{"index":"index","follow":"follow","max-snippet":"max-snippet:-1","max-image-preview":"max-image-preview:large","max-video-preview":"max-video-preview:-1"},"canonical":"https:\/\/smartwag.com\/en-gb\/product-2\/customisable-leather-side-jumper-verbier\/","og_locale":"en_GB","og_type":"article","og_title":"Side Pull Verbier en Cuir Personnalisable - Gravure Offerte","og_description":"Side pull en cuir Verbier ajustable et personnalisable. Pr\u00e9cision et \u00e9l\u00e9gance pour le travail \u00e0 pied. Gravure offerte, toutes les tailles et couleurs assorties.","og_url":"https:\/\/smartwag.com\/en-gb\/product-2\/customisable-leather-side-jumper-verbier\/","og_site_name":"Smart Wag","article_modified_time":"2025-10-21T09:44:11+00:00","og_image":[{"width":1500,"height":1500,"url":"https:\/\/smartwag.com\/wp-content\/uploads\/2022\/04\/sidepull-verbier-1.png","type":"image\/png"}],"twitter_card":"summary_large_image","twitter_misc":{"Estimated reading time":"3 minutes"},"schema":{"@context":"https:\/\/schema.org","@graph":[{"@type":"WebPage","@id":"https:\/\/smartwag.com\/produit\/side-pull-en-cuir-personnalisable-verbier\/","url":"https:\/\/smartwag.com\/produit\/side-pull-en-cuir-personnalisable-verbier\/","name":"Verbier Side Pull in Customised Leather - Free Engraving","isPartOf":{"@id":"https:\/\/smartwag.com\/#website"},"primaryImageOfPage":{"@id":"https:\/\/smartwag.com\/produit\/side-pull-en-cuir-personnalisable-verbier\/#primaryimage"},"image":{"@id":"https:\/\/smartwag.com\/produit\/side-pull-en-cuir-personnalisable-verbier\/#primaryimage"},"thumbnailUrl":"https:\/\/smartwag.com\/wp-content\/uploads\/2022\/04\/sidepull-verbier-1.png","datePublished":"2022-04-05T10:18:17+00:00","dateModified":"2025-10-21T09:44:11+00:00","description":"Verbier leather side pull, adjustable and customisable. Precision and elegance for working on foot. Engraving available, all sizes and colours to match.","breadcrumb":{"@id":"https:\/\/smartwag.com\/produit\/side-pull-en-cuir-personnalisable-verbier\/#breadcrumb"},"inLanguage":"en-GB","potentialAction":[{"@type":"ReadAction","target":["https:\/\/smartwag.com\/produit\/side-pull-en-cuir-personnalisable-verbier\/"]}]},{"@type":"ImageObject","inLanguage":"en-GB","@id":"https:\/\/smartwag.com\/produit\/side-pull-en-cuir-personnalisable-verbier\/#primaryimage","url":"https:\/\/smartwag.com\/wp-content\/uploads\/2022\/04\/sidepull-verbier-1.png","contentUrl":"https:\/\/smartwag.com\/wp-content\/uploads\/2022\/04\/sidepull-verbier-1.png","width":1500,"height":1500},{"@type":"BreadcrumbList","@id":"https:\/\/smartwag.com\/produit\/side-pull-en-cuir-personnalisable-verbier\/#breadcrumb","itemListElement":[{"@type":"ListItem","position":1,"name":"Home","item":"https:\/\/smartwag.com\/"},{"@type":"ListItem","position":2,"name":"Boutique","item":"https:\/\/smartwag.com\/boutique\/"},{"@type":"ListItem","position":3,"name":"Side pull en cuir personnalisable Verbier"}]},{"@type":"WebSite","@id":"https:\/\/smartwag.com\/#website","url":"https:\/\/smartwag.com\/","name":"Smart Wag","description":"Specialist in personalised engraving for horses and dogs","publisher":{"@id":"https:\/\/smartwag.com\/#organization"},"potentialAction":[{"@type":"SearchAction","target":{"@type":"EntryPoint","urlTemplate":"https:\/\/smartwag.com\/?s={search_term_string}"},"query-input":{"@type":"PropertyValueSpecification","valueRequired":true,"valueName":"search_term_string"}}],"inLanguage":"en-GB"},{"@type":"Organization","@id":"https:\/\/smartwag.com\/#organization","name":"Smart Wag","url":"https:\/\/smartwag.com\/","logo":{"@type":"ImageObject","inLanguage":"en-GB","@id":"https:\/\/smartwag.com\/#\/schema\/logo\/image\/","url":"https:\/\/smartwag.com\/wp-content\/uploads\/2021\/10\/logo-noir.png","contentUrl":"https:\/\/smartwag.com\/wp-content\/uploads\/2021\/10\/logo-noir.png","width":490,"height":204,"caption":"Smart Wag"},"image":{"@id":"https:\/\/smartwag.com\/#\/schema\/logo\/image\/"}}]}},"_links":{"self":[{"href":"https:\/\/smartwag.com\/en-gb\/wp-json\/wp\/v2\/product\/3155","targetHints":{"allow":["GET"]}}],"collection":[{"href":"https:\/\/smartwag.com\/en-gb\/wp-json\/wp\/v2\/product"}],"about":[{"href":"https:\/\/smartwag.com\/en-gb\/wp-json\/wp\/v2\/types\/product"}],"replies":[{"embeddable":true,"href":"https:\/\/smartwag.com\/en-gb\/wp-json\/wp\/v2\/comments?post=3155"}],"wp:featuredmedia":[{"embeddable":true,"href":"https:\/\/smartwag.com\/en-gb\/wp-json\/wp\/v2\/media\/26113"}],"wp:attachment":[{"href":"https:\/\/smartwag.com\/en-gb\/wp-json\/wp\/v2\/media?parent=3155"}],"wp:term":[{"taxonomy":"product_brand","embeddable":true,"href":"https:\/\/smartwag.com\/en-gb\/wp-json\/wp\/v2\/product_brand?post=3155"},{"taxonomy":"product_cat","embeddable":true,"href":"https:\/\/smartwag.com\/en-gb\/wp-json\/wp\/v2\/product_cat?post=3155"},{"taxonomy":"product_tag","embeddable":true,"href":"https:\/\/smartwag.com\/en-gb\/wp-json\/wp\/v2\/product_tag?post=3155"}],"curies":[{"name":"wp","href":"https:\/\/api.w.org\/{rel}","templated":true}]}}