{"id":3089,"date":"2022-04-05T11:41:18","date_gmt":"2022-04-05T09:41:18","guid":{"rendered":"https:\/\/smartwag.com\/?post_type=product&#038;p=3089"},"modified":"2025-11-07T09:39:49","modified_gmt":"2025-11-07T08:39:49","slug":"arena-custom-leather-halter","status":"publish","type":"product","link":"https:\/\/smartwag.com\/en-gb\/produit\/licol-personnalisable-en-cuir-arena\/","title":{"rendered":"Arena customisable leather halter"},"content":{"rendered":"<h3 class=\"p1\">The elegant and chic customisable halter from the Smart Wag range!<\/h3>\n<p>&nbsp;<\/p>\n<p class=\"p3\"><b>For your travels, competitions and presentations, Smart Wag<\/b> offers you a customisable halter with a combination of soft leather and nubuck finish padding. The cowhide leather, lined and quilted in nubuck on the headpiece and noseband, provides optimum comfort for the horse while ensuring greater stability than smooth leather.<\/p>\n<p class=\"p3\">The<b> Arena leather halter<\/b>\u00a0 has been designed to ensure the comfort of your horse when in hand but also when tethered.<\/p>\n<p>&nbsp;<\/p>\n<h4 class=\"p3\"><strong>An adaptable halter<\/strong><\/h4>\n<p class=\"p2\">Pour plus d\u2019adaptabilit\u00e9 et de facilit\u00e9 d\u2019usage, le <b>licol personnalisable en cuir Arena<\/b> has:<\/p>\n<ul class=\"ul1\">\n<li class=\"li5\">An adjustable headpiece on both sides<\/li>\n<li class=\"li5\">An adjustable noseband<\/li>\n<li class=\"li5\">A detachable throat latch to remove the halter more easily.<\/li>\n<\/ul>\n<p>&nbsp;<\/p>\n<p class=\"p3\">The Arena custom halter comes in a choice of leather and buckle colours: black or brown with a choice of gold or silver buckles.<\/p>\n<p class=\"p3\">It is available in COB and Full sizes.<\/p>\n<h4 class=\"p3\"><strong>A customisable halter<\/strong><\/h4>\n<p class=\"p2\">The Arena by Smart Wag leather halter can be personalised at no extra cost with a personalised plaque matching the colour of the buckle.<\/p>\n<p><b>You can add a special character or a breed logo to your engraving (contact us to send us the logo you require).<\/b><\/p>\n<p>&nbsp;<\/p>\n<h4><strong>Engravings available<\/strong><\/h4>\n<p><img decoding=\"async\" class=\"aligncenter wp-image-12080 size-full\" src=\"https:\/\/smartwag.com\/wp-content\/uploads\/2020\/06\/gravure.png\" alt=\"Engraving halter\" width=\"1587\" height=\"1059\" srcset=\"https:\/\/smartwag.com\/wp-content\/uploads\/2020\/06\/gravure.png 1587w, https:\/\/smartwag.com\/wp-content\/uploads\/2020\/06\/gravure-600x400.png 600w, https:\/\/smartwag.com\/wp-content\/uploads\/2020\/06\/gravure-300x200.png 300w, https:\/\/smartwag.com\/wp-content\/uploads\/2020\/06\/gravure-1024x683.png 1024w, https:\/\/smartwag.com\/wp-content\/uploads\/2020\/06\/gravure-768x512.png 768w, https:\/\/smartwag.com\/wp-content\/uploads\/2020\/06\/gravure-1536x1025.png 1536w, https:\/\/smartwag.com\/wp-content\/uploads\/2020\/06\/gravure-18x12.png 18w, https:\/\/smartwag.com\/wp-content\/uploads\/2020\/06\/gravure-219x146.png 219w, https:\/\/smartwag.com\/wp-content\/uploads\/2020\/06\/gravure-50x33.png 50w, https:\/\/smartwag.com\/wp-content\/uploads\/2020\/06\/gravure-112x75.png 112w\" sizes=\"(max-width: 1587px) 100vw, 1587px\" \/><\/p>\n<h4><strong>Halter and safety<\/strong><\/h4>\n<p>Our halters are not unbreakable. In fact, it is essential for your horse's safety that a halter should break when too much pressure is applied (a horse pulling at the fox, a horse falling at the tack, in transport, getting stuck in a fence, walking on its lead rope, etc.). ). If your halter breaks, do not hesitate to contact our customer service department to see if a replacement part (headpiece, throat latch) can be supplied (subject to stock limitations).<\/p>\n<p>&nbsp;<\/p>\n<h4 class=\"p4\"><strong>To complete the look<\/strong><\/h4>\n<p class=\"p3\">The Arena custom halter goes well with the presentation lanyard, as does the Soul by Smart Wag custom bridle.<\/p>\n<h4><\/h4>\n<h4><strong>What size should you choose for your horse's personalised halter?<\/strong><\/h4>\n<p>Below is a table of Smart Wag halter measurements. To be sure of your choice, we advise you to take your horse's measurements. In the event of a size error, your halter can be exchanged while stocks last. <img decoding=\"async\" class=\"wp-image-2594 size-full aligncenter\" src=\"https:\/\/smartwag.com\/wp-content\/uploads\/2020\/06\/Sans-titre-7.png\" alt=\"\" width=\"2552\" height=\"671\" srcset=\"https:\/\/smartwag.com\/wp-content\/uploads\/2020\/06\/Sans-titre-7.png 2552w, https:\/\/smartwag.com\/wp-content\/uploads\/2020\/06\/Sans-titre-7-600x158.png 600w, https:\/\/smartwag.com\/wp-content\/uploads\/2020\/06\/Sans-titre-7-300x79.png 300w, https:\/\/smartwag.com\/wp-content\/uploads\/2020\/06\/Sans-titre-7-1024x269.png 1024w, https:\/\/smartwag.com\/wp-content\/uploads\/2020\/06\/Sans-titre-7-768x202.png 768w, https:\/\/smartwag.com\/wp-content\/uploads\/2020\/06\/Sans-titre-7-1536x404.png 1536w, https:\/\/smartwag.com\/wp-content\/uploads\/2020\/06\/Sans-titre-7-2048x538.png 2048w, https:\/\/smartwag.com\/wp-content\/uploads\/2020\/06\/Sans-titre-7-18x5.png 18w, https:\/\/smartwag.com\/wp-content\/uploads\/2020\/06\/Sans-titre-7-260x68.png 260w, https:\/\/smartwag.com\/wp-content\/uploads\/2020\/06\/Sans-titre-7-50x13.png 50w, https:\/\/smartwag.com\/wp-content\/uploads\/2020\/06\/Sans-titre-7-150x39.png 150w, https:\/\/smartwag.com\/wp-content\/uploads\/2020\/06\/Sans-titre-7-800x210.png 800w\" sizes=\"(max-width: 2552px) 100vw, 2552px\" \/><\/p>\n<h4><\/h4>\n<p>&nbsp;<\/p>\n<h3 class=\"p6\" style=\"text-align: left;\"><strong>Smart Wag maintenance tips :<\/strong><\/h3>\n<p class=\"p4\"><b><i>For a new leather :<\/i><\/b><span class=\"s2\"><img decoding=\"async\" class=\"alignright wp-image-1556\" src=\"https:\/\/smartwag.com\/wp-content\/uploads\/2020\/06\/ECDBBCD6-C981-4E8F-865F-BD4049C8977D.jpg\" alt=\"\" width=\"347\" height=\"521\" srcset=\"https:\/\/smartwag.com\/wp-content\/uploads\/2020\/06\/ECDBBCD6-C981-4E8F-865F-BD4049C8977D.jpg 750w, https:\/\/smartwag.com\/wp-content\/uploads\/2020\/06\/ECDBBCD6-C981-4E8F-865F-BD4049C8977D-600x899.jpg 600w, https:\/\/smartwag.com\/wp-content\/uploads\/2020\/06\/ECDBBCD6-C981-4E8F-865F-BD4049C8977D-200x300.jpg 200w, https:\/\/smartwag.com\/wp-content\/uploads\/2020\/06\/ECDBBCD6-C981-4E8F-865F-BD4049C8977D-683x1024.jpg 683w, https:\/\/smartwag.com\/wp-content\/uploads\/2020\/06\/ECDBBCD6-C981-4E8F-865F-BD4049C8977D-8x12.jpg 8w, https:\/\/smartwag.com\/wp-content\/uploads\/2020\/06\/ECDBBCD6-C981-4E8F-865F-BD4049C8977D-97x146.jpg 97w, https:\/\/smartwag.com\/wp-content\/uploads\/2020\/06\/ECDBBCD6-C981-4E8F-865F-BD4049C8977D-33x50.jpg 33w, https:\/\/smartwag.com\/wp-content\/uploads\/2020\/06\/ECDBBCD6-C981-4E8F-865F-BD4049C8977D-50x75.jpg 50w\" sizes=\"(max-width: 347px) 100vw, 347px\" \/><\/span><\/p>\n<p>New leather riding gear still has all its natural moisture and does not need to be rehydrated with glycerine soap.<span class=\"s2\"><br \/>\n<\/span>On the contrary, this cleaning product could alter the colour of leathers with a natural finish (aniline), particularly brown or tan leathers.<span class=\"s2\"><br \/>\n<\/span>But new leather is naturally dry and stiff, and needs to be softened before it is used for the first time. You can apply a colourless leather oil to the back and top of the leather with a clean cloth. The oil will penetrate to the heart of the leather to soften it.<span class=\"s2\"><br \/>\n<\/span>You can then leave to dry for a day in a temperate place in the shade.<\/p>\n<p class=\"p4\"><span class=\"s2\"><br \/>\n<\/span><b><i>For leather that has already been used:<\/i><\/b><span class=\"s2\"><br \/>\n<\/span>Remove dust daily with a damp cloth.<span class=\"s2\"><br \/>\n<\/span>You can clean your halter every 2 to 3 weeks with a mild glycerine soap (non-detergent composition).<\/p>\n<p>&nbsp;<\/p>\n<h6><strong>What you need to know:<\/strong> Smart Wag is a Swiss company. Purchasing an item from a European country or in a foreign currency may expose you to bank charges.<\/h6>","protected":false},"excerpt":{"rendered":"<p class=\"p1\"><strong>Customisable halter in smooth leather and nubuck<\/strong>. The Arena halter is an elegant leather show halter made from cowhide leather, lined and padded at the headpiece and noseband to ensure optimum comfort for the horse. Available in brown or black leather.<\/p>","protected":false},"featured_media":17092,"comment_status":"closed","ping_status":"closed","template":"","meta":{"_acf_changed":false,"_sitemap_exclude":false,"_sitemap_priority":"","_sitemap_frequency":"","site-sidebar-layout":"default","site-content-layout":"","ast-site-content-layout":"default","site-content-style":"default","site-sidebar-style":"default","ast-global-header-display":"","ast-banner-title-visibility":"","ast-main-header-display":"","ast-hfb-above-header-display":"","ast-hfb-below-header-display":"","ast-hfb-mobile-header-display":"","site-post-title":"","ast-breadcrumbs-content":"","ast-featured-img":"","footer-sml-layout":"","ast-disable-related-posts":"","theme-transparent-header-meta":"default","adv-header-id-meta":"","stick-header-meta":"default","header-above-stick-meta":"","header-main-stick-meta":"","header-below-stick-meta":"","astra-migrate-meta-layouts":"set","ast-page-background-enabled":"default","ast-page-background-meta":{"desktop":{"background-color":"var(--ast-global-color-4)","background-image":"","background-repeat":"repeat","background-position":"center center","background-size":"auto","background-attachment":"scroll","background-type":"","background-media":"","overlay-type":"","overlay-color":"","overlay-opacity":"","overlay-gradient":""},"tablet":{"background-color":"","background-image":"","background-repeat":"repeat","background-position":"center center","background-size":"auto","background-attachment":"scroll","background-type":"","background-media":"","overlay-type":"","overlay-color":"","overlay-opacity":"","overlay-gradient":""},"mobile":{"background-color":"","background-image":"","background-repeat":"repeat","background-position":"center center","background-size":"auto","background-attachment":"scroll","background-type":"","background-media":"","overlay-type":"","overlay-color":"","overlay-opacity":"","overlay-gradient":""}},"ast-content-background-meta":{"desktop":{"background-color":"var(--ast-global-color-5)","background-image":"","background-repeat":"repeat","background-position":"center center","background-size":"auto","background-attachment":"scroll","background-type":"","background-media":"","overlay-type":"","overlay-color":"","overlay-opacity":"","overlay-gradient":""},"tablet":{"background-color":"var(--ast-global-color-5)","background-image":"","background-repeat":"repeat","background-position":"center center","background-size":"auto","background-attachment":"scroll","background-type":"","background-media":"","overlay-type":"","overlay-color":"","overlay-opacity":"","overlay-gradient":""},"mobile":{"background-color":"var(--ast-global-color-5)","background-image":"","background-repeat":"repeat","background-position":"center center","background-size":"auto","background-attachment":"scroll","background-type":"","background-media":"","overlay-type":"","overlay-color":"","overlay-opacity":"","overlay-gradient":""}}},"product_brand":[],"product_cat":[25],"product_tag":[],"class_list":{"0":"post-3089","1":"product","2":"type-product","3":"status-publish","4":"has-post-thumbnail","6":"product_cat-licols-longes","7":"desktop-align-left","8":"tablet-align-left","9":"mobile-align-left","10":"ast-product-gallery-layout-first-image-large","11":"ast-magnify-disabled","12":"ast-product-single-variable","13":"ast-product-tabs-layout-accordion","14":"wcpa_has_options","16":"first","17":"outofstock","18":"sale","19":"shipping-taxable","20":"purchasable","21":"product-type-variable"},"acf":[],"yoast_head":"<!-- This site is optimized with the Yoast SEO plugin v27.2 - https:\/\/yoast.com\/product\/yoast-seo-wordpress\/ -->\n<title>Licol personnalisable en cuir Arena - Smart Wag<\/title>\n<meta name=\"description\" content=\"Licol Arena en cuir personnalisable\u202f: \u00e9l\u00e9gance et confort r\u00e9unis. Con\u00e7u pour offrir style et bien-\u00eatre \u00e0 votre cheval au quotidien.\" \/>\n<meta name=\"robots\" content=\"index, follow, max-snippet:-1, max-image-preview:large, max-video-preview:-1\" \/>\n<link rel=\"canonical\" href=\"https:\/\/smartwag.com\/en-gb\/product-2\/arena-custom-leather-halter\/\" \/>\n<meta property=\"og:locale\" content=\"en_GB\" \/>\n<meta property=\"og:type\" content=\"article\" \/>\n<meta property=\"og:title\" content=\"Licol personnalisable en cuir Arena - Smart Wag\" \/>\n<meta property=\"og:description\" content=\"Licol Arena en cuir personnalisable\u202f: \u00e9l\u00e9gance et confort r\u00e9unis. Con\u00e7u pour offrir style et bien-\u00eatre \u00e0 votre cheval au quotidien.\" \/>\n<meta property=\"og:url\" content=\"https:\/\/smartwag.com\/en-gb\/product-2\/arena-custom-leather-halter\/\" \/>\n<meta property=\"og:site_name\" content=\"Smart Wag\" \/>\n<meta property=\"article:modified_time\" content=\"2025-11-07T08:39:49+00:00\" \/>\n<meta property=\"og:image\" content=\"https:\/\/smartwag.com\/wp-content\/uploads\/2020\/06\/Licol-cuir-nubuck-arena.png\" \/>\n\t<meta property=\"og:image:width\" content=\"1500\" \/>\n\t<meta property=\"og:image:height\" content=\"1500\" \/>\n\t<meta property=\"og:image:type\" content=\"image\/png\" \/>\n<meta name=\"twitter:card\" content=\"summary_large_image\" \/>\n<meta name=\"twitter:label1\" content=\"Estimated reading time\" \/>\n\t<meta name=\"twitter:data1\" content=\"3 minutes\" \/>\n<script type=\"application\/ld+json\" class=\"yoast-schema-graph\">{\"@context\":\"https:\/\/schema.org\",\"@graph\":[{\"@type\":\"WebPage\",\"@id\":\"https:\/\/smartwag.com\/produit\/licol-personnalisable-en-cuir-arena\/\",\"url\":\"https:\/\/smartwag.com\/produit\/licol-personnalisable-en-cuir-arena\/\",\"name\":\"Licol personnalisable en cuir Arena - Smart Wag\",\"isPartOf\":{\"@id\":\"https:\/\/smartwag.com\/#website\"},\"primaryImageOfPage\":{\"@id\":\"https:\/\/smartwag.com\/produit\/licol-personnalisable-en-cuir-arena\/#primaryimage\"},\"image\":{\"@id\":\"https:\/\/smartwag.com\/produit\/licol-personnalisable-en-cuir-arena\/#primaryimage\"},\"thumbnailUrl\":\"https:\/\/smartwag.com\/wp-content\/uploads\/2020\/06\/Licol-cuir-nubuck-arena.png\",\"datePublished\":\"2022-04-05T09:41:18+00:00\",\"dateModified\":\"2025-11-07T08:39:49+00:00\",\"description\":\"Licol Arena en cuir personnalisable\u202f: \u00e9l\u00e9gance et confort r\u00e9unis. Con\u00e7u pour offrir style et bien-\u00eatre \u00e0 votre cheval au quotidien.\",\"breadcrumb\":{\"@id\":\"https:\/\/smartwag.com\/produit\/licol-personnalisable-en-cuir-arena\/#breadcrumb\"},\"inLanguage\":\"en-GB\",\"potentialAction\":[{\"@type\":\"ReadAction\",\"target\":[\"https:\/\/smartwag.com\/produit\/licol-personnalisable-en-cuir-arena\/\"]}]},{\"@type\":\"ImageObject\",\"inLanguage\":\"en-GB\",\"@id\":\"https:\/\/smartwag.com\/produit\/licol-personnalisable-en-cuir-arena\/#primaryimage\",\"url\":\"https:\/\/smartwag.com\/wp-content\/uploads\/2020\/06\/Licol-cuir-nubuck-arena.png\",\"contentUrl\":\"https:\/\/smartwag.com\/wp-content\/uploads\/2020\/06\/Licol-cuir-nubuck-arena.png\",\"width\":1500,\"height\":1500},{\"@type\":\"BreadcrumbList\",\"@id\":\"https:\/\/smartwag.com\/produit\/licol-personnalisable-en-cuir-arena\/#breadcrumb\",\"itemListElement\":[{\"@type\":\"ListItem\",\"position\":1,\"name\":\"Home\",\"item\":\"https:\/\/smartwag.com\/\"},{\"@type\":\"ListItem\",\"position\":2,\"name\":\"Boutique\",\"item\":\"https:\/\/smartwag.com\/boutique\/\"},{\"@type\":\"ListItem\",\"position\":3,\"name\":\"Licol personnalisable en cuir Arena\"}]},{\"@type\":\"WebSite\",\"@id\":\"https:\/\/smartwag.com\/#website\",\"url\":\"https:\/\/smartwag.com\/\",\"name\":\"Smart Wag\",\"description\":\"Sp\u00e9cialiste de la gravure personnalis\u00e9e pour cheval et chien\",\"publisher\":{\"@id\":\"https:\/\/smartwag.com\/#organization\"},\"potentialAction\":[{\"@type\":\"SearchAction\",\"target\":{\"@type\":\"EntryPoint\",\"urlTemplate\":\"https:\/\/smartwag.com\/?s={search_term_string}\"},\"query-input\":{\"@type\":\"PropertyValueSpecification\",\"valueRequired\":true,\"valueName\":\"search_term_string\"}}],\"inLanguage\":\"en-GB\"},{\"@type\":\"Organization\",\"@id\":\"https:\/\/smartwag.com\/#organization\",\"name\":\"Smart Wag\",\"url\":\"https:\/\/smartwag.com\/\",\"logo\":{\"@type\":\"ImageObject\",\"inLanguage\":\"en-GB\",\"@id\":\"https:\/\/smartwag.com\/#\/schema\/logo\/image\/\",\"url\":\"https:\/\/smartwag.com\/wp-content\/uploads\/2021\/10\/logo-noir.png\",\"contentUrl\":\"https:\/\/smartwag.com\/wp-content\/uploads\/2021\/10\/logo-noir.png\",\"width\":490,\"height\":204,\"caption\":\"Smart Wag\"},\"image\":{\"@id\":\"https:\/\/smartwag.com\/#\/schema\/logo\/image\/\"}}]}<\/script>\n<!-- \/ Yoast SEO plugin. -->","yoast_head_json":{"title":"Licol personnalisable en cuir Arena - Smart Wag","description":"Arena halter in customisable leather: elegance and comfort combined. Designed for your horse's everyday style and well-being.","robots":{"index":"index","follow":"follow","max-snippet":"max-snippet:-1","max-image-preview":"max-image-preview:large","max-video-preview":"max-video-preview:-1"},"canonical":"https:\/\/smartwag.com\/en-gb\/product-2\/arena-custom-leather-halter\/","og_locale":"en_GB","og_type":"article","og_title":"Licol personnalisable en cuir Arena - Smart Wag","og_description":"Licol Arena en cuir personnalisable\u202f: \u00e9l\u00e9gance et confort r\u00e9unis. Con\u00e7u pour offrir style et bien-\u00eatre \u00e0 votre cheval au quotidien.","og_url":"https:\/\/smartwag.com\/en-gb\/product-2\/arena-custom-leather-halter\/","og_site_name":"Smart Wag","article_modified_time":"2025-11-07T08:39:49+00:00","og_image":[{"width":1500,"height":1500,"url":"https:\/\/smartwag.com\/wp-content\/uploads\/2020\/06\/Licol-cuir-nubuck-arena.png","type":"image\/png"}],"twitter_card":"summary_large_image","twitter_misc":{"Estimated reading time":"3 minutes"},"schema":{"@context":"https:\/\/schema.org","@graph":[{"@type":"WebPage","@id":"https:\/\/smartwag.com\/produit\/licol-personnalisable-en-cuir-arena\/","url":"https:\/\/smartwag.com\/produit\/licol-personnalisable-en-cuir-arena\/","name":"Licol personnalisable en cuir Arena - Smart Wag","isPartOf":{"@id":"https:\/\/smartwag.com\/#website"},"primaryImageOfPage":{"@id":"https:\/\/smartwag.com\/produit\/licol-personnalisable-en-cuir-arena\/#primaryimage"},"image":{"@id":"https:\/\/smartwag.com\/produit\/licol-personnalisable-en-cuir-arena\/#primaryimage"},"thumbnailUrl":"https:\/\/smartwag.com\/wp-content\/uploads\/2020\/06\/Licol-cuir-nubuck-arena.png","datePublished":"2022-04-05T09:41:18+00:00","dateModified":"2025-11-07T08:39:49+00:00","description":"Arena halter in customisable leather: elegance and comfort combined. Designed for your horse's everyday style and well-being.","breadcrumb":{"@id":"https:\/\/smartwag.com\/produit\/licol-personnalisable-en-cuir-arena\/#breadcrumb"},"inLanguage":"en-GB","potentialAction":[{"@type":"ReadAction","target":["https:\/\/smartwag.com\/produit\/licol-personnalisable-en-cuir-arena\/"]}]},{"@type":"ImageObject","inLanguage":"en-GB","@id":"https:\/\/smartwag.com\/produit\/licol-personnalisable-en-cuir-arena\/#primaryimage","url":"https:\/\/smartwag.com\/wp-content\/uploads\/2020\/06\/Licol-cuir-nubuck-arena.png","contentUrl":"https:\/\/smartwag.com\/wp-content\/uploads\/2020\/06\/Licol-cuir-nubuck-arena.png","width":1500,"height":1500},{"@type":"BreadcrumbList","@id":"https:\/\/smartwag.com\/produit\/licol-personnalisable-en-cuir-arena\/#breadcrumb","itemListElement":[{"@type":"ListItem","position":1,"name":"Home","item":"https:\/\/smartwag.com\/"},{"@type":"ListItem","position":2,"name":"Boutique","item":"https:\/\/smartwag.com\/boutique\/"},{"@type":"ListItem","position":3,"name":"Licol personnalisable en cuir Arena"}]},{"@type":"WebSite","@id":"https:\/\/smartwag.com\/#website","url":"https:\/\/smartwag.com\/","name":"Smart Wag","description":"Specialist in personalised engraving for horses and dogs","publisher":{"@id":"https:\/\/smartwag.com\/#organization"},"potentialAction":[{"@type":"SearchAction","target":{"@type":"EntryPoint","urlTemplate":"https:\/\/smartwag.com\/?s={search_term_string}"},"query-input":{"@type":"PropertyValueSpecification","valueRequired":true,"valueName":"search_term_string"}}],"inLanguage":"en-GB"},{"@type":"Organization","@id":"https:\/\/smartwag.com\/#organization","name":"Smart Wag","url":"https:\/\/smartwag.com\/","logo":{"@type":"ImageObject","inLanguage":"en-GB","@id":"https:\/\/smartwag.com\/#\/schema\/logo\/image\/","url":"https:\/\/smartwag.com\/wp-content\/uploads\/2021\/10\/logo-noir.png","contentUrl":"https:\/\/smartwag.com\/wp-content\/uploads\/2021\/10\/logo-noir.png","width":490,"height":204,"caption":"Smart Wag"},"image":{"@id":"https:\/\/smartwag.com\/#\/schema\/logo\/image\/"}}]}},"_links":{"self":[{"href":"https:\/\/smartwag.com\/en-gb\/wp-json\/wp\/v2\/product\/3089","targetHints":{"allow":["GET"]}}],"collection":[{"href":"https:\/\/smartwag.com\/en-gb\/wp-json\/wp\/v2\/product"}],"about":[{"href":"https:\/\/smartwag.com\/en-gb\/wp-json\/wp\/v2\/types\/product"}],"replies":[{"embeddable":true,"href":"https:\/\/smartwag.com\/en-gb\/wp-json\/wp\/v2\/comments?post=3089"}],"wp:featuredmedia":[{"embeddable":true,"href":"https:\/\/smartwag.com\/en-gb\/wp-json\/wp\/v2\/media\/17092"}],"wp:attachment":[{"href":"https:\/\/smartwag.com\/en-gb\/wp-json\/wp\/v2\/media?parent=3089"}],"wp:term":[{"taxonomy":"product_brand","embeddable":true,"href":"https:\/\/smartwag.com\/en-gb\/wp-json\/wp\/v2\/product_brand?post=3089"},{"taxonomy":"product_cat","embeddable":true,"href":"https:\/\/smartwag.com\/en-gb\/wp-json\/wp\/v2\/product_cat?post=3089"},{"taxonomy":"product_tag","embeddable":true,"href":"https:\/\/smartwag.com\/en-gb\/wp-json\/wp\/v2\/product_tag?post=3089"}],"curies":[{"name":"wp","href":"https:\/\/api.w.org\/{rel}","templated":true}]}}