{"id":305,"date":"2020-06-26T11:25:04","date_gmt":"2020-06-26T09:25:04","guid":{"rendered":"https:\/\/smartwag.com\/produit\/import-placeholder-for-2430\/"},"modified":"2025-12-01T13:42:25","modified_gmt":"2025-12-01T12:42:25","slug":"round-medal","status":"publish","type":"product","link":"https:\/\/smartwag.com\/en-gb\/produit\/medaille-de-forme-ronde\/","title":{"rendered":"Round Medal"},"content":{"rendered":"<p style=\"text-align: justify;\">We offer round medals to identify your pets, or to show who owns equipment such as collars or leads. You can put this pretty medal on your collars, leads etc...<br \/>\nThis item lets you personalise your dog's everyday accessories, such as your collar with your name or phone number.<br \/>\nWe sell this medal with broken ring. We offer this product in several colours: gold or silver and several diameters 22mm, 25mm or 33mm.<\/p>\n<p style=\"text-align: justify;\">We adapt the size to the length of the engraving to be made.<\/p>\n<p style=\"text-align: left;\">Personalise your plaque by entering your text in the \"Personalise\" window.<\/p>\n<p style=\"text-align: justify;\">Once you've saved your personalisation, don't forget to add the product to your basket. Smart Wag is suitable for the most demanding dog lovers and professionals alike.<\/p>","protected":false},"excerpt":{"rendered":"<p style=\"text-align: justify;\"><strong>SmartWag<\/strong> offers you nickel-plated round identification medals, sold engraved with the attachment ring. Available in different diameters and colours.<\/p>","protected":false},"featured_media":348,"comment_status":"closed","ping_status":"closed","template":"","meta":{"_acf_changed":false,"_sitemap_exclude":false,"_sitemap_priority":"","_sitemap_frequency":"","site-sidebar-layout":"default","site-content-layout":"","ast-site-content-layout":"default","site-content-style":"default","site-sidebar-style":"default","ast-global-header-display":"","ast-banner-title-visibility":"","ast-main-header-display":"","ast-hfb-above-header-display":"","ast-hfb-below-header-display":"","ast-hfb-mobile-header-display":"","site-post-title":"","ast-breadcrumbs-content":"","ast-featured-img":"","footer-sml-layout":"","ast-disable-related-posts":"","theme-transparent-header-meta":"default","adv-header-id-meta":"","stick-header-meta":"default","header-above-stick-meta":"","header-main-stick-meta":"","header-below-stick-meta":"","astra-migrate-meta-layouts":"set","ast-page-background-enabled":"default","ast-page-background-meta":{"desktop":{"background-color":"var(--ast-global-color-4)","background-image":"","background-repeat":"repeat","background-position":"center center","background-size":"auto","background-attachment":"scroll","background-type":"","background-media":"","overlay-type":"","overlay-color":"","overlay-opacity":"","overlay-gradient":""},"tablet":{"background-color":"","background-image":"","background-repeat":"repeat","background-position":"center center","background-size":"auto","background-attachment":"scroll","background-type":"","background-media":"","overlay-type":"","overlay-color":"","overlay-opacity":"","overlay-gradient":""},"mobile":{"background-color":"","background-image":"","background-repeat":"repeat","background-position":"center center","background-size":"auto","background-attachment":"scroll","background-type":"","background-media":"","overlay-type":"","overlay-color":"","overlay-opacity":"","overlay-gradient":""}},"ast-content-background-meta":{"desktop":{"background-color":"var(--ast-global-color-5)","background-image":"","background-repeat":"repeat","background-position":"center center","background-size":"auto","background-attachment":"scroll","background-type":"","background-media":"","overlay-type":"","overlay-color":"","overlay-opacity":"","overlay-gradient":""},"tablet":{"background-color":"var(--ast-global-color-5)","background-image":"","background-repeat":"repeat","background-position":"center center","background-size":"auto","background-attachment":"scroll","background-type":"","background-media":"","overlay-type":"","overlay-color":"","overlay-opacity":"","overlay-gradient":""},"mobile":{"background-color":"var(--ast-global-color-5)","background-image":"","background-repeat":"repeat","background-position":"center center","background-size":"auto","background-attachment":"scroll","background-type":"","background-media":"","overlay-type":"","overlay-color":"","overlay-opacity":"","overlay-gradient":""}}},"product_brand":[],"product_cat":[19,409],"product_tag":[],"class_list":{"0":"post-305","1":"product","2":"type-product","3":"status-publish","4":"has-post-thumbnail","6":"product_cat-equipement-chien","7":"product_cat-medailles-plaques-pour-chien","8":"desktop-align-left","9":"tablet-align-left","10":"mobile-align-left","11":"ast-product-gallery-layout-first-image-large","12":"ast-product-gallery-with-no-image","13":"ast-magnify-disabled","14":"ast-product-single-variable","15":"ast-product-tabs-layout-accordion","16":"wcpa_has_options","18":"first","19":"instock","20":"shipping-taxable","21":"purchasable","22":"product-type-variable","23":"has-default-attributes"},"acf":[],"yoast_head":"<!-- This site is optimized with the Yoast SEO plugin v27.2 - https:\/\/yoast.com\/product\/yoast-seo-wordpress\/ -->\n<title>M\u00e9daille de forme Ronde - Smart Wag<\/title>\n<meta name=\"description\" content=\"M\u00e9daille ronde personnalisable pour votre animal. Ajoutez une touche unique avec un design pratique et durable, id\u00e9al pour son identification.\" \/>\n<meta name=\"robots\" content=\"index, follow, max-snippet:-1, max-image-preview:large, max-video-preview:-1\" \/>\n<link rel=\"canonical\" href=\"https:\/\/smartwag.com\/en-gb\/product-2\/round-medal\/\" \/>\n<meta property=\"og:locale\" content=\"en_GB\" \/>\n<meta property=\"og:type\" content=\"article\" \/>\n<meta property=\"og:title\" content=\"M\u00e9daille de forme Ronde - Smart Wag\" \/>\n<meta property=\"og:description\" content=\"M\u00e9daille ronde personnalisable pour votre animal. Ajoutez une touche unique avec un design pratique et durable, id\u00e9al pour son identification.\" \/>\n<meta property=\"og:url\" content=\"https:\/\/smartwag.com\/en-gb\/product-2\/round-medal\/\" \/>\n<meta property=\"og:site_name\" content=\"Smart Wag\" \/>\n<meta property=\"article:modified_time\" content=\"2025-12-01T12:42:25+00:00\" \/>\n<meta property=\"og:image\" content=\"https:\/\/smartwag.com\/wp-content\/uploads\/2020\/06\/medaille-ronde-or.jpg\" \/>\n\t<meta property=\"og:image:width\" content=\"1200\" \/>\n\t<meta property=\"og:image:height\" content=\"1200\" \/>\n\t<meta property=\"og:image:type\" content=\"image\/jpeg\" \/>\n<meta name=\"twitter:card\" content=\"summary_large_image\" \/>\n<meta name=\"twitter:label1\" content=\"Estimated reading time\" \/>\n\t<meta name=\"twitter:data1\" content=\"1 minute\" \/>\n<script type=\"application\/ld+json\" class=\"yoast-schema-graph\">{\"@context\":\"https:\/\/schema.org\",\"@graph\":[{\"@type\":\"WebPage\",\"@id\":\"https:\/\/smartwag.com\/produit\/medaille-de-forme-ronde\/\",\"url\":\"https:\/\/smartwag.com\/produit\/medaille-de-forme-ronde\/\",\"name\":\"M\u00e9daille de forme Ronde - Smart Wag\",\"isPartOf\":{\"@id\":\"https:\/\/smartwag.com\/#website\"},\"primaryImageOfPage\":{\"@id\":\"https:\/\/smartwag.com\/produit\/medaille-de-forme-ronde\/#primaryimage\"},\"image\":{\"@id\":\"https:\/\/smartwag.com\/produit\/medaille-de-forme-ronde\/#primaryimage\"},\"thumbnailUrl\":\"https:\/\/smartwag.com\/wp-content\/uploads\/2020\/06\/medaille-ronde-or.jpg\",\"datePublished\":\"2020-06-26T09:25:04+00:00\",\"dateModified\":\"2025-12-01T12:42:25+00:00\",\"description\":\"M\u00e9daille ronde personnalisable pour votre animal. Ajoutez une touche unique avec un design pratique et durable, id\u00e9al pour son identification.\",\"breadcrumb\":{\"@id\":\"https:\/\/smartwag.com\/produit\/medaille-de-forme-ronde\/#breadcrumb\"},\"inLanguage\":\"en-GB\",\"potentialAction\":[{\"@type\":\"ReadAction\",\"target\":[\"https:\/\/smartwag.com\/produit\/medaille-de-forme-ronde\/\"]}]},{\"@type\":\"ImageObject\",\"inLanguage\":\"en-GB\",\"@id\":\"https:\/\/smartwag.com\/produit\/medaille-de-forme-ronde\/#primaryimage\",\"url\":\"https:\/\/smartwag.com\/wp-content\/uploads\/2020\/06\/medaille-ronde-or.jpg\",\"contentUrl\":\"https:\/\/smartwag.com\/wp-content\/uploads\/2020\/06\/medaille-ronde-or.jpg\",\"width\":1200,\"height\":1200},{\"@type\":\"BreadcrumbList\",\"@id\":\"https:\/\/smartwag.com\/produit\/medaille-de-forme-ronde\/#breadcrumb\",\"itemListElement\":[{\"@type\":\"ListItem\",\"position\":1,\"name\":\"Home\",\"item\":\"https:\/\/smartwag.com\/\"},{\"@type\":\"ListItem\",\"position\":2,\"name\":\"Boutique\",\"item\":\"https:\/\/smartwag.com\/boutique\/\"},{\"@type\":\"ListItem\",\"position\":3,\"name\":\"M\u00e9daille de forme Ronde\"}]},{\"@type\":\"WebSite\",\"@id\":\"https:\/\/smartwag.com\/#website\",\"url\":\"https:\/\/smartwag.com\/\",\"name\":\"Smart Wag\",\"description\":\"Sp\u00e9cialiste de la gravure personnalis\u00e9e pour cheval et chien\",\"publisher\":{\"@id\":\"https:\/\/smartwag.com\/#organization\"},\"potentialAction\":[{\"@type\":\"SearchAction\",\"target\":{\"@type\":\"EntryPoint\",\"urlTemplate\":\"https:\/\/smartwag.com\/?s={search_term_string}\"},\"query-input\":{\"@type\":\"PropertyValueSpecification\",\"valueRequired\":true,\"valueName\":\"search_term_string\"}}],\"inLanguage\":\"en-GB\"},{\"@type\":\"Organization\",\"@id\":\"https:\/\/smartwag.com\/#organization\",\"name\":\"Smart Wag\",\"url\":\"https:\/\/smartwag.com\/\",\"logo\":{\"@type\":\"ImageObject\",\"inLanguage\":\"en-GB\",\"@id\":\"https:\/\/smartwag.com\/#\/schema\/logo\/image\/\",\"url\":\"https:\/\/smartwag.com\/wp-content\/uploads\/2021\/10\/logo-noir.png\",\"contentUrl\":\"https:\/\/smartwag.com\/wp-content\/uploads\/2021\/10\/logo-noir.png\",\"width\":490,\"height\":204,\"caption\":\"Smart Wag\"},\"image\":{\"@id\":\"https:\/\/smartwag.com\/#\/schema\/logo\/image\/\"}}]}<\/script>\n<!-- \/ Yoast SEO plugin. -->","yoast_head_json":{"title":"Round medal - Smart Wag","description":"Personalisable round tag for your pet. Add a unique touch with a practical, durable design that's ideal for identifying your pet.","robots":{"index":"index","follow":"follow","max-snippet":"max-snippet:-1","max-image-preview":"max-image-preview:large","max-video-preview":"max-video-preview:-1"},"canonical":"https:\/\/smartwag.com\/en-gb\/product-2\/round-medal\/","og_locale":"en_GB","og_type":"article","og_title":"M\u00e9daille de forme Ronde - Smart Wag","og_description":"M\u00e9daille ronde personnalisable pour votre animal. Ajoutez une touche unique avec un design pratique et durable, id\u00e9al pour son identification.","og_url":"https:\/\/smartwag.com\/en-gb\/product-2\/round-medal\/","og_site_name":"Smart Wag","article_modified_time":"2025-12-01T12:42:25+00:00","og_image":[{"width":1200,"height":1200,"url":"https:\/\/smartwag.com\/wp-content\/uploads\/2020\/06\/medaille-ronde-or.jpg","type":"image\/jpeg"}],"twitter_card":"summary_large_image","twitter_misc":{"Estimated reading time":"1 minute"},"schema":{"@context":"https:\/\/schema.org","@graph":[{"@type":"WebPage","@id":"https:\/\/smartwag.com\/produit\/medaille-de-forme-ronde\/","url":"https:\/\/smartwag.com\/produit\/medaille-de-forme-ronde\/","name":"Round medal - Smart Wag","isPartOf":{"@id":"https:\/\/smartwag.com\/#website"},"primaryImageOfPage":{"@id":"https:\/\/smartwag.com\/produit\/medaille-de-forme-ronde\/#primaryimage"},"image":{"@id":"https:\/\/smartwag.com\/produit\/medaille-de-forme-ronde\/#primaryimage"},"thumbnailUrl":"https:\/\/smartwag.com\/wp-content\/uploads\/2020\/06\/medaille-ronde-or.jpg","datePublished":"2020-06-26T09:25:04+00:00","dateModified":"2025-12-01T12:42:25+00:00","description":"Personalisable round tag for your pet. Add a unique touch with a practical, durable design that's ideal for identifying your pet.","breadcrumb":{"@id":"https:\/\/smartwag.com\/produit\/medaille-de-forme-ronde\/#breadcrumb"},"inLanguage":"en-GB","potentialAction":[{"@type":"ReadAction","target":["https:\/\/smartwag.com\/produit\/medaille-de-forme-ronde\/"]}]},{"@type":"ImageObject","inLanguage":"en-GB","@id":"https:\/\/smartwag.com\/produit\/medaille-de-forme-ronde\/#primaryimage","url":"https:\/\/smartwag.com\/wp-content\/uploads\/2020\/06\/medaille-ronde-or.jpg","contentUrl":"https:\/\/smartwag.com\/wp-content\/uploads\/2020\/06\/medaille-ronde-or.jpg","width":1200,"height":1200},{"@type":"BreadcrumbList","@id":"https:\/\/smartwag.com\/produit\/medaille-de-forme-ronde\/#breadcrumb","itemListElement":[{"@type":"ListItem","position":1,"name":"Home","item":"https:\/\/smartwag.com\/"},{"@type":"ListItem","position":2,"name":"Boutique","item":"https:\/\/smartwag.com\/boutique\/"},{"@type":"ListItem","position":3,"name":"M\u00e9daille de forme Ronde"}]},{"@type":"WebSite","@id":"https:\/\/smartwag.com\/#website","url":"https:\/\/smartwag.com\/","name":"Smart Wag","description":"Specialist in personalised engraving for horses and dogs","publisher":{"@id":"https:\/\/smartwag.com\/#organization"},"potentialAction":[{"@type":"SearchAction","target":{"@type":"EntryPoint","urlTemplate":"https:\/\/smartwag.com\/?s={search_term_string}"},"query-input":{"@type":"PropertyValueSpecification","valueRequired":true,"valueName":"search_term_string"}}],"inLanguage":"en-GB"},{"@type":"Organization","@id":"https:\/\/smartwag.com\/#organization","name":"Smart Wag","url":"https:\/\/smartwag.com\/","logo":{"@type":"ImageObject","inLanguage":"en-GB","@id":"https:\/\/smartwag.com\/#\/schema\/logo\/image\/","url":"https:\/\/smartwag.com\/wp-content\/uploads\/2021\/10\/logo-noir.png","contentUrl":"https:\/\/smartwag.com\/wp-content\/uploads\/2021\/10\/logo-noir.png","width":490,"height":204,"caption":"Smart Wag"},"image":{"@id":"https:\/\/smartwag.com\/#\/schema\/logo\/image\/"}}]}},"_links":{"self":[{"href":"https:\/\/smartwag.com\/en-gb\/wp-json\/wp\/v2\/product\/305","targetHints":{"allow":["GET"]}}],"collection":[{"href":"https:\/\/smartwag.com\/en-gb\/wp-json\/wp\/v2\/product"}],"about":[{"href":"https:\/\/smartwag.com\/en-gb\/wp-json\/wp\/v2\/types\/product"}],"replies":[{"embeddable":true,"href":"https:\/\/smartwag.com\/en-gb\/wp-json\/wp\/v2\/comments?post=305"}],"wp:featuredmedia":[{"embeddable":true,"href":"https:\/\/smartwag.com\/en-gb\/wp-json\/wp\/v2\/media\/348"}],"wp:attachment":[{"href":"https:\/\/smartwag.com\/en-gb\/wp-json\/wp\/v2\/media?parent=305"}],"wp:term":[{"taxonomy":"product_brand","embeddable":true,"href":"https:\/\/smartwag.com\/en-gb\/wp-json\/wp\/v2\/product_brand?post=305"},{"taxonomy":"product_cat","embeddable":true,"href":"https:\/\/smartwag.com\/en-gb\/wp-json\/wp\/v2\/product_cat?post=305"},{"taxonomy":"product_tag","embeddable":true,"href":"https:\/\/smartwag.com\/en-gb\/wp-json\/wp\/v2\/product_tag?post=305"}],"curies":[{"name":"wp","href":"https:\/\/api.w.org\/{rel}","templated":true}]}}