{"id":2398,"date":"2021-12-13T10:29:55","date_gmt":"2021-12-13T09:29:55","guid":{"rendered":"https:\/\/smartwag.com\/?post_type=product&#038;p=2398"},"modified":"2025-06-22T18:01:42","modified_gmt":"2025-06-22T16:01:42","slug":"give-a-personalised-gift","status":"publish","type":"product","link":"https:\/\/smartwag.com\/en-gb\/produit\/offrez-un-cadeau-personnalise\/","title":{"rendered":"Give a personalised gift"},"content":{"rendered":"<p>A last-minute gift? Want to make someone happy, but finding the right halter, snaffle or collar without making a mistake is complex? We can offer you a gift voucher, valid at www.smartwag.com for 1 year.<\/p>\n<p>The gift card in printable pdf format will be sent to you by e-mail ( <strong>within 24 hours, excluding weekends and public holidays<\/strong>) and will contain a unique code to be used on the site, offering a discount of the desired amount.<\/p>\n<p><strong>If the amount you require is not available, please contact us at contact@smartwag.com.<\/strong><\/p>","protected":false},"excerpt":{"rendered":"<p>Looking for a last-minute gift? Want to make someone happy but find the right halter, snaffle or collar without making a mistake? We can offer you a gift voucher, valid at www.smartwag.com for 1 year.<\/p>","protected":false},"featured_media":2413,"comment_status":"closed","ping_status":"closed","template":"","meta":{"_acf_changed":false,"_sitemap_exclude":false,"_sitemap_priority":"","_sitemap_frequency":"","site-sidebar-layout":"default","site-content-layout":"","ast-site-content-layout":"default","site-content-style":"default","site-sidebar-style":"default","ast-global-header-display":"","ast-banner-title-visibility":"","ast-main-header-display":"","ast-hfb-above-header-display":"","ast-hfb-below-header-display":"","ast-hfb-mobile-header-display":"","site-post-title":"","ast-breadcrumbs-content":"","ast-featured-img":"","footer-sml-layout":"","ast-disable-related-posts":"","theme-transparent-header-meta":"default","adv-header-id-meta":"","stick-header-meta":"default","header-above-stick-meta":"","header-main-stick-meta":"","header-below-stick-meta":"","astra-migrate-meta-layouts":"set","ast-page-background-enabled":"default","ast-page-background-meta":{"desktop":{"background-color":"var(--ast-global-color-4)","background-image":"","background-repeat":"repeat","background-position":"center center","background-size":"auto","background-attachment":"scroll","background-type":"","background-media":"","overlay-type":"","overlay-color":"","overlay-opacity":"","overlay-gradient":""},"tablet":{"background-color":"","background-image":"","background-repeat":"repeat","background-position":"center center","background-size":"auto","background-attachment":"scroll","background-type":"","background-media":"","overlay-type":"","overlay-color":"","overlay-opacity":"","overlay-gradient":""},"mobile":{"background-color":"","background-image":"","background-repeat":"repeat","background-position":"center center","background-size":"auto","background-attachment":"scroll","background-type":"","background-media":"","overlay-type":"","overlay-color":"","overlay-opacity":"","overlay-gradient":""}},"ast-content-background-meta":{"desktop":{"background-color":"var(--ast-global-color-5)","background-image":"","background-repeat":"repeat","background-position":"center center","background-size":"auto","background-attachment":"scroll","background-type":"","background-media":"","overlay-type":"","overlay-color":"","overlay-opacity":"","overlay-gradient":""},"tablet":{"background-color":"var(--ast-global-color-5)","background-image":"","background-repeat":"repeat","background-position":"center center","background-size":"auto","background-attachment":"scroll","background-type":"","background-media":"","overlay-type":"","overlay-color":"","overlay-opacity":"","overlay-gradient":""},"mobile":{"background-color":"var(--ast-global-color-5)","background-image":"","background-repeat":"repeat","background-position":"center center","background-size":"auto","background-attachment":"scroll","background-type":"","background-media":"","overlay-type":"","overlay-color":"","overlay-opacity":"","overlay-gradient":""}}},"product_brand":[],"product_cat":[18],"product_tag":[393],"class_list":{"0":"post-2398","1":"product","2":"type-product","3":"status-publish","4":"has-post-thumbnail","6":"product_cat-equipement-cheval","7":"product_tag-voucher","8":"product_shipping_class-gratuite","9":"pa_montant-10-euro","10":"pa_montant-100-euro","11":"pa_montant-120-euro","12":"pa_montant-15-euro","13":"pa_montant-150-euro","14":"pa_montant-20-euro","15":"pa_montant-25-euro","16":"pa_montant-30-euro","17":"pa_montant-40-euro","18":"pa_montant-50-euro","19":"pa_montant-60-euro","20":"pa_montant-70-euro","21":"pa_montant-80-euro","22":"pa_montant-90-euro","23":"desktop-align-left","24":"tablet-align-left","25":"mobile-align-left","26":"ast-product-gallery-layout-first-image-large","27":"ast-product-gallery-with-no-image","28":"ast-magnify-disabled","29":"ast-product-single-variable","30":"ast-product-tabs-layout-accordion","32":"first","33":"instock","34":"shipping-taxable","35":"purchasable","36":"product-type-variable"},"acf":[],"yoast_head":"<!-- This site is optimized with the Yoast SEO plugin v27.2 - https:\/\/yoast.com\/product\/yoast-seo-wordpress\/ -->\n<title>Offrez un cadeau personnalis\u00e9 - Smart Wag<\/title>\n<meta name=\"description\" content=\"Offrez un bon cadeau Smart Wag et laissez vos proches choisir parmi nos \u00e9quipements \u00e9questres et accessoires en cuir de qualit\u00e9.\" \/>\n<meta name=\"robots\" content=\"index, follow, max-snippet:-1, max-image-preview:large, max-video-preview:-1\" \/>\n<link rel=\"canonical\" href=\"https:\/\/smartwag.com\/en-gb\/product-2\/give-a-personalised-gift\/\" \/>\n<meta property=\"og:locale\" content=\"en_GB\" \/>\n<meta property=\"og:type\" content=\"article\" \/>\n<meta property=\"og:title\" content=\"Offrez un cadeau personnalis\u00e9 - Smart Wag\" \/>\n<meta property=\"og:description\" content=\"Offrez un bon cadeau Smart Wag et laissez vos proches choisir parmi nos \u00e9quipements \u00e9questres et accessoires en cuir de qualit\u00e9.\" \/>\n<meta property=\"og:url\" content=\"https:\/\/smartwag.com\/en-gb\/product-2\/give-a-personalised-gift\/\" \/>\n<meta property=\"og:site_name\" content=\"Smart Wag\" \/>\n<meta property=\"article:modified_time\" content=\"2025-06-22T16:01:42+00:00\" \/>\n<meta property=\"og:image\" content=\"https:\/\/smartwag.com\/wp-content\/uploads\/2021\/12\/MAKE-A-GIFT.jpg\" \/>\n\t<meta property=\"og:image:width\" content=\"1080\" \/>\n\t<meta property=\"og:image:height\" content=\"1080\" \/>\n\t<meta property=\"og:image:type\" content=\"image\/jpeg\" \/>\n<meta name=\"twitter:card\" content=\"summary_large_image\" \/>\n<script type=\"application\/ld+json\" class=\"yoast-schema-graph\">{\"@context\":\"https:\/\/schema.org\",\"@graph\":[{\"@type\":\"WebPage\",\"@id\":\"https:\/\/smartwag.com\/produit\/offrez-un-cadeau-personnalise\/\",\"url\":\"https:\/\/smartwag.com\/produit\/offrez-un-cadeau-personnalise\/\",\"name\":\"Offrez un cadeau personnalis\u00e9 - Smart Wag\",\"isPartOf\":{\"@id\":\"https:\/\/smartwag.com\/#website\"},\"primaryImageOfPage\":{\"@id\":\"https:\/\/smartwag.com\/produit\/offrez-un-cadeau-personnalise\/#primaryimage\"},\"image\":{\"@id\":\"https:\/\/smartwag.com\/produit\/offrez-un-cadeau-personnalise\/#primaryimage\"},\"thumbnailUrl\":\"https:\/\/smartwag.com\/wp-content\/uploads\/2021\/12\/MAKE-A-GIFT.jpg\",\"datePublished\":\"2021-12-13T09:29:55+00:00\",\"dateModified\":\"2025-06-22T16:01:42+00:00\",\"description\":\"Offrez un bon cadeau Smart Wag et laissez vos proches choisir parmi nos \u00e9quipements \u00e9questres et accessoires en cuir de qualit\u00e9.\",\"breadcrumb\":{\"@id\":\"https:\/\/smartwag.com\/produit\/offrez-un-cadeau-personnalise\/#breadcrumb\"},\"inLanguage\":\"en-GB\",\"potentialAction\":[{\"@type\":\"ReadAction\",\"target\":[\"https:\/\/smartwag.com\/produit\/offrez-un-cadeau-personnalise\/\"]}]},{\"@type\":\"ImageObject\",\"inLanguage\":\"en-GB\",\"@id\":\"https:\/\/smartwag.com\/produit\/offrez-un-cadeau-personnalise\/#primaryimage\",\"url\":\"https:\/\/smartwag.com\/wp-content\/uploads\/2021\/12\/MAKE-A-GIFT.jpg\",\"contentUrl\":\"https:\/\/smartwag.com\/wp-content\/uploads\/2021\/12\/MAKE-A-GIFT.jpg\",\"width\":1080,\"height\":1080},{\"@type\":\"BreadcrumbList\",\"@id\":\"https:\/\/smartwag.com\/produit\/offrez-un-cadeau-personnalise\/#breadcrumb\",\"itemListElement\":[{\"@type\":\"ListItem\",\"position\":1,\"name\":\"Home\",\"item\":\"https:\/\/smartwag.com\/\"},{\"@type\":\"ListItem\",\"position\":2,\"name\":\"Boutique\",\"item\":\"https:\/\/smartwag.com\/boutique\/\"},{\"@type\":\"ListItem\",\"position\":3,\"name\":\"Offrez un cadeau personnalis\u00e9\"}]},{\"@type\":\"WebSite\",\"@id\":\"https:\/\/smartwag.com\/#website\",\"url\":\"https:\/\/smartwag.com\/\",\"name\":\"Smart Wag\",\"description\":\"Sp\u00e9cialiste de la gravure personnalis\u00e9e pour cheval et chien\",\"publisher\":{\"@id\":\"https:\/\/smartwag.com\/#organization\"},\"potentialAction\":[{\"@type\":\"SearchAction\",\"target\":{\"@type\":\"EntryPoint\",\"urlTemplate\":\"https:\/\/smartwag.com\/?s={search_term_string}\"},\"query-input\":{\"@type\":\"PropertyValueSpecification\",\"valueRequired\":true,\"valueName\":\"search_term_string\"}}],\"inLanguage\":\"en-GB\"},{\"@type\":\"Organization\",\"@id\":\"https:\/\/smartwag.com\/#organization\",\"name\":\"Smart Wag\",\"url\":\"https:\/\/smartwag.com\/\",\"logo\":{\"@type\":\"ImageObject\",\"inLanguage\":\"en-GB\",\"@id\":\"https:\/\/smartwag.com\/#\/schema\/logo\/image\/\",\"url\":\"https:\/\/smartwag.com\/wp-content\/uploads\/2021\/10\/logo-noir.png\",\"contentUrl\":\"https:\/\/smartwag.com\/wp-content\/uploads\/2021\/10\/logo-noir.png\",\"width\":490,\"height\":204,\"caption\":\"Smart Wag\"},\"image\":{\"@id\":\"https:\/\/smartwag.com\/#\/schema\/logo\/image\/\"}}]}<\/script>\n<!-- \/ Yoast SEO plugin. -->","yoast_head_json":{"title":"Give a personalised gift - Smart Wag","description":"Give a Smart Wag gift voucher and let your loved ones choose from our range of quality equestrian equipment and leather accessories.","robots":{"index":"index","follow":"follow","max-snippet":"max-snippet:-1","max-image-preview":"max-image-preview:large","max-video-preview":"max-video-preview:-1"},"canonical":"https:\/\/smartwag.com\/en-gb\/product-2\/give-a-personalised-gift\/","og_locale":"en_GB","og_type":"article","og_title":"Offrez un cadeau personnalis\u00e9 - Smart Wag","og_description":"Offrez un bon cadeau Smart Wag et laissez vos proches choisir parmi nos \u00e9quipements \u00e9questres et accessoires en cuir de qualit\u00e9.","og_url":"https:\/\/smartwag.com\/en-gb\/product-2\/give-a-personalised-gift\/","og_site_name":"Smart Wag","article_modified_time":"2025-06-22T16:01:42+00:00","og_image":[{"width":1080,"height":1080,"url":"https:\/\/smartwag.com\/wp-content\/uploads\/2021\/12\/MAKE-A-GIFT.jpg","type":"image\/jpeg"}],"twitter_card":"summary_large_image","schema":{"@context":"https:\/\/schema.org","@graph":[{"@type":"WebPage","@id":"https:\/\/smartwag.com\/produit\/offrez-un-cadeau-personnalise\/","url":"https:\/\/smartwag.com\/produit\/offrez-un-cadeau-personnalise\/","name":"Give a personalised gift - Smart Wag","isPartOf":{"@id":"https:\/\/smartwag.com\/#website"},"primaryImageOfPage":{"@id":"https:\/\/smartwag.com\/produit\/offrez-un-cadeau-personnalise\/#primaryimage"},"image":{"@id":"https:\/\/smartwag.com\/produit\/offrez-un-cadeau-personnalise\/#primaryimage"},"thumbnailUrl":"https:\/\/smartwag.com\/wp-content\/uploads\/2021\/12\/MAKE-A-GIFT.jpg","datePublished":"2021-12-13T09:29:55+00:00","dateModified":"2025-06-22T16:01:42+00:00","description":"Give a Smart Wag gift voucher and let your loved ones choose from our range of quality equestrian equipment and leather accessories.","breadcrumb":{"@id":"https:\/\/smartwag.com\/produit\/offrez-un-cadeau-personnalise\/#breadcrumb"},"inLanguage":"en-GB","potentialAction":[{"@type":"ReadAction","target":["https:\/\/smartwag.com\/produit\/offrez-un-cadeau-personnalise\/"]}]},{"@type":"ImageObject","inLanguage":"en-GB","@id":"https:\/\/smartwag.com\/produit\/offrez-un-cadeau-personnalise\/#primaryimage","url":"https:\/\/smartwag.com\/wp-content\/uploads\/2021\/12\/MAKE-A-GIFT.jpg","contentUrl":"https:\/\/smartwag.com\/wp-content\/uploads\/2021\/12\/MAKE-A-GIFT.jpg","width":1080,"height":1080},{"@type":"BreadcrumbList","@id":"https:\/\/smartwag.com\/produit\/offrez-un-cadeau-personnalise\/#breadcrumb","itemListElement":[{"@type":"ListItem","position":1,"name":"Home","item":"https:\/\/smartwag.com\/"},{"@type":"ListItem","position":2,"name":"Boutique","item":"https:\/\/smartwag.com\/boutique\/"},{"@type":"ListItem","position":3,"name":"Offrez un cadeau personnalis\u00e9"}]},{"@type":"WebSite","@id":"https:\/\/smartwag.com\/#website","url":"https:\/\/smartwag.com\/","name":"Smart Wag","description":"Specialist in personalised engraving for horses and dogs","publisher":{"@id":"https:\/\/smartwag.com\/#organization"},"potentialAction":[{"@type":"SearchAction","target":{"@type":"EntryPoint","urlTemplate":"https:\/\/smartwag.com\/?s={search_term_string}"},"query-input":{"@type":"PropertyValueSpecification","valueRequired":true,"valueName":"search_term_string"}}],"inLanguage":"en-GB"},{"@type":"Organization","@id":"https:\/\/smartwag.com\/#organization","name":"Smart Wag","url":"https:\/\/smartwag.com\/","logo":{"@type":"ImageObject","inLanguage":"en-GB","@id":"https:\/\/smartwag.com\/#\/schema\/logo\/image\/","url":"https:\/\/smartwag.com\/wp-content\/uploads\/2021\/10\/logo-noir.png","contentUrl":"https:\/\/smartwag.com\/wp-content\/uploads\/2021\/10\/logo-noir.png","width":490,"height":204,"caption":"Smart Wag"},"image":{"@id":"https:\/\/smartwag.com\/#\/schema\/logo\/image\/"}}]}},"_links":{"self":[{"href":"https:\/\/smartwag.com\/en-gb\/wp-json\/wp\/v2\/product\/2398","targetHints":{"allow":["GET"]}}],"collection":[{"href":"https:\/\/smartwag.com\/en-gb\/wp-json\/wp\/v2\/product"}],"about":[{"href":"https:\/\/smartwag.com\/en-gb\/wp-json\/wp\/v2\/types\/product"}],"replies":[{"embeddable":true,"href":"https:\/\/smartwag.com\/en-gb\/wp-json\/wp\/v2\/comments?post=2398"}],"wp:featuredmedia":[{"embeddable":true,"href":"https:\/\/smartwag.com\/en-gb\/wp-json\/wp\/v2\/media\/2413"}],"wp:attachment":[{"href":"https:\/\/smartwag.com\/en-gb\/wp-json\/wp\/v2\/media?parent=2398"}],"wp:term":[{"taxonomy":"product_brand","embeddable":true,"href":"https:\/\/smartwag.com\/en-gb\/wp-json\/wp\/v2\/product_brand?post=2398"},{"taxonomy":"product_cat","embeddable":true,"href":"https:\/\/smartwag.com\/en-gb\/wp-json\/wp\/v2\/product_cat?post=2398"},{"taxonomy":"product_tag","embeddable":true,"href":"https:\/\/smartwag.com\/en-gb\/wp-json\/wp\/v2\/product_tag?post=2398"}],"curies":[{"name":"wp","href":"https:\/\/api.w.org\/{rel}","templated":true}]}}