{"id":19911,"date":"2024-07-09T15:06:07","date_gmt":"2024-07-09T13:06:07","guid":{"rendered":"https:\/\/smartwag.com\/?post_type=product&#038;p=19911"},"modified":"2025-12-17T17:22:08","modified_gmt":"2025-12-17T16:22:08","slug":"neckfit-leather-and-rope-halter-2","status":"publish","type":"product","link":"https:\/\/smartwag.com\/en-gb\/produit\/licol-personnalisable-gravure-cuir-et-corde-pink-edition\/","title":{"rendered":"Licol personnalisable Cuir et Corde \u2013 Pink Edition"},"content":{"rendered":"<h3 style=\"text-align: justify;\"><strong>Un licol personnalisable alliant style et pr\u00e9cision\u00a0<\/strong><\/h3>\n<p>&nbsp;<\/p>\n<p class=\"p1\"><b>Smart Wag<\/b> vous propose un licol personnalisable avec comme muserolle une corde l\u00e9g\u00e8re mais r\u00e9sistante.<\/p>\n<p class=\"p1\">The<b> Leather &amp; Rope halter<\/b>\u00a0 has been designed to ensure your horse's comfort when moving around in your hands. It can be particularly useful when working on foot, combining the effects of a rope halter with those of a flat halter. It is however <strong>d\u00e9conseill\u00e9 \u00e0 l\u2019attache et durant le transport<\/strong>.<\/p>\n<p>&nbsp;<\/p>\n<h4 class=\"p3\"><b>An adaptable halter<\/b><\/h4>\n<p class=\"p2\">Pour plus d\u2019adaptabilit\u00e9 et de facilit\u00e9 d\u2019usage, le <b>Leather and Rope customizable halter<\/b>\u00a0has:<\/p>\n<ul class=\"ul1\">\n<li class=\"li4\">D\u2019une t\u00eati\u00e8re \u00e9chancr\u00e9e et matelass\u00e9e, r\u00e9glable des deux c\u00f4t\u00e9s<\/li>\n<li class=\"li4\">An adjustable noseband<\/li>\n<li class=\"li4\">A detachable throat latch to remove the halter more easily.<\/li>\n<li>Une muserolle corde \u00e9paisse et pr\u00e9cise.<\/li>\n<\/ul>\n<p>&nbsp;<\/p>\n<p class=\"p1\">Il est disponible de la taille PONEY \u00e0 FULL pour s\u2019adapter \u00e0 tous les types de gabarits.<\/p>\n<p>&nbsp;<\/p>\n<h4 class=\"p3\"><strong>A customisable halter<\/strong><\/h4>\n<p>&nbsp;<\/p>\n<p class=\"p3\">Le licol en cuir Cuir et Corde by Smart Wag est personnalisable sans frais ajout\u00e9 avec une plaque personnalis\u00e9e assortie \u00e0 la couleur de la bouclerie.<\/p>\n<p><b>You can add a special character or a breed logo to your engraving (contact us to send us the logo you require).<\/b><\/p>\n<p>&nbsp;<\/p>\n<h4><strong>Engravings available<\/strong><\/h4>\n<p><img decoding=\"async\" class=\"aligncenter wp-image-12080 size-full\" src=\"https:\/\/smartwag.com\/wp-content\/uploads\/2020\/06\/gravure.png\" alt=\"Engraving halter\" width=\"1587\" height=\"1059\" srcset=\"https:\/\/smartwag.com\/wp-content\/uploads\/2020\/06\/gravure.png 1587w, https:\/\/smartwag.com\/wp-content\/uploads\/2020\/06\/gravure-600x400.png 600w, https:\/\/smartwag.com\/wp-content\/uploads\/2020\/06\/gravure-300x200.png 300w, https:\/\/smartwag.com\/wp-content\/uploads\/2020\/06\/gravure-1024x683.png 1024w, https:\/\/smartwag.com\/wp-content\/uploads\/2020\/06\/gravure-768x512.png 768w, https:\/\/smartwag.com\/wp-content\/uploads\/2020\/06\/gravure-1536x1025.png 1536w, https:\/\/smartwag.com\/wp-content\/uploads\/2020\/06\/gravure-18x12.png 18w, https:\/\/smartwag.com\/wp-content\/uploads\/2020\/06\/gravure-219x146.png 219w, https:\/\/smartwag.com\/wp-content\/uploads\/2020\/06\/gravure-50x33.png 50w, https:\/\/smartwag.com\/wp-content\/uploads\/2020\/06\/gravure-112x75.png 112w\" sizes=\"(max-width: 1587px) 100vw, 1587px\" \/><\/p>\n<h4 class=\"p3\"><b>To complete the look<\/b><\/h4>\n<p class=\"p1\">The customizable Leather and Rope halter goes well with the\u00a0<a href=\"https:\/\/smartwag.com\/en-gb\/product-2\/longe-coton-cuir\/\"><span class=\"s1\">Cotton leather lead rope<\/span><\/a> et cuir by Smart Wag, particuli\u00e8rement adapt\u00e9e \u00e0 la pratique de l\u2019Equifeel.<\/p>\n<p>&nbsp;<\/p>\n<p><img decoding=\"async\" class=\"size-full wp-image-26395 aligncenter\" src=\"https:\/\/smartwag.com\/wp-content\/uploads\/2024\/07\/1-1.png\" alt=\"\" width=\"300\" height=\"200\" srcset=\"https:\/\/smartwag.com\/wp-content\/uploads\/2024\/07\/1-1.png 300w, https:\/\/smartwag.com\/wp-content\/uploads\/2024\/07\/1-1-18x12.png 18w\" sizes=\"(max-width: 300px) 100vw, 300px\" \/><\/p>\n<h4 class=\"p3\"><strong>Use and safety<\/strong><\/h4>\n<p>To ensure the safety of your horse when using your Smart Wag products, please find our recommendations at\u00a0<a href=\"https:\/\/smartwag.com\/en-gb\/size-charts\/\">this page<\/a>.<\/p>\n<p><strong>Note importante : comme tout licol pens\u00e9 pour la s\u00e9curit\u00e9 de votre cheval, le licol Cuir et Corde NF n\u2019est pas incassable. Il est au contraire con\u00e7u pour c\u00e9der lors qu\u2019une tension trop importante survient.\u00a0<\/strong><\/p>\n<p>&nbsp;<\/p>\n<h4><strong>What size should you choose for your horse's personalised halter?<\/strong><\/h4>\n<p>Below is a table of SmartWag halter measurements. To be sure of your choice, we advise you to take your horse's measurements. In the event of a size error, your halter can be exchanged while stocks last.<\/p>\n<p><img decoding=\"async\" class=\"aligncenter wp-image-2594 size-full\" src=\"https:\/\/smartwag.com\/wp-content\/uploads\/2020\/06\/Sans-titre-7.png\" alt=\"\" width=\"2552\" height=\"671\" srcset=\"https:\/\/smartwag.com\/wp-content\/uploads\/2020\/06\/Sans-titre-7.png 2552w, https:\/\/smartwag.com\/wp-content\/uploads\/2020\/06\/Sans-titre-7-600x158.png 600w, https:\/\/smartwag.com\/wp-content\/uploads\/2020\/06\/Sans-titre-7-300x79.png 300w, https:\/\/smartwag.com\/wp-content\/uploads\/2020\/06\/Sans-titre-7-1024x269.png 1024w, https:\/\/smartwag.com\/wp-content\/uploads\/2020\/06\/Sans-titre-7-768x202.png 768w, https:\/\/smartwag.com\/wp-content\/uploads\/2020\/06\/Sans-titre-7-1536x404.png 1536w, https:\/\/smartwag.com\/wp-content\/uploads\/2020\/06\/Sans-titre-7-2048x538.png 2048w, https:\/\/smartwag.com\/wp-content\/uploads\/2020\/06\/Sans-titre-7-18x5.png 18w, https:\/\/smartwag.com\/wp-content\/uploads\/2020\/06\/Sans-titre-7-260x68.png 260w, https:\/\/smartwag.com\/wp-content\/uploads\/2020\/06\/Sans-titre-7-50x13.png 50w, https:\/\/smartwag.com\/wp-content\/uploads\/2020\/06\/Sans-titre-7-150x39.png 150w, https:\/\/smartwag.com\/wp-content\/uploads\/2020\/06\/Sans-titre-7-800x210.png 800w\" sizes=\"(max-width: 2552px) 100vw, 2552px\" \/><\/p>\n<h4><\/h4>\n<p>&nbsp;<\/p>\n<p>&nbsp;<\/p>\n<h3 class=\"p6\" style=\"text-align: center;\">SmartWag Care Tips :<\/h3>\n<p class=\"p4\"><b><i>For a new leather :<\/i><\/b><span class=\"s2\"><img decoding=\"async\" class=\"alignright wp-image-1556\" src=\"https:\/\/smartwag.com\/wp-content\/uploads\/2020\/06\/ECDBBCD6-C981-4E8F-865F-BD4049C8977D.jpg\" alt=\"\" width=\"347\" height=\"521\" srcset=\"https:\/\/smartwag.com\/wp-content\/uploads\/2020\/06\/ECDBBCD6-C981-4E8F-865F-BD4049C8977D.jpg 750w, https:\/\/smartwag.com\/wp-content\/uploads\/2020\/06\/ECDBBCD6-C981-4E8F-865F-BD4049C8977D-600x899.jpg 600w, https:\/\/smartwag.com\/wp-content\/uploads\/2020\/06\/ECDBBCD6-C981-4E8F-865F-BD4049C8977D-200x300.jpg 200w, https:\/\/smartwag.com\/wp-content\/uploads\/2020\/06\/ECDBBCD6-C981-4E8F-865F-BD4049C8977D-683x1024.jpg 683w, https:\/\/smartwag.com\/wp-content\/uploads\/2020\/06\/ECDBBCD6-C981-4E8F-865F-BD4049C8977D-8x12.jpg 8w, https:\/\/smartwag.com\/wp-content\/uploads\/2020\/06\/ECDBBCD6-C981-4E8F-865F-BD4049C8977D-97x146.jpg 97w, https:\/\/smartwag.com\/wp-content\/uploads\/2020\/06\/ECDBBCD6-C981-4E8F-865F-BD4049C8977D-33x50.jpg 33w, https:\/\/smartwag.com\/wp-content\/uploads\/2020\/06\/ECDBBCD6-C981-4E8F-865F-BD4049C8977D-50x75.jpg 50w\" sizes=\"(max-width: 347px) 100vw, 347px\" \/><\/span><\/p>\n<p>New leather riding gear still has all its natural moisture and does not need to be rehydrated with glycerine soap.<span class=\"s2\"><br \/>\n<\/span>On the contrary, this maintenance product could alter the colour of leathers having a natural finish (aniline), especially the brown or havana leathers.<span class=\"s2\"><br \/>\n<\/span>But new leather is naturally dry stiff and must be softened before its first use. You can then apply a colourless leather oil to the back and top of the leather with a clean cloth. The oil will penetrate into the heart of the leather to soften it.<span class=\"s2\"><br \/>\n<\/span>If your leather still feels too stiff, do not hesitate to repeat the application until it becomes soft enough.<span class=\"s2\"><br \/>\n<\/span>You can then leave to dry for a day in a temperate and shady place. This will preserve your leather longer and give it a beautiful patina.<\/p>\n<p class=\"p4\"><span class=\"s2\"><br \/>\n<\/span><b><i>For leather that has already been used:<\/i><\/b><span class=\"s2\"><br \/>\n<\/span>First remove the dust with a damp sponge. You can then apply a degreasing lotion to clean thoroughly.<span class=\"s2\"><br \/>\n<\/span>Finally, the oil will restore the leather's softness.<span class=\"s2\"><br \/>\n<\/span>Remember to let the leather dry at room temperature before applying oil.<\/p>\n<p>&nbsp;<\/p>\n<h6><strong>What you need to know:<\/strong> Smart Wag is a Swiss company. Purchasing an item from a European country or in a foreign currency may expose you to bank charges.<\/h6>","protected":false},"excerpt":{"rendered":"<p style=\"text-align: justify;\"><b>LIMITED EDITION - Personalised halter in leather and pink rope.<\/b> This leather halter has a lined notched headpiece and double adjustment on all the adjustable parts of the halter. Recommended for use when working on foot or accompanying a horse in hand.<\/p>","protected":false},"featured_media":22873,"comment_status":"closed","ping_status":"closed","template":"","meta":{"_acf_changed":false,"_sitemap_exclude":false,"_sitemap_priority":"","_sitemap_frequency":"","site-sidebar-layout":"default","site-content-layout":"","ast-site-content-layout":"default","site-content-style":"default","site-sidebar-style":"default","ast-global-header-display":"","ast-banner-title-visibility":"","ast-main-header-display":"","ast-hfb-above-header-display":"","ast-hfb-below-header-display":"","ast-hfb-mobile-header-display":"","site-post-title":"","ast-breadcrumbs-content":"","ast-featured-img":"","footer-sml-layout":"","ast-disable-related-posts":"","theme-transparent-header-meta":"default","adv-header-id-meta":"","stick-header-meta":"default","header-above-stick-meta":"","header-main-stick-meta":"","header-below-stick-meta":"","astra-migrate-meta-layouts":"set","ast-page-background-enabled":"default","ast-page-background-meta":{"desktop":{"background-color":"var(--ast-global-color-4)","background-image":"","background-repeat":"repeat","background-position":"center center","background-size":"auto","background-attachment":"scroll","background-type":"","background-media":"","overlay-type":"","overlay-color":"","overlay-opacity":"","overlay-gradient":""},"tablet":{"background-color":"","background-image":"","background-repeat":"repeat","background-position":"center center","background-size":"auto","background-attachment":"scroll","background-type":"","background-media":"","overlay-type":"","overlay-color":"","overlay-opacity":"","overlay-gradient":""},"mobile":{"background-color":"","background-image":"","background-repeat":"repeat","background-position":"center center","background-size":"auto","background-attachment":"scroll","background-type":"","background-media":"","overlay-type":"","overlay-color":"","overlay-opacity":"","overlay-gradient":""}},"ast-content-background-meta":{"desktop":{"background-color":"var(--ast-global-color-5)","background-image":"","background-repeat":"repeat","background-position":"center center","background-size":"auto","background-attachment":"scroll","background-type":"","background-media":"","overlay-type":"","overlay-color":"","overlay-opacity":"","overlay-gradient":""},"tablet":{"background-color":"var(--ast-global-color-5)","background-image":"","background-repeat":"repeat","background-position":"center center","background-size":"auto","background-attachment":"scroll","background-type":"","background-media":"","overlay-type":"","overlay-color":"","overlay-opacity":"","overlay-gradient":""},"mobile":{"background-color":"var(--ast-global-color-5)","background-image":"","background-repeat":"repeat","background-position":"center center","background-size":"auto","background-attachment":"scroll","background-type":"","background-media":"","overlay-type":"","overlay-color":"","overlay-opacity":"","overlay-gradient":""}}},"product_brand":[],"product_cat":[25,384],"product_tag":[],"class_list":{"0":"post-19911","1":"product","2":"type-product","3":"status-publish","4":"has-post-thumbnail","6":"product_cat-licols-longes","7":"product_cat-licol-poney-shetland","8":"desktop-align-left","9":"tablet-align-left","10":"mobile-align-left","11":"ast-product-gallery-layout-first-image-large","12":"ast-magnify-disabled","13":"ast-product-single-variable","14":"ast-product-tabs-layout-accordion","15":"wcpa_has_options","17":"first","18":"instock","19":"shipping-taxable","20":"purchasable","21":"product-type-variable"},"acf":[],"yoast_head":"<!-- This site is optimized with the Yoast SEO plugin v27.2 - https:\/\/yoast.com\/product\/yoast-seo-wordpress\/ -->\n<title>Licol personnalisable Cuir et Corde - Pink Edition - Smart Wag<\/title>\n<meta name=\"description\" content=\"Licol en cuir Pinky \u00e9dition limit\u00e9e, personnalisable. Un design exclusif qui allie style, confort et distinction pour votre cheval.\" \/>\n<meta name=\"robots\" content=\"index, follow, max-snippet:-1, max-image-preview:large, max-video-preview:-1\" \/>\n<link rel=\"canonical\" href=\"https:\/\/smartwag.com\/en-gb\/product-2\/neckfit-leather-and-rope-halter-2\/\" \/>\n<meta property=\"og:locale\" content=\"en_GB\" \/>\n<meta property=\"og:type\" content=\"article\" \/>\n<meta property=\"og:title\" content=\"Licol personnalisable Cuir et Corde - Pink Edition - Smart Wag\" \/>\n<meta property=\"og:description\" content=\"Licol en cuir Pinky \u00e9dition limit\u00e9e, personnalisable. Un design exclusif qui allie style, confort et distinction pour votre cheval.\" \/>\n<meta property=\"og:url\" content=\"https:\/\/smartwag.com\/en-gb\/product-2\/neckfit-leather-and-rope-halter-2\/\" \/>\n<meta property=\"og:site_name\" content=\"Smart Wag\" \/>\n<meta property=\"article:modified_time\" content=\"2025-12-17T16:22:08+00:00\" \/>\n<meta property=\"og:image\" content=\"https:\/\/smartwag.com\/wp-content\/uploads\/2024\/07\/1.png\" \/>\n\t<meta property=\"og:image:width\" content=\"1000\" \/>\n\t<meta property=\"og:image:height\" content=\"1000\" \/>\n\t<meta property=\"og:image:type\" content=\"image\/png\" \/>\n<meta name=\"twitter:card\" content=\"summary_large_image\" \/>\n<meta name=\"twitter:label1\" content=\"Estimated reading time\" \/>\n\t<meta name=\"twitter:data1\" content=\"4 minutes\" \/>\n<script type=\"application\/ld+json\" class=\"yoast-schema-graph\">{\"@context\":\"https:\/\/schema.org\",\"@graph\":[{\"@type\":\"WebPage\",\"@id\":\"https:\/\/smartwag.com\/produit\/licol-personnalisable-gravure-cuir-et-corde-pink-edition\/\",\"url\":\"https:\/\/smartwag.com\/produit\/licol-personnalisable-gravure-cuir-et-corde-pink-edition\/\",\"name\":\"Licol personnalisable Cuir et Corde - Pink Edition - Smart Wag\",\"isPartOf\":{\"@id\":\"https:\/\/smartwag.com\/#website\"},\"primaryImageOfPage\":{\"@id\":\"https:\/\/smartwag.com\/produit\/licol-personnalisable-gravure-cuir-et-corde-pink-edition\/#primaryimage\"},\"image\":{\"@id\":\"https:\/\/smartwag.com\/produit\/licol-personnalisable-gravure-cuir-et-corde-pink-edition\/#primaryimage\"},\"thumbnailUrl\":\"https:\/\/smartwag.com\/wp-content\/uploads\/2024\/07\/1.png\",\"datePublished\":\"2024-07-09T13:06:07+00:00\",\"dateModified\":\"2025-12-17T16:22:08+00:00\",\"description\":\"Licol en cuir Pinky \u00e9dition limit\u00e9e, personnalisable. Un design exclusif qui allie style, confort et distinction pour votre cheval.\",\"breadcrumb\":{\"@id\":\"https:\/\/smartwag.com\/produit\/licol-personnalisable-gravure-cuir-et-corde-pink-edition\/#breadcrumb\"},\"inLanguage\":\"en-GB\",\"potentialAction\":[{\"@type\":\"ReadAction\",\"target\":[\"https:\/\/smartwag.com\/produit\/licol-personnalisable-gravure-cuir-et-corde-pink-edition\/\"]}]},{\"@type\":\"ImageObject\",\"inLanguage\":\"en-GB\",\"@id\":\"https:\/\/smartwag.com\/produit\/licol-personnalisable-gravure-cuir-et-corde-pink-edition\/#primaryimage\",\"url\":\"https:\/\/smartwag.com\/wp-content\/uploads\/2024\/07\/1.png\",\"contentUrl\":\"https:\/\/smartwag.com\/wp-content\/uploads\/2024\/07\/1.png\",\"width\":1000,\"height\":1000},{\"@type\":\"BreadcrumbList\",\"@id\":\"https:\/\/smartwag.com\/produit\/licol-personnalisable-gravure-cuir-et-corde-pink-edition\/#breadcrumb\",\"itemListElement\":[{\"@type\":\"ListItem\",\"position\":1,\"name\":\"Home\",\"item\":\"https:\/\/smartwag.com\/\"},{\"@type\":\"ListItem\",\"position\":2,\"name\":\"Boutique\",\"item\":\"https:\/\/smartwag.com\/boutique\/\"},{\"@type\":\"ListItem\",\"position\":3,\"name\":\"Licol personnalisable Cuir et Corde &#8211; Pink Edition\"}]},{\"@type\":\"WebSite\",\"@id\":\"https:\/\/smartwag.com\/#website\",\"url\":\"https:\/\/smartwag.com\/\",\"name\":\"Smart Wag\",\"description\":\"Sp\u00e9cialiste de la gravure personnalis\u00e9e pour cheval et chien\",\"publisher\":{\"@id\":\"https:\/\/smartwag.com\/#organization\"},\"potentialAction\":[{\"@type\":\"SearchAction\",\"target\":{\"@type\":\"EntryPoint\",\"urlTemplate\":\"https:\/\/smartwag.com\/?s={search_term_string}\"},\"query-input\":{\"@type\":\"PropertyValueSpecification\",\"valueRequired\":true,\"valueName\":\"search_term_string\"}}],\"inLanguage\":\"en-GB\"},{\"@type\":\"Organization\",\"@id\":\"https:\/\/smartwag.com\/#organization\",\"name\":\"Smart Wag\",\"url\":\"https:\/\/smartwag.com\/\",\"logo\":{\"@type\":\"ImageObject\",\"inLanguage\":\"en-GB\",\"@id\":\"https:\/\/smartwag.com\/#\/schema\/logo\/image\/\",\"url\":\"https:\/\/smartwag.com\/wp-content\/uploads\/2021\/10\/logo-noir.png\",\"contentUrl\":\"https:\/\/smartwag.com\/wp-content\/uploads\/2021\/10\/logo-noir.png\",\"width\":490,\"height\":204,\"caption\":\"Smart Wag\"},\"image\":{\"@id\":\"https:\/\/smartwag.com\/#\/schema\/logo\/image\/\"}}]}<\/script>\n<!-- \/ Yoast SEO plugin. -->","yoast_head_json":{"title":"Custom leather halter with rope - Pink Edition - Smart Wag","description":"Limited edition, customisable Pinky leather halter. An exclusive design that combines style, comfort and distinction for your horse.","robots":{"index":"index","follow":"follow","max-snippet":"max-snippet:-1","max-image-preview":"max-image-preview:large","max-video-preview":"max-video-preview:-1"},"canonical":"https:\/\/smartwag.com\/en-gb\/product-2\/neckfit-leather-and-rope-halter-2\/","og_locale":"en_GB","og_type":"article","og_title":"Licol personnalisable Cuir et Corde - Pink Edition - Smart Wag","og_description":"Licol en cuir Pinky \u00e9dition limit\u00e9e, personnalisable. Un design exclusif qui allie style, confort et distinction pour votre cheval.","og_url":"https:\/\/smartwag.com\/en-gb\/product-2\/neckfit-leather-and-rope-halter-2\/","og_site_name":"Smart Wag","article_modified_time":"2025-12-17T16:22:08+00:00","og_image":[{"width":1000,"height":1000,"url":"https:\/\/smartwag.com\/wp-content\/uploads\/2024\/07\/1.png","type":"image\/png"}],"twitter_card":"summary_large_image","twitter_misc":{"Estimated reading time":"4 minutes"},"schema":{"@context":"https:\/\/schema.org","@graph":[{"@type":"WebPage","@id":"https:\/\/smartwag.com\/produit\/licol-personnalisable-gravure-cuir-et-corde-pink-edition\/","url":"https:\/\/smartwag.com\/produit\/licol-personnalisable-gravure-cuir-et-corde-pink-edition\/","name":"Custom leather halter with rope - Pink Edition - Smart Wag","isPartOf":{"@id":"https:\/\/smartwag.com\/#website"},"primaryImageOfPage":{"@id":"https:\/\/smartwag.com\/produit\/licol-personnalisable-gravure-cuir-et-corde-pink-edition\/#primaryimage"},"image":{"@id":"https:\/\/smartwag.com\/produit\/licol-personnalisable-gravure-cuir-et-corde-pink-edition\/#primaryimage"},"thumbnailUrl":"https:\/\/smartwag.com\/wp-content\/uploads\/2024\/07\/1.png","datePublished":"2024-07-09T13:06:07+00:00","dateModified":"2025-12-17T16:22:08+00:00","description":"Limited edition, customisable Pinky leather halter. An exclusive design that combines style, comfort and distinction for your horse.","breadcrumb":{"@id":"https:\/\/smartwag.com\/produit\/licol-personnalisable-gravure-cuir-et-corde-pink-edition\/#breadcrumb"},"inLanguage":"en-GB","potentialAction":[{"@type":"ReadAction","target":["https:\/\/smartwag.com\/produit\/licol-personnalisable-gravure-cuir-et-corde-pink-edition\/"]}]},{"@type":"ImageObject","inLanguage":"en-GB","@id":"https:\/\/smartwag.com\/produit\/licol-personnalisable-gravure-cuir-et-corde-pink-edition\/#primaryimage","url":"https:\/\/smartwag.com\/wp-content\/uploads\/2024\/07\/1.png","contentUrl":"https:\/\/smartwag.com\/wp-content\/uploads\/2024\/07\/1.png","width":1000,"height":1000},{"@type":"BreadcrumbList","@id":"https:\/\/smartwag.com\/produit\/licol-personnalisable-gravure-cuir-et-corde-pink-edition\/#breadcrumb","itemListElement":[{"@type":"ListItem","position":1,"name":"Home","item":"https:\/\/smartwag.com\/"},{"@type":"ListItem","position":2,"name":"Boutique","item":"https:\/\/smartwag.com\/boutique\/"},{"@type":"ListItem","position":3,"name":"Licol personnalisable Cuir et Corde &#8211; Pink Edition"}]},{"@type":"WebSite","@id":"https:\/\/smartwag.com\/#website","url":"https:\/\/smartwag.com\/","name":"Smart Wag","description":"Specialist in personalised engraving for horses and dogs","publisher":{"@id":"https:\/\/smartwag.com\/#organization"},"potentialAction":[{"@type":"SearchAction","target":{"@type":"EntryPoint","urlTemplate":"https:\/\/smartwag.com\/?s={search_term_string}"},"query-input":{"@type":"PropertyValueSpecification","valueRequired":true,"valueName":"search_term_string"}}],"inLanguage":"en-GB"},{"@type":"Organization","@id":"https:\/\/smartwag.com\/#organization","name":"Smart Wag","url":"https:\/\/smartwag.com\/","logo":{"@type":"ImageObject","inLanguage":"en-GB","@id":"https:\/\/smartwag.com\/#\/schema\/logo\/image\/","url":"https:\/\/smartwag.com\/wp-content\/uploads\/2021\/10\/logo-noir.png","contentUrl":"https:\/\/smartwag.com\/wp-content\/uploads\/2021\/10\/logo-noir.png","width":490,"height":204,"caption":"Smart Wag"},"image":{"@id":"https:\/\/smartwag.com\/#\/schema\/logo\/image\/"}}]}},"_links":{"self":[{"href":"https:\/\/smartwag.com\/en-gb\/wp-json\/wp\/v2\/product\/19911","targetHints":{"allow":["GET"]}}],"collection":[{"href":"https:\/\/smartwag.com\/en-gb\/wp-json\/wp\/v2\/product"}],"about":[{"href":"https:\/\/smartwag.com\/en-gb\/wp-json\/wp\/v2\/types\/product"}],"replies":[{"embeddable":true,"href":"https:\/\/smartwag.com\/en-gb\/wp-json\/wp\/v2\/comments?post=19911"}],"wp:featuredmedia":[{"embeddable":true,"href":"https:\/\/smartwag.com\/en-gb\/wp-json\/wp\/v2\/media\/22873"}],"wp:attachment":[{"href":"https:\/\/smartwag.com\/en-gb\/wp-json\/wp\/v2\/media?parent=19911"}],"wp:term":[{"taxonomy":"product_brand","embeddable":true,"href":"https:\/\/smartwag.com\/en-gb\/wp-json\/wp\/v2\/product_brand?post=19911"},{"taxonomy":"product_cat","embeddable":true,"href":"https:\/\/smartwag.com\/en-gb\/wp-json\/wp\/v2\/product_cat?post=19911"},{"taxonomy":"product_tag","embeddable":true,"href":"https:\/\/smartwag.com\/en-gb\/wp-json\/wp\/v2\/product_tag?post=19911"}],"curies":[{"name":"wp","href":"https:\/\/api.w.org\/{rel}","templated":true}]}}