{"id":151,"date":"2020-06-26T11:22:10","date_gmt":"2020-06-26T09:22:10","guid":{"rendered":"https:\/\/smartwag.com\/produit\/import-placeholder-for-2311\/"},"modified":"2025-06-09T12:04:32","modified_gmt":"2025-06-09T10:04:32","slug":"clinsher-personalised-dog-collar","status":"publish","type":"product","link":"https:\/\/smartwag.com\/en-gb\/produit\/collier-chien-personnalise-clinsher\/","title":{"rendered":"Personalised leather collar CLINSHER"},"content":{"rendered":"<h3><strong>A stylish and sturdy customizable dog collar<\/strong><\/h3>\n<p style=\"text-align: justify;\">An elegant, quilted cowhide collar for added comfort for your 4-legged friend.<\/p>\n<p style=\"text-align: justify;\">The Clinsher personalisable dog collar is available in a range of leather colours:<\/p>\n<ul>\n<li style=\"text-align: justify;\">Black leather with silver buckle<\/li>\n<li style=\"text-align: justify;\">Brown leather with gold buckle.<\/li>\n<\/ul>\n<h4><strong>The advantage of equipping your dog with a personalized collar?<\/strong><\/h4>\n<p>Our friends the dogs, although often faithful, can grant themselves some <a href=\"https:\/\/www.vetostore.com\/conseils-chien\/comprendre-le-comportement-du-chien-fugueur-3-96.html\">solitary walks<\/a>. To facilitate your reunion, a personalized dog collar with a plate or a medal allows you to put your phone number or your dog's name on it.\u00a0 It's much more practical to allow people who cross your dog to contact you.<\/p>\n<h4><\/h4>\n<h4><strong>How to care for your SmartWag custom dog collar?<\/strong><\/h4>\n<p style=\"text-align: justify;\"><em><strong>For a new leather collar:<\/strong><\/em><\/p>\n<p style=\"text-align: justify;\">A new leather  still has all its natural moisture and does not need to be rehydrated with glycerine soap.<br \/>\nOn the contrary, this maintenance product could alter the colour of leathers having a natural finish (aniline), especially the brown or havana leathers.<\/p>\n<p style=\"text-align: justify;\">But new leather is naturally dry stiff and must be softened before its first use. You can then apply a colourless leather oil to the back and top of the leather with a clean cloth. The oil will penetrate into the heart of the leather to soften it.<br \/>\nIf your leather still feels too stiff, do not hesitate to repeat the application until it becomes soft enough.<br \/>\nYou can then leave to dry for a day in a temperate and shady place. This will preserve your leather longer and give it a beautiful patina.<\/p>\n<p>&nbsp;<\/p>\n<p class=\"p1\"><b><i>For leather that has already been used:<\/i><\/b><\/p>\n<p class=\"p1\">To maintain your leather dog collar, first remove dust with a damp sponge. You can then apply a degreasing lotion to clean the material thoroughly. It is important not to feed the leather without first cleaning it properly.<\/p>\n<p class=\"p1\">Afterwards, you can coat your collar with leather oil or grease, which will make the leather supple again.<\/p>\n<p class=\"p1\">Important note: It is important to let the leather dry at room temperature before applying an oil. After each step, avoid leaving your leather to dry in direct sunlight, as this may cook the leather and damage it.<\/p>","protected":false},"excerpt":{"rendered":"<p style=\"text-align: justify;\"><strong>Cowhide leather dog collar with clinchers.\u00a0<\/strong>Necklace can be personalised with a plaque or medal.<\/p>","protected":false},"featured_media":1522,"comment_status":"closed","ping_status":"closed","template":"","meta":{"_acf_changed":false,"_sitemap_exclude":false,"_sitemap_priority":"","_sitemap_frequency":"","site-sidebar-layout":"default","site-content-layout":"","ast-site-content-layout":"default","site-content-style":"default","site-sidebar-style":"default","ast-global-header-display":"","ast-banner-title-visibility":"","ast-main-header-display":"","ast-hfb-above-header-display":"","ast-hfb-below-header-display":"","ast-hfb-mobile-header-display":"","site-post-title":"","ast-breadcrumbs-content":"","ast-featured-img":"","footer-sml-layout":"","ast-disable-related-posts":"","theme-transparent-header-meta":"","adv-header-id-meta":"","stick-header-meta":"","header-above-stick-meta":"","header-main-stick-meta":"","header-below-stick-meta":"","astra-migrate-meta-layouts":"default","ast-page-background-enabled":"default","ast-page-background-meta":{"desktop":{"background-color":"var(--ast-global-color-4)","background-image":"","background-repeat":"repeat","background-position":"center center","background-size":"auto","background-attachment":"scroll","background-type":"","background-media":"","overlay-type":"","overlay-color":"","overlay-opacity":"","overlay-gradient":""},"tablet":{"background-color":"","background-image":"","background-repeat":"repeat","background-position":"center center","background-size":"auto","background-attachment":"scroll","background-type":"","background-media":"","overlay-type":"","overlay-color":"","overlay-opacity":"","overlay-gradient":""},"mobile":{"background-color":"","background-image":"","background-repeat":"repeat","background-position":"center center","background-size":"auto","background-attachment":"scroll","background-type":"","background-media":"","overlay-type":"","overlay-color":"","overlay-opacity":"","overlay-gradient":""}},"ast-content-background-meta":{"desktop":{"background-color":"var(--ast-global-color-5)","background-image":"","background-repeat":"repeat","background-position":"center center","background-size":"auto","background-attachment":"scroll","background-type":"","background-media":"","overlay-type":"","overlay-color":"","overlay-opacity":"","overlay-gradient":""},"tablet":{"background-color":"var(--ast-global-color-5)","background-image":"","background-repeat":"repeat","background-position":"center center","background-size":"auto","background-attachment":"scroll","background-type":"","background-media":"","overlay-type":"","overlay-color":"","overlay-opacity":"","overlay-gradient":""},"mobile":{"background-color":"var(--ast-global-color-5)","background-image":"","background-repeat":"repeat","background-position":"center center","background-size":"auto","background-attachment":"scroll","background-type":"","background-media":"","overlay-type":"","overlay-color":"","overlay-opacity":"","overlay-gradient":""}}},"product_brand":[],"product_cat":[157],"product_tag":[],"class_list":{"0":"post-151","1":"product","2":"type-product","3":"status-publish","4":"has-post-thumbnail","6":"product_cat-collier-en-cuir","7":"desktop-align-left","8":"tablet-align-left","9":"mobile-align-left","10":"ast-product-gallery-layout-first-image-large","11":"ast-magnify-disabled","12":"ast-product-single-variable","13":"ast-product-tabs-layout-accordion","14":"wcpa_has_options","16":"first","17":"instock","18":"shipping-taxable","19":"purchasable","20":"product-type-variable"},"acf":[],"yoast_head":"<!-- This site is optimized with the Yoast SEO plugin v27.2 - https:\/\/yoast.com\/product\/yoast-seo-wordpress\/ -->\n<title>Collier personnalis\u00e9 en cuir CLINSHER - Smart Wag<\/title>\n<meta name=\"description\" content=\"Collier pour chien personnalisable Clincher. \u00c9l\u00e9gance et robustesse pour votre compagnon \u00e0 quatre pattes, avec un design unique et pratique.\" \/>\n<meta name=\"robots\" content=\"index, follow, max-snippet:-1, max-image-preview:large, max-video-preview:-1\" \/>\n<link rel=\"canonical\" href=\"https:\/\/smartwag.com\/en-gb\/product-2\/clinsher-personalised-dog-collar\/\" \/>\n<meta property=\"og:locale\" content=\"en_GB\" \/>\n<meta property=\"og:type\" content=\"article\" \/>\n<meta property=\"og:title\" content=\"Collier personnalis\u00e9 en cuir CLINSHER - Smart Wag\" \/>\n<meta property=\"og:description\" content=\"Collier pour chien personnalisable Clincher. \u00c9l\u00e9gance et robustesse pour votre compagnon \u00e0 quatre pattes, avec un design unique et pratique.\" \/>\n<meta property=\"og:url\" content=\"https:\/\/smartwag.com\/en-gb\/product-2\/clinsher-personalised-dog-collar\/\" \/>\n<meta property=\"og:site_name\" content=\"Smart Wag\" \/>\n<meta property=\"article:modified_time\" content=\"2025-06-09T10:04:32+00:00\" \/>\n<meta property=\"og:image\" content=\"https:\/\/smartwag.com\/wp-content\/uploads\/2020\/06\/collier-en-cuir-clinsherb.jpg\" \/>\n\t<meta property=\"og:image:width\" content=\"1200\" \/>\n\t<meta property=\"og:image:height\" content=\"1200\" \/>\n\t<meta property=\"og:image:type\" content=\"image\/jpeg\" \/>\n<meta name=\"twitter:card\" content=\"summary_large_image\" \/>\n<meta name=\"twitter:label1\" content=\"Estimated reading time\" \/>\n\t<meta name=\"twitter:data1\" content=\"2 minutes\" \/>\n<script type=\"application\/ld+json\" class=\"yoast-schema-graph\">{\"@context\":\"https:\/\/schema.org\",\"@graph\":[{\"@type\":\"WebPage\",\"@id\":\"https:\/\/smartwag.com\/produit\/collier-chien-personnalise-clinsher\/\",\"url\":\"https:\/\/smartwag.com\/produit\/collier-chien-personnalise-clinsher\/\",\"name\":\"Collier personnalis\u00e9 en cuir CLINSHER - Smart Wag\",\"isPartOf\":{\"@id\":\"https:\/\/smartwag.com\/#website\"},\"primaryImageOfPage\":{\"@id\":\"https:\/\/smartwag.com\/produit\/collier-chien-personnalise-clinsher\/#primaryimage\"},\"image\":{\"@id\":\"https:\/\/smartwag.com\/produit\/collier-chien-personnalise-clinsher\/#primaryimage\"},\"thumbnailUrl\":\"https:\/\/smartwag.com\/wp-content\/uploads\/2020\/06\/collier-en-cuir-clinsherb.jpg\",\"datePublished\":\"2020-06-26T09:22:10+00:00\",\"dateModified\":\"2025-06-09T10:04:32+00:00\",\"description\":\"Collier pour chien personnalisable Clincher. \u00c9l\u00e9gance et robustesse pour votre compagnon \u00e0 quatre pattes, avec un design unique et pratique.\",\"breadcrumb\":{\"@id\":\"https:\/\/smartwag.com\/produit\/collier-chien-personnalise-clinsher\/#breadcrumb\"},\"inLanguage\":\"en-GB\",\"potentialAction\":[{\"@type\":\"ReadAction\",\"target\":[\"https:\/\/smartwag.com\/produit\/collier-chien-personnalise-clinsher\/\"]}]},{\"@type\":\"ImageObject\",\"inLanguage\":\"en-GB\",\"@id\":\"https:\/\/smartwag.com\/produit\/collier-chien-personnalise-clinsher\/#primaryimage\",\"url\":\"https:\/\/smartwag.com\/wp-content\/uploads\/2020\/06\/collier-en-cuir-clinsherb.jpg\",\"contentUrl\":\"https:\/\/smartwag.com\/wp-content\/uploads\/2020\/06\/collier-en-cuir-clinsherb.jpg\",\"width\":1200,\"height\":1200},{\"@type\":\"BreadcrumbList\",\"@id\":\"https:\/\/smartwag.com\/produit\/collier-chien-personnalise-clinsher\/#breadcrumb\",\"itemListElement\":[{\"@type\":\"ListItem\",\"position\":1,\"name\":\"Home\",\"item\":\"https:\/\/smartwag.com\/\"},{\"@type\":\"ListItem\",\"position\":2,\"name\":\"Boutique\",\"item\":\"https:\/\/smartwag.com\/boutique\/\"},{\"@type\":\"ListItem\",\"position\":3,\"name\":\"Collier personnalis\u00e9 en cuir CLINSHER\"}]},{\"@type\":\"WebSite\",\"@id\":\"https:\/\/smartwag.com\/#website\",\"url\":\"https:\/\/smartwag.com\/\",\"name\":\"Smart Wag\",\"description\":\"Sp\u00e9cialiste de la gravure personnalis\u00e9e pour cheval et chien\",\"publisher\":{\"@id\":\"https:\/\/smartwag.com\/#organization\"},\"potentialAction\":[{\"@type\":\"SearchAction\",\"target\":{\"@type\":\"EntryPoint\",\"urlTemplate\":\"https:\/\/smartwag.com\/?s={search_term_string}\"},\"query-input\":{\"@type\":\"PropertyValueSpecification\",\"valueRequired\":true,\"valueName\":\"search_term_string\"}}],\"inLanguage\":\"en-GB\"},{\"@type\":\"Organization\",\"@id\":\"https:\/\/smartwag.com\/#organization\",\"name\":\"Smart Wag\",\"url\":\"https:\/\/smartwag.com\/\",\"logo\":{\"@type\":\"ImageObject\",\"inLanguage\":\"en-GB\",\"@id\":\"https:\/\/smartwag.com\/#\/schema\/logo\/image\/\",\"url\":\"https:\/\/smartwag.com\/wp-content\/uploads\/2021\/10\/logo-noir.png\",\"contentUrl\":\"https:\/\/smartwag.com\/wp-content\/uploads\/2021\/10\/logo-noir.png\",\"width\":490,\"height\":204,\"caption\":\"Smart Wag\"},\"image\":{\"@id\":\"https:\/\/smartwag.com\/#\/schema\/logo\/image\/\"}}]}<\/script>\n<!-- \/ Yoast SEO plugin. -->","yoast_head_json":{"title":"CLINSHER leather collar - Smart Wag","description":"Clincher personalisable dog collar. Elegant and robust for your four-legged friend, with a unique and practical design.","robots":{"index":"index","follow":"follow","max-snippet":"max-snippet:-1","max-image-preview":"max-image-preview:large","max-video-preview":"max-video-preview:-1"},"canonical":"https:\/\/smartwag.com\/en-gb\/product-2\/clinsher-personalised-dog-collar\/","og_locale":"en_GB","og_type":"article","og_title":"Collier personnalis\u00e9 en cuir CLINSHER - Smart Wag","og_description":"Collier pour chien personnalisable Clincher. \u00c9l\u00e9gance et robustesse pour votre compagnon \u00e0 quatre pattes, avec un design unique et pratique.","og_url":"https:\/\/smartwag.com\/en-gb\/product-2\/clinsher-personalised-dog-collar\/","og_site_name":"Smart Wag","article_modified_time":"2025-06-09T10:04:32+00:00","og_image":[{"width":1200,"height":1200,"url":"https:\/\/smartwag.com\/wp-content\/uploads\/2020\/06\/collier-en-cuir-clinsherb.jpg","type":"image\/jpeg"}],"twitter_card":"summary_large_image","twitter_misc":{"Estimated reading time":"2 minutes"},"schema":{"@context":"https:\/\/schema.org","@graph":[{"@type":"WebPage","@id":"https:\/\/smartwag.com\/produit\/collier-chien-personnalise-clinsher\/","url":"https:\/\/smartwag.com\/produit\/collier-chien-personnalise-clinsher\/","name":"CLINSHER leather collar - Smart Wag","isPartOf":{"@id":"https:\/\/smartwag.com\/#website"},"primaryImageOfPage":{"@id":"https:\/\/smartwag.com\/produit\/collier-chien-personnalise-clinsher\/#primaryimage"},"image":{"@id":"https:\/\/smartwag.com\/produit\/collier-chien-personnalise-clinsher\/#primaryimage"},"thumbnailUrl":"https:\/\/smartwag.com\/wp-content\/uploads\/2020\/06\/collier-en-cuir-clinsherb.jpg","datePublished":"2020-06-26T09:22:10+00:00","dateModified":"2025-06-09T10:04:32+00:00","description":"Clincher personalisable dog collar. Elegant and robust for your four-legged friend, with a unique and practical design.","breadcrumb":{"@id":"https:\/\/smartwag.com\/produit\/collier-chien-personnalise-clinsher\/#breadcrumb"},"inLanguage":"en-GB","potentialAction":[{"@type":"ReadAction","target":["https:\/\/smartwag.com\/produit\/collier-chien-personnalise-clinsher\/"]}]},{"@type":"ImageObject","inLanguage":"en-GB","@id":"https:\/\/smartwag.com\/produit\/collier-chien-personnalise-clinsher\/#primaryimage","url":"https:\/\/smartwag.com\/wp-content\/uploads\/2020\/06\/collier-en-cuir-clinsherb.jpg","contentUrl":"https:\/\/smartwag.com\/wp-content\/uploads\/2020\/06\/collier-en-cuir-clinsherb.jpg","width":1200,"height":1200},{"@type":"BreadcrumbList","@id":"https:\/\/smartwag.com\/produit\/collier-chien-personnalise-clinsher\/#breadcrumb","itemListElement":[{"@type":"ListItem","position":1,"name":"Home","item":"https:\/\/smartwag.com\/"},{"@type":"ListItem","position":2,"name":"Boutique","item":"https:\/\/smartwag.com\/boutique\/"},{"@type":"ListItem","position":3,"name":"Collier personnalis\u00e9 en cuir CLINSHER"}]},{"@type":"WebSite","@id":"https:\/\/smartwag.com\/#website","url":"https:\/\/smartwag.com\/","name":"Smart Wag","description":"Specialist in personalised engraving for horses and dogs","publisher":{"@id":"https:\/\/smartwag.com\/#organization"},"potentialAction":[{"@type":"SearchAction","target":{"@type":"EntryPoint","urlTemplate":"https:\/\/smartwag.com\/?s={search_term_string}"},"query-input":{"@type":"PropertyValueSpecification","valueRequired":true,"valueName":"search_term_string"}}],"inLanguage":"en-GB"},{"@type":"Organization","@id":"https:\/\/smartwag.com\/#organization","name":"Smart Wag","url":"https:\/\/smartwag.com\/","logo":{"@type":"ImageObject","inLanguage":"en-GB","@id":"https:\/\/smartwag.com\/#\/schema\/logo\/image\/","url":"https:\/\/smartwag.com\/wp-content\/uploads\/2021\/10\/logo-noir.png","contentUrl":"https:\/\/smartwag.com\/wp-content\/uploads\/2021\/10\/logo-noir.png","width":490,"height":204,"caption":"Smart Wag"},"image":{"@id":"https:\/\/smartwag.com\/#\/schema\/logo\/image\/"}}]}},"_links":{"self":[{"href":"https:\/\/smartwag.com\/en-gb\/wp-json\/wp\/v2\/product\/151","targetHints":{"allow":["GET"]}}],"collection":[{"href":"https:\/\/smartwag.com\/en-gb\/wp-json\/wp\/v2\/product"}],"about":[{"href":"https:\/\/smartwag.com\/en-gb\/wp-json\/wp\/v2\/types\/product"}],"replies":[{"embeddable":true,"href":"https:\/\/smartwag.com\/en-gb\/wp-json\/wp\/v2\/comments?post=151"}],"wp:featuredmedia":[{"embeddable":true,"href":"https:\/\/smartwag.com\/en-gb\/wp-json\/wp\/v2\/media\/1522"}],"wp:attachment":[{"href":"https:\/\/smartwag.com\/en-gb\/wp-json\/wp\/v2\/media?parent=151"}],"wp:term":[{"taxonomy":"product_brand","embeddable":true,"href":"https:\/\/smartwag.com\/en-gb\/wp-json\/wp\/v2\/product_brand?post=151"},{"taxonomy":"product_cat","embeddable":true,"href":"https:\/\/smartwag.com\/en-gb\/wp-json\/wp\/v2\/product_cat?post=151"},{"taxonomy":"product_tag","embeddable":true,"href":"https:\/\/smartwag.com\/en-gb\/wp-json\/wp\/v2\/product_tag?post=151"}],"curies":[{"name":"wp","href":"https:\/\/api.w.org\/{rel}","templated":true}]}}