{"id":135,"date":"2020-06-26T11:22:09","date_gmt":"2020-06-26T09:22:09","guid":{"rendered":"https:\/\/smartwag.com\/produit\/import-placeholder-for-2258\/"},"modified":"2025-12-01T08:00:10","modified_gmt":"2025-12-01T07:00:10","slug":"customisable-halter-in-clinsher-leather","status":"publish","type":"product","link":"https:\/\/smartwag.com\/en-gb\/produit\/licol-personnalisable-grave-en-cuir-clinsher\/","title":{"rendered":"Clinsher customizable halter"},"content":{"rendered":"<h3 style=\"text-align: justify;\">The flagship customizable halter of the SmartWag line!<\/h3>\n<p>&nbsp;<\/p>\n<p style=\"text-align: justify;\"><b>Smart Wag offers you a customisable leather halter <\/b>with padded headpiece and noseband for an elegant and comfortable leather halter.<\/p>\n<p style=\"text-align: justify;\">The<strong> Clinsher leather halter<\/strong>\u00a0 is designed using the Clinshers \"stapling\" method, which provides more hold than the gluing method.<\/p>\n<h4 class=\"p3\"><strong>An adaptable halter<\/strong><\/h4>\n<p>For more adaptability and practicality, the <strong>Clinsher customizable halter<\/strong> has:<\/p>\n<ul>\n<li>An adjustable headpiece on both sides<\/li>\n<li>An adjustable noseband<\/li>\n<li>A detachable throat latch to remove the halter more easily.<\/li>\n<\/ul>\n<p>&nbsp;<\/p>\n<p style=\"text-align: justify;\">The Clinsher custom halter is available in several colours of leather and buckles:<\/p>\n<ul>\n<li class=\"p3\">Brown leather, gold buckles.<\/li>\n<li class=\"p3\">Black leather, silver buckles.<\/li>\n<li class=\"p3\">Brown leather, silver buckles.<\/li>\n<li class=\"p3\">Black leather, gold buckles.<\/li>\n<\/ul>\n<p style=\"text-align: justify;\">It is available in sizes SHET to X-FULL to suit all body types.<\/p>\n<p>&nbsp;<\/p>\n<h4 class=\"p3\"><strong>A customisable halter<\/strong><\/h4>\n<p>The Clincher by Smart Wag leather halter can be personalised at no extra cost with a personalised plaque matching the colour of the buckle.<\/p>\n<p>Personalise your halter by entering your text in the \"Personalise\" window.<\/p>\n<p class=\"p1\"><b>You can add a special character or a breed logo to your engraving (contact us to send us the logo you require).<\/b><\/p>\n<p>&nbsp;<\/p>\n<h4><strong>Engravings available<\/strong><\/h4>\n<p><img decoding=\"async\" class=\"aligncenter wp-image-12080 size-full\" src=\"https:\/\/smartwag.com\/wp-content\/uploads\/2020\/06\/gravure.png\" alt=\"Engraving halter\" width=\"1587\" height=\"1059\" srcset=\"https:\/\/smartwag.com\/wp-content\/uploads\/2020\/06\/gravure.png 1587w, https:\/\/smartwag.com\/wp-content\/uploads\/2020\/06\/gravure-600x400.png 600w, https:\/\/smartwag.com\/wp-content\/uploads\/2020\/06\/gravure-300x200.png 300w, https:\/\/smartwag.com\/wp-content\/uploads\/2020\/06\/gravure-1024x683.png 1024w, https:\/\/smartwag.com\/wp-content\/uploads\/2020\/06\/gravure-768x512.png 768w, https:\/\/smartwag.com\/wp-content\/uploads\/2020\/06\/gravure-1536x1025.png 1536w, https:\/\/smartwag.com\/wp-content\/uploads\/2020\/06\/gravure-18x12.png 18w, https:\/\/smartwag.com\/wp-content\/uploads\/2020\/06\/gravure-219x146.png 219w, https:\/\/smartwag.com\/wp-content\/uploads\/2020\/06\/gravure-50x33.png 50w, https:\/\/smartwag.com\/wp-content\/uploads\/2020\/06\/gravure-112x75.png 112w\" sizes=\"(max-width: 1587px) 100vw, 1587px\" \/><\/p>\n<h4 class=\"p3\"><strong>Use and safety<\/strong><\/h4>\n<p>To ensure the safety of your horse when using your Smart Wag products, please find our recommendations at\u00a0<a href=\"https:\/\/smartwag.com\/en-gb\/size-charts\/\">this page<\/a>.<\/p>\n<p><strong>Important note: like all halters designed with your horse's safety in mind, the Clinsher halter is not unbreakable. On the contrary, it is designed to break when too much tension is applied.\u00a0<\/strong><\/p>\n<p>&nbsp;<\/p>\n<h4><strong>To complete the look<\/strong><\/h4>\n<p style=\"text-align: justify;\">The Clinsher Custom Halter pairs well with the\u00a0<a href=\"https:\/\/smartwag.com\/en-gb\/product-2\/longe-coton-cuir\/\">Cotton leather lead rope<\/a> as well as the <a href=\"https:\/\/smartwag.com\/en-gb\/product-2\/filet-bridon-clinsher\/\">Clinsher customizable bridle<\/a> by Smart Wag.<\/p>\n<p>&nbsp;<\/p>\n<h4><strong>What size should you choose for your horse's personalised halter?<\/strong><\/h4>\n<p>Below is a table of Smart Wag halter measurements. To be sure of your choice, we advise you to take your horse's measurements. In the event of a size error, your halter can be exchanged while stocks last.<\/p>\n<p><img decoding=\"async\" class=\"alignnone wp-image-2594 size-full\" src=\"https:\/\/smartwag.com\/wp-content\/uploads\/2020\/06\/Sans-titre-7.png\" alt=\"\" width=\"2552\" height=\"671\" srcset=\"https:\/\/smartwag.com\/wp-content\/uploads\/2020\/06\/Sans-titre-7.png 2552w, https:\/\/smartwag.com\/wp-content\/uploads\/2020\/06\/Sans-titre-7-600x158.png 600w, https:\/\/smartwag.com\/wp-content\/uploads\/2020\/06\/Sans-titre-7-300x79.png 300w, https:\/\/smartwag.com\/wp-content\/uploads\/2020\/06\/Sans-titre-7-1024x269.png 1024w, https:\/\/smartwag.com\/wp-content\/uploads\/2020\/06\/Sans-titre-7-768x202.png 768w, https:\/\/smartwag.com\/wp-content\/uploads\/2020\/06\/Sans-titre-7-1536x404.png 1536w, https:\/\/smartwag.com\/wp-content\/uploads\/2020\/06\/Sans-titre-7-2048x538.png 2048w, https:\/\/smartwag.com\/wp-content\/uploads\/2020\/06\/Sans-titre-7-18x5.png 18w, https:\/\/smartwag.com\/wp-content\/uploads\/2020\/06\/Sans-titre-7-260x68.png 260w, https:\/\/smartwag.com\/wp-content\/uploads\/2020\/06\/Sans-titre-7-50x13.png 50w, https:\/\/smartwag.com\/wp-content\/uploads\/2020\/06\/Sans-titre-7-150x39.png 150w, https:\/\/smartwag.com\/wp-content\/uploads\/2020\/06\/Sans-titre-7-800x210.png 800w\" sizes=\"(max-width: 2552px) 100vw, 2552px\" \/><\/p>\n<h4><\/h4>\n<p>&nbsp;<\/p>\n<p>&nbsp;<\/p>\n<h4><strong>The Clinsher halter worn by our customers<\/strong><\/h4>\n<p>&nbsp;<\/p>\n<p><img decoding=\"async\" class=\"alignnone wp-image-2554 size-full\" src=\"https:\/\/smartwag.com\/wp-content\/uploads\/2020\/06\/Cream-and-Brown-Photographic-Beauty-Site-Launch-Website.png\" alt=\"\" width=\"1365\" height=\"277\" srcset=\"https:\/\/smartwag.com\/wp-content\/uploads\/2020\/06\/Cream-and-Brown-Photographic-Beauty-Site-Launch-Website.png 1365w, https:\/\/smartwag.com\/wp-content\/uploads\/2020\/06\/Cream-and-Brown-Photographic-Beauty-Site-Launch-Website-600x122.png 600w, https:\/\/smartwag.com\/wp-content\/uploads\/2020\/06\/Cream-and-Brown-Photographic-Beauty-Site-Launch-Website-300x61.png 300w, https:\/\/smartwag.com\/wp-content\/uploads\/2020\/06\/Cream-and-Brown-Photographic-Beauty-Site-Launch-Website-1024x208.png 1024w, https:\/\/smartwag.com\/wp-content\/uploads\/2020\/06\/Cream-and-Brown-Photographic-Beauty-Site-Launch-Website-768x156.png 768w, https:\/\/smartwag.com\/wp-content\/uploads\/2020\/06\/Cream-and-Brown-Photographic-Beauty-Site-Launch-Website-18x4.png 18w, https:\/\/smartwag.com\/wp-content\/uploads\/2020\/06\/Cream-and-Brown-Photographic-Beauty-Site-Launch-Website-260x53.png 260w, https:\/\/smartwag.com\/wp-content\/uploads\/2020\/06\/Cream-and-Brown-Photographic-Beauty-Site-Launch-Website-50x10.png 50w, https:\/\/smartwag.com\/wp-content\/uploads\/2020\/06\/Cream-and-Brown-Photographic-Beauty-Site-Launch-Website-150x30.png 150w, https:\/\/smartwag.com\/wp-content\/uploads\/2020\/06\/Cream-and-Brown-Photographic-Beauty-Site-Launch-Website-800x162.png 800w\" sizes=\"(max-width: 1365px) 100vw, 1365px\" \/><\/p>\n<h3><\/h3>\n<p>&nbsp;<\/p>\n<h3 class=\"p6\" style=\"text-align: left;\">Smart Wag maintenance tips :<\/h3>\n<p class=\"p4\"><b><i>For a new leather :<\/i><\/b><span class=\"s2\"><img decoding=\"async\" class=\"alignright wp-image-1556\" src=\"https:\/\/smartwag.com\/wp-content\/uploads\/2020\/06\/ECDBBCD6-C981-4E8F-865F-BD4049C8977D.jpg\" alt=\"\" width=\"347\" height=\"521\" srcset=\"https:\/\/smartwag.com\/wp-content\/uploads\/2020\/06\/ECDBBCD6-C981-4E8F-865F-BD4049C8977D.jpg 750w, https:\/\/smartwag.com\/wp-content\/uploads\/2020\/06\/ECDBBCD6-C981-4E8F-865F-BD4049C8977D-600x899.jpg 600w, https:\/\/smartwag.com\/wp-content\/uploads\/2020\/06\/ECDBBCD6-C981-4E8F-865F-BD4049C8977D-200x300.jpg 200w, https:\/\/smartwag.com\/wp-content\/uploads\/2020\/06\/ECDBBCD6-C981-4E8F-865F-BD4049C8977D-683x1024.jpg 683w, https:\/\/smartwag.com\/wp-content\/uploads\/2020\/06\/ECDBBCD6-C981-4E8F-865F-BD4049C8977D-8x12.jpg 8w, https:\/\/smartwag.com\/wp-content\/uploads\/2020\/06\/ECDBBCD6-C981-4E8F-865F-BD4049C8977D-97x146.jpg 97w, https:\/\/smartwag.com\/wp-content\/uploads\/2020\/06\/ECDBBCD6-C981-4E8F-865F-BD4049C8977D-33x50.jpg 33w, https:\/\/smartwag.com\/wp-content\/uploads\/2020\/06\/ECDBBCD6-C981-4E8F-865F-BD4049C8977D-50x75.jpg 50w\" sizes=\"(max-width: 347px) 100vw, 347px\" \/><\/span><\/p>\n<p>New leather riding gear still has all its natural moisture and does not need to be rehydrated with glycerine soap.<span class=\"s2\"><br \/>\n<\/span>On the contrary, this cleaning product could alter the colour of leathers with a natural finish (aniline), particularly brown or tan leathers.<span class=\"s2\"><br \/>\n<\/span>But new leather is naturally dry and stiff, and needs to be softened before it is used for the first time. You can apply a colourless leather oil to the back and top of the leather with a clean cloth. The oil will penetrate to the heart of the leather to soften it.<span class=\"s2\"><br \/>\n<\/span>You can then leave to dry for a day in a temperate place in the shade.<\/p>\n<p class=\"p4\"><span class=\"s2\"><br \/>\n<\/span><b><i>For leather that has already been used:<\/i><\/b><span class=\"s2\"><br \/>\n<\/span>Remove dust daily with a damp cloth.<span class=\"s2\"><br \/>\n<\/span>You can clean your halter every 2 to 3 weeks with a mild glycerine soap (non-detergent composition).<\/p>\n<h6><strong>What you need to know:<\/strong> Smart Wag is a Swiss company. Purchasing an item from a European country or in a foreign currency may expose you to bank charges.<\/h6>","protected":false},"excerpt":{"rendered":"<p style=\"text-align: justify;\"><strong>Customisable leather halter with Clinsher studs.<\/strong> Made from cowhide leather, lined and padded on the headpiece and noseband to ensure optimum comfort for the horse.<\/p>","protected":false},"featured_media":17091,"comment_status":"closed","ping_status":"closed","template":"","meta":{"_acf_changed":false,"_sitemap_exclude":false,"_sitemap_priority":"","_sitemap_frequency":"","site-sidebar-layout":"default","site-content-layout":"","ast-site-content-layout":"default","site-content-style":"default","site-sidebar-style":"default","ast-global-header-display":"","ast-banner-title-visibility":"","ast-main-header-display":"","ast-hfb-above-header-display":"","ast-hfb-below-header-display":"","ast-hfb-mobile-header-display":"","site-post-title":"","ast-breadcrumbs-content":"","ast-featured-img":"","footer-sml-layout":"","ast-disable-related-posts":"","theme-transparent-header-meta":"default","adv-header-id-meta":"","stick-header-meta":"default","header-above-stick-meta":"","header-main-stick-meta":"","header-below-stick-meta":"","astra-migrate-meta-layouts":"set","ast-page-background-enabled":"default","ast-page-background-meta":{"desktop":{"background-color":"var(--ast-global-color-4)","background-image":"","background-repeat":"repeat","background-position":"center center","background-size":"auto","background-attachment":"scroll","background-type":"","background-media":"","overlay-type":"","overlay-color":"","overlay-opacity":"","overlay-gradient":""},"tablet":{"background-color":"","background-image":"","background-repeat":"repeat","background-position":"center center","background-size":"auto","background-attachment":"scroll","background-type":"","background-media":"","overlay-type":"","overlay-color":"","overlay-opacity":"","overlay-gradient":""},"mobile":{"background-color":"","background-image":"","background-repeat":"repeat","background-position":"center center","background-size":"auto","background-attachment":"scroll","background-type":"","background-media":"","overlay-type":"","overlay-color":"","overlay-opacity":"","overlay-gradient":""}},"ast-content-background-meta":{"desktop":{"background-color":"var(--ast-global-color-5)","background-image":"","background-repeat":"repeat","background-position":"center center","background-size":"auto","background-attachment":"scroll","background-type":"","background-media":"","overlay-type":"","overlay-color":"","overlay-opacity":"","overlay-gradient":""},"tablet":{"background-color":"var(--ast-global-color-5)","background-image":"","background-repeat":"repeat","background-position":"center center","background-size":"auto","background-attachment":"scroll","background-type":"","background-media":"","overlay-type":"","overlay-color":"","overlay-opacity":"","overlay-gradient":""},"mobile":{"background-color":"var(--ast-global-color-5)","background-image":"","background-repeat":"repeat","background-position":"center center","background-size":"auto","background-attachment":"scroll","background-type":"","background-media":"","overlay-type":"","overlay-color":"","overlay-opacity":"","overlay-gradient":""}}},"product_brand":[],"product_cat":[25,384],"product_tag":[],"class_list":{"0":"post-135","1":"product","2":"type-product","3":"status-publish","4":"has-post-thumbnail","6":"product_cat-licols-longes","7":"product_cat-licol-poney-shetland","8":"desktop-align-left","9":"tablet-align-left","10":"mobile-align-left","11":"ast-product-gallery-layout-first-image-large","12":"ast-magnify-disabled","13":"ast-product-single-variable","14":"ast-product-tabs-layout-accordion","15":"wcpa_has_options","17":"first","18":"instock","19":"sale","20":"shipping-taxable","21":"purchasable","22":"product-type-variable"},"acf":[],"yoast_head":"<!-- This site is optimized with the Yoast SEO plugin v27.2 - https:\/\/yoast.com\/product\/yoast-seo-wordpress\/ -->\n<title>Licol personnalisable en cuir Clinsher - Smart Wag<\/title>\n<meta name=\"description\" content=\"Licol Clincher grav\u00e9 en cuir, personnalisable pour un look raffin\u00e9. Associez \u00e9l\u00e9gance et fonctionnalit\u00e9 pour le confort de votre cheval.\" \/>\n<meta name=\"robots\" content=\"index, follow, max-snippet:-1, max-image-preview:large, max-video-preview:-1\" \/>\n<link rel=\"canonical\" href=\"https:\/\/smartwag.com\/en-gb\/product-2\/customisable-halter-in-clinsher-leather\/\" \/>\n<meta property=\"og:locale\" content=\"en_GB\" \/>\n<meta property=\"og:type\" content=\"article\" \/>\n<meta property=\"og:title\" content=\"Licol personnalisable en cuir Clinsher - Smart Wag\" \/>\n<meta property=\"og:description\" content=\"Licol Clincher grav\u00e9 en cuir, personnalisable pour un look raffin\u00e9. Associez \u00e9l\u00e9gance et fonctionnalit\u00e9 pour le confort de votre cheval.\" \/>\n<meta property=\"og:url\" content=\"https:\/\/smartwag.com\/en-gb\/product-2\/customisable-halter-in-clinsher-leather\/\" \/>\n<meta property=\"og:site_name\" content=\"Smart Wag\" \/>\n<meta property=\"article:modified_time\" content=\"2025-12-01T07:00:10+00:00\" \/>\n<meta property=\"og:image\" content=\"https:\/\/smartwag.com\/wp-content\/uploads\/2020\/06\/licol-cuir-clinsher-1.png\" \/>\n\t<meta property=\"og:image:width\" content=\"1500\" \/>\n\t<meta property=\"og:image:height\" content=\"1500\" \/>\n\t<meta property=\"og:image:type\" content=\"image\/png\" \/>\n<meta name=\"twitter:card\" content=\"summary_large_image\" \/>\n<meta name=\"twitter:label1\" content=\"Estimated reading time\" \/>\n\t<meta name=\"twitter:data1\" content=\"4 minutes\" \/>\n<script type=\"application\/ld+json\" class=\"yoast-schema-graph\">{\"@context\":\"https:\/\/schema.org\",\"@graph\":[{\"@type\":\"WebPage\",\"@id\":\"https:\/\/smartwag.com\/produit\/licol-personnalisable-grave-en-cuir-clinsher\/\",\"url\":\"https:\/\/smartwag.com\/produit\/licol-personnalisable-grave-en-cuir-clinsher\/\",\"name\":\"Licol personnalisable en cuir Clinsher - Smart Wag\",\"isPartOf\":{\"@id\":\"https:\/\/smartwag.com\/#website\"},\"primaryImageOfPage\":{\"@id\":\"https:\/\/smartwag.com\/produit\/licol-personnalisable-grave-en-cuir-clinsher\/#primaryimage\"},\"image\":{\"@id\":\"https:\/\/smartwag.com\/produit\/licol-personnalisable-grave-en-cuir-clinsher\/#primaryimage\"},\"thumbnailUrl\":\"https:\/\/smartwag.com\/wp-content\/uploads\/2020\/06\/licol-cuir-clinsher-1.png\",\"datePublished\":\"2020-06-26T09:22:09+00:00\",\"dateModified\":\"2025-12-01T07:00:10+00:00\",\"description\":\"Licol Clincher grav\u00e9 en cuir, personnalisable pour un look raffin\u00e9. Associez \u00e9l\u00e9gance et fonctionnalit\u00e9 pour le confort de votre cheval.\",\"breadcrumb\":{\"@id\":\"https:\/\/smartwag.com\/produit\/licol-personnalisable-grave-en-cuir-clinsher\/#breadcrumb\"},\"inLanguage\":\"en-GB\",\"potentialAction\":[{\"@type\":\"ReadAction\",\"target\":[\"https:\/\/smartwag.com\/produit\/licol-personnalisable-grave-en-cuir-clinsher\/\"]}]},{\"@type\":\"ImageObject\",\"inLanguage\":\"en-GB\",\"@id\":\"https:\/\/smartwag.com\/produit\/licol-personnalisable-grave-en-cuir-clinsher\/#primaryimage\",\"url\":\"https:\/\/smartwag.com\/wp-content\/uploads\/2020\/06\/licol-cuir-clinsher-1.png\",\"contentUrl\":\"https:\/\/smartwag.com\/wp-content\/uploads\/2020\/06\/licol-cuir-clinsher-1.png\",\"width\":1500,\"height\":1500},{\"@type\":\"BreadcrumbList\",\"@id\":\"https:\/\/smartwag.com\/produit\/licol-personnalisable-grave-en-cuir-clinsher\/#breadcrumb\",\"itemListElement\":[{\"@type\":\"ListItem\",\"position\":1,\"name\":\"Home\",\"item\":\"https:\/\/smartwag.com\/\"},{\"@type\":\"ListItem\",\"position\":2,\"name\":\"Boutique\",\"item\":\"https:\/\/smartwag.com\/boutique\/\"},{\"@type\":\"ListItem\",\"position\":3,\"name\":\"Licol personnalisable en cuir Clinsher\"}]},{\"@type\":\"WebSite\",\"@id\":\"https:\/\/smartwag.com\/#website\",\"url\":\"https:\/\/smartwag.com\/\",\"name\":\"Smart Wag\",\"description\":\"Sp\u00e9cialiste de la gravure personnalis\u00e9e pour cheval et chien\",\"publisher\":{\"@id\":\"https:\/\/smartwag.com\/#organization\"},\"potentialAction\":[{\"@type\":\"SearchAction\",\"target\":{\"@type\":\"EntryPoint\",\"urlTemplate\":\"https:\/\/smartwag.com\/?s={search_term_string}\"},\"query-input\":{\"@type\":\"PropertyValueSpecification\",\"valueRequired\":true,\"valueName\":\"search_term_string\"}}],\"inLanguage\":\"en-GB\"},{\"@type\":\"Organization\",\"@id\":\"https:\/\/smartwag.com\/#organization\",\"name\":\"Smart Wag\",\"url\":\"https:\/\/smartwag.com\/\",\"logo\":{\"@type\":\"ImageObject\",\"inLanguage\":\"en-GB\",\"@id\":\"https:\/\/smartwag.com\/#\/schema\/logo\/image\/\",\"url\":\"https:\/\/smartwag.com\/wp-content\/uploads\/2021\/10\/logo-noir.png\",\"contentUrl\":\"https:\/\/smartwag.com\/wp-content\/uploads\/2021\/10\/logo-noir.png\",\"width\":490,\"height\":204,\"caption\":\"Smart Wag\"},\"image\":{\"@id\":\"https:\/\/smartwag.com\/#\/schema\/logo\/image\/\"}}]}<\/script>\n<!-- \/ Yoast SEO plugin. -->","yoast_head_json":{"title":"Customisable leather halter Clinsher - Smart Wag","description":"Engraved leather Clincher halter, customisable for a refined look. Combine elegance and functionality for your horse's comfort.","robots":{"index":"index","follow":"follow","max-snippet":"max-snippet:-1","max-image-preview":"max-image-preview:large","max-video-preview":"max-video-preview:-1"},"canonical":"https:\/\/smartwag.com\/en-gb\/product-2\/customisable-halter-in-clinsher-leather\/","og_locale":"en_GB","og_type":"article","og_title":"Licol personnalisable en cuir Clinsher - Smart Wag","og_description":"Licol Clincher grav\u00e9 en cuir, personnalisable pour un look raffin\u00e9. Associez \u00e9l\u00e9gance et fonctionnalit\u00e9 pour le confort de votre cheval.","og_url":"https:\/\/smartwag.com\/en-gb\/product-2\/customisable-halter-in-clinsher-leather\/","og_site_name":"Smart Wag","article_modified_time":"2025-12-01T07:00:10+00:00","og_image":[{"width":1500,"height":1500,"url":"https:\/\/smartwag.com\/wp-content\/uploads\/2020\/06\/licol-cuir-clinsher-1.png","type":"image\/png"}],"twitter_card":"summary_large_image","twitter_misc":{"Estimated reading time":"4 minutes"},"schema":{"@context":"https:\/\/schema.org","@graph":[{"@type":"WebPage","@id":"https:\/\/smartwag.com\/produit\/licol-personnalisable-grave-en-cuir-clinsher\/","url":"https:\/\/smartwag.com\/produit\/licol-personnalisable-grave-en-cuir-clinsher\/","name":"Customisable leather halter Clinsher - Smart Wag","isPartOf":{"@id":"https:\/\/smartwag.com\/#website"},"primaryImageOfPage":{"@id":"https:\/\/smartwag.com\/produit\/licol-personnalisable-grave-en-cuir-clinsher\/#primaryimage"},"image":{"@id":"https:\/\/smartwag.com\/produit\/licol-personnalisable-grave-en-cuir-clinsher\/#primaryimage"},"thumbnailUrl":"https:\/\/smartwag.com\/wp-content\/uploads\/2020\/06\/licol-cuir-clinsher-1.png","datePublished":"2020-06-26T09:22:09+00:00","dateModified":"2025-12-01T07:00:10+00:00","description":"Engraved leather Clincher halter, customisable for a refined look. Combine elegance and functionality for your horse's comfort.","breadcrumb":{"@id":"https:\/\/smartwag.com\/produit\/licol-personnalisable-grave-en-cuir-clinsher\/#breadcrumb"},"inLanguage":"en-GB","potentialAction":[{"@type":"ReadAction","target":["https:\/\/smartwag.com\/produit\/licol-personnalisable-grave-en-cuir-clinsher\/"]}]},{"@type":"ImageObject","inLanguage":"en-GB","@id":"https:\/\/smartwag.com\/produit\/licol-personnalisable-grave-en-cuir-clinsher\/#primaryimage","url":"https:\/\/smartwag.com\/wp-content\/uploads\/2020\/06\/licol-cuir-clinsher-1.png","contentUrl":"https:\/\/smartwag.com\/wp-content\/uploads\/2020\/06\/licol-cuir-clinsher-1.png","width":1500,"height":1500},{"@type":"BreadcrumbList","@id":"https:\/\/smartwag.com\/produit\/licol-personnalisable-grave-en-cuir-clinsher\/#breadcrumb","itemListElement":[{"@type":"ListItem","position":1,"name":"Home","item":"https:\/\/smartwag.com\/"},{"@type":"ListItem","position":2,"name":"Boutique","item":"https:\/\/smartwag.com\/boutique\/"},{"@type":"ListItem","position":3,"name":"Licol personnalisable en cuir Clinsher"}]},{"@type":"WebSite","@id":"https:\/\/smartwag.com\/#website","url":"https:\/\/smartwag.com\/","name":"Smart Wag","description":"Specialist in personalised engraving for horses and dogs","publisher":{"@id":"https:\/\/smartwag.com\/#organization"},"potentialAction":[{"@type":"SearchAction","target":{"@type":"EntryPoint","urlTemplate":"https:\/\/smartwag.com\/?s={search_term_string}"},"query-input":{"@type":"PropertyValueSpecification","valueRequired":true,"valueName":"search_term_string"}}],"inLanguage":"en-GB"},{"@type":"Organization","@id":"https:\/\/smartwag.com\/#organization","name":"Smart Wag","url":"https:\/\/smartwag.com\/","logo":{"@type":"ImageObject","inLanguage":"en-GB","@id":"https:\/\/smartwag.com\/#\/schema\/logo\/image\/","url":"https:\/\/smartwag.com\/wp-content\/uploads\/2021\/10\/logo-noir.png","contentUrl":"https:\/\/smartwag.com\/wp-content\/uploads\/2021\/10\/logo-noir.png","width":490,"height":204,"caption":"Smart Wag"},"image":{"@id":"https:\/\/smartwag.com\/#\/schema\/logo\/image\/"}}]}},"_links":{"self":[{"href":"https:\/\/smartwag.com\/en-gb\/wp-json\/wp\/v2\/product\/135","targetHints":{"allow":["GET"]}}],"collection":[{"href":"https:\/\/smartwag.com\/en-gb\/wp-json\/wp\/v2\/product"}],"about":[{"href":"https:\/\/smartwag.com\/en-gb\/wp-json\/wp\/v2\/types\/product"}],"replies":[{"embeddable":true,"href":"https:\/\/smartwag.com\/en-gb\/wp-json\/wp\/v2\/comments?post=135"}],"wp:featuredmedia":[{"embeddable":true,"href":"https:\/\/smartwag.com\/en-gb\/wp-json\/wp\/v2\/media\/17091"}],"wp:attachment":[{"href":"https:\/\/smartwag.com\/en-gb\/wp-json\/wp\/v2\/media?parent=135"}],"wp:term":[{"taxonomy":"product_brand","embeddable":true,"href":"https:\/\/smartwag.com\/en-gb\/wp-json\/wp\/v2\/product_brand?post=135"},{"taxonomy":"product_cat","embeddable":true,"href":"https:\/\/smartwag.com\/en-gb\/wp-json\/wp\/v2\/product_cat?post=135"},{"taxonomy":"product_tag","embeddable":true,"href":"https:\/\/smartwag.com\/en-gb\/wp-json\/wp\/v2\/product_tag?post=135"}],"curies":[{"name":"wp","href":"https:\/\/api.w.org\/{rel}","templated":true}]}}