{"id":131,"date":"2020-06-26T11:22:08","date_gmt":"2020-06-26T09:22:08","guid":{"rendered":"https:\/\/smartwag.com\/produit\/import-placeholder-for-2249\/"},"modified":"2025-08-28T12:43:01","modified_gmt":"2025-08-28T10:43:01","slug":"customisable-halter-in-leather-and-rope","status":"publish","type":"product","link":"https:\/\/smartwag.com\/en-gb\/produit\/licol-personnalisable-cuir-et-corde\/","title":{"rendered":"Leather and Rope customizable halter"},"content":{"rendered":"<h3><\/h3>\n<h3 style=\"text-align: justify;\"><strong>Un licol personnalisable alliant style et pr\u00e9cision\u00a0<\/strong><\/h3>\n<p>&nbsp;<\/p>\n<p class=\"p1\"><b>Smart Wag<\/b> offers you a halter with a combination of supple leather and light but resistant rope for an elegant and precise leather halter. The cowhide leather, lined and padded at the headstall, guarantees optimum comfort for the horse.<\/p>\n<p class=\"p1\">The<b> Leather &amp; Rope halter<\/b>\u00a0 has been designed to ensure your horse's comfort when moving around in your hands. It can be particularly useful when working on foot, combining the effects of a rope halter with those of a flat halter. It is however <strong>d\u00e9conseill\u00e9 \u00e0 l\u2019attache et durant le transport<\/strong>.<\/p>\n<p>&nbsp;<\/p>\n<h4 class=\"p3\"><b>An adaptable halter<\/b><\/h4>\n<p class=\"p2\">For more adaptability and practicality, the <b>Leather and Rope customizable halter<\/b> has:<\/p>\n<ul class=\"ul1\">\n<li class=\"li4\">Adjustable headrest on both sides.<\/li>\n<li class=\"li4\">Adjustable noseband.<\/li>\n<li class=\"li4\">A detachable throat latch to remove the halter more easily.<\/li>\n<li>Une muserolle corde \u00e9paisse et pr\u00e9cise.<\/li>\n<\/ul>\n<p class=\"p1\">The customisable Leather and Rope halter is available in several colours of leather and buckles:<\/p>\n<ul>\n<li class=\"p1\">Black with silver or gold buckles.<\/li>\n<li>Brown with silver or gold buckles.<\/li>\n<\/ul>\n<p class=\"p1\">Available in sizes SHET to X-FULL to suit all body types.<\/p>\n<p>&nbsp;<\/p>\n<h4 class=\"p3\"><strong>A customisable halter<\/strong><\/h4>\n<p class=\"p2\">The leather halter Cuir et Corde by Smart Wag can be personalised at no extra cost with a personalised plate matching the colour of the buckle.<\/p>\n<p class=\"p2\">Personalise your halter by entering your text in the \"Personalise\" window.<\/p>\n<p><b>You can add a special character or a breed logo to your engraving (contact us to send us the logo you require).<\/b><\/p>\n<p>&nbsp;<\/p>\n<h4><strong>Engravings available<\/strong><\/h4>\n<h4><img decoding=\"async\" src=\"https:\/\/smartwag.com\/wp-content\/uploads\/2020\/06\/gravure.png\" alt=\"Engraving halter\" \/><\/h4>\n<h4 class=\"p3\"><b>To complete the look<\/b><\/h4>\n<p class=\"p1\">The customizable Leather and Rope halter goes well with the\u00a0<a href=\"https:\/\/smartwag.com\/en-gb\/product-2\/longe-coton-cuir\/\"><span class=\"s1\">Cotton leather lead rope<\/span><\/a> et cuir by Smart Wag, particuli\u00e8rement adapt\u00e9e \u00e0 la pratique de l\u2019Equifeel.<\/p>\n<p>&nbsp;<\/p>\n<h4><strong>Halter and safety<\/strong><\/h4>\n<p>Our halters are not unbreakable. In fact, it is essential for your horse's safety that a halter should break when too much pressure is applied (a horse pulling at the fox, a horse falling at the tack, in transport, getting stuck in a fence, walking on its lead rope, etc.). ). If your halter breaks, do not hesitate to contact our customer service department to see if a replacement part (headpiece, throat latch) can be supplied (subject to stock limitations).<\/p>\n<p>&nbsp;<\/p>\n<h4><strong>What size should you choose for your horse's personalised halter?<\/strong><\/h4>\n<p>Below is a table of Smart Wag halter measurements. To be sure of your choice, we advise you to take your horse's measurements. In the event of a size error, your halter can be exchanged while stocks last.<\/p>\n<p><img decoding=\"async\" class=\"aligncenter wp-image-2594 size-full\" src=\"https:\/\/smartwag.com\/wp-content\/uploads\/2020\/06\/Sans-titre-7.png\" alt=\"\" width=\"2552\" height=\"671\" srcset=\"https:\/\/smartwag.com\/wp-content\/uploads\/2020\/06\/Sans-titre-7.png 2552w, https:\/\/smartwag.com\/wp-content\/uploads\/2020\/06\/Sans-titre-7-600x158.png 600w, https:\/\/smartwag.com\/wp-content\/uploads\/2020\/06\/Sans-titre-7-300x79.png 300w, https:\/\/smartwag.com\/wp-content\/uploads\/2020\/06\/Sans-titre-7-1024x269.png 1024w, https:\/\/smartwag.com\/wp-content\/uploads\/2020\/06\/Sans-titre-7-768x202.png 768w, https:\/\/smartwag.com\/wp-content\/uploads\/2020\/06\/Sans-titre-7-1536x404.png 1536w, https:\/\/smartwag.com\/wp-content\/uploads\/2020\/06\/Sans-titre-7-2048x538.png 2048w, https:\/\/smartwag.com\/wp-content\/uploads\/2020\/06\/Sans-titre-7-18x5.png 18w, https:\/\/smartwag.com\/wp-content\/uploads\/2020\/06\/Sans-titre-7-260x68.png 260w, https:\/\/smartwag.com\/wp-content\/uploads\/2020\/06\/Sans-titre-7-50x13.png 50w, https:\/\/smartwag.com\/wp-content\/uploads\/2020\/06\/Sans-titre-7-150x39.png 150w, https:\/\/smartwag.com\/wp-content\/uploads\/2020\/06\/Sans-titre-7-800x210.png 800w\" sizes=\"(max-width: 2552px) 100vw, 2552px\" \/><\/p>\n<p>&nbsp;<\/p>\n<h4><strong>Le licol Cuir et Corde port\u00e9 par nos clients<\/strong><\/h4>\n<p>&nbsp;<\/p>\n<p><img decoding=\"async\" class=\"alignnone wp-image-2553 size-full\" src=\"https:\/\/smartwag.com\/wp-content\/uploads\/2020\/06\/cuir-et-corde-clients.png\" alt=\"licol cheval personnalis\u00e9\" width=\"1366\" height=\"261\" srcset=\"https:\/\/smartwag.com\/wp-content\/uploads\/2020\/06\/cuir-et-corde-clients.png 1366w, https:\/\/smartwag.com\/wp-content\/uploads\/2020\/06\/cuir-et-corde-clients-600x115.png 600w, https:\/\/smartwag.com\/wp-content\/uploads\/2020\/06\/cuir-et-corde-clients-300x57.png 300w, https:\/\/smartwag.com\/wp-content\/uploads\/2020\/06\/cuir-et-corde-clients-1024x196.png 1024w, https:\/\/smartwag.com\/wp-content\/uploads\/2020\/06\/cuir-et-corde-clients-768x147.png 768w, https:\/\/smartwag.com\/wp-content\/uploads\/2020\/06\/cuir-et-corde-clients-18x3.png 18w, https:\/\/smartwag.com\/wp-content\/uploads\/2020\/06\/cuir-et-corde-clients-260x50.png 260w, https:\/\/smartwag.com\/wp-content\/uploads\/2020\/06\/cuir-et-corde-clients-50x10.png 50w, https:\/\/smartwag.com\/wp-content\/uploads\/2020\/06\/cuir-et-corde-clients-150x29.png 150w, https:\/\/smartwag.com\/wp-content\/uploads\/2020\/06\/cuir-et-corde-clients-800x153.png 800w\" sizes=\"(max-width: 1366px) 100vw, 1366px\" \/><\/p>\n<p>&nbsp;<\/p>\n<p>&nbsp;<\/p>\n<h3 class=\"p6\" style=\"text-align: left;\">Smart Wag maintenance tips :<\/h3>\n<p class=\"p4\"><b><i>For a new leather :<\/i><\/b><span class=\"s2\"><img decoding=\"async\" class=\"alignright wp-image-1556\" src=\"https:\/\/smartwag.com\/wp-content\/uploads\/2020\/06\/ECDBBCD6-C981-4E8F-865F-BD4049C8977D.jpg\" alt=\"\" width=\"347\" height=\"521\" srcset=\"https:\/\/smartwag.com\/wp-content\/uploads\/2020\/06\/ECDBBCD6-C981-4E8F-865F-BD4049C8977D.jpg 750w, https:\/\/smartwag.com\/wp-content\/uploads\/2020\/06\/ECDBBCD6-C981-4E8F-865F-BD4049C8977D-600x899.jpg 600w, https:\/\/smartwag.com\/wp-content\/uploads\/2020\/06\/ECDBBCD6-C981-4E8F-865F-BD4049C8977D-200x300.jpg 200w, https:\/\/smartwag.com\/wp-content\/uploads\/2020\/06\/ECDBBCD6-C981-4E8F-865F-BD4049C8977D-683x1024.jpg 683w, https:\/\/smartwag.com\/wp-content\/uploads\/2020\/06\/ECDBBCD6-C981-4E8F-865F-BD4049C8977D-8x12.jpg 8w, https:\/\/smartwag.com\/wp-content\/uploads\/2020\/06\/ECDBBCD6-C981-4E8F-865F-BD4049C8977D-97x146.jpg 97w, https:\/\/smartwag.com\/wp-content\/uploads\/2020\/06\/ECDBBCD6-C981-4E8F-865F-BD4049C8977D-33x50.jpg 33w, https:\/\/smartwag.com\/wp-content\/uploads\/2020\/06\/ECDBBCD6-C981-4E8F-865F-BD4049C8977D-50x75.jpg 50w\" sizes=\"(max-width: 347px) 100vw, 347px\" \/><\/span><\/p>\n<p>New leather riding gear still has all its natural moisture and does not need to be rehydrated with glycerine soap.<span class=\"s2\"><br \/>\n<\/span>On the contrary, this cleaning product could alter the colour of leathers with a natural finish (aniline), particularly brown or tan leathers.<span class=\"s2\"><br \/>\n<\/span>But new leather is naturally dry and stiff, and needs to be softened before it is used for the first time. You can apply a colourless leather oil to the back and top of the leather with a clean cloth. The oil will penetrate to the heart of the leather to soften it.<span class=\"s2\"><br \/>\n<\/span>You can then leave to dry for a day in a temperate place in the shade.<\/p>\n<p class=\"p4\"><span class=\"s2\"><br \/>\n<\/span><b><i>For leather that has already been used:<\/i><\/b><span class=\"s2\"><br \/>\n<\/span>Remove dust daily with a damp cloth.<span class=\"s2\"><br \/>\n<\/span>You can clean your halter every 2 to 3 weeks with a mild glycerine soap (non-detergent composition).<\/p>\n<p>&nbsp;<\/p>\n<h6><strong>What you need to know:<\/strong> Smart Wag is a Swiss company. Purchasing an item from a European country or in a foreign currency may expose you to bank charges.<\/h6>","protected":false},"excerpt":{"rendered":"<p style=\"text-align: justify;\"><b>A customisable halter in leather and cord<\/b><strong>e.<\/strong> This leather halter has a lined straight headpiece and double adjustment on all the adjustable parts of the halter. Recommended for working with and guiding horses.<\/p>","protected":false},"featured_media":17090,"comment_status":"closed","ping_status":"closed","template":"","meta":{"_acf_changed":false,"_sitemap_exclude":false,"_sitemap_priority":"","_sitemap_frequency":"","site-sidebar-layout":"default","site-content-layout":"","ast-site-content-layout":"default","site-content-style":"default","site-sidebar-style":"default","ast-global-header-display":"","ast-banner-title-visibility":"","ast-main-header-display":"","ast-hfb-above-header-display":"","ast-hfb-below-header-display":"","ast-hfb-mobile-header-display":"","site-post-title":"","ast-breadcrumbs-content":"","ast-featured-img":"","footer-sml-layout":"","ast-disable-related-posts":"","theme-transparent-header-meta":"default","adv-header-id-meta":"","stick-header-meta":"default","header-above-stick-meta":"","header-main-stick-meta":"","header-below-stick-meta":"","astra-migrate-meta-layouts":"set","ast-page-background-enabled":"default","ast-page-background-meta":{"desktop":{"background-color":"var(--ast-global-color-4)","background-image":"","background-repeat":"repeat","background-position":"center center","background-size":"auto","background-attachment":"scroll","background-type":"","background-media":"","overlay-type":"","overlay-color":"","overlay-opacity":"","overlay-gradient":""},"tablet":{"background-color":"","background-image":"","background-repeat":"repeat","background-position":"center center","background-size":"auto","background-attachment":"scroll","background-type":"","background-media":"","overlay-type":"","overlay-color":"","overlay-opacity":"","overlay-gradient":""},"mobile":{"background-color":"","background-image":"","background-repeat":"repeat","background-position":"center center","background-size":"auto","background-attachment":"scroll","background-type":"","background-media":"","overlay-type":"","overlay-color":"","overlay-opacity":"","overlay-gradient":""}},"ast-content-background-meta":{"desktop":{"background-color":"var(--ast-global-color-5)","background-image":"","background-repeat":"repeat","background-position":"center center","background-size":"auto","background-attachment":"scroll","background-type":"","background-media":"","overlay-type":"","overlay-color":"","overlay-opacity":"","overlay-gradient":""},"tablet":{"background-color":"var(--ast-global-color-5)","background-image":"","background-repeat":"repeat","background-position":"center center","background-size":"auto","background-attachment":"scroll","background-type":"","background-media":"","overlay-type":"","overlay-color":"","overlay-opacity":"","overlay-gradient":""},"mobile":{"background-color":"var(--ast-global-color-5)","background-image":"","background-repeat":"repeat","background-position":"center center","background-size":"auto","background-attachment":"scroll","background-type":"","background-media":"","overlay-type":"","overlay-color":"","overlay-opacity":"","overlay-gradient":""}}},"product_brand":[],"product_cat":[25,384],"product_tag":[],"class_list":{"0":"post-131","1":"product","2":"type-product","3":"status-publish","4":"has-post-thumbnail","6":"product_cat-licols-longes","7":"product_cat-licol-poney-shetland","8":"desktop-align-left","9":"tablet-align-left","10":"mobile-align-left","11":"ast-product-gallery-layout-first-image-large","12":"ast-magnify-disabled","13":"ast-product-single-variable","14":"ast-product-tabs-layout-accordion","15":"wcpa_has_options","17":"first","18":"instock","19":"featured","20":"shipping-taxable","21":"purchasable","22":"product-type-variable"},"acf":[],"yoast_head":"<!-- This site is optimized with the Yoast SEO plugin v27.2 - https:\/\/yoast.com\/product\/yoast-seo-wordpress\/ -->\n<title>Licol Cuir &amp; Corde Personnalisable | Gravure Offerte | Smartwag<\/title>\n<meta name=\"description\" content=\"Licol cuir et corde personnalisable pour cheval. Offrez-lui confort et style avec une gravure gratuite. Choix de tailles et couleurs. Livraison rapide.\" \/>\n<meta name=\"robots\" content=\"index, follow, max-snippet:-1, max-image-preview:large, max-video-preview:-1\" \/>\n<link rel=\"canonical\" href=\"https:\/\/smartwag.com\/en-gb\/product-2\/customisable-halter-in-leather-and-rope\/\" \/>\n<meta property=\"og:locale\" content=\"en_GB\" \/>\n<meta property=\"og:type\" content=\"article\" \/>\n<meta property=\"og:title\" content=\"Licol Cuir &amp; Corde Personnalisable | Gravure Offerte | Smartwag\" \/>\n<meta property=\"og:description\" content=\"Licol cuir et corde personnalisable pour cheval. Offrez-lui confort et style avec une gravure gratuite. Choix de tailles et couleurs. Livraison rapide.\" \/>\n<meta property=\"og:url\" content=\"https:\/\/smartwag.com\/en-gb\/product-2\/customisable-halter-in-leather-and-rope\/\" \/>\n<meta property=\"og:site_name\" content=\"Smart Wag\" \/>\n<meta property=\"article:modified_time\" content=\"2025-08-28T10:43:01+00:00\" \/>\n<meta property=\"og:image\" content=\"https:\/\/smartwag.com\/wp-content\/uploads\/2020\/06\/licol-cuir-et-corde-personmalise.png\" \/>\n\t<meta property=\"og:image:width\" content=\"1500\" \/>\n\t<meta property=\"og:image:height\" content=\"1500\" \/>\n\t<meta property=\"og:image:type\" content=\"image\/png\" \/>\n<meta name=\"twitter:card\" content=\"summary_large_image\" \/>\n<meta name=\"twitter:label1\" content=\"Estimated reading time\" \/>\n\t<meta name=\"twitter:data1\" content=\"5 minutes\" \/>\n<script type=\"application\/ld+json\" class=\"yoast-schema-graph\">{\"@context\":\"https:\/\/schema.org\",\"@graph\":[{\"@type\":\"WebPage\",\"@id\":\"https:\/\/smartwag.com\/produit\/licol-personnalisable-cuir-et-corde\/\",\"url\":\"https:\/\/smartwag.com\/produit\/licol-personnalisable-cuir-et-corde\/\",\"name\":\"Licol Cuir & Corde Personnalisable | Gravure Offerte | Smartwag\",\"isPartOf\":{\"@id\":\"https:\/\/smartwag.com\/#website\"},\"primaryImageOfPage\":{\"@id\":\"https:\/\/smartwag.com\/produit\/licol-personnalisable-cuir-et-corde\/#primaryimage\"},\"image\":{\"@id\":\"https:\/\/smartwag.com\/produit\/licol-personnalisable-cuir-et-corde\/#primaryimage\"},\"thumbnailUrl\":\"https:\/\/smartwag.com\/wp-content\/uploads\/2020\/06\/licol-cuir-et-corde-personmalise.png\",\"datePublished\":\"2020-06-26T09:22:08+00:00\",\"dateModified\":\"2025-08-28T10:43:01+00:00\",\"description\":\"Licol cuir et corde personnalisable pour cheval. Offrez-lui confort et style avec une gravure gratuite. Choix de tailles et couleurs. Livraison rapide.\",\"breadcrumb\":{\"@id\":\"https:\/\/smartwag.com\/produit\/licol-personnalisable-cuir-et-corde\/#breadcrumb\"},\"inLanguage\":\"en-GB\",\"potentialAction\":[{\"@type\":\"ReadAction\",\"target\":[\"https:\/\/smartwag.com\/produit\/licol-personnalisable-cuir-et-corde\/\"]}]},{\"@type\":\"ImageObject\",\"inLanguage\":\"en-GB\",\"@id\":\"https:\/\/smartwag.com\/produit\/licol-personnalisable-cuir-et-corde\/#primaryimage\",\"url\":\"https:\/\/smartwag.com\/wp-content\/uploads\/2020\/06\/licol-cuir-et-corde-personmalise.png\",\"contentUrl\":\"https:\/\/smartwag.com\/wp-content\/uploads\/2020\/06\/licol-cuir-et-corde-personmalise.png\",\"width\":1500,\"height\":1500},{\"@type\":\"BreadcrumbList\",\"@id\":\"https:\/\/smartwag.com\/produit\/licol-personnalisable-cuir-et-corde\/#breadcrumb\",\"itemListElement\":[{\"@type\":\"ListItem\",\"position\":1,\"name\":\"Home\",\"item\":\"https:\/\/smartwag.com\/\"},{\"@type\":\"ListItem\",\"position\":2,\"name\":\"Boutique\",\"item\":\"https:\/\/smartwag.com\/boutique\/\"},{\"@type\":\"ListItem\",\"position\":3,\"name\":\"Licol personnalisable Cuir et Corde\"}]},{\"@type\":\"WebSite\",\"@id\":\"https:\/\/smartwag.com\/#website\",\"url\":\"https:\/\/smartwag.com\/\",\"name\":\"Smart Wag\",\"description\":\"Sp\u00e9cialiste de la gravure personnalis\u00e9e pour cheval et chien\",\"publisher\":{\"@id\":\"https:\/\/smartwag.com\/#organization\"},\"potentialAction\":[{\"@type\":\"SearchAction\",\"target\":{\"@type\":\"EntryPoint\",\"urlTemplate\":\"https:\/\/smartwag.com\/?s={search_term_string}\"},\"query-input\":{\"@type\":\"PropertyValueSpecification\",\"valueRequired\":true,\"valueName\":\"search_term_string\"}}],\"inLanguage\":\"en-GB\"},{\"@type\":\"Organization\",\"@id\":\"https:\/\/smartwag.com\/#organization\",\"name\":\"Smart Wag\",\"url\":\"https:\/\/smartwag.com\/\",\"logo\":{\"@type\":\"ImageObject\",\"inLanguage\":\"en-GB\",\"@id\":\"https:\/\/smartwag.com\/#\/schema\/logo\/image\/\",\"url\":\"https:\/\/smartwag.com\/wp-content\/uploads\/2021\/10\/logo-noir.png\",\"contentUrl\":\"https:\/\/smartwag.com\/wp-content\/uploads\/2021\/10\/logo-noir.png\",\"width\":490,\"height\":204,\"caption\":\"Smart Wag\"},\"image\":{\"@id\":\"https:\/\/smartwag.com\/#\/schema\/logo\/image\/\"}}]}<\/script>\n<!-- \/ Yoast SEO plugin. -->","yoast_head_json":{"title":"Personalized Leather Halter &amp; Leadrope | Free Engraving | Smartwag","description":"Customisable leather halter and rope for horses. Offer comfort and style with free engraving. Choice of sizes and colours. Fast delivery.","robots":{"index":"index","follow":"follow","max-snippet":"max-snippet:-1","max-image-preview":"max-image-preview:large","max-video-preview":"max-video-preview:-1"},"canonical":"https:\/\/smartwag.com\/en-gb\/product-2\/customisable-halter-in-leather-and-rope\/","og_locale":"en_GB","og_type":"article","og_title":"Licol Cuir & Corde Personnalisable | Gravure Offerte | Smartwag","og_description":"Licol cuir et corde personnalisable pour cheval. Offrez-lui confort et style avec une gravure gratuite. Choix de tailles et couleurs. Livraison rapide.","og_url":"https:\/\/smartwag.com\/en-gb\/product-2\/customisable-halter-in-leather-and-rope\/","og_site_name":"Smart Wag","article_modified_time":"2025-08-28T10:43:01+00:00","og_image":[{"width":1500,"height":1500,"url":"https:\/\/smartwag.com\/wp-content\/uploads\/2020\/06\/licol-cuir-et-corde-personmalise.png","type":"image\/png"}],"twitter_card":"summary_large_image","twitter_misc":{"Estimated reading time":"5 minutes"},"schema":{"@context":"https:\/\/schema.org","@graph":[{"@type":"WebPage","@id":"https:\/\/smartwag.com\/produit\/licol-personnalisable-cuir-et-corde\/","url":"https:\/\/smartwag.com\/produit\/licol-personnalisable-cuir-et-corde\/","name":"Personalized Leather Halter &amp; Leadrope | Free Engraving | Smartwag","isPartOf":{"@id":"https:\/\/smartwag.com\/#website"},"primaryImageOfPage":{"@id":"https:\/\/smartwag.com\/produit\/licol-personnalisable-cuir-et-corde\/#primaryimage"},"image":{"@id":"https:\/\/smartwag.com\/produit\/licol-personnalisable-cuir-et-corde\/#primaryimage"},"thumbnailUrl":"https:\/\/smartwag.com\/wp-content\/uploads\/2020\/06\/licol-cuir-et-corde-personmalise.png","datePublished":"2020-06-26T09:22:08+00:00","dateModified":"2025-08-28T10:43:01+00:00","description":"Customisable leather halter and rope for horses. Offer comfort and style with free engraving. Choice of sizes and colours. Fast delivery.","breadcrumb":{"@id":"https:\/\/smartwag.com\/produit\/licol-personnalisable-cuir-et-corde\/#breadcrumb"},"inLanguage":"en-GB","potentialAction":[{"@type":"ReadAction","target":["https:\/\/smartwag.com\/produit\/licol-personnalisable-cuir-et-corde\/"]}]},{"@type":"ImageObject","inLanguage":"en-GB","@id":"https:\/\/smartwag.com\/produit\/licol-personnalisable-cuir-et-corde\/#primaryimage","url":"https:\/\/smartwag.com\/wp-content\/uploads\/2020\/06\/licol-cuir-et-corde-personmalise.png","contentUrl":"https:\/\/smartwag.com\/wp-content\/uploads\/2020\/06\/licol-cuir-et-corde-personmalise.png","width":1500,"height":1500},{"@type":"BreadcrumbList","@id":"https:\/\/smartwag.com\/produit\/licol-personnalisable-cuir-et-corde\/#breadcrumb","itemListElement":[{"@type":"ListItem","position":1,"name":"Home","item":"https:\/\/smartwag.com\/"},{"@type":"ListItem","position":2,"name":"Boutique","item":"https:\/\/smartwag.com\/boutique\/"},{"@type":"ListItem","position":3,"name":"Licol personnalisable Cuir et Corde"}]},{"@type":"WebSite","@id":"https:\/\/smartwag.com\/#website","url":"https:\/\/smartwag.com\/","name":"Smart Wag","description":"Specialist in personalised engraving for horses and dogs","publisher":{"@id":"https:\/\/smartwag.com\/#organization"},"potentialAction":[{"@type":"SearchAction","target":{"@type":"EntryPoint","urlTemplate":"https:\/\/smartwag.com\/?s={search_term_string}"},"query-input":{"@type":"PropertyValueSpecification","valueRequired":true,"valueName":"search_term_string"}}],"inLanguage":"en-GB"},{"@type":"Organization","@id":"https:\/\/smartwag.com\/#organization","name":"Smart Wag","url":"https:\/\/smartwag.com\/","logo":{"@type":"ImageObject","inLanguage":"en-GB","@id":"https:\/\/smartwag.com\/#\/schema\/logo\/image\/","url":"https:\/\/smartwag.com\/wp-content\/uploads\/2021\/10\/logo-noir.png","contentUrl":"https:\/\/smartwag.com\/wp-content\/uploads\/2021\/10\/logo-noir.png","width":490,"height":204,"caption":"Smart Wag"},"image":{"@id":"https:\/\/smartwag.com\/#\/schema\/logo\/image\/"}}]}},"_links":{"self":[{"href":"https:\/\/smartwag.com\/en-gb\/wp-json\/wp\/v2\/product\/131","targetHints":{"allow":["GET"]}}],"collection":[{"href":"https:\/\/smartwag.com\/en-gb\/wp-json\/wp\/v2\/product"}],"about":[{"href":"https:\/\/smartwag.com\/en-gb\/wp-json\/wp\/v2\/types\/product"}],"replies":[{"embeddable":true,"href":"https:\/\/smartwag.com\/en-gb\/wp-json\/wp\/v2\/comments?post=131"}],"wp:featuredmedia":[{"embeddable":true,"href":"https:\/\/smartwag.com\/en-gb\/wp-json\/wp\/v2\/media\/17090"}],"wp:attachment":[{"href":"https:\/\/smartwag.com\/en-gb\/wp-json\/wp\/v2\/media?parent=131"}],"wp:term":[{"taxonomy":"product_brand","embeddable":true,"href":"https:\/\/smartwag.com\/en-gb\/wp-json\/wp\/v2\/product_brand?post=131"},{"taxonomy":"product_cat","embeddable":true,"href":"https:\/\/smartwag.com\/en-gb\/wp-json\/wp\/v2\/product_cat?post=131"},{"taxonomy":"product_tag","embeddable":true,"href":"https:\/\/smartwag.com\/en-gb\/wp-json\/wp\/v2\/product_tag?post=131"}],"curies":[{"name":"wp","href":"https:\/\/api.w.org\/{rel}","templated":true}]}}