{"id":130,"date":"2020-06-26T11:22:08","date_gmt":"2020-06-26T09:22:08","guid":{"rendered":"https:\/\/smartwag.com\/produit\/import-placeholder-for-2097\/"},"modified":"2026-04-20T14:08:16","modified_gmt":"2026-04-20T12:08:16","slug":"soul-custom-halter","status":"publish","type":"product","link":"https:\/\/smartwag.com\/en-gb\/produit\/licol-en-cuir-grave-personnalisable-soul\/","title":{"rendered":"Soul customizable halter"},"content":{"rendered":"<h3 class=\"p1\">The elegant and chic customisable halter from the Smart Wag range!<\/h3>\n<p>&nbsp;<\/p>\n<p class=\"p3\"><b>Smart Wag<\/b> vous propose un licol b\u00e9n\u00e9ficiant d\u2019une combinaison de cuir souple pour un licol en cuir \u00e9l\u00e9gant et confortable. Le cuir de vachette, doubl\u00e9 et matelass\u00e9 au niveau de la t\u00eati\u00e8re garantit un confort optimal au cheval.<\/p>\n<p class=\"p3\">The<b> licol en cuir Soul<\/b>\u00a0 has been designed to ensure the comfort of your horse when in hand but also when tethered.<\/p>\n<p>&nbsp;<\/p>\n<h4 class=\"p3\"><b>An adaptable halter<\/b><\/h4>\n<p class=\"p2\">Pour plus d\u2019adaptabilit\u00e9 et de facilit\u00e9 d\u2019usage, le <b>Soul leather halter<\/b> has:<\/p>\n<ul class=\"ul1\">\n<li class=\"li5\">An adjustable headpiece on both sides<\/li>\n<li class=\"li5\">An adjustable noseband<\/li>\n<li class=\"li5\">A detachable throat latch to remove the halter more easily.<\/li>\n<\/ul>\n<p>&nbsp;<\/p>\n<p class=\"p3\">Le licol personnalisable Soul vous est propos\u00e9 en plusieurs couleurs de cuir et de boucleries:<\/p>\n<ul>\n<li class=\"p1\">Black with silver or gold buckles.<\/li>\n<li>Brown with silver or gold buckles.<\/li>\n<\/ul>\n<p class=\"p3\">It is available in sizes SHET to X-FULL to suit all body types.<\/p>\n<h4 class=\"p3\"><strong>A customisable halter<\/strong><\/h4>\n<p class=\"p2\">The Soul by Smart Wag leather halter can be personalised at no extra cost with a personalised plaque matching the colour of the buckle.<\/p>\n<p class=\"p2\">Personalise your halter by entering your text in the \"Personalise\" window.<\/p>\n<p><b>You can add a special character or a breed logo to your engraving (contact us to send us the logo you require).<\/b><\/p>\n<p>&nbsp;<\/p>\n<h4 class=\"p3\"><strong>Use and safety<\/strong><\/h4>\n<p>To ensure the safety of your horse when using your Smart Wag products, please find our recommendations at\u00a0<a href=\"https:\/\/smartwag.com\/en-gb\/size-charts\/\">this page<\/a>.<\/p>\n<p><strong>Important note: like all halters designed with your horse's safety in mind, the Soul halter is not unbreakable. On the contrary, it is designed to break if too much tension is applied.\u00a0<\/strong><\/p>\n<p>&nbsp;<\/p>\n<h4 class=\"p4\"><strong>To complete the look<\/strong><\/h4>\n<p class=\"p3\">The customizable Leather and Rope halter goes well with the\u00a0<a href=\"https:\/\/smartwag.com\/en-gb\/product-2\/longe-coton-cuir\/\"><span class=\"s1\">Cotton leather lead rope<\/span><\/a> and leather, as well as the Soul by Smart Wag custom bridle.<\/p>\n<p>&nbsp;<\/p>\n<h4><strong>What size should you choose for your horse's personalised halter?<\/strong><\/h4>\n<p>Below is a table of Smart Wag halter measurements. To be sure of your choice, we advise you to take your horse's measurements. In the event of a size error, your halter can be exchanged while stocks last.<\/p>\n<p><img decoding=\"async\" class=\"wp-image-2594 size-full aligncenter\" src=\"https:\/\/smartwag.com\/wp-content\/uploads\/2020\/06\/Sans-titre-7.png\" alt=\"\" width=\"2552\" height=\"671\" srcset=\"https:\/\/smartwag.com\/wp-content\/uploads\/2020\/06\/Sans-titre-7.png 2552w, https:\/\/smartwag.com\/wp-content\/uploads\/2020\/06\/Sans-titre-7-600x158.png 600w, https:\/\/smartwag.com\/wp-content\/uploads\/2020\/06\/Sans-titre-7-300x79.png 300w, https:\/\/smartwag.com\/wp-content\/uploads\/2020\/06\/Sans-titre-7-1024x269.png 1024w, https:\/\/smartwag.com\/wp-content\/uploads\/2020\/06\/Sans-titre-7-768x202.png 768w, https:\/\/smartwag.com\/wp-content\/uploads\/2020\/06\/Sans-titre-7-1536x404.png 1536w, https:\/\/smartwag.com\/wp-content\/uploads\/2020\/06\/Sans-titre-7-2048x538.png 2048w, https:\/\/smartwag.com\/wp-content\/uploads\/2020\/06\/Sans-titre-7-18x5.png 18w, https:\/\/smartwag.com\/wp-content\/uploads\/2020\/06\/Sans-titre-7-260x68.png 260w, https:\/\/smartwag.com\/wp-content\/uploads\/2020\/06\/Sans-titre-7-50x13.png 50w, https:\/\/smartwag.com\/wp-content\/uploads\/2020\/06\/Sans-titre-7-150x39.png 150w, https:\/\/smartwag.com\/wp-content\/uploads\/2020\/06\/Sans-titre-7-800x210.png 800w\" sizes=\"(max-width: 2552px) 100vw, 2552px\" \/><\/p>\n<p>&nbsp;<\/p>\n<h4><strong>The Soul halter worn by our customers<\/strong><\/h4>\n<p>&nbsp;<\/p>\n<p><img decoding=\"async\" class=\"alignnone wp-image-2555 size-full\" src=\"https:\/\/smartwag.com\/wp-content\/uploads\/2020\/06\/Cream-and-Brown-Photographic-Beauty-Site-Launch-Website-3.png\" alt=\"Customisable horse halter\" width=\"1363\" height=\"267\" srcset=\"https:\/\/smartwag.com\/wp-content\/uploads\/2020\/06\/Cream-and-Brown-Photographic-Beauty-Site-Launch-Website-3.png 1363w, https:\/\/smartwag.com\/wp-content\/uploads\/2020\/06\/Cream-and-Brown-Photographic-Beauty-Site-Launch-Website-3-600x118.png 600w, https:\/\/smartwag.com\/wp-content\/uploads\/2020\/06\/Cream-and-Brown-Photographic-Beauty-Site-Launch-Website-3-300x59.png 300w, https:\/\/smartwag.com\/wp-content\/uploads\/2020\/06\/Cream-and-Brown-Photographic-Beauty-Site-Launch-Website-3-1024x201.png 1024w, https:\/\/smartwag.com\/wp-content\/uploads\/2020\/06\/Cream-and-Brown-Photographic-Beauty-Site-Launch-Website-3-768x150.png 768w, https:\/\/smartwag.com\/wp-content\/uploads\/2020\/06\/Cream-and-Brown-Photographic-Beauty-Site-Launch-Website-3-18x4.png 18w, https:\/\/smartwag.com\/wp-content\/uploads\/2020\/06\/Cream-and-Brown-Photographic-Beauty-Site-Launch-Website-3-260x51.png 260w, https:\/\/smartwag.com\/wp-content\/uploads\/2020\/06\/Cream-and-Brown-Photographic-Beauty-Site-Launch-Website-3-50x10.png 50w, https:\/\/smartwag.com\/wp-content\/uploads\/2020\/06\/Cream-and-Brown-Photographic-Beauty-Site-Launch-Website-3-150x29.png 150w, https:\/\/smartwag.com\/wp-content\/uploads\/2020\/06\/Cream-and-Brown-Photographic-Beauty-Site-Launch-Website-3-800x157.png 800w\" sizes=\"(max-width: 1363px) 100vw, 1363px\" \/><\/p>\n<p>&nbsp;<\/p>\n<h4><\/h4>\n<h4><strong>Engravings available<\/strong><\/h4>\n<p><img decoding=\"async\" class=\"alignnone wp-image-12080 size-full\" src=\"https:\/\/smartwag.com\/wp-content\/uploads\/2020\/06\/gravure.png\" alt=\"\" width=\"1587\" height=\"1059\" srcset=\"https:\/\/smartwag.com\/wp-content\/uploads\/2020\/06\/gravure.png 1587w, https:\/\/smartwag.com\/wp-content\/uploads\/2020\/06\/gravure-600x400.png 600w, https:\/\/smartwag.com\/wp-content\/uploads\/2020\/06\/gravure-300x200.png 300w, https:\/\/smartwag.com\/wp-content\/uploads\/2020\/06\/gravure-1024x683.png 1024w, https:\/\/smartwag.com\/wp-content\/uploads\/2020\/06\/gravure-768x512.png 768w, https:\/\/smartwag.com\/wp-content\/uploads\/2020\/06\/gravure-1536x1025.png 1536w, https:\/\/smartwag.com\/wp-content\/uploads\/2020\/06\/gravure-18x12.png 18w, https:\/\/smartwag.com\/wp-content\/uploads\/2020\/06\/gravure-219x146.png 219w, https:\/\/smartwag.com\/wp-content\/uploads\/2020\/06\/gravure-50x33.png 50w, https:\/\/smartwag.com\/wp-content\/uploads\/2020\/06\/gravure-112x75.png 112w\" sizes=\"(max-width: 1587px) 100vw, 1587px\" \/><\/p>\n<p>&nbsp;<\/p>\n<h3 class=\"p6\"><strong>Smart Wag maintenance tips :<\/strong><\/h3>\n<p class=\"p4\"><b><i>For a new leather :<\/i><\/b><span class=\"s2\"><img decoding=\"async\" class=\"alignright wp-image-1556\" src=\"https:\/\/smartwag.com\/wp-content\/uploads\/2020\/06\/ECDBBCD6-C981-4E8F-865F-BD4049C8977D.jpg\" sizes=\"(max-width: 347px) 100vw, 347px\" srcset=\"https:\/\/smartwag.com\/wp-content\/uploads\/2020\/06\/ECDBBCD6-C981-4E8F-865F-BD4049C8977D.jpg 750w, https:\/\/smartwag.com\/wp-content\/uploads\/2020\/06\/ECDBBCD6-C981-4E8F-865F-BD4049C8977D-600x899.jpg 600w, https:\/\/smartwag.com\/wp-content\/uploads\/2020\/06\/ECDBBCD6-C981-4E8F-865F-BD4049C8977D-200x300.jpg 200w, https:\/\/smartwag.com\/wp-content\/uploads\/2020\/06\/ECDBBCD6-C981-4E8F-865F-BD4049C8977D-683x1024.jpg 683w, https:\/\/smartwag.com\/wp-content\/uploads\/2020\/06\/ECDBBCD6-C981-4E8F-865F-BD4049C8977D-8x12.jpg 8w, https:\/\/smartwag.com\/wp-content\/uploads\/2020\/06\/ECDBBCD6-C981-4E8F-865F-BD4049C8977D-97x146.jpg 97w, https:\/\/smartwag.com\/wp-content\/uploads\/2020\/06\/ECDBBCD6-C981-4E8F-865F-BD4049C8977D-33x50.jpg 33w, https:\/\/smartwag.com\/wp-content\/uploads\/2020\/06\/ECDBBCD6-C981-4E8F-865F-BD4049C8977D-50x75.jpg 50w\" alt=\"\" width=\"347\" height=\"521\" \/><\/span><\/p>\n<p>New leather riding gear still has all its natural moisture and does not need to be rehydrated with glycerine soap. You can, however, soften leather that is a little stiff before use with a leather balm or cream.<span class=\"s2\"><br \/>\n<\/span>You can then leave to dry for a day in a temperate place in the shade.<\/p>\n<p class=\"p4\"><span class=\"s2\"><br \/>\n<\/span><b><i>For leather that has already been used:<\/i><\/b><span class=\"s2\"><br \/>\n<\/span>Remove dust daily with a damp cloth.<span class=\"s2\"><br \/>\n<\/span>You can clean your halter every 3 to 4 weeks with a mild glycerine soap (non-detergent composition) or lightly soaked in colourless leather cream. To ensure the longevity of your leather, we recommend that you store your leather halter in its Smart Wag cotton pouch, in a dry place away from direct sunlight.<\/p>\n<p>&nbsp;<\/p>\n<h6><strong>What you need to know:<\/strong> Smart Wag is a Swiss company. Purchasing an item from a European country or in a foreign currency may expose you to bank charges.<\/h6>","protected":false},"excerpt":{"rendered":"<p class=\"p1\">A <strong>licol personnalisable souple dot\u00e9 de surpiq\u00fbres contrast\u00e9es.<\/strong>\u00a0Made from cowhide leather, lined and padded on the headpiece and noseband to ensure optimum comfort for the horse. Available in brown or black leather.<\/p>","protected":false},"featured_media":20339,"comment_status":"closed","ping_status":"closed","template":"","meta":{"_acf_changed":false,"_sitemap_exclude":false,"_sitemap_priority":"","_sitemap_frequency":"","site-sidebar-layout":"default","site-content-layout":"","ast-site-content-layout":"default","site-content-style":"default","site-sidebar-style":"default","ast-global-header-display":"","ast-banner-title-visibility":"","ast-main-header-display":"","ast-hfb-above-header-display":"","ast-hfb-below-header-display":"","ast-hfb-mobile-header-display":"","site-post-title":"","ast-breadcrumbs-content":"","ast-featured-img":"","footer-sml-layout":"","ast-disable-related-posts":"","theme-transparent-header-meta":"default","adv-header-id-meta":"","stick-header-meta":"default","header-above-stick-meta":"","header-main-stick-meta":"","header-below-stick-meta":"","astra-migrate-meta-layouts":"set","ast-page-background-enabled":"default","ast-page-background-meta":{"desktop":{"background-color":"var(--ast-global-color-4)","background-image":"","background-repeat":"repeat","background-position":"center center","background-size":"auto","background-attachment":"scroll","background-type":"","background-media":"","overlay-type":"","overlay-color":"","overlay-opacity":"","overlay-gradient":""},"tablet":{"background-color":"","background-image":"","background-repeat":"repeat","background-position":"center center","background-size":"auto","background-attachment":"scroll","background-type":"","background-media":"","overlay-type":"","overlay-color":"","overlay-opacity":"","overlay-gradient":""},"mobile":{"background-color":"","background-image":"","background-repeat":"repeat","background-position":"center center","background-size":"auto","background-attachment":"scroll","background-type":"","background-media":"","overlay-type":"","overlay-color":"","overlay-opacity":"","overlay-gradient":""}},"ast-content-background-meta":{"desktop":{"background-color":"var(--ast-global-color-5)","background-image":"","background-repeat":"repeat","background-position":"center center","background-size":"auto","background-attachment":"scroll","background-type":"","background-media":"","overlay-type":"","overlay-color":"","overlay-opacity":"","overlay-gradient":""},"tablet":{"background-color":"var(--ast-global-color-5)","background-image":"","background-repeat":"repeat","background-position":"center center","background-size":"auto","background-attachment":"scroll","background-type":"","background-media":"","overlay-type":"","overlay-color":"","overlay-opacity":"","overlay-gradient":""},"mobile":{"background-color":"var(--ast-global-color-5)","background-image":"","background-repeat":"repeat","background-position":"center center","background-size":"auto","background-attachment":"scroll","background-type":"","background-media":"","overlay-type":"","overlay-color":"","overlay-opacity":"","overlay-gradient":""}}},"product_brand":[],"product_cat":[25,384],"product_tag":[],"class_list":{"0":"post-130","1":"product","2":"type-product","3":"status-publish","4":"has-post-thumbnail","6":"product_cat-licols-longes","7":"product_cat-licol-poney-shetland","8":"desktop-align-left","9":"tablet-align-left","10":"mobile-align-left","11":"ast-product-gallery-layout-first-image-large","12":"ast-magnify-disabled","13":"ast-product-single-variable","14":"ast-product-tabs-layout-accordion","15":"wcpa_has_options","17":"first","18":"instock","19":"featured","20":"shipping-taxable","21":"purchasable","22":"product-type-variable"},"acf":[],"yoast_head":"<!-- This site is optimized with the Yoast SEO plugin v27.2 - https:\/\/yoast.com\/product\/yoast-seo-wordpress\/ -->\n<title>Licol personnalisable en cuir Soul - Smart Wag<\/title>\n<meta name=\"description\" content=\"Licol en cuir grav\u00e9 Soul, personnalisable pour un style unique. Offrez confort et distinction \u00e0 votre cheval avec cet accessoire haut de gamme.\" \/>\n<meta name=\"robots\" content=\"index, follow, max-snippet:-1, max-image-preview:large, max-video-preview:-1\" \/>\n<link rel=\"canonical\" href=\"https:\/\/smartwag.com\/en-gb\/product-2\/soul-custom-halter\/\" \/>\n<meta property=\"og:locale\" content=\"en_GB\" \/>\n<meta property=\"og:type\" content=\"article\" \/>\n<meta property=\"og:title\" content=\"Licol personnalisable en cuir Soul - Smart Wag\" \/>\n<meta property=\"og:description\" content=\"Licol en cuir grav\u00e9 Soul, personnalisable pour un style unique. Offrez confort et distinction \u00e0 votre cheval avec cet accessoire haut de gamme.\" \/>\n<meta property=\"og:url\" content=\"https:\/\/smartwag.com\/en-gb\/product-2\/soul-custom-halter\/\" \/>\n<meta property=\"og:site_name\" content=\"Smart Wag\" \/>\n<meta property=\"article:modified_time\" content=\"2026-04-20T12:08:16+00:00\" \/>\n<meta property=\"og:image\" content=\"https:\/\/smartwag.com\/wp-content\/uploads\/2020\/06\/soul-noir-argent.jpg.webp\" \/>\n\t<meta property=\"og:image:width\" content=\"1200\" \/>\n\t<meta property=\"og:image:height\" content=\"1200\" \/>\n\t<meta property=\"og:image:type\" content=\"image\/webp\" \/>\n<meta name=\"twitter:card\" content=\"summary_large_image\" \/>\n<meta name=\"twitter:label1\" content=\"Estimated reading time\" \/>\n\t<meta name=\"twitter:data1\" content=\"4 minutes\" \/>\n<script type=\"application\/ld+json\" class=\"yoast-schema-graph\">{\"@context\":\"https:\/\/schema.org\",\"@graph\":[{\"@type\":\"WebPage\",\"@id\":\"https:\/\/smartwag.com\/produit\/licol-en-cuir-grave-personnalisable-soul\/\",\"url\":\"https:\/\/smartwag.com\/produit\/licol-en-cuir-grave-personnalisable-soul\/\",\"name\":\"Licol personnalisable en cuir Soul - Smart Wag\",\"isPartOf\":{\"@id\":\"https:\/\/smartwag.com\/#website\"},\"primaryImageOfPage\":{\"@id\":\"https:\/\/smartwag.com\/produit\/licol-en-cuir-grave-personnalisable-soul\/#primaryimage\"},\"image\":{\"@id\":\"https:\/\/smartwag.com\/produit\/licol-en-cuir-grave-personnalisable-soul\/#primaryimage\"},\"thumbnailUrl\":\"https:\/\/smartwag.com\/wp-content\/uploads\/2020\/06\/soul-noir-argent.jpg.webp\",\"datePublished\":\"2020-06-26T09:22:08+00:00\",\"dateModified\":\"2026-04-20T12:08:16+00:00\",\"description\":\"Licol en cuir grav\u00e9 Soul, personnalisable pour un style unique. Offrez confort et distinction \u00e0 votre cheval avec cet accessoire haut de gamme.\",\"breadcrumb\":{\"@id\":\"https:\/\/smartwag.com\/produit\/licol-en-cuir-grave-personnalisable-soul\/#breadcrumb\"},\"inLanguage\":\"en-GB\",\"potentialAction\":[{\"@type\":\"ReadAction\",\"target\":[\"https:\/\/smartwag.com\/produit\/licol-en-cuir-grave-personnalisable-soul\/\"]}]},{\"@type\":\"ImageObject\",\"inLanguage\":\"en-GB\",\"@id\":\"https:\/\/smartwag.com\/produit\/licol-en-cuir-grave-personnalisable-soul\/#primaryimage\",\"url\":\"https:\/\/smartwag.com\/wp-content\/uploads\/2020\/06\/soul-noir-argent.jpg.webp\",\"contentUrl\":\"https:\/\/smartwag.com\/wp-content\/uploads\/2020\/06\/soul-noir-argent.jpg.webp\",\"width\":1200,\"height\":1200},{\"@type\":\"BreadcrumbList\",\"@id\":\"https:\/\/smartwag.com\/produit\/licol-en-cuir-grave-personnalisable-soul\/#breadcrumb\",\"itemListElement\":[{\"@type\":\"ListItem\",\"position\":1,\"name\":\"Home\",\"item\":\"https:\/\/smartwag.com\/\"},{\"@type\":\"ListItem\",\"position\":2,\"name\":\"Boutique\",\"item\":\"https:\/\/smartwag.com\/boutique\/\"},{\"@type\":\"ListItem\",\"position\":3,\"name\":\"Licol personnalisable en cuir Soul\"}]},{\"@type\":\"WebSite\",\"@id\":\"https:\/\/smartwag.com\/#website\",\"url\":\"https:\/\/smartwag.com\/\",\"name\":\"Smart Wag\",\"description\":\"Sp\u00e9cialiste de la gravure personnalis\u00e9e pour cheval et chien\",\"publisher\":{\"@id\":\"https:\/\/smartwag.com\/#organization\"},\"potentialAction\":[{\"@type\":\"SearchAction\",\"target\":{\"@type\":\"EntryPoint\",\"urlTemplate\":\"https:\/\/smartwag.com\/?s={search_term_string}\"},\"query-input\":{\"@type\":\"PropertyValueSpecification\",\"valueRequired\":true,\"valueName\":\"search_term_string\"}}],\"inLanguage\":\"en-GB\"},{\"@type\":\"Organization\",\"@id\":\"https:\/\/smartwag.com\/#organization\",\"name\":\"Smart Wag\",\"url\":\"https:\/\/smartwag.com\/\",\"logo\":{\"@type\":\"ImageObject\",\"inLanguage\":\"en-GB\",\"@id\":\"https:\/\/smartwag.com\/#\/schema\/logo\/image\/\",\"url\":\"https:\/\/smartwag.com\/wp-content\/uploads\/2021\/10\/logo-noir.png\",\"contentUrl\":\"https:\/\/smartwag.com\/wp-content\/uploads\/2021\/10\/logo-noir.png\",\"width\":490,\"height\":204,\"caption\":\"Smart Wag\"},\"image\":{\"@id\":\"https:\/\/smartwag.com\/#\/schema\/logo\/image\/\"}}]}<\/script>\n<!-- \/ Yoast SEO plugin. -->","yoast_head_json":{"title":"Customisable Soul leather halter - Smart Wag","description":"Soul engraved leather halter, customisable for a unique style. Offer your horse comfort and distinction with this top-of-the-range accessory.","robots":{"index":"index","follow":"follow","max-snippet":"max-snippet:-1","max-image-preview":"max-image-preview:large","max-video-preview":"max-video-preview:-1"},"canonical":"https:\/\/smartwag.com\/en-gb\/product-2\/soul-custom-halter\/","og_locale":"en_GB","og_type":"article","og_title":"Licol personnalisable en cuir Soul - Smart Wag","og_description":"Licol en cuir grav\u00e9 Soul, personnalisable pour un style unique. Offrez confort et distinction \u00e0 votre cheval avec cet accessoire haut de gamme.","og_url":"https:\/\/smartwag.com\/en-gb\/product-2\/soul-custom-halter\/","og_site_name":"Smart Wag","article_modified_time":"2026-04-20T12:08:16+00:00","og_image":[{"width":1200,"height":1200,"url":"https:\/\/smartwag.com\/wp-content\/uploads\/2020\/06\/soul-noir-argent.jpg.webp","type":"image\/webp"}],"twitter_card":"summary_large_image","twitter_misc":{"Estimated reading time":"4 minutes"},"schema":{"@context":"https:\/\/schema.org","@graph":[{"@type":"WebPage","@id":"https:\/\/smartwag.com\/produit\/licol-en-cuir-grave-personnalisable-soul\/","url":"https:\/\/smartwag.com\/produit\/licol-en-cuir-grave-personnalisable-soul\/","name":"Customisable Soul leather halter - Smart Wag","isPartOf":{"@id":"https:\/\/smartwag.com\/#website"},"primaryImageOfPage":{"@id":"https:\/\/smartwag.com\/produit\/licol-en-cuir-grave-personnalisable-soul\/#primaryimage"},"image":{"@id":"https:\/\/smartwag.com\/produit\/licol-en-cuir-grave-personnalisable-soul\/#primaryimage"},"thumbnailUrl":"https:\/\/smartwag.com\/wp-content\/uploads\/2020\/06\/soul-noir-argent.jpg.webp","datePublished":"2020-06-26T09:22:08+00:00","dateModified":"2026-04-20T12:08:16+00:00","description":"Soul engraved leather halter, customisable for a unique style. Offer your horse comfort and distinction with this top-of-the-range accessory.","breadcrumb":{"@id":"https:\/\/smartwag.com\/produit\/licol-en-cuir-grave-personnalisable-soul\/#breadcrumb"},"inLanguage":"en-GB","potentialAction":[{"@type":"ReadAction","target":["https:\/\/smartwag.com\/produit\/licol-en-cuir-grave-personnalisable-soul\/"]}]},{"@type":"ImageObject","inLanguage":"en-GB","@id":"https:\/\/smartwag.com\/produit\/licol-en-cuir-grave-personnalisable-soul\/#primaryimage","url":"https:\/\/smartwag.com\/wp-content\/uploads\/2020\/06\/soul-noir-argent.jpg.webp","contentUrl":"https:\/\/smartwag.com\/wp-content\/uploads\/2020\/06\/soul-noir-argent.jpg.webp","width":1200,"height":1200},{"@type":"BreadcrumbList","@id":"https:\/\/smartwag.com\/produit\/licol-en-cuir-grave-personnalisable-soul\/#breadcrumb","itemListElement":[{"@type":"ListItem","position":1,"name":"Home","item":"https:\/\/smartwag.com\/"},{"@type":"ListItem","position":2,"name":"Boutique","item":"https:\/\/smartwag.com\/boutique\/"},{"@type":"ListItem","position":3,"name":"Licol personnalisable en cuir Soul"}]},{"@type":"WebSite","@id":"https:\/\/smartwag.com\/#website","url":"https:\/\/smartwag.com\/","name":"Smart Wag","description":"Specialist in personalised engraving for horses and dogs","publisher":{"@id":"https:\/\/smartwag.com\/#organization"},"potentialAction":[{"@type":"SearchAction","target":{"@type":"EntryPoint","urlTemplate":"https:\/\/smartwag.com\/?s={search_term_string}"},"query-input":{"@type":"PropertyValueSpecification","valueRequired":true,"valueName":"search_term_string"}}],"inLanguage":"en-GB"},{"@type":"Organization","@id":"https:\/\/smartwag.com\/#organization","name":"Smart Wag","url":"https:\/\/smartwag.com\/","logo":{"@type":"ImageObject","inLanguage":"en-GB","@id":"https:\/\/smartwag.com\/#\/schema\/logo\/image\/","url":"https:\/\/smartwag.com\/wp-content\/uploads\/2021\/10\/logo-noir.png","contentUrl":"https:\/\/smartwag.com\/wp-content\/uploads\/2021\/10\/logo-noir.png","width":490,"height":204,"caption":"Smart Wag"},"image":{"@id":"https:\/\/smartwag.com\/#\/schema\/logo\/image\/"}}]}},"_links":{"self":[{"href":"https:\/\/smartwag.com\/en-gb\/wp-json\/wp\/v2\/product\/130","targetHints":{"allow":["GET"]}}],"collection":[{"href":"https:\/\/smartwag.com\/en-gb\/wp-json\/wp\/v2\/product"}],"about":[{"href":"https:\/\/smartwag.com\/en-gb\/wp-json\/wp\/v2\/types\/product"}],"replies":[{"embeddable":true,"href":"https:\/\/smartwag.com\/en-gb\/wp-json\/wp\/v2\/comments?post=130"}],"wp:featuredmedia":[{"embeddable":true,"href":"https:\/\/smartwag.com\/en-gb\/wp-json\/wp\/v2\/media\/20339"}],"wp:attachment":[{"href":"https:\/\/smartwag.com\/en-gb\/wp-json\/wp\/v2\/media?parent=130"}],"wp:term":[{"taxonomy":"product_brand","embeddable":true,"href":"https:\/\/smartwag.com\/en-gb\/wp-json\/wp\/v2\/product_brand?post=130"},{"taxonomy":"product_cat","embeddable":true,"href":"https:\/\/smartwag.com\/en-gb\/wp-json\/wp\/v2\/product_cat?post=130"},{"taxonomy":"product_tag","embeddable":true,"href":"https:\/\/smartwag.com\/en-gb\/wp-json\/wp\/v2\/product_tag?post=130"}],"curies":[{"name":"wp","href":"https:\/\/api.w.org\/{rel}","templated":true}]}}