{"id":10950,"date":"2023-07-04T21:51:02","date_gmt":"2023-07-04T19:51:02","guid":{"rendered":"https:\/\/smartwag.com\/?post_type=product&#038;p=10950"},"modified":"2025-06-09T09:49:44","modified_gmt":"2025-06-09T07:49:44","slug":"personalised-leather-dog-collar-basel","status":"publish","type":"product","link":"https:\/\/smartwag.com\/en-gb\/produit\/collier-pour-chien-personnalise-en-cuir-basel\/","title":{"rendered":"Basel leather dog collar"},"content":{"rendered":"<h3><strong>Un collier en cuir tress\u00e9\u00a0<\/strong><\/h3>\n<p style=\"text-align: justify;\">Collier pour chien en cuir de vachette agr\u00e9ment\u00e9 de cuir tress\u00e9. Le collier Basel est assorti aux cuirs pour chevaux comme le <a href=\"https:\/\/smartwag.com\/en-gb\/product-2\/licol-personnalisable-en-cuir-st-moritz-i\/\">Licol St Moritz<\/a> et le <a href=\"https:\/\/smartwag.com\/en-gb\/product-2\/basel-custom-leather-bridle\/\">bridon Basel<\/a>.<\/p>\n<p>&nbsp;<\/p>\n<h4><strong>The advantage of equipping your dog with a personalized collar?<\/strong><\/h4>\n<p>Our friends the dogs, although often faithful, can grant themselves some <a href=\"https:\/\/www.vetostore.com\/conseils-chien\/comprendre-le-comportement-du-chien-fugueur-3-96.html\">solitary walks<\/a>. To facilitate your reunion, a personalized dog collar with a plate or a medal allows you to put your phone number or your dog's name on it.\u00a0 It's much more practical to allow people who cross your dog to contact you.<\/p>\n<p>&nbsp;<\/p>\n<h3 style=\"text-align: left;\"><strong>How do I care for my Smart Wag personalised dog collar?<\/strong><\/h3>\n<p style=\"text-align: justify;\"><em><strong>For a new leather collar:<\/strong><\/em><\/p>\n<p style=\"text-align: justify;\">A new leather  still has all its natural moisture and does not need to be rehydrated with glycerine soap.<br \/>\nOn the contrary, this maintenance product could alter the colour of leathers having a natural finish (aniline), especially the brown or havana leathers.<br \/>\nBut new leather is naturally dry stiff and must be softened before its first use. You can then apply a colourless leather oil to the back and top of the leather with a clean cloth. The oil will penetrate into the heart of the leather to soften it.<br \/>\nIf your leather still feels too stiff, do not hesitate to repeat the application until it becomes soft enough.<br \/>\nYou can then leave to dry for a day in a temperate and shady place. This will preserve your leather longer and give it a beautiful patina.<\/p>\n<p class=\"p1\"><b><i>For leather that has already been used:<\/i><\/b><\/p>\n<p class=\"p1\">To maintain your leather dog collar, first remove dust with a damp sponge. You can then apply a degreasing lotion to clean the material thoroughly. It is important not to feed the leather without first cleaning it properly.<\/p>\n<p class=\"p1\">Afterwards, you can coat your collar with leather oil or grease, which will make the leather supple again.<\/p>\n<p class=\"p1\">Important note: It is important to let the leather dry at room temperature before applying an oil. After each step, avoid leaving your leather to dry in direct sunlight, as this may cook the leather and damage it.<\/p>","protected":false},"excerpt":{"rendered":"<p style=\"text-align: justify;\"><strong>Collier pour chien personnalis\u00e9 en cuir tress\u00e9. <\/strong>Assorti au licol St Moritz et au bridon Basel.<\/p>\n<p style=\"color: #ffffff;\">collier chien personnalis\u00e9<\/p>","protected":false},"featured_media":10952,"comment_status":"closed","ping_status":"closed","template":"","meta":{"_acf_changed":false,"_sitemap_exclude":false,"_sitemap_priority":"","_sitemap_frequency":"","site-sidebar-layout":"default","site-content-layout":"","ast-site-content-layout":"default","site-content-style":"default","site-sidebar-style":"default","ast-global-header-display":"","ast-banner-title-visibility":"","ast-main-header-display":"","ast-hfb-above-header-display":"","ast-hfb-below-header-display":"","ast-hfb-mobile-header-display":"","site-post-title":"","ast-breadcrumbs-content":"","ast-featured-img":"","footer-sml-layout":"","ast-disable-related-posts":"","theme-transparent-header-meta":"default","adv-header-id-meta":"","stick-header-meta":"default","header-above-stick-meta":"","header-main-stick-meta":"","header-below-stick-meta":"","astra-migrate-meta-layouts":"set","ast-page-background-enabled":"default","ast-page-background-meta":{"desktop":{"background-color":"var(--ast-global-color-4)","background-image":"","background-repeat":"repeat","background-position":"center center","background-size":"auto","background-attachment":"scroll","background-type":"","background-media":"","overlay-type":"","overlay-color":"","overlay-opacity":"","overlay-gradient":""},"tablet":{"background-color":"","background-image":"","background-repeat":"repeat","background-position":"center center","background-size":"auto","background-attachment":"scroll","background-type":"","background-media":"","overlay-type":"","overlay-color":"","overlay-opacity":"","overlay-gradient":""},"mobile":{"background-color":"","background-image":"","background-repeat":"repeat","background-position":"center center","background-size":"auto","background-attachment":"scroll","background-type":"","background-media":"","overlay-type":"","overlay-color":"","overlay-opacity":"","overlay-gradient":""}},"ast-content-background-meta":{"desktop":{"background-color":"var(--ast-global-color-5)","background-image":"","background-repeat":"repeat","background-position":"center center","background-size":"auto","background-attachment":"scroll","background-type":"","background-media":"","overlay-type":"","overlay-color":"","overlay-opacity":"","overlay-gradient":""},"tablet":{"background-color":"var(--ast-global-color-5)","background-image":"","background-repeat":"repeat","background-position":"center center","background-size":"auto","background-attachment":"scroll","background-type":"","background-media":"","overlay-type":"","overlay-color":"","overlay-opacity":"","overlay-gradient":""},"mobile":{"background-color":"var(--ast-global-color-5)","background-image":"","background-repeat":"repeat","background-position":"center center","background-size":"auto","background-attachment":"scroll","background-type":"","background-media":"","overlay-type":"","overlay-color":"","overlay-opacity":"","overlay-gradient":""}}},"product_brand":[],"product_cat":[157,19],"product_tag":[],"class_list":{"0":"post-10950","1":"product","2":"type-product","3":"status-publish","4":"has-post-thumbnail","6":"product_cat-collier-en-cuir","7":"product_cat-equipement-chien","8":"desktop-align-left","9":"tablet-align-left","10":"mobile-align-left","11":"ast-product-gallery-layout-first-image-large","12":"ast-magnify-disabled","13":"ast-product-single-variable","14":"ast-product-tabs-layout-accordion","15":"wcpa_has_options","17":"first","18":"instock","19":"shipping-taxable","20":"purchasable","21":"product-type-variable"},"acf":[],"yoast_head":"<!-- This site is optimized with the Yoast SEO plugin v27.2 - https:\/\/yoast.com\/product\/yoast-seo-wordpress\/ -->\n<title>Collier pour chien personnalis\u00e9 en cuir Basel - Smart Wag<\/title>\n<meta name=\"description\" content=\"Collier chien personnalis\u00e9 en cuir demi-nourri de tr\u00e8s bonne qualit\u00e9, d\u2019un aspect moderne et chic. Il est d\u00e9cor\u00e9 de motifs argent\u00e9s .\" \/>\n<meta name=\"robots\" content=\"index, follow, max-snippet:-1, max-image-preview:large, max-video-preview:-1\" \/>\n<link rel=\"canonical\" href=\"https:\/\/smartwag.com\/en-gb\/product-2\/personalised-leather-dog-collar-basel\/\" \/>\n<meta property=\"og:locale\" content=\"en_GB\" \/>\n<meta property=\"og:type\" content=\"article\" \/>\n<meta property=\"og:title\" content=\"Collier pour chien personnalis\u00e9 en cuir Basel - Smart Wag\" \/>\n<meta property=\"og:description\" content=\"Collier chien personnalis\u00e9 en cuir demi-nourri de tr\u00e8s bonne qualit\u00e9, d\u2019un aspect moderne et chic. Il est d\u00e9cor\u00e9 de motifs argent\u00e9s .\" \/>\n<meta property=\"og:url\" content=\"https:\/\/smartwag.com\/en-gb\/product-2\/personalised-leather-dog-collar-basel\/\" \/>\n<meta property=\"og:site_name\" content=\"Smart Wag\" \/>\n<meta property=\"article:modified_time\" content=\"2025-06-09T07:49:44+00:00\" \/>\n<meta property=\"og:image\" content=\"https:\/\/smartwag.com\/wp-content\/uploads\/2023\/07\/IMG_1557.png\" \/>\n\t<meta property=\"og:image:width\" content=\"2268\" \/>\n\t<meta property=\"og:image:height\" content=\"2263\" \/>\n\t<meta property=\"og:image:type\" content=\"image\/png\" \/>\n<meta name=\"twitter:card\" content=\"summary_large_image\" \/>\n<meta name=\"twitter:label1\" content=\"Estimated reading time\" \/>\n\t<meta name=\"twitter:data1\" content=\"2 minutes\" \/>\n<script type=\"application\/ld+json\" class=\"yoast-schema-graph\">{\"@context\":\"https:\/\/schema.org\",\"@graph\":[{\"@type\":\"WebPage\",\"@id\":\"https:\/\/smartwag.com\/produit\/collier-pour-chien-personnalise-en-cuir-basel\/\",\"url\":\"https:\/\/smartwag.com\/produit\/collier-pour-chien-personnalise-en-cuir-basel\/\",\"name\":\"Collier pour chien personnalis\u00e9 en cuir Basel - Smart Wag\",\"isPartOf\":{\"@id\":\"https:\/\/smartwag.com\/#website\"},\"primaryImageOfPage\":{\"@id\":\"https:\/\/smartwag.com\/produit\/collier-pour-chien-personnalise-en-cuir-basel\/#primaryimage\"},\"image\":{\"@id\":\"https:\/\/smartwag.com\/produit\/collier-pour-chien-personnalise-en-cuir-basel\/#primaryimage\"},\"thumbnailUrl\":\"https:\/\/smartwag.com\/wp-content\/uploads\/2023\/07\/IMG_1557.png\",\"datePublished\":\"2023-07-04T19:51:02+00:00\",\"dateModified\":\"2025-06-09T07:49:44+00:00\",\"description\":\"Collier chien personnalis\u00e9 en cuir demi-nourri de tr\u00e8s bonne qualit\u00e9, d\u2019un aspect moderne et chic. Il est d\u00e9cor\u00e9 de motifs argent\u00e9s .\",\"breadcrumb\":{\"@id\":\"https:\/\/smartwag.com\/produit\/collier-pour-chien-personnalise-en-cuir-basel\/#breadcrumb\"},\"inLanguage\":\"en-GB\",\"potentialAction\":[{\"@type\":\"ReadAction\",\"target\":[\"https:\/\/smartwag.com\/produit\/collier-pour-chien-personnalise-en-cuir-basel\/\"]}]},{\"@type\":\"ImageObject\",\"inLanguage\":\"en-GB\",\"@id\":\"https:\/\/smartwag.com\/produit\/collier-pour-chien-personnalise-en-cuir-basel\/#primaryimage\",\"url\":\"https:\/\/smartwag.com\/wp-content\/uploads\/2023\/07\/IMG_1557.png\",\"contentUrl\":\"https:\/\/smartwag.com\/wp-content\/uploads\/2023\/07\/IMG_1557.png\",\"width\":2268,\"height\":2263,\"caption\":\"collier en cuir tress\u00e9 chien\"},{\"@type\":\"BreadcrumbList\",\"@id\":\"https:\/\/smartwag.com\/produit\/collier-pour-chien-personnalise-en-cuir-basel\/#breadcrumb\",\"itemListElement\":[{\"@type\":\"ListItem\",\"position\":1,\"name\":\"Home\",\"item\":\"https:\/\/smartwag.com\/\"},{\"@type\":\"ListItem\",\"position\":2,\"name\":\"Boutique\",\"item\":\"https:\/\/smartwag.com\/boutique\/\"},{\"@type\":\"ListItem\",\"position\":3,\"name\":\"Collier pour chien personnalis\u00e9 en cuir Basel\"}]},{\"@type\":\"WebSite\",\"@id\":\"https:\/\/smartwag.com\/#website\",\"url\":\"https:\/\/smartwag.com\/\",\"name\":\"Smart Wag\",\"description\":\"Sp\u00e9cialiste de la gravure personnalis\u00e9e pour cheval et chien\",\"publisher\":{\"@id\":\"https:\/\/smartwag.com\/#organization\"},\"potentialAction\":[{\"@type\":\"SearchAction\",\"target\":{\"@type\":\"EntryPoint\",\"urlTemplate\":\"https:\/\/smartwag.com\/?s={search_term_string}\"},\"query-input\":{\"@type\":\"PropertyValueSpecification\",\"valueRequired\":true,\"valueName\":\"search_term_string\"}}],\"inLanguage\":\"en-GB\"},{\"@type\":\"Organization\",\"@id\":\"https:\/\/smartwag.com\/#organization\",\"name\":\"Smart Wag\",\"url\":\"https:\/\/smartwag.com\/\",\"logo\":{\"@type\":\"ImageObject\",\"inLanguage\":\"en-GB\",\"@id\":\"https:\/\/smartwag.com\/#\/schema\/logo\/image\/\",\"url\":\"https:\/\/smartwag.com\/wp-content\/uploads\/2021\/10\/logo-noir.png\",\"contentUrl\":\"https:\/\/smartwag.com\/wp-content\/uploads\/2021\/10\/logo-noir.png\",\"width\":490,\"height\":204,\"caption\":\"Smart Wag\"},\"image\":{\"@id\":\"https:\/\/smartwag.com\/#\/schema\/logo\/image\/\"}}]}<\/script>\n<!-- \/ Yoast SEO plugin. -->","yoast_head_json":{"title":"Basel leather dog collar - Smart Wag","description":"Personalised dog collar in high-quality half-breasted leather with a modern, chic look. Decorated with silver motifs.","robots":{"index":"index","follow":"follow","max-snippet":"max-snippet:-1","max-image-preview":"max-image-preview:large","max-video-preview":"max-video-preview:-1"},"canonical":"https:\/\/smartwag.com\/en-gb\/product-2\/personalised-leather-dog-collar-basel\/","og_locale":"en_GB","og_type":"article","og_title":"Collier pour chien personnalis\u00e9 en cuir Basel - Smart Wag","og_description":"Collier chien personnalis\u00e9 en cuir demi-nourri de tr\u00e8s bonne qualit\u00e9, d\u2019un aspect moderne et chic. Il est d\u00e9cor\u00e9 de motifs argent\u00e9s .","og_url":"https:\/\/smartwag.com\/en-gb\/product-2\/personalised-leather-dog-collar-basel\/","og_site_name":"Smart Wag","article_modified_time":"2025-06-09T07:49:44+00:00","og_image":[{"width":2268,"height":2263,"url":"https:\/\/smartwag.com\/wp-content\/uploads\/2023\/07\/IMG_1557.png","type":"image\/png"}],"twitter_card":"summary_large_image","twitter_misc":{"Estimated reading time":"2 minutes"},"schema":{"@context":"https:\/\/schema.org","@graph":[{"@type":"WebPage","@id":"https:\/\/smartwag.com\/produit\/collier-pour-chien-personnalise-en-cuir-basel\/","url":"https:\/\/smartwag.com\/produit\/collier-pour-chien-personnalise-en-cuir-basel\/","name":"Basel leather dog collar - Smart Wag","isPartOf":{"@id":"https:\/\/smartwag.com\/#website"},"primaryImageOfPage":{"@id":"https:\/\/smartwag.com\/produit\/collier-pour-chien-personnalise-en-cuir-basel\/#primaryimage"},"image":{"@id":"https:\/\/smartwag.com\/produit\/collier-pour-chien-personnalise-en-cuir-basel\/#primaryimage"},"thumbnailUrl":"https:\/\/smartwag.com\/wp-content\/uploads\/2023\/07\/IMG_1557.png","datePublished":"2023-07-04T19:51:02+00:00","dateModified":"2025-06-09T07:49:44+00:00","description":"Personalised dog collar in high-quality half-breasted leather with a modern, chic look. Decorated with silver motifs.","breadcrumb":{"@id":"https:\/\/smartwag.com\/produit\/collier-pour-chien-personnalise-en-cuir-basel\/#breadcrumb"},"inLanguage":"en-GB","potentialAction":[{"@type":"ReadAction","target":["https:\/\/smartwag.com\/produit\/collier-pour-chien-personnalise-en-cuir-basel\/"]}]},{"@type":"ImageObject","inLanguage":"en-GB","@id":"https:\/\/smartwag.com\/produit\/collier-pour-chien-personnalise-en-cuir-basel\/#primaryimage","url":"https:\/\/smartwag.com\/wp-content\/uploads\/2023\/07\/IMG_1557.png","contentUrl":"https:\/\/smartwag.com\/wp-content\/uploads\/2023\/07\/IMG_1557.png","width":2268,"height":2263,"caption":"collier en cuir tress\u00e9 chien"},{"@type":"BreadcrumbList","@id":"https:\/\/smartwag.com\/produit\/collier-pour-chien-personnalise-en-cuir-basel\/#breadcrumb","itemListElement":[{"@type":"ListItem","position":1,"name":"Home","item":"https:\/\/smartwag.com\/"},{"@type":"ListItem","position":2,"name":"Boutique","item":"https:\/\/smartwag.com\/boutique\/"},{"@type":"ListItem","position":3,"name":"Collier pour chien personnalis\u00e9 en cuir Basel"}]},{"@type":"WebSite","@id":"https:\/\/smartwag.com\/#website","url":"https:\/\/smartwag.com\/","name":"Smart Wag","description":"Specialist in personalised engraving for horses and dogs","publisher":{"@id":"https:\/\/smartwag.com\/#organization"},"potentialAction":[{"@type":"SearchAction","target":{"@type":"EntryPoint","urlTemplate":"https:\/\/smartwag.com\/?s={search_term_string}"},"query-input":{"@type":"PropertyValueSpecification","valueRequired":true,"valueName":"search_term_string"}}],"inLanguage":"en-GB"},{"@type":"Organization","@id":"https:\/\/smartwag.com\/#organization","name":"Smart Wag","url":"https:\/\/smartwag.com\/","logo":{"@type":"ImageObject","inLanguage":"en-GB","@id":"https:\/\/smartwag.com\/#\/schema\/logo\/image\/","url":"https:\/\/smartwag.com\/wp-content\/uploads\/2021\/10\/logo-noir.png","contentUrl":"https:\/\/smartwag.com\/wp-content\/uploads\/2021\/10\/logo-noir.png","width":490,"height":204,"caption":"Smart Wag"},"image":{"@id":"https:\/\/smartwag.com\/#\/schema\/logo\/image\/"}}]}},"_links":{"self":[{"href":"https:\/\/smartwag.com\/en-gb\/wp-json\/wp\/v2\/product\/10950","targetHints":{"allow":["GET"]}}],"collection":[{"href":"https:\/\/smartwag.com\/en-gb\/wp-json\/wp\/v2\/product"}],"about":[{"href":"https:\/\/smartwag.com\/en-gb\/wp-json\/wp\/v2\/types\/product"}],"replies":[{"embeddable":true,"href":"https:\/\/smartwag.com\/en-gb\/wp-json\/wp\/v2\/comments?post=10950"}],"wp:featuredmedia":[{"embeddable":true,"href":"https:\/\/smartwag.com\/en-gb\/wp-json\/wp\/v2\/media\/10952"}],"wp:attachment":[{"href":"https:\/\/smartwag.com\/en-gb\/wp-json\/wp\/v2\/media?parent=10950"}],"wp:term":[{"taxonomy":"product_brand","embeddable":true,"href":"https:\/\/smartwag.com\/en-gb\/wp-json\/wp\/v2\/product_brand?post=10950"},{"taxonomy":"product_cat","embeddable":true,"href":"https:\/\/smartwag.com\/en-gb\/wp-json\/wp\/v2\/product_cat?post=10950"},{"taxonomy":"product_tag","embeddable":true,"href":"https:\/\/smartwag.com\/en-gb\/wp-json\/wp\/v2\/product_tag?post=10950"}],"curies":[{"name":"wp","href":"https:\/\/api.w.org\/{rel}","templated":true}]}}