{"id":10506,"date":"2023-06-02T11:42:29","date_gmt":"2023-06-02T09:42:29","guid":{"rendered":"https:\/\/smartwag.com\/?post_type=product&#038;p=10506"},"modified":"2025-11-05T12:15:08","modified_gmt":"2025-11-05T11:15:08","slug":"new-soul-custom-bridle","status":"publish","type":"product","link":"https:\/\/smartwag.com\/en-gb\/produit\/bridon-personnalisable-new-soul\/","title":{"rendered":"New Soul custom bridle"},"content":{"rendered":"<h3 class=\"p1\">A customizable and elegant bridle<\/h3>\n<p class=\"p1\">A customizable bridle made of high quality leather. The combination of soft premium leather and cream colored stitching is a sign of the finesse and elegance of this bridle. The cowhide leather, lined and padded on the anatomical headpiece and noseband, guarantees optimal comfort for the horse.<\/p>\n<p>&nbsp;<\/p>\n<h4 class=\"p1\">A customizable and adapted bridle<\/h4>\n<p class=\"p1\">For more adaptability and practicality, the Clinsher customizable leather bridle features:<\/p>\n<ul class=\"ul1\">\n<li class=\"li1\">An adjustable throat on both sides.<\/li>\n<li class=\"li1\">An adjustable noseband on both sides.<\/li>\n<li>A fully removable noseband.<\/li>\n<\/ul>\n<p class=\"p1\">The Soul custom bridle is available in several leather colors: black or brown with silver buckles.<\/p>\n<p class=\"p1\">It is available in sizes PONEY, COB and FULL . (You can find the different measurements of our products in the \"MEASUREMENT\" tab, so that you can choose the product that will perfectly fit your faithful companion).<\/p>\n<p class=\"p4\"><span class=\"s2\"><br \/>\n<\/span><b>Smartwag tips :<\/b>\u00a0our bridles are slightly small, do not hesitate in doubt to take the size above.<\/p>\n<p class=\"p4\"><span class=\"s2\"><br \/>\n<\/span><b>Smartwag<\/b>\u00a0makes it a point of honour to adapt all its products to the needs of its customers and to ensure that all its manufacturing processes are eco-responsible.<\/p>\n<p class=\"p4\"><span class=\"s2\"><br \/>\n<\/span>For the same price the bridle can be personalised with an engraving on a silver plate such as the colour of the buckle.<span class=\"s2\"><br \/>\n<\/span>Personalise your bridle by entering your text in the \"Personalise\" window.<\/p>\n<p>&nbsp;<\/p>\n<h4 class=\"p4\">The total look<\/h4>\n<p class=\"p4\">The Soul custom bridle can be completed with a pair of <a href=\"https:\/\/smartwag.com\/en-gb\/product-2\/sliding-reins\/\">Slip reins<\/a> and fit well with <a href=\"https:\/\/smartwag.com\/en-gb\/product-2\/licol-personnalisable-soul\/\">Soul halter<\/a> from the same range.<\/p>\n<p>&nbsp;<\/p>\n<h4>What size should I choose for my horse's custom bridle?<\/h4>\n<p>You can find below an indicative table of measurements for SmartWag bridles. They fit slightly smaller than standard bridles, so we advise you to take your horse's measurements. If the chosen size does not fit, an exchange is possible depending on available stock (costs to be borne by the buyer).<\/p>\n<p><img decoding=\"async\" class=\"alignnone wp-image-1483 size-full\" src=\"https:\/\/smartwag.com\/wp-content\/uploads\/2020\/06\/Guide-des-tailles-bridons-scaled.jpg\" alt=\"Custom bridle size guide\" width=\"2560\" height=\"771\" srcset=\"https:\/\/smartwag.com\/wp-content\/uploads\/2020\/06\/Guide-des-tailles-bridons-scaled.jpg 2560w, https:\/\/smartwag.com\/wp-content\/uploads\/2020\/06\/Guide-des-tailles-bridons-scaled-600x181.jpg 600w, https:\/\/smartwag.com\/wp-content\/uploads\/2020\/06\/Guide-des-tailles-bridons-300x90.jpg 300w, https:\/\/smartwag.com\/wp-content\/uploads\/2020\/06\/Guide-des-tailles-bridons-1024x308.jpg 1024w, https:\/\/smartwag.com\/wp-content\/uploads\/2020\/06\/Guide-des-tailles-bridons-768x231.jpg 768w, https:\/\/smartwag.com\/wp-content\/uploads\/2020\/06\/Guide-des-tailles-bridons-1536x463.jpg 1536w, https:\/\/smartwag.com\/wp-content\/uploads\/2020\/06\/Guide-des-tailles-bridons-2048x617.jpg 2048w, https:\/\/smartwag.com\/wp-content\/uploads\/2020\/06\/Guide-des-tailles-bridons-16x5.jpg 16w, https:\/\/smartwag.com\/wp-content\/uploads\/2020\/06\/Guide-des-tailles-bridons-260x78.jpg 260w, https:\/\/smartwag.com\/wp-content\/uploads\/2020\/06\/Guide-des-tailles-bridons-50x15.jpg 50w, https:\/\/smartwag.com\/wp-content\/uploads\/2020\/06\/Guide-des-tailles-bridons-150x45.jpg 150w, https:\/\/smartwag.com\/wp-content\/uploads\/2020\/06\/Guide-des-tailles-bridons-scaled-800x241.jpg 800w\" sizes=\"(max-width: 2560px) 100vw, 2560px\" \/><\/p>\n<p>&nbsp;<\/p>\n<h3 class=\"p6\" style=\"text-align: center;\">SmartWag Care Tips :<\/h3>\n<p class=\"p4\"><b><i>For a new leather :<\/i><\/b><span class=\"s2\"><img decoding=\"async\" class=\"alignright wp-image-1556\" src=\"https:\/\/smartwag.com\/wp-content\/uploads\/2020\/06\/ECDBBCD6-C981-4E8F-865F-BD4049C8977D.jpg\" alt=\"\" width=\"347\" height=\"521\" srcset=\"https:\/\/smartwag.com\/wp-content\/uploads\/2020\/06\/ECDBBCD6-C981-4E8F-865F-BD4049C8977D.jpg 750w, https:\/\/smartwag.com\/wp-content\/uploads\/2020\/06\/ECDBBCD6-C981-4E8F-865F-BD4049C8977D-600x899.jpg 600w, https:\/\/smartwag.com\/wp-content\/uploads\/2020\/06\/ECDBBCD6-C981-4E8F-865F-BD4049C8977D-200x300.jpg 200w, https:\/\/smartwag.com\/wp-content\/uploads\/2020\/06\/ECDBBCD6-C981-4E8F-865F-BD4049C8977D-683x1024.jpg 683w, https:\/\/smartwag.com\/wp-content\/uploads\/2020\/06\/ECDBBCD6-C981-4E8F-865F-BD4049C8977D-8x12.jpg 8w, https:\/\/smartwag.com\/wp-content\/uploads\/2020\/06\/ECDBBCD6-C981-4E8F-865F-BD4049C8977D-97x146.jpg 97w, https:\/\/smartwag.com\/wp-content\/uploads\/2020\/06\/ECDBBCD6-C981-4E8F-865F-BD4049C8977D-33x50.jpg 33w, https:\/\/smartwag.com\/wp-content\/uploads\/2020\/06\/ECDBBCD6-C981-4E8F-865F-BD4049C8977D-50x75.jpg 50w\" sizes=\"(max-width: 347px) 100vw, 347px\" \/><\/span><\/p>\n<p>New leather riding gear still has all its natural moisture and does not need to be rehydrated with glycerine soap.<span class=\"s2\"><br \/>\n<\/span>On the contrary, this maintenance product could alter the colour of leathers having a natural finish (aniline), especially the brown or havana leathers.<span class=\"s2\"><br \/>\n<\/span>But new leather is naturally dry stiff and must be softened before its first use. You can then apply a colourless leather oil to the back and top of the leather with a clean cloth. The oil will penetrate into the heart of the leather to soften it.<span class=\"s2\"><br \/>\n<\/span>If your leather still feels too stiff, do not hesitate to repeat the application until it becomes soft enough.<span class=\"s2\"><br \/>\n<\/span>You can then leave to dry for a day in a temperate and shady place. This will preserve your leather longer and give it a beautiful patina.<\/p>\n<p class=\"p4\"><span class=\"s2\"><br \/>\n<\/span><b><i>For leather that has already been used:<\/i><\/b><span class=\"s2\"><br \/>\n<\/span>First remove the dust with a damp sponge. You can then apply a degreasing lotion to clean thoroughly.<span class=\"s2\"><br \/>\n<\/span>Finally, the oil will restore the leather's softness.<span class=\"s2\"><br \/>\n<\/span>Remember to let the leather dry at room temperature before applying oil.<\/p>","protected":false},"excerpt":{"rendered":"<p class=\"p1\">Customizable leather bridle with\u00a0<b>contrasted stitching,<\/b> adapted to the size of your horse, available in brown or black. This leather bridle has an <b>anatomical headpiece and a leather-lined noseband<\/b>enabling\u00a0<b>maximum comfort and lightness<\/b>\u00a0for your horse.<\/p>","protected":false},"featured_media":20440,"comment_status":"closed","ping_status":"closed","template":"","meta":{"_acf_changed":false,"_sitemap_exclude":false,"_sitemap_priority":"","_sitemap_frequency":"","site-sidebar-layout":"default","site-content-layout":"","ast-site-content-layout":"default","site-content-style":"default","site-sidebar-style":"default","ast-global-header-display":"","ast-banner-title-visibility":"","ast-main-header-display":"","ast-hfb-above-header-display":"","ast-hfb-below-header-display":"","ast-hfb-mobile-header-display":"","site-post-title":"","ast-breadcrumbs-content":"","ast-featured-img":"","footer-sml-layout":"","ast-disable-related-posts":"","theme-transparent-header-meta":"default","adv-header-id-meta":"","stick-header-meta":"default","header-above-stick-meta":"","header-main-stick-meta":"","header-below-stick-meta":"","astra-migrate-meta-layouts":"set","ast-page-background-enabled":"default","ast-page-background-meta":{"desktop":{"background-color":"var(--ast-global-color-4)","background-image":"","background-repeat":"repeat","background-position":"center center","background-size":"auto","background-attachment":"scroll","background-type":"","background-media":"","overlay-type":"","overlay-color":"","overlay-opacity":"","overlay-gradient":""},"tablet":{"background-color":"","background-image":"","background-repeat":"repeat","background-position":"center center","background-size":"auto","background-attachment":"scroll","background-type":"","background-media":"","overlay-type":"","overlay-color":"","overlay-opacity":"","overlay-gradient":""},"mobile":{"background-color":"","background-image":"","background-repeat":"repeat","background-position":"center center","background-size":"auto","background-attachment":"scroll","background-type":"","background-media":"","overlay-type":"","overlay-color":"","overlay-opacity":"","overlay-gradient":""}},"ast-content-background-meta":{"desktop":{"background-color":"var(--ast-global-color-5)","background-image":"","background-repeat":"repeat","background-position":"center center","background-size":"auto","background-attachment":"scroll","background-type":"","background-media":"","overlay-type":"","overlay-color":"","overlay-opacity":"","overlay-gradient":""},"tablet":{"background-color":"var(--ast-global-color-5)","background-image":"","background-repeat":"repeat","background-position":"center center","background-size":"auto","background-attachment":"scroll","background-type":"","background-media":"","overlay-type":"","overlay-color":"","overlay-opacity":"","overlay-gradient":""},"mobile":{"background-color":"var(--ast-global-color-5)","background-image":"","background-repeat":"repeat","background-position":"center center","background-size":"auto","background-attachment":"scroll","background-type":"","background-media":"","overlay-type":"","overlay-color":"","overlay-opacity":"","overlay-gradient":""}}},"product_brand":[],"product_cat":[27],"product_tag":[],"class_list":{"0":"post-10506","1":"product","2":"type-product","3":"status-publish","4":"has-post-thumbnail","6":"product_cat-bridon-cheval","7":"desktop-align-left","8":"tablet-align-left","9":"mobile-align-left","10":"ast-product-gallery-layout-first-image-large","11":"ast-magnify-disabled","12":"ast-product-single-variable","13":"ast-product-tabs-layout-accordion","14":"wcpa_has_options","16":"first","17":"instock","18":"shipping-taxable","19":"purchasable","20":"product-type-variable"},"acf":[],"yoast_head":"<!-- This site is optimized with the Yoast SEO plugin v27.2 - https:\/\/yoast.com\/product\/yoast-seo-wordpress\/ -->\n<title>Bridon personnalisable New Soul - Smart Wag<\/title>\n<meta name=\"description\" content=\"Bridon personnalisable New Soul\u202f: un m\u00e9lange parfait de modernit\u00e9 et de confort. Personnalisez-le pour r\u00e9pondre aux besoins de votre cheval.\" \/>\n<meta name=\"robots\" content=\"index, follow, max-snippet:-1, max-image-preview:large, max-video-preview:-1\" \/>\n<link rel=\"canonical\" href=\"https:\/\/smartwag.com\/en-gb\/product-2\/new-soul-custom-bridle\/\" \/>\n<meta property=\"og:locale\" content=\"en_GB\" \/>\n<meta property=\"og:type\" content=\"article\" \/>\n<meta property=\"og:title\" content=\"Bridon personnalisable New Soul - Smart Wag\" \/>\n<meta property=\"og:description\" content=\"Bridon personnalisable New Soul\u202f: un m\u00e9lange parfait de modernit\u00e9 et de confort. Personnalisez-le pour r\u00e9pondre aux besoins de votre cheval.\" \/>\n<meta property=\"og:url\" content=\"https:\/\/smartwag.com\/en-gb\/product-2\/new-soul-custom-bridle\/\" \/>\n<meta property=\"og:site_name\" content=\"Smart Wag\" \/>\n<meta property=\"article:modified_time\" content=\"2025-11-05T11:15:08+00:00\" \/>\n<meta property=\"og:image\" content=\"https:\/\/smartwag.com\/wp-content\/uploads\/2023\/06\/Bridon-cheval-tetiere-anatomique-cuir-NEWSOUL2-1024x1024.png\" \/>\n\t<meta property=\"og:image:width\" content=\"1024\" \/>\n\t<meta property=\"og:image:height\" content=\"1024\" \/>\n\t<meta property=\"og:image:type\" content=\"image\/png\" \/>\n<meta name=\"twitter:card\" content=\"summary_large_image\" \/>\n<meta name=\"twitter:label1\" content=\"Estimated reading time\" \/>\n\t<meta name=\"twitter:data1\" content=\"4 minutes\" \/>\n<script type=\"application\/ld+json\" class=\"yoast-schema-graph\">{\"@context\":\"https:\/\/schema.org\",\"@graph\":[{\"@type\":\"WebPage\",\"@id\":\"https:\/\/smartwag.com\/produit\/bridon-personnalisable-new-soul\/\",\"url\":\"https:\/\/smartwag.com\/produit\/bridon-personnalisable-new-soul\/\",\"name\":\"Bridon personnalisable New Soul - Smart Wag\",\"isPartOf\":{\"@id\":\"https:\/\/smartwag.com\/#website\"},\"primaryImageOfPage\":{\"@id\":\"https:\/\/smartwag.com\/produit\/bridon-personnalisable-new-soul\/#primaryimage\"},\"image\":{\"@id\":\"https:\/\/smartwag.com\/produit\/bridon-personnalisable-new-soul\/#primaryimage\"},\"thumbnailUrl\":\"https:\/\/smartwag.com\/wp-content\/uploads\/2023\/06\/Bridon-cheval-tetiere-anatomique-cuir-NEWSOUL2.png\",\"datePublished\":\"2023-06-02T09:42:29+00:00\",\"dateModified\":\"2025-11-05T11:15:08+00:00\",\"description\":\"Bridon personnalisable New Soul\u202f: un m\u00e9lange parfait de modernit\u00e9 et de confort. Personnalisez-le pour r\u00e9pondre aux besoins de votre cheval.\",\"breadcrumb\":{\"@id\":\"https:\/\/smartwag.com\/produit\/bridon-personnalisable-new-soul\/#breadcrumb\"},\"inLanguage\":\"en-GB\",\"potentialAction\":[{\"@type\":\"ReadAction\",\"target\":[\"https:\/\/smartwag.com\/produit\/bridon-personnalisable-new-soul\/\"]}]},{\"@type\":\"ImageObject\",\"inLanguage\":\"en-GB\",\"@id\":\"https:\/\/smartwag.com\/produit\/bridon-personnalisable-new-soul\/#primaryimage\",\"url\":\"https:\/\/smartwag.com\/wp-content\/uploads\/2023\/06\/Bridon-cheval-tetiere-anatomique-cuir-NEWSOUL2.png\",\"contentUrl\":\"https:\/\/smartwag.com\/wp-content\/uploads\/2023\/06\/Bridon-cheval-tetiere-anatomique-cuir-NEWSOUL2.png\",\"width\":1500,\"height\":1500,\"caption\":\"bridon en cuir t\u00eati\u00e8re anatomique, noseband amovible\"},{\"@type\":\"BreadcrumbList\",\"@id\":\"https:\/\/smartwag.com\/produit\/bridon-personnalisable-new-soul\/#breadcrumb\",\"itemListElement\":[{\"@type\":\"ListItem\",\"position\":1,\"name\":\"Home\",\"item\":\"https:\/\/smartwag.com\/\"},{\"@type\":\"ListItem\",\"position\":2,\"name\":\"Boutique\",\"item\":\"https:\/\/smartwag.com\/boutique\/\"},{\"@type\":\"ListItem\",\"position\":3,\"name\":\"Bridon personnalisable New Soul\"}]},{\"@type\":\"WebSite\",\"@id\":\"https:\/\/smartwag.com\/#website\",\"url\":\"https:\/\/smartwag.com\/\",\"name\":\"Smart Wag\",\"description\":\"Sp\u00e9cialiste de la gravure personnalis\u00e9e pour cheval et chien\",\"publisher\":{\"@id\":\"https:\/\/smartwag.com\/#organization\"},\"potentialAction\":[{\"@type\":\"SearchAction\",\"target\":{\"@type\":\"EntryPoint\",\"urlTemplate\":\"https:\/\/smartwag.com\/?s={search_term_string}\"},\"query-input\":{\"@type\":\"PropertyValueSpecification\",\"valueRequired\":true,\"valueName\":\"search_term_string\"}}],\"inLanguage\":\"en-GB\"},{\"@type\":\"Organization\",\"@id\":\"https:\/\/smartwag.com\/#organization\",\"name\":\"Smart Wag\",\"url\":\"https:\/\/smartwag.com\/\",\"logo\":{\"@type\":\"ImageObject\",\"inLanguage\":\"en-GB\",\"@id\":\"https:\/\/smartwag.com\/#\/schema\/logo\/image\/\",\"url\":\"https:\/\/smartwag.com\/wp-content\/uploads\/2021\/10\/logo-noir.png\",\"contentUrl\":\"https:\/\/smartwag.com\/wp-content\/uploads\/2021\/10\/logo-noir.png\",\"width\":490,\"height\":204,\"caption\":\"Smart Wag\"},\"image\":{\"@id\":\"https:\/\/smartwag.com\/#\/schema\/logo\/image\/\"}}]}<\/script>\n<!-- \/ Yoast SEO plugin. -->","yoast_head_json":{"title":"Snaffle bridle New Soul - Smart Wag","description":"New Soul custom bridle: a perfect blend of modernity and comfort. Customise it to suit your horse's needs.","robots":{"index":"index","follow":"follow","max-snippet":"max-snippet:-1","max-image-preview":"max-image-preview:large","max-video-preview":"max-video-preview:-1"},"canonical":"https:\/\/smartwag.com\/en-gb\/product-2\/new-soul-custom-bridle\/","og_locale":"en_GB","og_type":"article","og_title":"Bridon personnalisable New Soul - Smart Wag","og_description":"Bridon personnalisable New Soul\u202f: un m\u00e9lange parfait de modernit\u00e9 et de confort. Personnalisez-le pour r\u00e9pondre aux besoins de votre cheval.","og_url":"https:\/\/smartwag.com\/en-gb\/product-2\/new-soul-custom-bridle\/","og_site_name":"Smart Wag","article_modified_time":"2025-11-05T11:15:08+00:00","og_image":[{"width":1024,"height":1024,"url":"https:\/\/smartwag.com\/wp-content\/uploads\/2023\/06\/Bridon-cheval-tetiere-anatomique-cuir-NEWSOUL2-1024x1024.png","type":"image\/png"}],"twitter_card":"summary_large_image","twitter_misc":{"Estimated reading time":"4 minutes"},"schema":{"@context":"https:\/\/schema.org","@graph":[{"@type":"WebPage","@id":"https:\/\/smartwag.com\/produit\/bridon-personnalisable-new-soul\/","url":"https:\/\/smartwag.com\/produit\/bridon-personnalisable-new-soul\/","name":"Snaffle bridle New Soul - Smart Wag","isPartOf":{"@id":"https:\/\/smartwag.com\/#website"},"primaryImageOfPage":{"@id":"https:\/\/smartwag.com\/produit\/bridon-personnalisable-new-soul\/#primaryimage"},"image":{"@id":"https:\/\/smartwag.com\/produit\/bridon-personnalisable-new-soul\/#primaryimage"},"thumbnailUrl":"https:\/\/smartwag.com\/wp-content\/uploads\/2023\/06\/Bridon-cheval-tetiere-anatomique-cuir-NEWSOUL2.png","datePublished":"2023-06-02T09:42:29+00:00","dateModified":"2025-11-05T11:15:08+00:00","description":"New Soul custom bridle: a perfect blend of modernity and comfort. Customise it to suit your horse's needs.","breadcrumb":{"@id":"https:\/\/smartwag.com\/produit\/bridon-personnalisable-new-soul\/#breadcrumb"},"inLanguage":"en-GB","potentialAction":[{"@type":"ReadAction","target":["https:\/\/smartwag.com\/produit\/bridon-personnalisable-new-soul\/"]}]},{"@type":"ImageObject","inLanguage":"en-GB","@id":"https:\/\/smartwag.com\/produit\/bridon-personnalisable-new-soul\/#primaryimage","url":"https:\/\/smartwag.com\/wp-content\/uploads\/2023\/06\/Bridon-cheval-tetiere-anatomique-cuir-NEWSOUL2.png","contentUrl":"https:\/\/smartwag.com\/wp-content\/uploads\/2023\/06\/Bridon-cheval-tetiere-anatomique-cuir-NEWSOUL2.png","width":1500,"height":1500,"caption":"bridon en cuir t\u00eati\u00e8re anatomique, noseband amovible"},{"@type":"BreadcrumbList","@id":"https:\/\/smartwag.com\/produit\/bridon-personnalisable-new-soul\/#breadcrumb","itemListElement":[{"@type":"ListItem","position":1,"name":"Home","item":"https:\/\/smartwag.com\/"},{"@type":"ListItem","position":2,"name":"Boutique","item":"https:\/\/smartwag.com\/boutique\/"},{"@type":"ListItem","position":3,"name":"Bridon personnalisable New Soul"}]},{"@type":"WebSite","@id":"https:\/\/smartwag.com\/#website","url":"https:\/\/smartwag.com\/","name":"Smart Wag","description":"Specialist in personalised engraving for horses and dogs","publisher":{"@id":"https:\/\/smartwag.com\/#organization"},"potentialAction":[{"@type":"SearchAction","target":{"@type":"EntryPoint","urlTemplate":"https:\/\/smartwag.com\/?s={search_term_string}"},"query-input":{"@type":"PropertyValueSpecification","valueRequired":true,"valueName":"search_term_string"}}],"inLanguage":"en-GB"},{"@type":"Organization","@id":"https:\/\/smartwag.com\/#organization","name":"Smart Wag","url":"https:\/\/smartwag.com\/","logo":{"@type":"ImageObject","inLanguage":"en-GB","@id":"https:\/\/smartwag.com\/#\/schema\/logo\/image\/","url":"https:\/\/smartwag.com\/wp-content\/uploads\/2021\/10\/logo-noir.png","contentUrl":"https:\/\/smartwag.com\/wp-content\/uploads\/2021\/10\/logo-noir.png","width":490,"height":204,"caption":"Smart Wag"},"image":{"@id":"https:\/\/smartwag.com\/#\/schema\/logo\/image\/"}}]}},"_links":{"self":[{"href":"https:\/\/smartwag.com\/en-gb\/wp-json\/wp\/v2\/product\/10506","targetHints":{"allow":["GET"]}}],"collection":[{"href":"https:\/\/smartwag.com\/en-gb\/wp-json\/wp\/v2\/product"}],"about":[{"href":"https:\/\/smartwag.com\/en-gb\/wp-json\/wp\/v2\/types\/product"}],"replies":[{"embeddable":true,"href":"https:\/\/smartwag.com\/en-gb\/wp-json\/wp\/v2\/comments?post=10506"}],"wp:featuredmedia":[{"embeddable":true,"href":"https:\/\/smartwag.com\/en-gb\/wp-json\/wp\/v2\/media\/20440"}],"wp:attachment":[{"href":"https:\/\/smartwag.com\/en-gb\/wp-json\/wp\/v2\/media?parent=10506"}],"wp:term":[{"taxonomy":"product_brand","embeddable":true,"href":"https:\/\/smartwag.com\/en-gb\/wp-json\/wp\/v2\/product_brand?post=10506"},{"taxonomy":"product_cat","embeddable":true,"href":"https:\/\/smartwag.com\/en-gb\/wp-json\/wp\/v2\/product_cat?post=10506"},{"taxonomy":"product_tag","embeddable":true,"href":"https:\/\/smartwag.com\/en-gb\/wp-json\/wp\/v2\/product_tag?post=10506"}],"curies":[{"name":"wp","href":"https:\/\/api.w.org\/{rel}","templated":true}]}}