{"id":10361,"date":"2023-05-24T12:25:06","date_gmt":"2023-05-24T10:25:06","guid":{"rendered":"https:\/\/smartwag.com\/?post_type=product&#038;p=10361"},"modified":"2025-06-09T09:48:42","modified_gmt":"2025-06-09T07:48:42","slug":"under-trough-for-a-leather-halter-spare-part","status":"publish","type":"product","link":"https:\/\/smartwag.com\/en-gb\/produit\/sous-auge-pour-licl-en-cuir-piece-detachee\/","title":{"rendered":"Leather halter trough - Spare part"},"content":{"rendered":"<p>&nbsp;<\/p>\n<h3 class=\"p6\" style=\"text-align: center;\">SmartWag Care Tips :<\/h3>\n<p class=\"p4\"><b><i>For a new leather :<\/i><\/b><span class=\"s2\"><img decoding=\"async\" class=\"alignright wp-image-1556\" src=\"https:\/\/smartwag.com\/wp-content\/uploads\/2020\/06\/ECDBBCD6-C981-4E8F-865F-BD4049C8977D.jpg\" alt=\"\" width=\"347\" height=\"521\" srcset=\"https:\/\/smartwag.com\/wp-content\/uploads\/2020\/06\/ECDBBCD6-C981-4E8F-865F-BD4049C8977D.jpg 750w, https:\/\/smartwag.com\/wp-content\/uploads\/2020\/06\/ECDBBCD6-C981-4E8F-865F-BD4049C8977D-600x899.jpg 600w, https:\/\/smartwag.com\/wp-content\/uploads\/2020\/06\/ECDBBCD6-C981-4E8F-865F-BD4049C8977D-200x300.jpg 200w, https:\/\/smartwag.com\/wp-content\/uploads\/2020\/06\/ECDBBCD6-C981-4E8F-865F-BD4049C8977D-683x1024.jpg 683w, https:\/\/smartwag.com\/wp-content\/uploads\/2020\/06\/ECDBBCD6-C981-4E8F-865F-BD4049C8977D-8x12.jpg 8w, https:\/\/smartwag.com\/wp-content\/uploads\/2020\/06\/ECDBBCD6-C981-4E8F-865F-BD4049C8977D-97x146.jpg 97w, https:\/\/smartwag.com\/wp-content\/uploads\/2020\/06\/ECDBBCD6-C981-4E8F-865F-BD4049C8977D-33x50.jpg 33w, https:\/\/smartwag.com\/wp-content\/uploads\/2020\/06\/ECDBBCD6-C981-4E8F-865F-BD4049C8977D-50x75.jpg 50w\" sizes=\"(max-width: 347px) 100vw, 347px\" \/><\/span><\/p>\n<p>New leather riding gear still has all its natural moisture and does not need to be rehydrated with glycerine soap. On the contrary, this cleaning product could alter the colour of leathers with a natural finish (aniline), particularly brown or tan leathers. But new leather is naturally dry and rigid and needs to be softened before it is used for the first time. You can then apply a colourless leather oil to the back and top of the leather with a clean cloth. The oil will penetrate to the heart of the leather to soften it. If your leather still feels too stiff, don't hesitate to reapply until it becomes sufficiently supple. You can then leave to dry for a day in a temperate place in the shade. This will preserve your leather for longer and give it a beautiful patina.<\/p>\n<p class=\"p4\"><b><i>For leather that has already been used:<\/i><\/b> First remove the dust with a damp sponge. You can then apply a degreasing lotion to thoroughly clean the equipment. Finally, oil will restore the leather's suppleness. Remember to allow the leather to dry thoroughly at room temperature before applying the oil.<\/p>\n<p>&nbsp;<\/p>\n<h6><strong>What you need to know:<\/strong> Smart Wag is a Swiss company. Purchasing an item from a European country or in a foreign currency may expose you to bank charges.<\/h6>","protected":false},"excerpt":{"rendered":"<p class=\"p1\">Trough for Smart Wag halter. Includes under-trough with snap hook and link between under-trough and noseband.<\/p>","protected":false},"featured_media":10601,"comment_status":"closed","ping_status":"closed","template":"","meta":{"_acf_changed":false,"_sitemap_exclude":false,"_sitemap_priority":"","_sitemap_frequency":"","site-sidebar-layout":"default","site-content-layout":"","ast-site-content-layout":"default","site-content-style":"default","site-sidebar-style":"default","ast-global-header-display":"","ast-banner-title-visibility":"","ast-main-header-display":"","ast-hfb-above-header-display":"","ast-hfb-below-header-display":"","ast-hfb-mobile-header-display":"","site-post-title":"","ast-breadcrumbs-content":"","ast-featured-img":"","footer-sml-layout":"","ast-disable-related-posts":"","theme-transparent-header-meta":"default","adv-header-id-meta":"","stick-header-meta":"default","header-above-stick-meta":"","header-main-stick-meta":"","header-below-stick-meta":"","astra-migrate-meta-layouts":"set","ast-page-background-enabled":"default","ast-page-background-meta":{"desktop":{"background-color":"var(--ast-global-color-4)","background-image":"","background-repeat":"repeat","background-position":"center center","background-size":"auto","background-attachment":"scroll","background-type":"","background-media":"","overlay-type":"","overlay-color":"","overlay-opacity":"","overlay-gradient":""},"tablet":{"background-color":"","background-image":"","background-repeat":"repeat","background-position":"center center","background-size":"auto","background-attachment":"scroll","background-type":"","background-media":"","overlay-type":"","overlay-color":"","overlay-opacity":"","overlay-gradient":""},"mobile":{"background-color":"","background-image":"","background-repeat":"repeat","background-position":"center center","background-size":"auto","background-attachment":"scroll","background-type":"","background-media":"","overlay-type":"","overlay-color":"","overlay-opacity":"","overlay-gradient":""}},"ast-content-background-meta":{"desktop":{"background-color":"var(--ast-global-color-5)","background-image":"","background-repeat":"repeat","background-position":"center center","background-size":"auto","background-attachment":"scroll","background-type":"","background-media":"","overlay-type":"","overlay-color":"","overlay-opacity":"","overlay-gradient":""},"tablet":{"background-color":"var(--ast-global-color-5)","background-image":"","background-repeat":"repeat","background-position":"center center","background-size":"auto","background-attachment":"scroll","background-type":"","background-media":"","overlay-type":"","overlay-color":"","overlay-opacity":"","overlay-gradient":""},"mobile":{"background-color":"var(--ast-global-color-5)","background-image":"","background-repeat":"repeat","background-position":"center center","background-size":"auto","background-attachment":"scroll","background-type":"","background-media":"","overlay-type":"","overlay-color":"","overlay-opacity":"","overlay-gradient":""}}},"product_brand":[],"product_cat":[25,384],"product_tag":[],"class_list":{"0":"post-10361","1":"product","2":"type-product","3":"status-publish","4":"has-post-thumbnail","6":"product_cat-licols-longes","7":"product_cat-licol-poney-shetland","8":"product_shipping_class-detachees","9":"desktop-align-left","10":"tablet-align-left","11":"mobile-align-left","12":"ast-product-gallery-layout-first-image-large","13":"ast-product-gallery-with-no-image","14":"ast-magnify-disabled","15":"ast-product-single-variable","16":"ast-product-tabs-layout-accordion","18":"first","19":"instock","20":"shipping-taxable","21":"purchasable","22":"product-type-variable"},"acf":[],"yoast_head":"<!-- This site is optimized with the Yoast SEO plugin v27.2 - https:\/\/yoast.com\/product\/yoast-seo-wordpress\/ -->\n<title>Sous auge pour licol en cuir - Pi\u00e8ce d\u00e9tach\u00e9e - Smart Wag<\/title>\n<meta name=\"description\" content=\"Sous-auge pour licol en cuir, pi\u00e8ce d\u00e9tach\u00e9e essentielle. Pratique et durable, id\u00e9al pour entretenir et r\u00e9parer vos \u00e9quipements.\" \/>\n<meta name=\"robots\" content=\"index, follow, max-snippet:-1, max-image-preview:large, max-video-preview:-1\" \/>\n<link rel=\"canonical\" href=\"https:\/\/smartwag.com\/en-gb\/product-2\/under-trough-for-a-leather-halter-spare-part\/\" \/>\n<meta property=\"og:locale\" content=\"en_GB\" \/>\n<meta property=\"og:type\" content=\"article\" \/>\n<meta property=\"og:title\" content=\"Sous auge pour licol en cuir - Pi\u00e8ce d\u00e9tach\u00e9e - Smart Wag\" \/>\n<meta property=\"og:description\" content=\"Sous-auge pour licol en cuir, pi\u00e8ce d\u00e9tach\u00e9e essentielle. Pratique et durable, id\u00e9al pour entretenir et r\u00e9parer vos \u00e9quipements.\" \/>\n<meta property=\"og:url\" content=\"https:\/\/smartwag.com\/en-gb\/product-2\/under-trough-for-a-leather-halter-spare-part\/\" \/>\n<meta property=\"og:site_name\" content=\"Smart Wag\" \/>\n<meta property=\"article:modified_time\" content=\"2025-06-09T07:48:42+00:00\" \/>\n<meta property=\"og:image\" content=\"https:\/\/smartwag.com\/wp-content\/uploads\/2023\/05\/2-1.png\" \/>\n\t<meta property=\"og:image:width\" content=\"1500\" \/>\n\t<meta property=\"og:image:height\" content=\"1500\" \/>\n\t<meta property=\"og:image:type\" content=\"image\/png\" \/>\n<meta name=\"twitter:card\" content=\"summary_large_image\" \/>\n<meta name=\"twitter:label1\" content=\"Estimated reading time\" \/>\n\t<meta name=\"twitter:data1\" content=\"1 minute\" \/>\n<script type=\"application\/ld+json\" class=\"yoast-schema-graph\">{\"@context\":\"https:\/\/schema.org\",\"@graph\":[{\"@type\":\"WebPage\",\"@id\":\"https:\/\/smartwag.com\/produit\/sous-auge-pour-licl-en-cuir-piece-detachee\/\",\"url\":\"https:\/\/smartwag.com\/produit\/sous-auge-pour-licl-en-cuir-piece-detachee\/\",\"name\":\"Sous auge pour licol en cuir - Pi\u00e8ce d\u00e9tach\u00e9e - Smart Wag\",\"isPartOf\":{\"@id\":\"https:\/\/smartwag.com\/#website\"},\"primaryImageOfPage\":{\"@id\":\"https:\/\/smartwag.com\/produit\/sous-auge-pour-licl-en-cuir-piece-detachee\/#primaryimage\"},\"image\":{\"@id\":\"https:\/\/smartwag.com\/produit\/sous-auge-pour-licl-en-cuir-piece-detachee\/#primaryimage\"},\"thumbnailUrl\":\"https:\/\/smartwag.com\/wp-content\/uploads\/2023\/05\/2-1.png\",\"datePublished\":\"2023-05-24T10:25:06+00:00\",\"dateModified\":\"2025-06-09T07:48:42+00:00\",\"description\":\"Sous-auge pour licol en cuir, pi\u00e8ce d\u00e9tach\u00e9e essentielle. Pratique et durable, id\u00e9al pour entretenir et r\u00e9parer vos \u00e9quipements.\",\"breadcrumb\":{\"@id\":\"https:\/\/smartwag.com\/produit\/sous-auge-pour-licl-en-cuir-piece-detachee\/#breadcrumb\"},\"inLanguage\":\"en-GB\",\"potentialAction\":[{\"@type\":\"ReadAction\",\"target\":[\"https:\/\/smartwag.com\/produit\/sous-auge-pour-licl-en-cuir-piece-detachee\/\"]}]},{\"@type\":\"ImageObject\",\"inLanguage\":\"en-GB\",\"@id\":\"https:\/\/smartwag.com\/produit\/sous-auge-pour-licl-en-cuir-piece-detachee\/#primaryimage\",\"url\":\"https:\/\/smartwag.com\/wp-content\/uploads\/2023\/05\/2-1.png\",\"contentUrl\":\"https:\/\/smartwag.com\/wp-content\/uploads\/2023\/05\/2-1.png\",\"width\":1500,\"height\":1500},{\"@type\":\"BreadcrumbList\",\"@id\":\"https:\/\/smartwag.com\/produit\/sous-auge-pour-licl-en-cuir-piece-detachee\/#breadcrumb\",\"itemListElement\":[{\"@type\":\"ListItem\",\"position\":1,\"name\":\"Home\",\"item\":\"https:\/\/smartwag.com\/\"},{\"@type\":\"ListItem\",\"position\":2,\"name\":\"Boutique\",\"item\":\"https:\/\/smartwag.com\/boutique\/\"},{\"@type\":\"ListItem\",\"position\":3,\"name\":\"Sous auge pour licol en cuir &#8211; Pi\u00e8ce d\u00e9tach\u00e9e\"}]},{\"@type\":\"WebSite\",\"@id\":\"https:\/\/smartwag.com\/#website\",\"url\":\"https:\/\/smartwag.com\/\",\"name\":\"Smart Wag\",\"description\":\"Sp\u00e9cialiste de la gravure personnalis\u00e9e pour cheval et chien\",\"publisher\":{\"@id\":\"https:\/\/smartwag.com\/#organization\"},\"potentialAction\":[{\"@type\":\"SearchAction\",\"target\":{\"@type\":\"EntryPoint\",\"urlTemplate\":\"https:\/\/smartwag.com\/?s={search_term_string}\"},\"query-input\":{\"@type\":\"PropertyValueSpecification\",\"valueRequired\":true,\"valueName\":\"search_term_string\"}}],\"inLanguage\":\"en-GB\"},{\"@type\":\"Organization\",\"@id\":\"https:\/\/smartwag.com\/#organization\",\"name\":\"Smart Wag\",\"url\":\"https:\/\/smartwag.com\/\",\"logo\":{\"@type\":\"ImageObject\",\"inLanguage\":\"en-GB\",\"@id\":\"https:\/\/smartwag.com\/#\/schema\/logo\/image\/\",\"url\":\"https:\/\/smartwag.com\/wp-content\/uploads\/2021\/10\/logo-noir.png\",\"contentUrl\":\"https:\/\/smartwag.com\/wp-content\/uploads\/2021\/10\/logo-noir.png\",\"width\":490,\"height\":204,\"caption\":\"Smart Wag\"},\"image\":{\"@id\":\"https:\/\/smartwag.com\/#\/schema\/logo\/image\/\"}}]}<\/script>\n<!-- \/ Yoast SEO plugin. -->","yoast_head_json":{"title":"Leather halter trough - Spare part - Smart Wag","description":"Leather halter girth, essential spare part. Practical and durable, ideal for maintaining and repairing your equipment.","robots":{"index":"index","follow":"follow","max-snippet":"max-snippet:-1","max-image-preview":"max-image-preview:large","max-video-preview":"max-video-preview:-1"},"canonical":"https:\/\/smartwag.com\/en-gb\/product-2\/under-trough-for-a-leather-halter-spare-part\/","og_locale":"en_GB","og_type":"article","og_title":"Sous auge pour licol en cuir - Pi\u00e8ce d\u00e9tach\u00e9e - Smart Wag","og_description":"Sous-auge pour licol en cuir, pi\u00e8ce d\u00e9tach\u00e9e essentielle. Pratique et durable, id\u00e9al pour entretenir et r\u00e9parer vos \u00e9quipements.","og_url":"https:\/\/smartwag.com\/en-gb\/product-2\/under-trough-for-a-leather-halter-spare-part\/","og_site_name":"Smart Wag","article_modified_time":"2025-06-09T07:48:42+00:00","og_image":[{"width":1500,"height":1500,"url":"https:\/\/smartwag.com\/wp-content\/uploads\/2023\/05\/2-1.png","type":"image\/png"}],"twitter_card":"summary_large_image","twitter_misc":{"Estimated reading time":"1 minute"},"schema":{"@context":"https:\/\/schema.org","@graph":[{"@type":"WebPage","@id":"https:\/\/smartwag.com\/produit\/sous-auge-pour-licl-en-cuir-piece-detachee\/","url":"https:\/\/smartwag.com\/produit\/sous-auge-pour-licl-en-cuir-piece-detachee\/","name":"Leather halter trough - Spare part - Smart Wag","isPartOf":{"@id":"https:\/\/smartwag.com\/#website"},"primaryImageOfPage":{"@id":"https:\/\/smartwag.com\/produit\/sous-auge-pour-licl-en-cuir-piece-detachee\/#primaryimage"},"image":{"@id":"https:\/\/smartwag.com\/produit\/sous-auge-pour-licl-en-cuir-piece-detachee\/#primaryimage"},"thumbnailUrl":"https:\/\/smartwag.com\/wp-content\/uploads\/2023\/05\/2-1.png","datePublished":"2023-05-24T10:25:06+00:00","dateModified":"2025-06-09T07:48:42+00:00","description":"Leather halter girth, essential spare part. Practical and durable, ideal for maintaining and repairing your equipment.","breadcrumb":{"@id":"https:\/\/smartwag.com\/produit\/sous-auge-pour-licl-en-cuir-piece-detachee\/#breadcrumb"},"inLanguage":"en-GB","potentialAction":[{"@type":"ReadAction","target":["https:\/\/smartwag.com\/produit\/sous-auge-pour-licl-en-cuir-piece-detachee\/"]}]},{"@type":"ImageObject","inLanguage":"en-GB","@id":"https:\/\/smartwag.com\/produit\/sous-auge-pour-licl-en-cuir-piece-detachee\/#primaryimage","url":"https:\/\/smartwag.com\/wp-content\/uploads\/2023\/05\/2-1.png","contentUrl":"https:\/\/smartwag.com\/wp-content\/uploads\/2023\/05\/2-1.png","width":1500,"height":1500},{"@type":"BreadcrumbList","@id":"https:\/\/smartwag.com\/produit\/sous-auge-pour-licl-en-cuir-piece-detachee\/#breadcrumb","itemListElement":[{"@type":"ListItem","position":1,"name":"Home","item":"https:\/\/smartwag.com\/"},{"@type":"ListItem","position":2,"name":"Boutique","item":"https:\/\/smartwag.com\/boutique\/"},{"@type":"ListItem","position":3,"name":"Sous auge pour licol en cuir &#8211; Pi\u00e8ce d\u00e9tach\u00e9e"}]},{"@type":"WebSite","@id":"https:\/\/smartwag.com\/#website","url":"https:\/\/smartwag.com\/","name":"Smart Wag","description":"Specialist in personalised engraving for horses and dogs","publisher":{"@id":"https:\/\/smartwag.com\/#organization"},"potentialAction":[{"@type":"SearchAction","target":{"@type":"EntryPoint","urlTemplate":"https:\/\/smartwag.com\/?s={search_term_string}"},"query-input":{"@type":"PropertyValueSpecification","valueRequired":true,"valueName":"search_term_string"}}],"inLanguage":"en-GB"},{"@type":"Organization","@id":"https:\/\/smartwag.com\/#organization","name":"Smart Wag","url":"https:\/\/smartwag.com\/","logo":{"@type":"ImageObject","inLanguage":"en-GB","@id":"https:\/\/smartwag.com\/#\/schema\/logo\/image\/","url":"https:\/\/smartwag.com\/wp-content\/uploads\/2021\/10\/logo-noir.png","contentUrl":"https:\/\/smartwag.com\/wp-content\/uploads\/2021\/10\/logo-noir.png","width":490,"height":204,"caption":"Smart Wag"},"image":{"@id":"https:\/\/smartwag.com\/#\/schema\/logo\/image\/"}}]}},"_links":{"self":[{"href":"https:\/\/smartwag.com\/en-gb\/wp-json\/wp\/v2\/product\/10361","targetHints":{"allow":["GET"]}}],"collection":[{"href":"https:\/\/smartwag.com\/en-gb\/wp-json\/wp\/v2\/product"}],"about":[{"href":"https:\/\/smartwag.com\/en-gb\/wp-json\/wp\/v2\/types\/product"}],"replies":[{"embeddable":true,"href":"https:\/\/smartwag.com\/en-gb\/wp-json\/wp\/v2\/comments?post=10361"}],"wp:featuredmedia":[{"embeddable":true,"href":"https:\/\/smartwag.com\/en-gb\/wp-json\/wp\/v2\/media\/10601"}],"wp:attachment":[{"href":"https:\/\/smartwag.com\/en-gb\/wp-json\/wp\/v2\/media?parent=10361"}],"wp:term":[{"taxonomy":"product_brand","embeddable":true,"href":"https:\/\/smartwag.com\/en-gb\/wp-json\/wp\/v2\/product_brand?post=10361"},{"taxonomy":"product_cat","embeddable":true,"href":"https:\/\/smartwag.com\/en-gb\/wp-json\/wp\/v2\/product_cat?post=10361"},{"taxonomy":"product_tag","embeddable":true,"href":"https:\/\/smartwag.com\/en-gb\/wp-json\/wp\/v2\/product_tag?post=10361"}],"curies":[{"name":"wp","href":"https:\/\/api.w.org\/{rel}","templated":true}]}}