{"id":10337,"date":"2023-05-24T12:02:28","date_gmt":"2023-05-24T10:02:28","guid":{"rendered":"https:\/\/smartwag.com\/?post_type=product&#038;p=10337"},"modified":"2026-01-29T10:41:28","modified_gmt":"2026-01-29T09:41:28","slug":"anatomical-leather-headgear-spare-part","status":"publish","type":"product","link":"https:\/\/smartwag.com\/en-gb\/produit\/tetiere-anatomique-en-cuir-piece-detachee\/","title":{"rendered":"T\u00eati\u00e8re anatomique en cuir \u2013 Pi\u00e8ce d\u00e9tach\u00e9e"},"content":{"rendered":"<p>&nbsp;<\/p>\n<p>&nbsp;<\/p>\n<h3 class=\"p6\" style=\"text-align: center;\">SmartWag Care Tips :<\/h3>\n<p class=\"p4\"><b><i>For a new leather :<\/i><\/b><span class=\"s2\"><img decoding=\"async\" class=\"alignright wp-image-1556\" src=\"https:\/\/smartwag.com\/wp-content\/uploads\/2020\/06\/ECDBBCD6-C981-4E8F-865F-BD4049C8977D.jpg\" alt=\"\" width=\"347\" height=\"521\" srcset=\"https:\/\/smartwag.com\/wp-content\/uploads\/2020\/06\/ECDBBCD6-C981-4E8F-865F-BD4049C8977D.jpg 750w, https:\/\/smartwag.com\/wp-content\/uploads\/2020\/06\/ECDBBCD6-C981-4E8F-865F-BD4049C8977D-600x899.jpg 600w, https:\/\/smartwag.com\/wp-content\/uploads\/2020\/06\/ECDBBCD6-C981-4E8F-865F-BD4049C8977D-200x300.jpg 200w, https:\/\/smartwag.com\/wp-content\/uploads\/2020\/06\/ECDBBCD6-C981-4E8F-865F-BD4049C8977D-683x1024.jpg 683w, https:\/\/smartwag.com\/wp-content\/uploads\/2020\/06\/ECDBBCD6-C981-4E8F-865F-BD4049C8977D-8x12.jpg 8w, https:\/\/smartwag.com\/wp-content\/uploads\/2020\/06\/ECDBBCD6-C981-4E8F-865F-BD4049C8977D-97x146.jpg 97w, https:\/\/smartwag.com\/wp-content\/uploads\/2020\/06\/ECDBBCD6-C981-4E8F-865F-BD4049C8977D-33x50.jpg 33w, https:\/\/smartwag.com\/wp-content\/uploads\/2020\/06\/ECDBBCD6-C981-4E8F-865F-BD4049C8977D-50x75.jpg 50w\" sizes=\"(max-width: 347px) 100vw, 347px\" \/><\/span><\/p>\n<p>New leather riding gear still has all its natural moisture and does not need to be rehydrated with glycerine soap.<span class=\"s2\"><br \/>\n<\/span>On the contrary, this maintenance product could alter the colour of leathers having a natural finish (aniline), especially the brown or havana leathers.<span class=\"s2\"><br \/>\n<\/span>But new leather is naturally dry stiff and must be softened before its first use. You can then apply a colourless leather oil to the back and top of the leather with a clean cloth. The oil will penetrate into the heart of the leather to soften it.<span class=\"s2\"><br \/>\n<\/span>If your leather still feels too stiff, do not hesitate to repeat the application until it becomes soft enough.<span class=\"s2\"><br \/>\n<\/span>You can then leave to dry for a day in a temperate and shady place. This will preserve your leather longer and give it a beautiful patina.<\/p>\n<p class=\"p4\"><span class=\"s2\"><br \/>\n<\/span><b><i>For leather that has already been used:<\/i><\/b><span class=\"s2\"><br \/>\n<\/span>First remove the dust with a damp sponge. You can then apply a degreasing lotion to clean thoroughly.<span class=\"s2\"><br \/>\n<\/span>Finally, the oil will restore the leather's softness.<span class=\"s2\"><br \/>\n<\/span>Remember to let the leather dry at room temperature before applying oil.<\/p>\n<p>&nbsp;<\/p>\n<h6><strong>What you need to know:<\/strong> Smart Wag is a Swiss company. Purchasing an item from a European country or in a foreign currency may expose you to bank charges.<\/h6>","protected":false},"excerpt":{"rendered":"<p class=\"p1\">Anatomical\" headpiece for Smart Wag halter (with more room for the ears and a wider spread on the nape of the neck). White stitching.<\/p>\n<p>&nbsp;<\/p>","protected":false},"featured_media":22983,"comment_status":"closed","ping_status":"closed","template":"","meta":{"_acf_changed":false,"_sitemap_exclude":false,"_sitemap_priority":"","_sitemap_frequency":"","site-sidebar-layout":"default","site-content-layout":"","ast-site-content-layout":"default","site-content-style":"default","site-sidebar-style":"default","ast-global-header-display":"","ast-banner-title-visibility":"","ast-main-header-display":"","ast-hfb-above-header-display":"","ast-hfb-below-header-display":"","ast-hfb-mobile-header-display":"","site-post-title":"","ast-breadcrumbs-content":"","ast-featured-img":"","footer-sml-layout":"","ast-disable-related-posts":"","theme-transparent-header-meta":"default","adv-header-id-meta":"","stick-header-meta":"default","header-above-stick-meta":"","header-main-stick-meta":"","header-below-stick-meta":"","astra-migrate-meta-layouts":"set","ast-page-background-enabled":"default","ast-page-background-meta":{"desktop":{"background-color":"var(--ast-global-color-4)","background-image":"","background-repeat":"repeat","background-position":"center center","background-size":"auto","background-attachment":"scroll","background-type":"","background-media":"","overlay-type":"","overlay-color":"","overlay-opacity":"","overlay-gradient":""},"tablet":{"background-color":"","background-image":"","background-repeat":"repeat","background-position":"center center","background-size":"auto","background-attachment":"scroll","background-type":"","background-media":"","overlay-type":"","overlay-color":"","overlay-opacity":"","overlay-gradient":""},"mobile":{"background-color":"","background-image":"","background-repeat":"repeat","background-position":"center center","background-size":"auto","background-attachment":"scroll","background-type":"","background-media":"","overlay-type":"","overlay-color":"","overlay-opacity":"","overlay-gradient":""}},"ast-content-background-meta":{"desktop":{"background-color":"var(--ast-global-color-5)","background-image":"","background-repeat":"repeat","background-position":"center center","background-size":"auto","background-attachment":"scroll","background-type":"","background-media":"","overlay-type":"","overlay-color":"","overlay-opacity":"","overlay-gradient":""},"tablet":{"background-color":"var(--ast-global-color-5)","background-image":"","background-repeat":"repeat","background-position":"center center","background-size":"auto","background-attachment":"scroll","background-type":"","background-media":"","overlay-type":"","overlay-color":"","overlay-opacity":"","overlay-gradient":""},"mobile":{"background-color":"var(--ast-global-color-5)","background-image":"","background-repeat":"repeat","background-position":"center center","background-size":"auto","background-attachment":"scroll","background-type":"","background-media":"","overlay-type":"","overlay-color":"","overlay-opacity":"","overlay-gradient":""}}},"product_brand":[],"product_cat":[25,384,289],"product_tag":[],"class_list":{"0":"post-10337","1":"product","2":"type-product","3":"status-publish","4":"has-post-thumbnail","6":"product_cat-licols-longes","7":"product_cat-licol-poney-shetland","8":"product_cat-seconde-vie","9":"product_shipping_class-detachees","10":"desktop-align-left","11":"tablet-align-left","12":"mobile-align-left","13":"ast-product-gallery-layout-first-image-large","14":"ast-product-gallery-with-no-image","15":"ast-magnify-disabled","16":"ast-product-single-variable","17":"ast-product-tabs-layout-accordion","19":"first","20":"instock","21":"shipping-taxable","22":"purchasable","23":"product-type-variable"},"acf":[],"yoast_head":"<!-- This site is optimized with the Yoast SEO plugin v27.2 - https:\/\/yoast.com\/product\/yoast-seo-wordpress\/ -->\n<title>T\u00eati\u00e8re anatomique en cuir - Pi\u00e8ce d\u00e9tach\u00e9e - Smart Wag<\/title>\n<meta name=\"description\" content=\"T\u00eati\u00e8re anatomique en cuir, pi\u00e8ce d\u00e9tach\u00e9e essentielle. Apportez confort et ergonomie \u00e0 votre cheval avec cet \u00e9quipement de qualit\u00e9.\" \/>\n<meta name=\"robots\" content=\"index, follow, max-snippet:-1, max-image-preview:large, max-video-preview:-1\" \/>\n<link rel=\"canonical\" href=\"https:\/\/smartwag.com\/en-gb\/product-2\/anatomical-leather-headgear-spare-part\/\" \/>\n<meta property=\"og:locale\" content=\"en_GB\" \/>\n<meta property=\"og:type\" content=\"article\" \/>\n<meta property=\"og:title\" content=\"T\u00eati\u00e8re anatomique en cuir - Pi\u00e8ce d\u00e9tach\u00e9e - Smart Wag\" \/>\n<meta property=\"og:description\" content=\"T\u00eati\u00e8re anatomique en cuir, pi\u00e8ce d\u00e9tach\u00e9e essentielle. Apportez confort et ergonomie \u00e0 votre cheval avec cet \u00e9quipement de qualit\u00e9.\" \/>\n<meta property=\"og:url\" content=\"https:\/\/smartwag.com\/en-gb\/product-2\/anatomical-leather-headgear-spare-part\/\" \/>\n<meta property=\"og:site_name\" content=\"Smart Wag\" \/>\n<meta property=\"article:modified_time\" content=\"2026-01-29T09:41:28+00:00\" \/>\n<meta property=\"og:image\" content=\"https:\/\/smartwag.com\/wp-content\/uploads\/2023\/05\/tetiere-anatomique.jpg\" \/>\n\t<meta property=\"og:image:width\" content=\"681\" \/>\n\t<meta property=\"og:image:height\" content=\"682\" \/>\n\t<meta property=\"og:image:type\" content=\"image\/jpeg\" \/>\n<meta name=\"twitter:card\" content=\"summary_large_image\" \/>\n<meta name=\"twitter:label1\" content=\"Estimated reading time\" \/>\n\t<meta name=\"twitter:data1\" content=\"2 minutes\" \/>\n<script type=\"application\/ld+json\" class=\"yoast-schema-graph\">{\"@context\":\"https:\/\/schema.org\",\"@graph\":[{\"@type\":\"WebPage\",\"@id\":\"https:\/\/smartwag.com\/produit\/tetiere-anatomique-en-cuir-piece-detachee\/\",\"url\":\"https:\/\/smartwag.com\/produit\/tetiere-anatomique-en-cuir-piece-detachee\/\",\"name\":\"T\u00eati\u00e8re anatomique en cuir - Pi\u00e8ce d\u00e9tach\u00e9e - Smart Wag\",\"isPartOf\":{\"@id\":\"https:\/\/smartwag.com\/#website\"},\"primaryImageOfPage\":{\"@id\":\"https:\/\/smartwag.com\/produit\/tetiere-anatomique-en-cuir-piece-detachee\/#primaryimage\"},\"image\":{\"@id\":\"https:\/\/smartwag.com\/produit\/tetiere-anatomique-en-cuir-piece-detachee\/#primaryimage\"},\"thumbnailUrl\":\"https:\/\/smartwag.com\/wp-content\/uploads\/2023\/05\/tetiere-anatomique.jpg\",\"datePublished\":\"2023-05-24T10:02:28+00:00\",\"dateModified\":\"2026-01-29T09:41:28+00:00\",\"description\":\"T\u00eati\u00e8re anatomique en cuir, pi\u00e8ce d\u00e9tach\u00e9e essentielle. Apportez confort et ergonomie \u00e0 votre cheval avec cet \u00e9quipement de qualit\u00e9.\",\"breadcrumb\":{\"@id\":\"https:\/\/smartwag.com\/produit\/tetiere-anatomique-en-cuir-piece-detachee\/#breadcrumb\"},\"inLanguage\":\"en-GB\",\"potentialAction\":[{\"@type\":\"ReadAction\",\"target\":[\"https:\/\/smartwag.com\/produit\/tetiere-anatomique-en-cuir-piece-detachee\/\"]}]},{\"@type\":\"ImageObject\",\"inLanguage\":\"en-GB\",\"@id\":\"https:\/\/smartwag.com\/produit\/tetiere-anatomique-en-cuir-piece-detachee\/#primaryimage\",\"url\":\"https:\/\/smartwag.com\/wp-content\/uploads\/2023\/05\/tetiere-anatomique.jpg\",\"contentUrl\":\"https:\/\/smartwag.com\/wp-content\/uploads\/2023\/05\/tetiere-anatomique.jpg\",\"width\":681,\"height\":682},{\"@type\":\"BreadcrumbList\",\"@id\":\"https:\/\/smartwag.com\/produit\/tetiere-anatomique-en-cuir-piece-detachee\/#breadcrumb\",\"itemListElement\":[{\"@type\":\"ListItem\",\"position\":1,\"name\":\"Home\",\"item\":\"https:\/\/smartwag.com\/\"},{\"@type\":\"ListItem\",\"position\":2,\"name\":\"Boutique\",\"item\":\"https:\/\/smartwag.com\/boutique\/\"},{\"@type\":\"ListItem\",\"position\":3,\"name\":\"T\u00eati\u00e8re anatomique en cuir &#8211; Pi\u00e8ce d\u00e9tach\u00e9e\"}]},{\"@type\":\"WebSite\",\"@id\":\"https:\/\/smartwag.com\/#website\",\"url\":\"https:\/\/smartwag.com\/\",\"name\":\"Smart Wag\",\"description\":\"Sp\u00e9cialiste de la gravure personnalis\u00e9e pour cheval et chien\",\"publisher\":{\"@id\":\"https:\/\/smartwag.com\/#organization\"},\"potentialAction\":[{\"@type\":\"SearchAction\",\"target\":{\"@type\":\"EntryPoint\",\"urlTemplate\":\"https:\/\/smartwag.com\/?s={search_term_string}\"},\"query-input\":{\"@type\":\"PropertyValueSpecification\",\"valueRequired\":true,\"valueName\":\"search_term_string\"}}],\"inLanguage\":\"en-GB\"},{\"@type\":\"Organization\",\"@id\":\"https:\/\/smartwag.com\/#organization\",\"name\":\"Smart Wag\",\"url\":\"https:\/\/smartwag.com\/\",\"logo\":{\"@type\":\"ImageObject\",\"inLanguage\":\"en-GB\",\"@id\":\"https:\/\/smartwag.com\/#\/schema\/logo\/image\/\",\"url\":\"https:\/\/smartwag.com\/wp-content\/uploads\/2021\/10\/logo-noir.png\",\"contentUrl\":\"https:\/\/smartwag.com\/wp-content\/uploads\/2021\/10\/logo-noir.png\",\"width\":490,\"height\":204,\"caption\":\"Smart Wag\"},\"image\":{\"@id\":\"https:\/\/smartwag.com\/#\/schema\/logo\/image\/\"}}]}<\/script>\n<!-- \/ Yoast SEO plugin. -->","yoast_head_json":{"title":"Anatomical leather headrest - Spare part - Smart Wag","description":"Anatomical leather headpiece, essential spare part. Bring comfort and ergonomics to your horse with this quality equipment.","robots":{"index":"index","follow":"follow","max-snippet":"max-snippet:-1","max-image-preview":"max-image-preview:large","max-video-preview":"max-video-preview:-1"},"canonical":"https:\/\/smartwag.com\/en-gb\/product-2\/anatomical-leather-headgear-spare-part\/","og_locale":"en_GB","og_type":"article","og_title":"T\u00eati\u00e8re anatomique en cuir - Pi\u00e8ce d\u00e9tach\u00e9e - Smart Wag","og_description":"T\u00eati\u00e8re anatomique en cuir, pi\u00e8ce d\u00e9tach\u00e9e essentielle. Apportez confort et ergonomie \u00e0 votre cheval avec cet \u00e9quipement de qualit\u00e9.","og_url":"https:\/\/smartwag.com\/en-gb\/product-2\/anatomical-leather-headgear-spare-part\/","og_site_name":"Smart Wag","article_modified_time":"2026-01-29T09:41:28+00:00","og_image":[{"width":681,"height":682,"url":"https:\/\/smartwag.com\/wp-content\/uploads\/2023\/05\/tetiere-anatomique.jpg","type":"image\/jpeg"}],"twitter_card":"summary_large_image","twitter_misc":{"Estimated reading time":"2 minutes"},"schema":{"@context":"https:\/\/schema.org","@graph":[{"@type":"WebPage","@id":"https:\/\/smartwag.com\/produit\/tetiere-anatomique-en-cuir-piece-detachee\/","url":"https:\/\/smartwag.com\/produit\/tetiere-anatomique-en-cuir-piece-detachee\/","name":"Anatomical leather headrest - Spare part - Smart Wag","isPartOf":{"@id":"https:\/\/smartwag.com\/#website"},"primaryImageOfPage":{"@id":"https:\/\/smartwag.com\/produit\/tetiere-anatomique-en-cuir-piece-detachee\/#primaryimage"},"image":{"@id":"https:\/\/smartwag.com\/produit\/tetiere-anatomique-en-cuir-piece-detachee\/#primaryimage"},"thumbnailUrl":"https:\/\/smartwag.com\/wp-content\/uploads\/2023\/05\/tetiere-anatomique.jpg","datePublished":"2023-05-24T10:02:28+00:00","dateModified":"2026-01-29T09:41:28+00:00","description":"Anatomical leather headpiece, essential spare part. Bring comfort and ergonomics to your horse with this quality equipment.","breadcrumb":{"@id":"https:\/\/smartwag.com\/produit\/tetiere-anatomique-en-cuir-piece-detachee\/#breadcrumb"},"inLanguage":"en-GB","potentialAction":[{"@type":"ReadAction","target":["https:\/\/smartwag.com\/produit\/tetiere-anatomique-en-cuir-piece-detachee\/"]}]},{"@type":"ImageObject","inLanguage":"en-GB","@id":"https:\/\/smartwag.com\/produit\/tetiere-anatomique-en-cuir-piece-detachee\/#primaryimage","url":"https:\/\/smartwag.com\/wp-content\/uploads\/2023\/05\/tetiere-anatomique.jpg","contentUrl":"https:\/\/smartwag.com\/wp-content\/uploads\/2023\/05\/tetiere-anatomique.jpg","width":681,"height":682},{"@type":"BreadcrumbList","@id":"https:\/\/smartwag.com\/produit\/tetiere-anatomique-en-cuir-piece-detachee\/#breadcrumb","itemListElement":[{"@type":"ListItem","position":1,"name":"Home","item":"https:\/\/smartwag.com\/"},{"@type":"ListItem","position":2,"name":"Boutique","item":"https:\/\/smartwag.com\/boutique\/"},{"@type":"ListItem","position":3,"name":"T\u00eati\u00e8re anatomique en cuir &#8211; Pi\u00e8ce d\u00e9tach\u00e9e"}]},{"@type":"WebSite","@id":"https:\/\/smartwag.com\/#website","url":"https:\/\/smartwag.com\/","name":"Smart Wag","description":"Specialist in personalised engraving for horses and dogs","publisher":{"@id":"https:\/\/smartwag.com\/#organization"},"potentialAction":[{"@type":"SearchAction","target":{"@type":"EntryPoint","urlTemplate":"https:\/\/smartwag.com\/?s={search_term_string}"},"query-input":{"@type":"PropertyValueSpecification","valueRequired":true,"valueName":"search_term_string"}}],"inLanguage":"en-GB"},{"@type":"Organization","@id":"https:\/\/smartwag.com\/#organization","name":"Smart Wag","url":"https:\/\/smartwag.com\/","logo":{"@type":"ImageObject","inLanguage":"en-GB","@id":"https:\/\/smartwag.com\/#\/schema\/logo\/image\/","url":"https:\/\/smartwag.com\/wp-content\/uploads\/2021\/10\/logo-noir.png","contentUrl":"https:\/\/smartwag.com\/wp-content\/uploads\/2021\/10\/logo-noir.png","width":490,"height":204,"caption":"Smart Wag"},"image":{"@id":"https:\/\/smartwag.com\/#\/schema\/logo\/image\/"}}]}},"_links":{"self":[{"href":"https:\/\/smartwag.com\/en-gb\/wp-json\/wp\/v2\/product\/10337","targetHints":{"allow":["GET"]}}],"collection":[{"href":"https:\/\/smartwag.com\/en-gb\/wp-json\/wp\/v2\/product"}],"about":[{"href":"https:\/\/smartwag.com\/en-gb\/wp-json\/wp\/v2\/types\/product"}],"replies":[{"embeddable":true,"href":"https:\/\/smartwag.com\/en-gb\/wp-json\/wp\/v2\/comments?post=10337"}],"wp:featuredmedia":[{"embeddable":true,"href":"https:\/\/smartwag.com\/en-gb\/wp-json\/wp\/v2\/media\/22983"}],"wp:attachment":[{"href":"https:\/\/smartwag.com\/en-gb\/wp-json\/wp\/v2\/media?parent=10337"}],"wp:term":[{"taxonomy":"product_brand","embeddable":true,"href":"https:\/\/smartwag.com\/en-gb\/wp-json\/wp\/v2\/product_brand?post=10337"},{"taxonomy":"product_cat","embeddable":true,"href":"https:\/\/smartwag.com\/en-gb\/wp-json\/wp\/v2\/product_cat?post=10337"},{"taxonomy":"product_tag","embeddable":true,"href":"https:\/\/smartwag.com\/en-gb\/wp-json\/wp\/v2\/product_tag?post=10337"}],"curies":[{"name":"wp","href":"https:\/\/api.w.org\/{rel}","templated":true}]}}