{"id":3,"date":"2020-05-25T09:10:01","date_gmt":"2020-05-25T07:10:01","guid":{"rendered":"https:\/\/smartwag.com\/?page_id=3"},"modified":"2025-07-23T18:09:47","modified_gmt":"2025-07-23T16:09:47","slug":"privacy-policy","status":"publish","type":"page","link":"https:\/\/smartwag.com\/en-gb\/politique-de-confidentialite\/","title":{"rendered":"Privacy policy"},"content":{"rendered":"<h2 class=\"wp-block-heading\">Who are we?<\/h2><p>The address of our website is: https:\/\/smartwag.com.<\/p><h2 class=\"wp-block-heading\">Use of the personal data collected<\/h2><h3 class=\"wp-block-heading\">Comments<\/h3><p>When you leave a comment on our website, not only the data entered in the comment form, but also your IP address and the user agent of your browser are collected to help us detect unwanted comments.<\/p><p>An anonymous string created from your email address (also called a hash) can be sent to the Gravatar service to check whether you are using it. The Gravatar Service Privacy Policy is available here: https:\/\/automattic.com\/privacy\/. After validating your comment, your profile picture will be publicly visible next to your comment.<\/p><h3 class=\"wp-block-heading\">Media<\/h3><p>If you are a registered user and upload images to the website, we advise you to avoid uploading images containing EXIF GPS coordinate data. Visitors to your website can download and extract location data from these images.<\/p><h3 class=\"wp-block-heading\">Contact forms<\/h3><h3 class=\"wp-block-heading\">Cookies<\/h3><p>If you leave a comment on our site, you will be asked to save your name, e-mail address and website in cookies. This is only for your convenience so that you do not have to enter this information if you make another comment later. These cookies expire after one year.<\/p><p>If you go to the login page, a temporary cookie will be created to determine if your browser accepts cookies. It does not contain any personal data and will be deleted automatically when you close your browser.<\/p><p>When you log in, we will set a number of cookies to save your login information and screen preferences. The lifetime of a login cookie is two days, that of a screen option cookie is one year. If you check \"Remember me\", your cookie will be stored for a fortnight. If you log out of your account, the cookie will be deleted.<\/p><p>When editing or publishing a publication, an additional cookie will be stored in your browser. This cookie does not contain any personal data. It simply indicates the ID of the publication you have just modified. It expires after one day.<\/p><h3 class=\"wp-block-heading\">Embedded content from other sites<\/h3><p>Articles on this site may include embedded content (e.g. videos, images, articles...). Content integrated from other sites behaves in the same way as if the visitor were visiting that other site.<\/p><p>These websites may collect data about you, use cookies, embed third-party tracking tools, track your interactions with such embedded content if you have an account connected to their website.<\/p><h3 class=\"wp-block-heading\">Audience statistics and measurements<\/h3><h2 class=\"wp-block-heading\">Use and transmission of your personal data<\/h2><h2 class=\"wp-block-heading\">How long you can store your data<\/h2><p>If you leave a comment, the comment and its metadata are kept indefinitely. This makes it possible to automatically recognize and approve subsequent comments instead of leaving them in the moderation queue.<\/p><p>For users who register on our site (if possible), we also store the personal data indicated in their profile. All users can view, change or delete their personal information at any time (with the exception of their username-ice). The site managers can also view and change this information.<\/p><h2 class=\"wp-block-heading\">The rights you have over your data<\/h2><p>If you have an account or if you have left comments on the site, you can request to receive a file containing all the personal data we hold about you, including the data you have provided us with. You may also request the deletion of your personal data. This does not include data stored for administrative, legal or security purposes.<\/p><h2 class=\"wp-block-heading\">Use and transmission of your personal data<\/h2><p>Visitor comments can be checked using an automated service to detect unwanted comments.<\/p><h2 class=\"wp-block-heading\">Contact information<\/h2><h2 class=\"wp-block-heading\">Further information<\/h2><h3 class=\"wp-block-heading\">How we protect your data<\/h3><h3 class=\"wp-block-heading\">Procedures implemented in the event of data leakage<\/h3><h3 class=\"wp-block-heading\">Third party services that transmit data to us<\/h3><h3 class=\"wp-block-heading\">Automated marketing and\/or profiling operations carried out using personal data<\/h3><h3 class=\"wp-block-heading\">Display of information related to sectors subject to specific regulations<\/h3>","protected":false},"excerpt":{"rendered":"<p>Qui sommes-nous\u00a0? L\u2019adresse de notre site Web est\u00a0: https:\/\/smartwag.com. Utilisation des donn\u00e9es personnelles collect\u00e9es Commentaires Quand vous laissez [&hellip;]<\/p>\n","protected":false},"author":126,"featured_media":0,"parent":0,"menu_order":0,"comment_status":"closed","ping_status":"open","template":"","meta":{"_acf_changed":false,"_sitemap_exclude":false,"_sitemap_priority":"","_sitemap_frequency":"","site-sidebar-layout":"default","site-content-layout":"","ast-site-content-layout":"default","site-content-style":"default","site-sidebar-style":"default","ast-global-header-display":"","ast-banner-title-visibility":"","ast-main-header-display":"","ast-hfb-above-header-display":"","ast-hfb-below-header-display":"","ast-hfb-mobile-header-display":"","site-post-title":"","ast-breadcrumbs-content":"","ast-featured-img":"","footer-sml-layout":"","ast-disable-related-posts":"","theme-transparent-header-meta":"","adv-header-id-meta":"","stick-header-meta":"","header-above-stick-meta":"","header-main-stick-meta":"","header-below-stick-meta":"","astra-migrate-meta-layouts":"default","ast-page-background-enabled":"default","ast-page-background-meta":{"desktop":{"background-color":"var(--ast-global-color-4)","background-image":"","background-repeat":"repeat","background-position":"center center","background-size":"auto","background-attachment":"scroll","background-type":"","background-media":"","overlay-type":"","overlay-color":"","overlay-opacity":"","overlay-gradient":""},"tablet":{"background-color":"","background-image":"","background-repeat":"repeat","background-position":"center center","background-size":"auto","background-attachment":"scroll","background-type":"","background-media":"","overlay-type":"","overlay-color":"","overlay-opacity":"","overlay-gradient":""},"mobile":{"background-color":"","background-image":"","background-repeat":"repeat","background-position":"center center","background-size":"auto","background-attachment":"scroll","background-type":"","background-media":"","overlay-type":"","overlay-color":"","overlay-opacity":"","overlay-gradient":""}},"ast-content-background-meta":{"desktop":{"background-color":"var(--ast-global-color-5)","background-image":"","background-repeat":"repeat","background-position":"center center","background-size":"auto","background-attachment":"scroll","background-type":"","background-media":"","overlay-type":"","overlay-color":"","overlay-opacity":"","overlay-gradient":""},"tablet":{"background-color":"var(--ast-global-color-5)","background-image":"","background-repeat":"repeat","background-position":"center center","background-size":"auto","background-attachment":"scroll","background-type":"","background-media":"","overlay-type":"","overlay-color":"","overlay-opacity":"","overlay-gradient":""},"mobile":{"background-color":"var(--ast-global-color-5)","background-image":"","background-repeat":"repeat","background-position":"center center","background-size":"auto","background-attachment":"scroll","background-type":"","background-media":"","overlay-type":"","overlay-color":"","overlay-opacity":"","overlay-gradient":""}},"footnotes":""},"class_list":["post-3","page","type-page","status-publish","hentry"],"acf":[],"yoast_head":"<!-- This site is optimized with the Yoast SEO plugin v27.2 - https:\/\/yoast.com\/product\/yoast-seo-wordpress\/ -->\n<title>Politique de Confidentialit\u00e9 | Smart Wag \u00c9quipeme<\/title>\n<meta name=\"description\" content=\"Consultez notre politique de confidentialit\u00e9. Smart Wag prot\u00e8ge vos donn\u00e9es personnelles et respecte votre vie priv\u00e9e.\" \/>\n<meta name=\"robots\" content=\"index, follow, max-snippet:-1, max-image-preview:large, max-video-preview:-1\" \/>\n<link rel=\"canonical\" href=\"https:\/\/smartwag.com\/en-gb\/privacy-policy\/\" \/>\n<meta property=\"og:locale\" content=\"en_GB\" \/>\n<meta property=\"og:type\" content=\"article\" \/>\n<meta property=\"og:title\" content=\"Politique de Confidentialit\u00e9 | Smart Wag \u00c9quipeme\" \/>\n<meta property=\"og:description\" content=\"Consultez notre politique de confidentialit\u00e9. Smart Wag prot\u00e8ge vos donn\u00e9es personnelles et respecte votre vie priv\u00e9e.\" \/>\n<meta property=\"og:url\" content=\"https:\/\/smartwag.com\/en-gb\/privacy-policy\/\" \/>\n<meta property=\"og:site_name\" content=\"Smart Wag\" \/>\n<meta property=\"article:modified_time\" content=\"2025-07-23T16:09:47+00:00\" \/>\n<meta name=\"twitter:card\" content=\"summary_large_image\" \/>\n<meta name=\"twitter:label1\" content=\"Estimated reading time\" \/>\n\t<meta name=\"twitter:data1\" content=\"4 minutes\" \/>\n<script type=\"application\/ld+json\" class=\"yoast-schema-graph\">{\"@context\":\"https:\/\/schema.org\",\"@graph\":[{\"@type\":\"WebPage\",\"@id\":\"https:\/\/smartwag.com\/politique-de-confidentialite\/\",\"url\":\"https:\/\/smartwag.com\/politique-de-confidentialite\/\",\"name\":\"Politique de Confidentialit\u00e9 | Smart Wag \u00c9quipeme\",\"isPartOf\":{\"@id\":\"https:\/\/smartwag.com\/#website\"},\"datePublished\":\"2020-05-25T07:10:01+00:00\",\"dateModified\":\"2025-07-23T16:09:47+00:00\",\"description\":\"Consultez notre politique de confidentialit\u00e9. Smart Wag prot\u00e8ge vos donn\u00e9es personnelles et respecte votre vie priv\u00e9e.\",\"breadcrumb\":{\"@id\":\"https:\/\/smartwag.com\/politique-de-confidentialite\/#breadcrumb\"},\"inLanguage\":\"en-GB\",\"potentialAction\":[{\"@type\":\"ReadAction\",\"target\":[\"https:\/\/smartwag.com\/politique-de-confidentialite\/\"]}]},{\"@type\":\"BreadcrumbList\",\"@id\":\"https:\/\/smartwag.com\/politique-de-confidentialite\/#breadcrumb\",\"itemListElement\":[{\"@type\":\"ListItem\",\"position\":1,\"name\":\"Home\",\"item\":\"https:\/\/smartwag.com\/\"},{\"@type\":\"ListItem\",\"position\":2,\"name\":\"Politique de confidentialit\u00e9\"}]},{\"@type\":\"WebSite\",\"@id\":\"https:\/\/smartwag.com\/#website\",\"url\":\"https:\/\/smartwag.com\/\",\"name\":\"Smart Wag\",\"description\":\"Sp\u00e9cialiste de la gravure personnalis\u00e9e pour cheval et chien\",\"publisher\":{\"@id\":\"https:\/\/smartwag.com\/#organization\"},\"potentialAction\":[{\"@type\":\"SearchAction\",\"target\":{\"@type\":\"EntryPoint\",\"urlTemplate\":\"https:\/\/smartwag.com\/?s={search_term_string}\"},\"query-input\":{\"@type\":\"PropertyValueSpecification\",\"valueRequired\":true,\"valueName\":\"search_term_string\"}}],\"inLanguage\":\"en-GB\"},{\"@type\":\"Organization\",\"@id\":\"https:\/\/smartwag.com\/#organization\",\"name\":\"Smart Wag\",\"url\":\"https:\/\/smartwag.com\/\",\"logo\":{\"@type\":\"ImageObject\",\"inLanguage\":\"en-GB\",\"@id\":\"https:\/\/smartwag.com\/#\/schema\/logo\/image\/\",\"url\":\"https:\/\/smartwag.com\/wp-content\/uploads\/2021\/10\/logo-noir.png\",\"contentUrl\":\"https:\/\/smartwag.com\/wp-content\/uploads\/2021\/10\/logo-noir.png\",\"width\":490,\"height\":204,\"caption\":\"Smart Wag\"},\"image\":{\"@id\":\"https:\/\/smartwag.com\/#\/schema\/logo\/image\/\"}}]}<\/script>\n<!-- \/ Yoast SEO plugin. -->","yoast_head_json":{"title":"Privacy Policy | Smart Wag Equestrian Equipment","description":"Smart Wag privacy policy. We protect your personal data and respect your privacy. Transparency and security guaranteed for our customers.","robots":{"index":"index","follow":"follow","max-snippet":"max-snippet:-1","max-image-preview":"max-image-preview:large","max-video-preview":"max-video-preview:-1"},"canonical":"https:\/\/smartwag.com\/en-gb\/privacy-policy\/","og_locale":"en_GB","og_type":"article","og_title":"Politique de Confidentialit\u00e9 | Smart Wag \u00c9quipeme","og_description":"Consultez notre politique de confidentialit\u00e9. Smart Wag prot\u00e8ge vos donn\u00e9es personnelles et respecte votre vie priv\u00e9e.","og_url":"https:\/\/smartwag.com\/en-gb\/privacy-policy\/","og_site_name":"Smart Wag","article_modified_time":"2025-07-23T16:09:47+00:00","twitter_card":"summary_large_image","twitter_misc":{"Estimated reading time":"4 minutes"},"schema":{"@context":"https:\/\/schema.org","@graph":[{"@type":"WebPage","@id":"https:\/\/smartwag.com\/politique-de-confidentialite\/","url":"https:\/\/smartwag.com\/politique-de-confidentialite\/","name":"Privacy Policy | Smart Wag Equestrian Equipment","isPartOf":{"@id":"https:\/\/smartwag.com\/#website"},"datePublished":"2020-05-25T07:10:01+00:00","dateModified":"2025-07-23T16:09:47+00:00","description":"Smart Wag privacy policy. We protect your personal data and respect your privacy. Transparency and security guaranteed for our customers.","breadcrumb":{"@id":"https:\/\/smartwag.com\/politique-de-confidentialite\/#breadcrumb"},"inLanguage":"en-GB","potentialAction":[{"@type":"ReadAction","target":["https:\/\/smartwag.com\/politique-de-confidentialite\/"]}]},{"@type":"BreadcrumbList","@id":"https:\/\/smartwag.com\/politique-de-confidentialite\/#breadcrumb","itemListElement":[{"@type":"ListItem","position":1,"name":"Home","item":"https:\/\/smartwag.com\/"},{"@type":"ListItem","position":2,"name":"Politique de confidentialit\u00e9"}]},{"@type":"WebSite","@id":"https:\/\/smartwag.com\/#website","url":"https:\/\/smartwag.com\/","name":"Smart Wag","description":"Specialist in personalised engraving for horses and dogs","publisher":{"@id":"https:\/\/smartwag.com\/#organization"},"potentialAction":[{"@type":"SearchAction","target":{"@type":"EntryPoint","urlTemplate":"https:\/\/smartwag.com\/?s={search_term_string}"},"query-input":{"@type":"PropertyValueSpecification","valueRequired":true,"valueName":"search_term_string"}}],"inLanguage":"en-GB"},{"@type":"Organization","@id":"https:\/\/smartwag.com\/#organization","name":"Smart Wag","url":"https:\/\/smartwag.com\/","logo":{"@type":"ImageObject","inLanguage":"en-GB","@id":"https:\/\/smartwag.com\/#\/schema\/logo\/image\/","url":"https:\/\/smartwag.com\/wp-content\/uploads\/2021\/10\/logo-noir.png","contentUrl":"https:\/\/smartwag.com\/wp-content\/uploads\/2021\/10\/logo-noir.png","width":490,"height":204,"caption":"Smart Wag"},"image":{"@id":"https:\/\/smartwag.com\/#\/schema\/logo\/image\/"}}]}},"_links":{"self":[{"href":"https:\/\/smartwag.com\/en-gb\/wp-json\/wp\/v2\/pages\/3","targetHints":{"allow":["GET"]}}],"collection":[{"href":"https:\/\/smartwag.com\/en-gb\/wp-json\/wp\/v2\/pages"}],"about":[{"href":"https:\/\/smartwag.com\/en-gb\/wp-json\/wp\/v2\/types\/page"}],"author":[{"embeddable":true,"href":"https:\/\/smartwag.com\/en-gb\/wp-json\/wp\/v2\/users\/126"}],"replies":[{"embeddable":true,"href":"https:\/\/smartwag.com\/en-gb\/wp-json\/wp\/v2\/comments?post=3"}],"version-history":[{"count":0,"href":"https:\/\/smartwag.com\/en-gb\/wp-json\/wp\/v2\/pages\/3\/revisions"}],"wp:attachment":[{"href":"https:\/\/smartwag.com\/en-gb\/wp-json\/wp\/v2\/media?parent=3"}],"curies":[{"name":"wp","href":"https:\/\/api.w.org\/{rel}","templated":true}]}}