{"id":12391,"date":"2023-10-24T09:35:57","date_gmt":"2023-10-24T07:35:57","guid":{"rendered":"https:\/\/smartwag.com\/?page_id=12391"},"modified":"2025-07-23T18:14:24","modified_gmt":"2025-07-23T16:14:24","slug":"become-a-smart-wag-ambassador","status":"publish","type":"page","link":"https:\/\/smartwag.com\/en-gb\/devenir-ambassadeur-smart-wag\/","title":{"rendered":"Become a Smart Wag ambassador"},"content":{"rendered":"<p><img decoding=\"async\" class=\"alignnone wp-image-12392 size-full\" src=\"https:\/\/smartwag.com\/wp-content\/uploads\/2023\/10\/ambassadeur.png\" alt=\"\" width=\"2000\" height=\"600\" srcset=\"https:\/\/smartwag.com\/wp-content\/uploads\/2023\/10\/ambassadeur.png 2000w, https:\/\/smartwag.com\/wp-content\/uploads\/2023\/10\/ambassadeur-600x180.png 600w, https:\/\/smartwag.com\/wp-content\/uploads\/2023\/10\/ambassadeur-300x90.png 300w, https:\/\/smartwag.com\/wp-content\/uploads\/2023\/10\/ambassadeur-1024x307.png 1024w, https:\/\/smartwag.com\/wp-content\/uploads\/2023\/10\/ambassadeur-768x230.png 768w, https:\/\/smartwag.com\/wp-content\/uploads\/2023\/10\/ambassadeur-1536x461.png 1536w, https:\/\/smartwag.com\/wp-content\/uploads\/2023\/10\/ambassadeur-18x5.png 18w, https:\/\/smartwag.com\/wp-content\/uploads\/2023\/10\/ambassadeur-260x78.png 260w, https:\/\/smartwag.com\/wp-content\/uploads\/2023\/10\/ambassadeur-50x15.png 50w, https:\/\/smartwag.com\/wp-content\/uploads\/2023\/10\/ambassadeur-150x45.png 150w\" sizes=\"(max-width: 2000px) 100vw, 2000px\" \/><\/p>\n<p class=\"p1\"><strong>Would you like to become a Smart Wag ambassador? Discover our products, test them, give us feedback on them, share them with your friends, your community, on the competition fields?<span class=\"Apple-converted-space\">\u00a0<\/span><\/strong><\/p>\n<p class=\"p1\">It's possible! We consider all applications that meet certain criteria:<span class=\"Apple-converted-space\">\u00a0<\/span><\/p>\n<ul class=\"ul1\">\n<li class=\"li1\">You must be at least 16 years old.<\/li>\n<li class=\"li1\">You and your horse(s) will be treated with respect ( Acts of mistreatment or violence towards your horse(s) are grounds for termination of the contract. This includes all methods and practices that <strong>we<\/strong> we consider disrespectful ).<\/li>\n<li class=\"li1\">You have a digital community of at least 2,500 subscribers.<\/li>\n<li class=\"li1\">The engagement rate of your networks will be studied.<\/li>\n<li class=\"li1\">You provide content with professional-quality images.<\/li>\n<\/ul>\n<p class=\"p1\">Do you share our values? Have you tested our products and found them convincing?<\/p>\n<p class=\"p1\"><strong>Send your application to : <a href=\"mailto:contact@smartwag.com\"><span class=\"s2\">contact@smartwag.com<\/span><\/a>.<\/strong><\/p>","protected":false},"excerpt":{"rendered":"<p>Vous souhaitez devenir ambassadeur Smart Wag ? D\u00e9couvrir nos produits, les tester, nous faire vos retours sur ces [&hellip;]<\/p>\n","protected":false},"author":295,"featured_media":0,"parent":0,"menu_order":0,"comment_status":"closed","ping_status":"closed","template":"","meta":{"_acf_changed":false,"_sitemap_exclude":false,"_sitemap_priority":"","_sitemap_frequency":"","site-sidebar-layout":"default","site-content-layout":"","ast-site-content-layout":"default","site-content-style":"default","site-sidebar-style":"default","ast-global-header-display":"","ast-banner-title-visibility":"","ast-main-header-display":"","ast-hfb-above-header-display":"","ast-hfb-below-header-display":"","ast-hfb-mobile-header-display":"","site-post-title":"","ast-breadcrumbs-content":"","ast-featured-img":"","footer-sml-layout":"","ast-disable-related-posts":"","theme-transparent-header-meta":"","adv-header-id-meta":"","stick-header-meta":"","header-above-stick-meta":"","header-main-stick-meta":"","header-below-stick-meta":"","astra-migrate-meta-layouts":"default","ast-page-background-enabled":"default","ast-page-background-meta":{"desktop":{"background-color":"var(--ast-global-color-4)","background-image":"","background-repeat":"repeat","background-position":"center center","background-size":"auto","background-attachment":"scroll","background-type":"","background-media":"","overlay-type":"","overlay-color":"","overlay-opacity":"","overlay-gradient":""},"tablet":{"background-color":"","background-image":"","background-repeat":"repeat","background-position":"center center","background-size":"auto","background-attachment":"scroll","background-type":"","background-media":"","overlay-type":"","overlay-color":"","overlay-opacity":"","overlay-gradient":""},"mobile":{"background-color":"","background-image":"","background-repeat":"repeat","background-position":"center center","background-size":"auto","background-attachment":"scroll","background-type":"","background-media":"","overlay-type":"","overlay-color":"","overlay-opacity":"","overlay-gradient":""}},"ast-content-background-meta":{"desktop":{"background-color":"var(--ast-global-color-5)","background-image":"","background-repeat":"repeat","background-position":"center center","background-size":"auto","background-attachment":"scroll","background-type":"","background-media":"","overlay-type":"","overlay-color":"","overlay-opacity":"","overlay-gradient":""},"tablet":{"background-color":"var(--ast-global-color-5)","background-image":"","background-repeat":"repeat","background-position":"center center","background-size":"auto","background-attachment":"scroll","background-type":"","background-media":"","overlay-type":"","overlay-color":"","overlay-opacity":"","overlay-gradient":""},"mobile":{"background-color":"var(--ast-global-color-5)","background-image":"","background-repeat":"repeat","background-position":"center center","background-size":"auto","background-attachment":"scroll","background-type":"","background-media":"","overlay-type":"","overlay-color":"","overlay-opacity":"","overlay-gradient":""}},"footnotes":""},"class_list":["post-12391","page","type-page","status-publish","hentry"],"acf":[],"yoast_head":"<!-- This site is optimized with the Yoast SEO plugin v27.2 - https:\/\/yoast.com\/product\/yoast-seo-wordpress\/ -->\n<title>Devenir Ambassadeur Smart Wag | Programme Partenariat<\/title>\n<meta name=\"description\" content=\"Rejoignez notre programme d ambassadeurs ! Partagez votre passion \u00e9questre et b\u00e9n\u00e9ficiez d avantages exclusifs. \u00c9quipement personnalis\u00e9...\" \/>\n<meta name=\"robots\" content=\"index, follow, max-snippet:-1, max-image-preview:large, max-video-preview:-1\" \/>\n<link rel=\"canonical\" href=\"https:\/\/smartwag.com\/en-gb\/become-a-smart-wag-ambassador\/\" \/>\n<meta property=\"og:locale\" content=\"en_GB\" \/>\n<meta property=\"og:type\" content=\"article\" \/>\n<meta property=\"og:title\" content=\"Devenir Ambassadeur Smart Wag | Programme Partenariat\" \/>\n<meta property=\"og:description\" content=\"Rejoignez notre programme d ambassadeurs ! Partagez votre passion \u00e9questre et b\u00e9n\u00e9ficiez d avantages exclusifs. \u00c9quipement personnalis\u00e9...\" \/>\n<meta property=\"og:url\" content=\"https:\/\/smartwag.com\/en-gb\/become-a-smart-wag-ambassador\/\" \/>\n<meta property=\"og:site_name\" content=\"Smart Wag\" \/>\n<meta property=\"article:modified_time\" content=\"2025-07-23T16:14:24+00:00\" \/>\n<meta property=\"og:image\" content=\"https:\/\/smartwag.com\/wp-content\/uploads\/2023\/10\/ambassadeur.png\" \/>\n\t<meta property=\"og:image:width\" content=\"2000\" \/>\n\t<meta property=\"og:image:height\" content=\"600\" \/>\n\t<meta property=\"og:image:type\" content=\"image\/png\" \/>\n<meta name=\"twitter:card\" content=\"summary_large_image\" \/>\n<meta name=\"twitter:label1\" content=\"Estimated reading time\" \/>\n\t<meta name=\"twitter:data1\" content=\"1 minute\" \/>\n<script type=\"application\/ld+json\" class=\"yoast-schema-graph\">{\"@context\":\"https:\/\/schema.org\",\"@graph\":[{\"@type\":\"WebPage\",\"@id\":\"https:\/\/smartwag.com\/devenir-ambassadeur-smart-wag\/\",\"url\":\"https:\/\/smartwag.com\/devenir-ambassadeur-smart-wag\/\",\"name\":\"Devenir Ambassadeur Smart Wag | Programme Partenariat\",\"isPartOf\":{\"@id\":\"https:\/\/smartwag.com\/#website\"},\"primaryImageOfPage\":{\"@id\":\"https:\/\/smartwag.com\/devenir-ambassadeur-smart-wag\/#primaryimage\"},\"image\":{\"@id\":\"https:\/\/smartwag.com\/devenir-ambassadeur-smart-wag\/#primaryimage\"},\"thumbnailUrl\":\"https:\/\/smartwag.com\/wp-content\/uploads\/2023\/10\/ambassadeur.png\",\"datePublished\":\"2023-10-24T07:35:57+00:00\",\"dateModified\":\"2025-07-23T16:14:24+00:00\",\"description\":\"Rejoignez notre programme d ambassadeurs ! Partagez votre passion \u00e9questre et b\u00e9n\u00e9ficiez d avantages exclusifs. \u00c9quipement personnalis\u00e9...\",\"breadcrumb\":{\"@id\":\"https:\/\/smartwag.com\/devenir-ambassadeur-smart-wag\/#breadcrumb\"},\"inLanguage\":\"en-GB\",\"potentialAction\":[{\"@type\":\"ReadAction\",\"target\":[\"https:\/\/smartwag.com\/devenir-ambassadeur-smart-wag\/\"]}]},{\"@type\":\"ImageObject\",\"inLanguage\":\"en-GB\",\"@id\":\"https:\/\/smartwag.com\/devenir-ambassadeur-smart-wag\/#primaryimage\",\"url\":\"https:\/\/smartwag.com\/wp-content\/uploads\/2023\/10\/ambassadeur.png\",\"contentUrl\":\"https:\/\/smartwag.com\/wp-content\/uploads\/2023\/10\/ambassadeur.png\"},{\"@type\":\"BreadcrumbList\",\"@id\":\"https:\/\/smartwag.com\/devenir-ambassadeur-smart-wag\/#breadcrumb\",\"itemListElement\":[{\"@type\":\"ListItem\",\"position\":1,\"name\":\"Home\",\"item\":\"https:\/\/smartwag.com\/\"},{\"@type\":\"ListItem\",\"position\":2,\"name\":\"Devenir ambassadeur Smart Wag\"}]},{\"@type\":\"WebSite\",\"@id\":\"https:\/\/smartwag.com\/#website\",\"url\":\"https:\/\/smartwag.com\/\",\"name\":\"Smart Wag\",\"description\":\"Sp\u00e9cialiste de la gravure personnalis\u00e9e pour cheval et chien\",\"publisher\":{\"@id\":\"https:\/\/smartwag.com\/#organization\"},\"potentialAction\":[{\"@type\":\"SearchAction\",\"target\":{\"@type\":\"EntryPoint\",\"urlTemplate\":\"https:\/\/smartwag.com\/?s={search_term_string}\"},\"query-input\":{\"@type\":\"PropertyValueSpecification\",\"valueRequired\":true,\"valueName\":\"search_term_string\"}}],\"inLanguage\":\"en-GB\"},{\"@type\":\"Organization\",\"@id\":\"https:\/\/smartwag.com\/#organization\",\"name\":\"Smart Wag\",\"url\":\"https:\/\/smartwag.com\/\",\"logo\":{\"@type\":\"ImageObject\",\"inLanguage\":\"en-GB\",\"@id\":\"https:\/\/smartwag.com\/#\/schema\/logo\/image\/\",\"url\":\"https:\/\/smartwag.com\/wp-content\/uploads\/2021\/10\/logo-noir.png\",\"contentUrl\":\"https:\/\/smartwag.com\/wp-content\/uploads\/2021\/10\/logo-noir.png\",\"width\":490,\"height\":204,\"caption\":\"Smart Wag\"},\"image\":{\"@id\":\"https:\/\/smartwag.com\/#\/schema\/logo\/image\/\"}}]}<\/script>\n<!-- \/ Yoast SEO plugin. -->","yoast_head_json":{"title":"Become Smart Wag Ambassador | Partnership Program","description":"Join our ambassador program! Share your equestrian passion and benefit from exclusive advantages. Personalised equipment, engaged community.","robots":{"index":"index","follow":"follow","max-snippet":"max-snippet:-1","max-image-preview":"max-image-preview:large","max-video-preview":"max-video-preview:-1"},"canonical":"https:\/\/smartwag.com\/en-gb\/become-a-smart-wag-ambassador\/","og_locale":"en_GB","og_type":"article","og_title":"Devenir Ambassadeur Smart Wag | Programme Partenariat","og_description":"Rejoignez notre programme d ambassadeurs ! Partagez votre passion \u00e9questre et b\u00e9n\u00e9ficiez d avantages exclusifs. \u00c9quipement personnalis\u00e9...","og_url":"https:\/\/smartwag.com\/en-gb\/become-a-smart-wag-ambassador\/","og_site_name":"Smart Wag","article_modified_time":"2025-07-23T16:14:24+00:00","og_image":[{"width":2000,"height":600,"url":"https:\/\/smartwag.com\/wp-content\/uploads\/2023\/10\/ambassadeur.png","type":"image\/png"}],"twitter_card":"summary_large_image","twitter_misc":{"Estimated reading time":"1 minute"},"schema":{"@context":"https:\/\/schema.org","@graph":[{"@type":"WebPage","@id":"https:\/\/smartwag.com\/devenir-ambassadeur-smart-wag\/","url":"https:\/\/smartwag.com\/devenir-ambassadeur-smart-wag\/","name":"Become Smart Wag Ambassador | Partnership Program","isPartOf":{"@id":"https:\/\/smartwag.com\/#website"},"primaryImageOfPage":{"@id":"https:\/\/smartwag.com\/devenir-ambassadeur-smart-wag\/#primaryimage"},"image":{"@id":"https:\/\/smartwag.com\/devenir-ambassadeur-smart-wag\/#primaryimage"},"thumbnailUrl":"https:\/\/smartwag.com\/wp-content\/uploads\/2023\/10\/ambassadeur.png","datePublished":"2023-10-24T07:35:57+00:00","dateModified":"2025-07-23T16:14:24+00:00","description":"Join our ambassador program! Share your equestrian passion and benefit from exclusive advantages. Personalised equipment, engaged community.","breadcrumb":{"@id":"https:\/\/smartwag.com\/devenir-ambassadeur-smart-wag\/#breadcrumb"},"inLanguage":"en-GB","potentialAction":[{"@type":"ReadAction","target":["https:\/\/smartwag.com\/devenir-ambassadeur-smart-wag\/"]}]},{"@type":"ImageObject","inLanguage":"en-GB","@id":"https:\/\/smartwag.com\/devenir-ambassadeur-smart-wag\/#primaryimage","url":"https:\/\/smartwag.com\/wp-content\/uploads\/2023\/10\/ambassadeur.png","contentUrl":"https:\/\/smartwag.com\/wp-content\/uploads\/2023\/10\/ambassadeur.png"},{"@type":"BreadcrumbList","@id":"https:\/\/smartwag.com\/devenir-ambassadeur-smart-wag\/#breadcrumb","itemListElement":[{"@type":"ListItem","position":1,"name":"Home","item":"https:\/\/smartwag.com\/"},{"@type":"ListItem","position":2,"name":"Devenir ambassadeur Smart Wag"}]},{"@type":"WebSite","@id":"https:\/\/smartwag.com\/#website","url":"https:\/\/smartwag.com\/","name":"Smart Wag","description":"Specialist in personalised engraving for horses and dogs","publisher":{"@id":"https:\/\/smartwag.com\/#organization"},"potentialAction":[{"@type":"SearchAction","target":{"@type":"EntryPoint","urlTemplate":"https:\/\/smartwag.com\/?s={search_term_string}"},"query-input":{"@type":"PropertyValueSpecification","valueRequired":true,"valueName":"search_term_string"}}],"inLanguage":"en-GB"},{"@type":"Organization","@id":"https:\/\/smartwag.com\/#organization","name":"Smart Wag","url":"https:\/\/smartwag.com\/","logo":{"@type":"ImageObject","inLanguage":"en-GB","@id":"https:\/\/smartwag.com\/#\/schema\/logo\/image\/","url":"https:\/\/smartwag.com\/wp-content\/uploads\/2021\/10\/logo-noir.png","contentUrl":"https:\/\/smartwag.com\/wp-content\/uploads\/2021\/10\/logo-noir.png","width":490,"height":204,"caption":"Smart Wag"},"image":{"@id":"https:\/\/smartwag.com\/#\/schema\/logo\/image\/"}}]}},"_links":{"self":[{"href":"https:\/\/smartwag.com\/en-gb\/wp-json\/wp\/v2\/pages\/12391","targetHints":{"allow":["GET"]}}],"collection":[{"href":"https:\/\/smartwag.com\/en-gb\/wp-json\/wp\/v2\/pages"}],"about":[{"href":"https:\/\/smartwag.com\/en-gb\/wp-json\/wp\/v2\/types\/page"}],"author":[{"embeddable":true,"href":"https:\/\/smartwag.com\/en-gb\/wp-json\/wp\/v2\/users\/295"}],"replies":[{"embeddable":true,"href":"https:\/\/smartwag.com\/en-gb\/wp-json\/wp\/v2\/comments?post=12391"}],"version-history":[{"count":0,"href":"https:\/\/smartwag.com\/en-gb\/wp-json\/wp\/v2\/pages\/12391\/revisions"}],"wp:attachment":[{"href":"https:\/\/smartwag.com\/en-gb\/wp-json\/wp\/v2\/media?parent=12391"}],"curies":[{"name":"wp","href":"https:\/\/api.w.org\/{rel}","templated":true}]}}