{"id":21767,"date":"2025-01-08T10:33:24","date_gmt":"2025-01-08T09:33:24","guid":{"rendered":"https:\/\/smartwag.com\/?page_id=21767"},"modified":"2025-07-24T08:09:32","modified_gmt":"2025-07-24T06:09:32","slug":"freiberufliche-allround-mitarbeiterin","status":"publish","type":"page","link":"https:\/\/smartwag.com\/de\/recrutement\/collaborateurtrice-polyvalente-freelance\/","title":{"rendered":"Vielseitige(r) Mitarbeiter(in) (freiberuflich)"},"content":{"rendered":"<p>Smart Wag sucht eine(n) Allrounder(in) zur Verst\u00e4rkung seines Teams!<\/p>\n\n\n\n<p><strong>Wer sind wir?<\/strong><\/p>\n\n\n\n<p>Smart Wag S\u00e0rl, Marktf\u00fchrer im Bereich Pferde-, Hunde- und Menschenzubeh\u00f6r und Lederwaren, ist ein schnell wachsendes Unternehmen. Wir suchen eine(n) motivierte(n) Mitarbeiter(in), der\/die an unserer Entwicklung teilnimmt und zu unserem Erfolg beitr\u00e4gt.<\/p>\n\n\n\n<p><strong>Ihre Hauptaufgaben:<\/strong><\/p>\n\n\n\n<ul class=\"wp-block-list\">\n<li>Kommissionierer\/in :<\/li>\n<\/ul>\n\n\n\n<p>Vorbereitung und Versand von Kundenauftr\u00e4gen.<\/p>\n\n\n\n<p>Verwaltung der Best\u00e4nde (Beschaffung, Lagerung, Inventar).<\/p>\n\n\n\n<p>Computergest\u00fctzter Graveur\/Briefeschreiber :<\/p>\n\n\n\n<p>Personalisierung von Produkten mit Hilfe digitaler Werkzeuge.<\/p>\n\n\n\n<p>Sorgf\u00e4ltiges und genaues Arbeiten.<\/p>\n\n\n\n<ul class=\"wp-block-list\">\n<li>Logistiker(in) :<\/li>\n<\/ul>\n\n\n\n<p>Organisation und Optimierung von Warenstr\u00f6men.<\/p>\n\n\n\n<p>Koordinator\/in f\u00fcr Veranstaltungen :<\/p>\n\n\n\n<p>Vorbereitung und \u00dcberwachung von Veranstaltungen.<\/p>\n\n\n\n<ul class=\"wp-block-list\">\n<li>Vertriebsmitarbeiter(in) :<\/li>\n<\/ul>\n\n\n\n<p>Verkauf und Beratung bei Veranstaltungen, Betreuung von Amateur- und Gesch\u00e4ftskunden.<\/p>\n\n\n\n<p><strong>Warum sollten Sie sich uns anschlie\u00dfen?<\/strong><\/p>\n\n\n\n<p>Eine attraktive Verg\u00fctung in H\u00f6he einer Vollzeitstelle f\u00fcr eine Beteiligung von 50%.<\/p>\n\n\n\n<p>Wir suchen eine(n) motivierte(n) Selbst\u00e4ndige(n), der\/die bereit ist, sich dieser Herausforderung zu stellen. Wir sind da, um Sie bei allen administrativen Schritten zu unterst\u00fctzen, damit Sie sich als Freiberufler selbst\u00e4ndig machen k\u00f6nnen, wenn Sie es noch nicht sind.<\/p>\n\n\n\n<p>Eine einmalige Gelegenheit, in ein dynamisches Unternehmen einzusteigen, das als Marktf\u00fchrer anerkannt ist.<\/p>\n\n\n\n<p><strong>Muss man Reiter sein?<\/strong><\/p>\n\n\n\n<p>Reiter zu sein ist ein Vorteil, um unsere Welt besser zu verstehen, aber was vor allem z\u00e4hlt, ist Ihre Motivation, Ihre Vielseitigkeit und Ihr Wunsch, sich neuen Herausforderungen zu stellen.<\/p>\n\n\n\n<p><strong>Standort der Stelle :<\/strong><\/p>\n\n\n\n<p>Die Stelle ist in der Haute-Savoie in der N\u00e4he von Annecy angesiedelt.<\/p>\n\n\n\n<p><strong>Verf\u00fcgbarkeit :<\/strong><\/p>\n\n\n\n<p>Die Stelle ist so bald wie m\u00f6glich zu besetzen, aber wir sind bereit zu warten, um mit der richtigen Person zusammenzuarbeiten.<\/p>\n\n\n\n<p><strong>Gesuchtes Profil :<\/strong><\/p>\n\n\n\n<p>Sie sind motiviert, vielseitig und gr\u00fcndlich.<\/p>\n\n\n\n<p>Sie haben ein ausgezeichnetes Organisationstalent und k\u00f6nnen mit verschiedenen Verantwortlichkeiten umgehen.<\/p>\n\n\n\n<p>Sie sind bereit, an Wochenenden und Feiertagen zu arbeiten.<\/p>\n\n\n\n<p>M\u00f6chten Sie sich dem Abenteuer Smart Wag anschlie\u00dfen?<\/p>\n\n\n\n<p>Senden Sie Ihren Lebenslauf an&nbsp;<a href=\"mailto:contact@smartwag.com\">contact@smartwag.com<\/a>.<\/p>\n\n\n\n<p><strong>Wir freuen uns darauf, Sie kennen zu lernen!<\/strong><\/p>","protected":false},"excerpt":{"rendered":"<p>Smart Wag cherche un(e) collaborateur(trice) polyvalent(e) pour renforcer son \u00e9quipe ! Qui sommes-nous ? Smart Wag S\u00e0rl, leader [&hellip;]<\/p>\n","protected":false},"author":295,"featured_media":0,"parent":8338,"menu_order":0,"comment_status":"closed","ping_status":"closed","template":"","meta":{"_acf_changed":false,"_sitemap_exclude":false,"_sitemap_priority":"","_sitemap_frequency":"","site-sidebar-layout":"default","site-content-layout":"","ast-site-content-layout":"default","site-content-style":"default","site-sidebar-style":"default","ast-global-header-display":"","ast-banner-title-visibility":"","ast-main-header-display":"","ast-hfb-above-header-display":"","ast-hfb-below-header-display":"","ast-hfb-mobile-header-display":"","site-post-title":"","ast-breadcrumbs-content":"","ast-featured-img":"","footer-sml-layout":"","ast-disable-related-posts":"","theme-transparent-header-meta":"","adv-header-id-meta":"","stick-header-meta":"","header-above-stick-meta":"","header-main-stick-meta":"","header-below-stick-meta":"","astra-migrate-meta-layouts":"default","ast-page-background-enabled":"default","ast-page-background-meta":{"desktop":{"background-color":"var(--ast-global-color-4)","background-image":"","background-repeat":"repeat","background-position":"center center","background-size":"auto","background-attachment":"scroll","background-type":"","background-media":"","overlay-type":"","overlay-color":"","overlay-opacity":"","overlay-gradient":""},"tablet":{"background-color":"","background-image":"","background-repeat":"repeat","background-position":"center center","background-size":"auto","background-attachment":"scroll","background-type":"","background-media":"","overlay-type":"","overlay-color":"","overlay-opacity":"","overlay-gradient":""},"mobile":{"background-color":"","background-image":"","background-repeat":"repeat","background-position":"center center","background-size":"auto","background-attachment":"scroll","background-type":"","background-media":"","overlay-type":"","overlay-color":"","overlay-opacity":"","overlay-gradient":""}},"ast-content-background-meta":{"desktop":{"background-color":"var(--ast-global-color-5)","background-image":"","background-repeat":"repeat","background-position":"center center","background-size":"auto","background-attachment":"scroll","background-type":"","background-media":"","overlay-type":"","overlay-color":"","overlay-opacity":"","overlay-gradient":""},"tablet":{"background-color":"var(--ast-global-color-5)","background-image":"","background-repeat":"repeat","background-position":"center center","background-size":"auto","background-attachment":"scroll","background-type":"","background-media":"","overlay-type":"","overlay-color":"","overlay-opacity":"","overlay-gradient":""},"mobile":{"background-color":"var(--ast-global-color-5)","background-image":"","background-repeat":"repeat","background-position":"center center","background-size":"auto","background-attachment":"scroll","background-type":"","background-media":"","overlay-type":"","overlay-color":"","overlay-opacity":"","overlay-gradient":""}},"footnotes":""},"class_list":["post-21767","page","type-page","status-publish","hentry"],"acf":[],"yoast_head":"<!-- This site is optimized with the Yoast SEO plugin v27.2 - https:\/\/yoast.com\/product\/yoast-seo-wordpress\/ -->\n<title>Offre Freelance Smart Wag | Collaborateur Polyvalent<\/title>\n<meta name=\"description\" content=\"Rejoignez Smart Wag en freelance ! Poste de collaborateur polyvalent dans l&#039;artisanat \u00e9questre. Environnement passionnant...\" \/>\n<meta name=\"robots\" content=\"index, follow, max-snippet:-1, max-image-preview:large, max-video-preview:-1\" \/>\n<link rel=\"canonical\" href=\"https:\/\/smartwag.com\/de\/rekrutierung\/freiberufliche-allround-mitarbeiterin\/\" \/>\n<meta property=\"og:locale\" content=\"de_DE\" \/>\n<meta property=\"og:type\" content=\"article\" \/>\n<meta property=\"og:title\" content=\"Offre Freelance Smart Wag | Collaborateur Polyvalent\" \/>\n<meta property=\"og:description\" content=\"Rejoignez Smart Wag en freelance ! Poste de collaborateur polyvalent dans l&#039;artisanat \u00e9questre. Environnement passionnant...\" \/>\n<meta property=\"og:url\" content=\"https:\/\/smartwag.com\/de\/rekrutierung\/freiberufliche-allround-mitarbeiterin\/\" \/>\n<meta property=\"og:site_name\" content=\"Smart Wag\" \/>\n<meta property=\"article:modified_time\" content=\"2025-07-24T06:09:32+00:00\" \/>\n<meta name=\"twitter:card\" content=\"summary_large_image\" \/>\n<meta name=\"twitter:label1\" content=\"Gesch\u00e4tzte Lesezeit\" \/>\n\t<meta name=\"twitter:data1\" content=\"2\u00a0Minuten\" \/>\n<script type=\"application\/ld+json\" class=\"yoast-schema-graph\">{\"@context\":\"https:\/\/schema.org\",\"@graph\":[{\"@type\":\"WebPage\",\"@id\":\"https:\/\/smartwag.com\/recrutement\/collaborateurtrice-polyvalente-freelance\/\",\"url\":\"https:\/\/smartwag.com\/recrutement\/collaborateurtrice-polyvalente-freelance\/\",\"name\":\"Offre Freelance Smart Wag | Collaborateur Polyvalent\",\"isPartOf\":{\"@id\":\"https:\/\/smartwag.com\/#website\"},\"datePublished\":\"2025-01-08T09:33:24+00:00\",\"dateModified\":\"2025-07-24T06:09:32+00:00\",\"description\":\"Rejoignez Smart Wag en freelance ! Poste de collaborateur polyvalent dans l'artisanat \u00e9questre. Environnement passionnant...\",\"breadcrumb\":{\"@id\":\"https:\/\/smartwag.com\/recrutement\/collaborateurtrice-polyvalente-freelance\/#breadcrumb\"},\"inLanguage\":\"de\",\"potentialAction\":[{\"@type\":\"ReadAction\",\"target\":[\"https:\/\/smartwag.com\/recrutement\/collaborateurtrice-polyvalente-freelance\/\"]}]},{\"@type\":\"BreadcrumbList\",\"@id\":\"https:\/\/smartwag.com\/recrutement\/collaborateurtrice-polyvalente-freelance\/#breadcrumb\",\"itemListElement\":[{\"@type\":\"ListItem\",\"position\":1,\"name\":\"Home\",\"item\":\"https:\/\/smartwag.com\/\"},{\"@type\":\"ListItem\",\"position\":2,\"name\":\"Rejoindre l&#8217;\u00e9quipe Smart Wag\",\"item\":\"https:\/\/smartwag.com\/recrutement\/\"},{\"@type\":\"ListItem\",\"position\":3,\"name\":\"Collaborateur(trice) polyvalent(e) (freelance)\"}]},{\"@type\":\"WebSite\",\"@id\":\"https:\/\/smartwag.com\/#website\",\"url\":\"https:\/\/smartwag.com\/\",\"name\":\"Smart Wag\",\"description\":\"Sp\u00e9cialiste de la gravure personnalis\u00e9e pour cheval et chien\",\"publisher\":{\"@id\":\"https:\/\/smartwag.com\/#organization\"},\"potentialAction\":[{\"@type\":\"SearchAction\",\"target\":{\"@type\":\"EntryPoint\",\"urlTemplate\":\"https:\/\/smartwag.com\/?s={search_term_string}\"},\"query-input\":{\"@type\":\"PropertyValueSpecification\",\"valueRequired\":true,\"valueName\":\"search_term_string\"}}],\"inLanguage\":\"de\"},{\"@type\":\"Organization\",\"@id\":\"https:\/\/smartwag.com\/#organization\",\"name\":\"Smart Wag\",\"url\":\"https:\/\/smartwag.com\/\",\"logo\":{\"@type\":\"ImageObject\",\"inLanguage\":\"de\",\"@id\":\"https:\/\/smartwag.com\/#\/schema\/logo\/image\/\",\"url\":\"https:\/\/smartwag.com\/wp-content\/uploads\/2021\/10\/logo-noir.png\",\"contentUrl\":\"https:\/\/smartwag.com\/wp-content\/uploads\/2021\/10\/logo-noir.png\",\"width\":490,\"height\":204,\"caption\":\"Smart Wag\"},\"image\":{\"@id\":\"https:\/\/smartwag.com\/#\/schema\/logo\/image\/\"}}]}<\/script>\n<!-- \/ Yoast SEO plugin. -->","yoast_head_json":{"title":"Gravurplatte Halfter | Pferd Personalisierung - Smart Wag","description":"Premium Gravurplatte f\u00fcr Pferde-Halfter aus Metall. Kostenlose Personalisierung, Text oder Logo. Diskrete und elegante Befestigung. Bestellen Sie Ihre einzigartige Platte!","robots":{"index":"index","follow":"follow","max-snippet":"max-snippet:-1","max-image-preview":"max-image-preview:large","max-video-preview":"max-video-preview:-1"},"canonical":"https:\/\/smartwag.com\/de\/rekrutierung\/freiberufliche-allround-mitarbeiterin\/","og_locale":"de_DE","og_type":"article","og_title":"Offre Freelance Smart Wag | Collaborateur Polyvalent","og_description":"Rejoignez Smart Wag en freelance ! Poste de collaborateur polyvalent dans l'artisanat \u00e9questre. Environnement passionnant...","og_url":"https:\/\/smartwag.com\/de\/rekrutierung\/freiberufliche-allround-mitarbeiterin\/","og_site_name":"Smart Wag","article_modified_time":"2025-07-24T06:09:32+00:00","twitter_card":"summary_large_image","twitter_misc":{"Gesch\u00e4tzte Lesezeit":"2\u00a0Minuten"},"schema":{"@context":"https:\/\/schema.org","@graph":[{"@type":"WebPage","@id":"https:\/\/smartwag.com\/recrutement\/collaborateurtrice-polyvalente-freelance\/","url":"https:\/\/smartwag.com\/recrutement\/collaborateurtrice-polyvalente-freelance\/","name":"Gravurplatte Halfter | Pferd Personalisierung - Smart Wag","isPartOf":{"@id":"https:\/\/smartwag.com\/#website"},"datePublished":"2025-01-08T09:33:24+00:00","dateModified":"2025-07-24T06:09:32+00:00","description":"Premium Gravurplatte f\u00fcr Pferde-Halfter aus Metall. Kostenlose Personalisierung, Text oder Logo. Diskrete und elegante Befestigung. Bestellen Sie Ihre einzigartige Platte!","breadcrumb":{"@id":"https:\/\/smartwag.com\/recrutement\/collaborateurtrice-polyvalente-freelance\/#breadcrumb"},"inLanguage":"de","potentialAction":[{"@type":"ReadAction","target":["https:\/\/smartwag.com\/recrutement\/collaborateurtrice-polyvalente-freelance\/"]}]},{"@type":"BreadcrumbList","@id":"https:\/\/smartwag.com\/recrutement\/collaborateurtrice-polyvalente-freelance\/#breadcrumb","itemListElement":[{"@type":"ListItem","position":1,"name":"Home","item":"https:\/\/smartwag.com\/"},{"@type":"ListItem","position":2,"name":"Rejoindre l&#8217;\u00e9quipe Smart Wag","item":"https:\/\/smartwag.com\/recrutement\/"},{"@type":"ListItem","position":3,"name":"Collaborateur(trice) polyvalent(e) (freelance)"}]},{"@type":"WebSite","@id":"https:\/\/smartwag.com\/#website","url":"https:\/\/smartwag.com\/","name":"Smart Wag","description":"Spezialist f\u00fcr individuelle Gravuren f\u00fcr Pferde und Hunde","publisher":{"@id":"https:\/\/smartwag.com\/#organization"},"potentialAction":[{"@type":"SearchAction","target":{"@type":"EntryPoint","urlTemplate":"https:\/\/smartwag.com\/?s={search_term_string}"},"query-input":{"@type":"PropertyValueSpecification","valueRequired":true,"valueName":"search_term_string"}}],"inLanguage":"de"},{"@type":"Organization","@id":"https:\/\/smartwag.com\/#organization","name":"Smart Wag","url":"https:\/\/smartwag.com\/","logo":{"@type":"ImageObject","inLanguage":"de","@id":"https:\/\/smartwag.com\/#\/schema\/logo\/image\/","url":"https:\/\/smartwag.com\/wp-content\/uploads\/2021\/10\/logo-noir.png","contentUrl":"https:\/\/smartwag.com\/wp-content\/uploads\/2021\/10\/logo-noir.png","width":490,"height":204,"caption":"Smart Wag"},"image":{"@id":"https:\/\/smartwag.com\/#\/schema\/logo\/image\/"}}]}},"_links":{"self":[{"href":"https:\/\/smartwag.com\/de\/wp-json\/wp\/v2\/pages\/21767","targetHints":{"allow":["GET"]}}],"collection":[{"href":"https:\/\/smartwag.com\/de\/wp-json\/wp\/v2\/pages"}],"about":[{"href":"https:\/\/smartwag.com\/de\/wp-json\/wp\/v2\/types\/page"}],"author":[{"embeddable":true,"href":"https:\/\/smartwag.com\/de\/wp-json\/wp\/v2\/users\/295"}],"replies":[{"embeddable":true,"href":"https:\/\/smartwag.com\/de\/wp-json\/wp\/v2\/comments?post=21767"}],"version-history":[{"count":0,"href":"https:\/\/smartwag.com\/de\/wp-json\/wp\/v2\/pages\/21767\/revisions"}],"up":[{"embeddable":true,"href":"https:\/\/smartwag.com\/de\/wp-json\/wp\/v2\/pages\/8338"}],"wp:attachment":[{"href":"https:\/\/smartwag.com\/de\/wp-json\/wp\/v2\/media?parent=21767"}],"curies":[{"name":"wp","href":"https:\/\/api.w.org\/{rel}","templated":true}]}}